{"id":6034,"date":"2024-01-27T10:44:40","date_gmt":"2024-01-27T06:44:40","guid":{"rendered":"https:\/\/etab.ac-reunion.fr\/lyc-leconte-de-lisle\/?page_id=6034"},"modified":"2024-02-03T07:01:11","modified_gmt":"2024-02-03T03:01:11","slug":"mpsi-mathematiques-physique-sciences-de-lingenieur","status":"publish","type":"page","link":"https:\/\/etab.ac-reunion.fr\/lyc-leconte-de-lisle\/mpsi-mathematiques-physique-sciences-de-lingenieur\/","title":{"rendered":"MPSI (Math\u00e9matiques, Physique, Sciences de l\u2019Ing\u00e9nieur)"},"content":{"rendered":"\n<p>La fili\u00e8re MPSI (Math\u00e9matiques, Physique et Sciences de l\u2019Ing\u00e9nieur) est \u00e0 destination des \u00e9l\u00e8ves d\u00e9tenteurs et d\u00e9tentrices du bac qui souhaiteraient int\u00e9grer\u00a0<span><a style=\"font-weight: bold\" href=\"https:\/\/www.scei-concours.fr\/\">des \u00e9coles d\u2019ing\u00e9nieures &amp; ing\u00e9nieurs<\/a><\/span><strong>, \u00c9coles Normales Sup\u00e9rieures (ENS)<\/strong>, <strong>magist\u00e8res<\/strong>.<\/p>\n\n\n\n<figure class=\"wp-block-embed is-type-video is-provider-youtube wp-block-embed-youtube\"><div class=\"wp-block-embed__wrapper\">\n<script>document.addEventListener('DOMContentLoaded', function() {(tarteaucitron.job = tarteaucitron.job || []).push('youtube');});<\/script><div class=\"youtube_player\" videoID=\"inZaqsO8lsI\" width=\"100%\" height=\"100%\" style=\"height:50vw\" theme=\"light\" rel=\"0\" controls=\"1\" showinfo=\"1\" autoplay=\"0\"><\/div>\n<\/div><\/figure>\n\n\n\n<p><strong>Les math\u00e9matiques sont au coeur<\/strong>&nbsp;de cette fili\u00e8re et le m\u00eame programme qu&rsquo;en <a href=\"https:\/\/etab.ac-reunion.fr\/lyc-leconte-de-lisle\/mp2i-mathematiques-physique-ingenierie-et-informatique\/\">MP2I<\/a>. Le programme de&nbsp;<strong>physique<\/strong>&nbsp;diff\u00e8re peu de celui de la fili\u00e8re <a href=\"https:\/\/etab.ac-reunion.fr\/lyc-leconte-de-lisle\/pcsi-physique-chimie-et-sciences-de-lingenieur\/\">PCSI<\/a>, mais la&nbsp;<strong>chimie<\/strong>&nbsp;est un peu moins pr\u00e9sente.<\/p>\n\n\n\n<p>La fili\u00e8re MPSI conduit aux classes de deuxi\u00e8me ann\u00e9es suivantes :<\/p>\n\n\n\n<ul class=\"wp-block-list\">\n<li><strong><a href=\"https:\/\/etab.ac-reunion.fr\/lyc-leconte-de-lisle\/2eme-annee-mp-mpi-psi-pc\/\">MP\/MP*<\/a><\/strong>&nbsp;. La fili\u00e8re MP* (plus s\u00e9lective) n\u2019est pas pr\u00e9sente \u00e0 la R\u00e9union.<\/li>\n\n\n\n<li><strong><a href=\"https:\/\/etab.ac-reunion.fr\/lyc-leconte-de-lisle\/2eme-annee-mp-mpi-psi-pc\/\">PSI\/PSI*<\/a><\/strong>&nbsp;. La PSI se trouve au Lyc\u00e9e Roland Garros :&nbsp;<a href=\"http:\/\/lycee-roland-garros.ac-reunion.fr\/formations\/cpge\/psi\/\">http:\/\/lycee-roland-garros.ac-reunion.fr\/formations\/cpge\/psi\/<\/a>&nbsp;avec laquelle le lyc\u00e9e a une convention et des places \u00e0 l\u2019internat. La PSI* est la seule classe \u00e9toil\u00e9e de la R\u00e9union et dispense une pr\u00e9paration plus intense en vue des \u00e9coles les plus prestigieuses.<\/li>\n<\/ul>\n\n\n\n<p><\/p>\n\n\n\n<h4 class=\"wp-block-heading\"><strong>PRESENTATION DES VOLUMES HORAIRES EN MPSI<\/strong><\/h4>\n\n\n\n<figure class=\"wp-block-image size-large\"><img loading=\"lazy\" decoding=\"async\" width=\"1024\" height=\"355\" src=\"https:\/\/etab.ac-reunion.fr\/lyc-leconte-de-lisle\/wp-content\/uploads\/sites\/53\/2024\/01\/mpsi-1024x355.png\" alt=\"\" class=\"wp-image-6120\" srcset=\"https:\/\/etab.ac-reunion.fr\/lyc-leconte-de-lisle\/wp-content\/uploads\/sites\/53\/2024\/01\/mpsi-980x340.png 980w, https:\/\/etab.ac-reunion.fr\/lyc-leconte-de-lisle\/wp-content\/uploads\/sites\/53\/2024\/01\/mpsi-480x166.png 480w\" sizes=\"(min-width: 0px) and (max-width: 480px) 480px, (min-width: 481px) and (max-width: 980px) 980px, (min-width: 981px) 1024px, 100vw\" \/><\/figure>\n\n\n\n<p>Interrogations orales (colles) et devoirs surveill\u00e9s (samedi matin) s&rsquo;ajoutent \u00e0 ces horaires.<\/p>\n\n\n\n<p><\/p>\n\n\n\n<h4 class=\"wp-block-heading\"><strong>TEMOIGNAGES ANCIENNES &amp; ANCIENS ELEVES<\/strong><\/h4>\n\n\n\n<p><\/p>\n\n\n\n<ul class=\"wp-block-list\">\n<li>Imteyaz M., ENS Paris-Saclay 2023<\/li>\n<\/ul>\n\n\n\n<figure class=\"wp-block-embed is-type-video is-provider-youtube wp-block-embed-youtube wp-embed-aspect-16-9 wp-has-aspect-ratio\"><div class=\"wp-block-embed__wrapper\">\n<script>document.addEventListener('DOMContentLoaded', function() {(tarteaucitron.job = tarteaucitron.job || []).push('youtube');});<\/script><div class=\"youtube_player\" videoID=\"piBnYQwqoH0\" width=\"100%\" height=\"100%\" style=\"height:50vw\" theme=\"light\" rel=\"0\" controls=\"1\" showinfo=\"1\" autoplay=\"0\"><\/div>\n<\/div><\/figure>\n\n\n\n<p><\/p>\n\n\n\n<blockquote class=\"wp-block-quote is-layout-flow wp-block-quote-is-layout-flow\">\n<p><strong>Faustine, \u00e9tudiante en \u00e9cole d\u2019actuariat  2022<\/strong><\/p>\n<\/blockquote>\n\n\n\n<p>Les CPGE ouvrent plusieurs portes, aujourd\u2019hui je vous parle de celle que j\u2019ai choisie. Mais tout d\u2019abord je vous explique mon parcours.<\/p>\n\n\n\n<p>De la primaire au lyc\u00e9e, une mati\u00e8re m\u2019a particuli\u00e8rement int\u00e9ress\u00e9e : les maths. La physique et la SVT m\u2019ont aussi plu. Ainsi, j\u2019aimais les sciences, surtout les maths et je ne savais pas quoi faire apr\u00e8s mon Bac. La pr\u00e9pa semblait ouvrir plus de portes qu\u2019elle n\u2019en fermait. J\u2019ai donc opt\u00e9 pour une MPSI (maths, physique, sciences de l\u2019ing\u00e9nieur) et une MP, \u00e0 Leconte de Lisle. Avec du recul, je suis contente d\u2019\u00eatre rest\u00e9e \u00e0 la R\u00e9union pendant ces ann\u00e9es. Mes proches ont jou\u00e9 un r\u00f4le cl\u00e9 dans cette aventure, ils m\u2019ont vraiment soutenue.<\/p>\n\n\n\n<p>Pour moi, ces ann\u00e9es ont \u00e9t\u00e9 une exp\u00e9rience intense et prenante. Il y a constamment des d\u00e9fis \u00e0 relever, des obstacles \u00e0 surmonter, il faut pers\u00e9v\u00e9rer et \u00eatre d\u00e9termin\u00e9 malgr\u00e9 les doutes. Il faut oser l\u2019effort. C\u2019est une immersion dans le monde des sciences. J\u2019en ressors grandie, d\u00e9termin\u00e9e et avec une grande capacit\u00e9 de travail. Je garde aussi quelques bons souvenirs de la pr\u00e9pa et notamment de la solidarit\u00e9 qui s\u2019y cr\u00e9e.<\/p>\n\n\n\n<p>Mes ann\u00e9es de pr\u00e9pa sont dor\u00e9navant termin\u00e9es et j\u2019en ressors surtout avec une id\u00e9e de ce que je voudrais faire plus tard. En effet, gr\u00e2ce \u00e0 des intervenants j\u2019ai d\u00e9couvert le m\u00e9tier d\u2019actuaire (application des maths aux questions d\u2019assurance, de comptabilit\u00e9, d\u2019analyse financi\u00e8re, \u2026). Le concours BECEAS donne acc\u00e8s aux \u00e9coles d\u2019actuariat dont celle que je vais int\u00e9grer \u00e0 la rentr\u00e9e. La pr\u00e9pa en vaut la peine, elle ouvre des portes, \u00e0 vous de choisir laquelle. Accrochez-vous !<\/p>\n\n\n\n<ul class=\"wp-block-list\">\n<li><strong>Mon parcours en 180s, Ary R., Centrale Marseille<\/strong>&nbsp;2022<\/li>\n<\/ul>\n\n\n\n<figure class=\"wp-block-video\"><video height=\"480\" style=\"aspect-ratio: 848 \/ 480;\" width=\"848\" controls src=\"https:\/\/etab.ac-reunion.fr\/lyc-leconte-de-lisle\/wp-content\/uploads\/sites\/53\/2023\/08\/Video-Ary.mp4\"><\/video><\/figure>\n\n\n\n<p><\/p>\n","protected":false},"excerpt":{"rendered":"<p>La fili\u00e8re MPSI (Math\u00e9matiques, Physique et Sciences de l\u2019Ing\u00e9nieur) est \u00e0 destination des \u00e9l\u00e8ves d\u00e9tenteurs et d\u00e9tentrices du bac qui souhaiteraient int\u00e9grer\u00a0des \u00e9coles d\u2019ing\u00e9nieures &amp; ing\u00e9nieurs, \u00c9coles Normales Sup\u00e9rieures (ENS), magist\u00e8res. Les math\u00e9matiques sont au coeur&nbsp;de cette fili\u00e8re et le m\u00eame programme qu&rsquo;en MP2I. Le programme de&nbsp;physique&nbsp;diff\u00e8re peu de celui de la fili\u00e8re PCSI, mais [&hellip;]<\/p>\n","protected":false},"author":23126,"featured_media":0,"parent":0,"menu_order":0,"comment_status":"closed","ping_status":"closed","template":"","meta":{"_et_pb_use_builder":"off","_et_pb_old_content":"","_et_gb_content_width":"","footnotes":""},"class_list":["post-6034","page","type-page","status-publish","hentry"],"_links":{"self":[{"href":"https:\/\/etab.ac-reunion.fr\/lyc-leconte-de-lisle\/wp-json\/wp\/v2\/pages\/6034","targetHints":{"allow":["GET"]}}],"collection":[{"href":"https:\/\/etab.ac-reunion.fr\/lyc-leconte-de-lisle\/wp-json\/wp\/v2\/pages"}],"about":[{"href":"https:\/\/etab.ac-reunion.fr\/lyc-leconte-de-lisle\/wp-json\/wp\/v2\/types\/page"}],"author":[{"embeddable":true,"href":"https:\/\/etab.ac-reunion.fr\/lyc-leconte-de-lisle\/wp-json\/wp\/v2\/users\/23126"}],"replies":[{"embeddable":true,"href":"https:\/\/etab.ac-reunion.fr\/lyc-leconte-de-lisle\/wp-json\/wp\/v2\/comments?post=6034"}],"version-history":[{"count":12,"href":"https:\/\/etab.ac-reunion.fr\/lyc-leconte-de-lisle\/wp-json\/wp\/v2\/pages\/6034\/revisions"}],"predecessor-version":[{"id":6472,"href":"https:\/\/etab.ac-reunion.fr\/lyc-leconte-de-lisle\/wp-json\/wp\/v2\/pages\/6034\/revisions\/6472"}],"wp:attachment":[{"href":"https:\/\/etab.ac-reunion.fr\/lyc-leconte-de-lisle\/wp-json\/wp\/v2\/media?parent=6034"}],"curies":[{"name":"wp","href":"https:\/\/api.w.org\/{rel}","templated":true}]}}