{"id":6038,"date":"2024-01-27T10:51:01","date_gmt":"2024-01-27T06:51:01","guid":{"rendered":"https:\/\/etab.ac-reunion.fr\/lyc-leconte-de-lisle\/?page_id=6038"},"modified":"2026-02-03T18:14:33","modified_gmt":"2026-02-03T14:14:33","slug":"mp2i-mathematiques-physique-ingenierie-et-informatique","status":"publish","type":"page","link":"https:\/\/etab.ac-reunion.fr\/lyc-leconte-de-lisle\/mp2i-mathematiques-physique-ingenierie-et-informatique\/","title":{"rendered":"MP2I (Math\u00e9matiques, Physique, Ing\u00e9nierie et Informatique)"},"content":{"rendered":"\n<p>News 2025 : Admissibilit\u00e9s 2e ann\u00e9e X-ENS<\/p>\n\n\n\n<figure class=\"wp-block-embed is-type-video is-provider-youtube wp-block-embed-youtube wp-embed-aspect-16-9 wp-has-aspect-ratio\"><div class=\"wp-block-embed__wrapper\">\n<script>document.addEventListener('DOMContentLoaded', function() {(tarteaucitron.job = tarteaucitron.job || []).push('youtube');});<\/script><div class=\"youtube_player\" videoID=\"v349xRrIBF4\" width=\"100%\" height=\"100%\" style=\"height:50vw\" theme=\"light\" rel=\"0\" controls=\"1\" showinfo=\"1\" autoplay=\"0\"><\/div>\n<\/div><\/figure>\n\n\n\n<p><\/p>\n\n\n\n<p>La fili\u00e8re MP2I (Math\u00e9matiques, Physique, Ing\u00e9nierie et Informatique) est \u00e0 destination des \u00e9l\u00e8ves d\u00e9tenteurs et d\u00e9tentrices du bac qui souhaiteraient int\u00e9grer&nbsp;<strong><a href=\"https:\/\/www.scei-concours.fr\/\">des \u00e9coles d\u2019ing\u00e9nieures &amp; ing\u00e9nieurs<\/a><\/strong>, <strong>\u00c9coles Normales Sup\u00e9rieures (ENS)<\/strong>, <strong>magist\u00e8res<\/strong>.<\/p>\n\n\n\n<figure class=\"wp-block-embed is-type-video is-provider-youtube wp-block-embed-youtube wp-embed-aspect-16-9 wp-has-aspect-ratio\"><div class=\"wp-block-embed__wrapper\">\n<script>document.addEventListener('DOMContentLoaded', function() {(tarteaucitron.job = tarteaucitron.job || []).push('youtube');});<\/script><div class=\"youtube_player\" videoID=\"3n62gJGAk2I\" width=\"100%\" height=\"100%\" style=\"height:50vw\" theme=\"light\" rel=\"0\" controls=\"1\" showinfo=\"1\" autoplay=\"0\"><\/div>\n<\/div><\/figure>\n\n\n\n<p>Les&nbsp;<strong>Math\u00e9matiques<\/strong>&nbsp;sont au c\u0153ur de cette fili\u00e8re (avec un programme strictement identique que celui de <a href=\"https:\/\/etab.ac-reunion.fr\/lyc-leconte-de-lisle\/mpsi-mathematiques-physique-sciences-de-lingenieur\/\">MPSI<\/a> et un peu plus approfondi que celui de <a href=\"https:\/\/etab.ac-reunion.fr\/lyc-leconte-de-lisle\/pcsi-physique-chimie-et-sciences-de-lingenieur\/\">PCSI<\/a>), mais l&rsquo;<strong>Informatique<\/strong>, dont le programme ne n\u00e9cessite pas de pr\u00e9requis, y est bien plus approfondie que dans les autres fili\u00e8res, et l&rsquo;enseignement en&nbsp;<strong>Sciences Physiques<\/strong>, bas\u00e9 sur le programme de sp\u00e9cialit\u00e9 de classe de premi\u00e8re, y est l\u00e9g\u00e8rement plus modeste que dans les autres fili\u00e8res.<\/p>\n\n\n\n<p>Les \u00e9tudiant\u2022e\u2022s de MP2I <strong>vont naturellement et presque exclusivement<\/strong> en classe de&nbsp;<a href=\"https:\/\/etab.ac-reunion.fr\/lyc-leconte-de-lisle\/2eme-annee-mp-mpi-psi-pc\/\"><strong>MPI\/MPI* (Math\u00e9matiques, Physique, Informatique)<\/strong><\/a>&nbsp;en seconde ann\u00e9e en choisissant l&rsquo;option informatique au deuxi\u00e8me semestre (renforcement de l&rsquo;Informatique et disparition de la SII), mais peuvent \u00e9ventuellement demander une r\u00e9orientation vers la <a href=\"https:\/\/etab.ac-reunion.fr\/lyc-leconte-de-lisle\/2eme-annee-mp-mpi-psi-pc\/\">MP<\/a> ou la <a href=\"https:\/\/etab.ac-reunion.fr\/lyc-leconte-de-lisle\/2eme-annee-mp-mpi-psi-pc\/\">PSI<\/a> en choisissant une option conduisant \u00e0 un second semestre type MPSI (r\u00e9duction de l&rsquo;informatique \u00e0 celle de la MPSI-PCSI, renforcement en Chimie et ajout de TP de SII en commun avec les MPSI).<\/p>\n\n\n\n<p>Comme toutes les autres fili\u00e8res, la fili\u00e8re MP2I-<a href=\"https:\/\/etab.ac-reunion.fr\/lyc-leconte-de-lisle\/mpi-mathematiques-physique-informatique\/\"><strong>MPI\/MPI*<\/strong><\/a> a vocation \u00e0 conduire tous ses \u00e9tudiants&nbsp;<strong>vers l\u2019ensemble des \u00e9coles d\u2019ing\u00e9nieurs et \u00c9coles Normales Sup\u00e9rieures (ENS)<\/strong>.<\/p>\n\n\n\n<p><\/p>\n\n\n\n<h4 class=\"wp-block-heading\"><strong>PODCAST FEMMES &amp; SCIENCES EN MP2I<\/strong><\/h4>\n\n\n\n<figure class=\"wp-block-audio\"><audio controls src=\"https:\/\/mpi.lecontedelisle.re\/wp-content\/uploads\/2023\/06\/journee_des_droits_de_la_femme_mp2i.mp3\"><\/audio><\/figure>\n\n\n\n<p><\/p>\n\n\n\n<h4 class=\"wp-block-heading\"><strong>PRESENTATION DES VOLUMES HORAIRES EN MP2I<\/strong><\/h4>\n\n\n\n<figure class=\"wp-block-image size-large\"><img loading=\"lazy\" decoding=\"async\" width=\"1024\" height=\"658\" src=\"https:\/\/etab.ac-reunion.fr\/lyc-leconte-de-lisle\/wp-content\/uploads\/sites\/53\/2024\/01\/mp2i1-1024x658.png\" alt=\"\" class=\"wp-image-6130\" srcset=\"https:\/\/etab.ac-reunion.fr\/lyc-leconte-de-lisle\/wp-content\/uploads\/sites\/53\/2024\/01\/mp2i1-980x629.png 980w, https:\/\/etab.ac-reunion.fr\/lyc-leconte-de-lisle\/wp-content\/uploads\/sites\/53\/2024\/01\/mp2i1-480x308.png 480w\" sizes=\"(min-width: 0px) and (max-width: 480px) 480px, (min-width: 481px) and (max-width: 980px) 980px, (min-width: 981px) 1024px, 100vw\" \/><\/figure>\n\n\n\n<p>Interrogations orales et devoirs surveill\u00e9s s&rsquo;ajoutent \u00e0 ces horaires.<\/p>\n\n\n\n<h2 class=\"wp-block-heading\"><strong>FOIRE AUX QUESTIONS<\/strong><\/h2>\n\n\n\n<p>Vous vous posez encore quelques questions sur la possibilit\u00e9 de venir dans la nouvelle fili\u00e8re MP2I? Voici quelques \u00e9l\u00e9ments de r\u00e9ponses.<\/p>\n\n\n\n<ul class=\"wp-block-list\">\n<li><strong>Les Math\u00e9matiques sont-elles importantes en MP2I ?<\/strong><\/li>\n<\/ul>\n\n\n\n<p>Il s\u2019agit de la mati\u00e8re principale de la fili\u00e8re. Elles repr\u00e9sentent 12h d\u2019enseignement par semaine (sans compter les colles, dont certaines sont des colles d\u2019informatique), et environ la moiti\u00e9 des coefficients aux concours.<br>On s\u2019\u00e9panouit en MP2I si on aime les Math\u00e9matiques abstraites et l\u2019Informatique.<\/p>\n\n\n\n<p>Le programme et le volume horaire sont exactement les m\u00eames qu\u2019en MPSI, les \u00e9preuves MP et <a href=\"https:\/\/etab.ac-reunion.fr\/lyc-leconte-de-lisle\/mpi-mathematiques-physique-informatique\/\"><strong>MPI\/MPI*<\/strong><\/a> en maths \u00e9tant toutes communes aux concours (sauf une \u00e9preuve de CCINP pour laquelle un exercice d\u2019Informatique en MP est remplac\u00e9 par un exercice de Math\u00e9matiques en MPI, les<strong> <a href=\"https:\/\/etab.ac-reunion.fr\/lyc-leconte-de-lisle\/mpi-mathematiques-physique-informatique\/\">MPI\/MPI*<\/a><\/strong> ayant une \u00e9preuve d\u2019informatique d\u00e9di\u00e9e.)<\/p>\n\n\n\n<p>Il&nbsp;<strong>faut<\/strong>&nbsp;avoir suivi la sp\u00e9cialit\u00e9 Maths jusqu\u2019en terminale et avoir suivi l\u2019option maths expertes apporte un recul non n\u00e9gligeable.<\/p>\n\n\n\n<p>\u00c0 noter \u00e9galement qu\u2019une part importante du programme d\u2019informatique reste th\u00e9orique et plut\u00f4t proche des math\u00e9matiques (logique, analyse d\u2019algorithmes, th\u00e9orie des graphes, th\u00e9orie des langages, th\u00e9orie des automates, th\u00e9orie de la d\u00e9cidabilit\u00e9, etc.)<br><\/p>\n\n\n\n<ul class=\"wp-block-list\">\n<li><strong>Quel est le niveau requis en physique ?<\/strong><\/li>\n<\/ul>\n\n\n\n<p>Le programme de sciences physique de la MP2I se base sur celui de la sp\u00e9cialit\u00e9 de premi\u00e8re. Il n\u2019est pas indispensable d\u2019avoir suivi la sp\u00e9cialit\u00e9 physique en terminale.<\/p>\n\n\n\n<p>Il n\u2019y a pas de chimie en MP2I pour les \u00e9tudiants se destinant \u00e0 la <a href=\"https:\/\/etab.ac-reunion.fr\/lyc-leconte-de-lisle\/mpi-mathematiques-physique-informatique\/\"><strong>MPI\/MPI*<\/strong><\/a>, mais il y a quelques chapitres de chimie en MPI.<\/p>\n\n\n\n<p>Pour ceux souhaitant se r\u00e9orienter vers la MP ou la PSI, il y a au second semestre un enseignement sp\u00e9cifique de chimie de 2h par semaine.<br><\/p>\n\n\n\n<ul class=\"wp-block-list\">\n<li><strong>Est-il n\u00e9cessaire d\u2019avoir suivi la sp\u00e9cialit\u00e9 NSI ?<\/strong><\/li>\n<\/ul>\n\n\n\n<p>Le programme d\u2019informatique de MP2I ne demande pas de pr\u00e9requis, les langages \u00e9tudi\u00e9s sont C et OCaml.<\/p>\n\n\n\n<p>\u00c9videmment, en ayant suivi la sp\u00e9cialit\u00e9 NSI, les \u00e9l\u00e8ves arrivant en MP2I ont d\u00e9j\u00e0 du recul sur les notions qui vont \u00eatre \u00e9tudi\u00e9es, c\u2019est pourquoi nous la conseillons au moins en premi\u00e8re.<\/p>\n\n\n\n<p>Sans avoir suivi la sp\u00e9cialit\u00e9 NSI, il faut avoir une app\u00e9tence particuli\u00e8re pour l\u2019informatique d\u00e8s le lyc\u00e9e, et le faire savoir dans la lettre de motivation de Parcoursup.<\/p>\n\n\n\n<p><\/p>\n\n\n\n<ul class=\"wp-block-list\">\n<li><strong>Finalement, quelles sont les sp\u00e9cialit\u00e9s recommand\u00e9es<\/strong> <strong>?<\/strong><\/li>\n<\/ul>\n\n\n\n<p>Sp\u00e9cialit\u00e9 Math\u00e9matiques en Terminale,&nbsp;<strong>indispensable<\/strong>.<\/p>\n\n\n\n<p>Option Math\u00e9matiques Expertes&nbsp;<strong>tr\u00e8s recommand\u00e9e<\/strong>.<\/p>\n\n\n\n<p>Sp\u00e9cialit\u00e9 Physique&nbsp;<strong>au moins en premi\u00e8re<\/strong>.<\/p>\n\n\n\n<p>Sp\u00e9cialit\u00e9 NSI&nbsp;<strong>au moins en premi\u00e8re<\/strong>&nbsp;ou, \u00e0 d\u00e9faut,&nbsp;<strong>une app\u00e9tence toute particuli\u00e8re pour l&rsquo;informatique<\/strong>.<\/p>\n\n\n\n<p><\/p>\n\n\n\n<ul class=\"wp-block-list\">\n<li><strong>Int\u00e8gre-t-on des \u00e9coles particuli\u00e8res apr\u00e8s une <a href=\"https:\/\/etab.ac-reunion.fr\/lyc-leconte-de-lisle\/mpi-mathematiques-physique-informatique\/\">MPI\/MPI*<\/a>?<\/strong><\/li>\n<\/ul>\n\n\n\n<p>Non, toutes les \u00e9coles d\u2019ing\u00e9nieur recrutent sur toutes les fili\u00e8res, \u00e0 l\u2019exception des \u00e9coles de chimie qui recrutent quasi exclusivement sur la fili\u00e8re PC. <br>Des <strong><a href=\"https:\/\/www.scei-concours.fr\/stat2024\/mpi.html\">nombres de places<\/a><\/strong> propos\u00e9es par \u00e9cole peuvent sembler modestes, mais il faut comparer ce qui est comparable : l&rsquo;effectif d&rsquo;\u00e9tudiants en <a href=\"https:\/\/etab.ac-reunion.fr\/lyc-leconte-de-lisle\/mpi-mathematiques-physique-informatique\/\">MPI\/MPI*<\/a> \u00e9tant r\u00e9duit, les <strong><a href=\"https:\/\/www.scei-concours.fr\/stat2024\/mpi.html\">nombres de places<\/a><\/strong> propos\u00e9es pour les premi\u00e8res sessions de concours de cette nouvelle fili\u00e8re ont \u00e9t\u00e9 plut\u00f4t g\u00e9n\u00e9reux (et pas toujours pourvues).<\/p>\n\n\n\n<p>\u00c0 noter qu\u2019\u00e0 partir du concours 2025, les trois ENS (Ulm = Paris, Lyon, Saclay) ont d\u00e9cid\u00e9 d\u2019ouvrir un concours Math\u00e9matiques aux \u00e9tudiants de<a href=\"https:\/\/etab.ac-reunion.fr\/lyc-leconte-de-lisle\/mpi-mathematiques-physique-informatique\/\"> MPI\/MPI*<\/a> permettant d\u2019acc\u00e9der naturellement aux d\u00e9partements de Math\u00e9matiques en plus du concours Informatique d\u00e9j\u00e0 ouvert.<\/p>\n\n\n\n<p>Suivre une classe pr\u00e9paratoire <a href=\"https:\/\/etab.ac-reunion.fr\/lyc-leconte-de-lisle\/mpi-mathematiques-physique-informatique\/\">MPI\/MPI*<\/a> est id\u00e9al si l\u2019on souhaite se sp\u00e9cialiser ult\u00e9rieurement en Math\u00e9matiques ou en Informatique (ing\u00e9nierie ou recherche), mais tous les d\u00e9bouch\u00e9s restent ouverts, de l\u2019a\u00e9ronautique aux travaux publics en passant par l\u2019ing\u00e9nierie financi\u00e8re ou l\u2019\u00e9nergie. Dans tous les domaines, une solide formation en math\u00e9matiques et informatique est un atout tr\u00e8s important.<\/p>\n\n\n\n<p>Comme il n&rsquo;y a qu&rsquo;une classe de MPI \u00e0 la R\u00e9union, on y propose, comme dans la plupart des MPI de France, une formation adapt\u00e9e au niveau de chacun avec des sujets diff\u00e9renci\u00e9s et des groupes de niveau :<\/p>\n\n\n\n<ul class=\"wp-block-list\">\n<li>un groupe MPI pr\u00e9parant plut\u00f4t aux concours E3A &#8211; CCINP &#8211; Mines-t\u00e9l\u00e9com<\/li>\n\n\n\n<li>un groupe MPI* avec une pr\u00e9paration plus intense pour les \u00e9tudiants se destinant plut\u00f4t aux concours Centrale &#8211; Mines-Ponts &#8211; X-ENS<\/li>\n<\/ul>\n\n\n\n<p>Nous pr\u00e9parons ainsi \u00e0&nbsp;<strong>tous<\/strong>&nbsp;les concours, en fonction du niveau et des ambitions des \u00e9tudiants.<\/p>\n\n\n\n<p><\/p>\n","protected":false},"excerpt":{"rendered":"<p>News 2025 : Admissibilit\u00e9s 2e ann\u00e9e X-ENS La fili\u00e8re MP2I (Math\u00e9matiques, Physique, Ing\u00e9nierie et Informatique) est \u00e0 destination des \u00e9l\u00e8ves d\u00e9tenteurs et d\u00e9tentrices du bac qui souhaiteraient int\u00e9grer&nbsp;des \u00e9coles d\u2019ing\u00e9nieures &amp; ing\u00e9nieurs, \u00c9coles Normales Sup\u00e9rieures (ENS), magist\u00e8res. Les&nbsp;Math\u00e9matiques&nbsp;sont au c\u0153ur de cette fili\u00e8re (avec un programme strictement identique que celui de MPSI et un peu [&hellip;]<\/p>\n","protected":false},"author":23126,"featured_media":0,"parent":0,"menu_order":0,"comment_status":"closed","ping_status":"closed","template":"","meta":{"_et_pb_use_builder":"off","_et_pb_old_content":"","_et_gb_content_width":"","footnotes":""},"class_list":["post-6038","page","type-page","status-publish","hentry"],"_links":{"self":[{"href":"https:\/\/etab.ac-reunion.fr\/lyc-leconte-de-lisle\/wp-json\/wp\/v2\/pages\/6038","targetHints":{"allow":["GET"]}}],"collection":[{"href":"https:\/\/etab.ac-reunion.fr\/lyc-leconte-de-lisle\/wp-json\/wp\/v2\/pages"}],"about":[{"href":"https:\/\/etab.ac-reunion.fr\/lyc-leconte-de-lisle\/wp-json\/wp\/v2\/types\/page"}],"author":[{"embeddable":true,"href":"https:\/\/etab.ac-reunion.fr\/lyc-leconte-de-lisle\/wp-json\/wp\/v2\/users\/23126"}],"replies":[{"embeddable":true,"href":"https:\/\/etab.ac-reunion.fr\/lyc-leconte-de-lisle\/wp-json\/wp\/v2\/comments?post=6038"}],"version-history":[{"count":37,"href":"https:\/\/etab.ac-reunion.fr\/lyc-leconte-de-lisle\/wp-json\/wp\/v2\/pages\/6038\/revisions"}],"predecessor-version":[{"id":7154,"href":"https:\/\/etab.ac-reunion.fr\/lyc-leconte-de-lisle\/wp-json\/wp\/v2\/pages\/6038\/revisions\/7154"}],"wp:attachment":[{"href":"https:\/\/etab.ac-reunion.fr\/lyc-leconte-de-lisle\/wp-json\/wp\/v2\/media?parent=6038"}],"curies":[{"name":"wp","href":"https:\/\/api.w.org\/{rel}","templated":true}]}}