{"id":6040,"date":"2024-01-27T10:58:05","date_gmt":"2024-01-27T06:58:05","guid":{"rendered":"https:\/\/etab.ac-reunion.fr\/lyc-leconte-de-lisle\/?page_id=6040"},"modified":"2024-09-26T11:07:25","modified_gmt":"2024-09-26T07:07:25","slug":"pcsi-physique-chimie-et-sciences-de-lingenieur","status":"publish","type":"page","link":"https:\/\/etab.ac-reunion.fr\/lyc-leconte-de-lisle\/pcsi-physique-chimie-et-sciences-de-lingenieur\/","title":{"rendered":"PCSI (Physique, Chimie et Sciences de l&rsquo;Ing\u00e9nieur)"},"content":{"rendered":"\n<p>La fili\u00e8re PCSI (Physique, Chimie et Sciences de l&rsquo;Ing\u00e9nieur) est \u00e0 destination des \u00e9l\u00e8ves d\u00e9tenteurs &amp; d\u00e9tentrices du bac souhaiteraient int\u00e9grer <a href=\"https:\/\/www.scei-concours.fr\/\"><strong>des \u00e9coles d&rsquo;ing\u00e9nieures<\/strong> <strong>&amp; ing\u00e9nieurs<\/strong><\/a><strong>, \u00c9coles Normales Sup\u00e9rieures (ENS)<\/strong>, <strong>magist\u00e8res \u00e0 l&rsquo;Universit\u00e9<\/strong>. <\/p>\n\n\n\n<p><strong>Il est vivement recommand\u00e9<\/strong> d&rsquo;avoir choisi la sp\u00e9cialit\u00e9 <strong>Math\u00e9matiques<\/strong> et l\u2019une des sp\u00e9cialit\u00e9s <strong>Physique-Chimie<\/strong>, <strong>SI<\/strong> ou <strong>NSI<\/strong> en Terminale. L&rsquo;option <strong>math\u00e9matiques expertes<\/strong> est vivement recommand\u00e9e.<\/p>\n\n\n\n<p>Par ailleurs, des candidatures <strong>solides et motiv\u00e9es<\/strong> pr\u00e9sentant le choix <strong>Physique-Chimie<\/strong> et option <strong>Math\u00e9matiques compl\u00e9mentaires<\/strong> sont <strong>envisageables<\/strong>.<\/p>\n\n\n\n<p>Ainsi, d\u2019autres choix de sp\u00e9cialit\u00e9s scientifiques restent envisageables,<strong> toutes les candidatures<\/strong> seront soigneusement \u00e9tudi\u00e9es par la commission.<\/p>\n\n\n\n<p>Site internet : <a href=\"https:\/\/pcsi.lecontedelisle.re\/\" target=\"_blank\" rel=\"noreferrer noopener\">https:\/\/pcsi.lecontedelisle.re\/<\/a><\/p>\n\n\n\n<figure class=\"wp-block-embed is-type-video is-provider-youtube wp-block-embed-youtube wp-embed-aspect-16-9 wp-has-aspect-ratio\"><div class=\"wp-block-embed__wrapper\">\n<script>document.addEventListener('DOMContentLoaded', function() {(tarteaucitron.job = tarteaucitron.job || []).push('youtube');});<\/script><div class=\"youtube_player\" videoID=\"gyXG7Lk6tTo\" width=\"100%\" height=\"100%\" style=\"height:50vw\" theme=\"light\" rel=\"0\" controls=\"1\" showinfo=\"1\" autoplay=\"0\"><\/div>\n<\/div><\/figure>\n\n\n\n<p><strong>La physique et la chimie sont \u00e0 l&rsquo;honneur<\/strong>&nbsp;dans cette fili\u00e8re o\u00f9 l&rsquo;exp\u00e9rimentation a une place de choix. La&nbsp;<strong>chimie<\/strong>&nbsp;est enseign\u00e9e par un\u00b7e professeur\u00b7e d\u00e9di\u00e9\u00b7e et non par le professeur ou la professeure de physique. Le programme de&nbsp;<strong>math\u00e9matiques<\/strong>&nbsp;est quant \u00e0 lui proche de celui des fili\u00e8res <a href=\"https:\/\/etab.ac-reunion.fr\/lyc-leconte-de-lisle\/mpsi-mathematiques-physique-sciences-de-lingenieur\/\">MPSI<\/a> et <a href=\"https:\/\/etab.ac-reunion.fr\/lyc-leconte-de-lisle\/mp2i-mathematiques-physique-ingenierie-et-informatique\/\">MP2I<\/a>, mais un peu moins approfondi.<\/p>\n\n\n\n<p><strong>Au second semestre<\/strong>, les \u00e9tudiantes &amp; \u00e9tudiants sont invit\u00e9s \u00e0 choisir l&rsquo;une des options suivantes :<\/p>\n\n\n\n<ul class=\"wp-block-list\">\n<li><strong>Option (renforcement en) physique et chimie :<\/strong>\u00a0Les \u00e9tudiantes &amp; \u00e9tudiants ne font plus de sciences industrielles (SII) et conservent leurs 4 h de chimie par semaine. Ils s&rsquo;orientent obligatoirement en deuxi\u00e8me ann\u00e9e vers une classe\u00a0<strong><a href=\"https:\/\/etab.ac-reunion.fr\/lyc-leconte-de-lisle\/2eme-annee-mp-mpi-psi-pc\/\">PC\/PC*<\/a><\/strong>. <strong>La PC <\/strong>pr\u00e9sente au <strong>Lyc\u00e9e Leconte de Lisle<\/strong> est la seule classe de la R\u00e9union. La fili\u00e8re PC* n&rsquo;est pas pr\u00e9sente \u00e0 la R\u00e9union.<\/li>\n<\/ul>\n\n\n\n<p><\/p>\n\n\n\n<ul class=\"wp-block-list\">\n<li><strong>Option SII :<\/strong>&nbsp;Les \u00e9tudiantes &amp; \u00e9tudiants ne font plus que 2 h de chimie et conservent leurs 4 h de sciences industrielles (SII). Ils s&rsquo;orientent obligatoirement en deuxi\u00e8me ann\u00e9e vers une classe&nbsp;<strong><a href=\"https:\/\/etab.ac-reunion.fr\/lyc-leconte-de-lisle\/2eme-annee-mp-mpi-psi-pc\/\">PSI\/PSI*<\/a><\/strong>.  <strong>La PSI<\/strong> se trouve au<strong> Lyc\u00e9e Roland Garros<\/strong> : <strong><a href=\"http:\/\/lycee-roland-garros.ac-reunion.fr\/formations\/cpge\/psi\/\">http:\/\/lycee-roland-garros.ac-reunion.fr\/formations\/cpge\/psi\/<\/a> <\/strong>avec laquelle le lyc\u00e9e a une convention et des places \u00e0 l&rsquo;internat. <strong>La <a href=\"https:\/\/etab.ac-reunion.fr\/lyc-leconte-de-lisle\/psi-physique-et-sciences-de-lingenieur\/\">PSI*<\/a> <\/strong>pr\u00e9sente au <strong>Lyc\u00e9e Leconte de Lisle<\/strong> est la seule classe \u00e9toil\u00e9e de la R\u00e9union et dispense une pr\u00e9paration plus intense en vue des \u00e9coles les plus prestigieuses.<\/li>\n<\/ul>\n\n\n\n<p><\/p>\n\n\n\n<h4 class=\"wp-block-heading\"><strong>PRESENTATION DES VOLUMES HORAIRES EN PCSI<\/strong><\/h4>\n\n\n\n<figure class=\"wp-block-image size-large\"><img loading=\"lazy\" decoding=\"async\" width=\"1024\" height=\"656\" src=\"https:\/\/etab.ac-reunion.fr\/lyc-leconte-de-lisle\/wp-content\/uploads\/sites\/53\/2024\/01\/pcsi-1024x656.png\" alt=\"\" class=\"wp-image-6097\" srcset=\"https:\/\/etab.ac-reunion.fr\/lyc-leconte-de-lisle\/wp-content\/uploads\/sites\/53\/2024\/01\/pcsi-980x628.png 980w, https:\/\/etab.ac-reunion.fr\/lyc-leconte-de-lisle\/wp-content\/uploads\/sites\/53\/2024\/01\/pcsi-480x307.png 480w\" sizes=\"(min-width: 0px) and (max-width: 480px) 480px, (min-width: 481px) and (max-width: 980px) 980px, (min-width: 981px) 1024px, 100vw\" \/><\/figure>\n\n\n\n<p>Interrogations orales (colles) et devoirs surveill\u00e9s s&rsquo;ajoutent \u00e0 ces horaires.<\/p>\n\n\n\n<p><\/p>\n\n\n\n<h4 class=\"wp-block-heading\"><strong>T\u00c9MOIGNAGES ANCIENNES &amp; ANCIENS \u00c9L\u00c8VES<\/strong> <\/h4>\n\n\n\n<ul class=\"wp-block-list\">\n<li>Emmanuelle D., ENS Ulm 2023 : <a href=\"https:\/\/www.ens.psl.eu\/continuer-apprendre-et-experimenter-grace-la-recherche\">https:\/\/www.ens.psl.eu\/continuer-apprendre-et-experimenter-grace-la-recherche<\/a><\/li>\n<\/ul>\n\n\n\n<ul class=\"wp-block-list\">\n<li>Matthieu P., Magist\u00e8re de Physico-Chimie mol\u00e9culaire de Paris-Saclay<\/li>\n<\/ul>\n\n\n\n<figure class=\"wp-block-embed is-type-video is-provider-youtube wp-block-embed-youtube wp-embed-aspect-16-9 wp-has-aspect-ratio\"><div class=\"wp-block-embed__wrapper\">\n<script>document.addEventListener('DOMContentLoaded', function() {(tarteaucitron.job = tarteaucitron.job || []).push('youtube');});<\/script><div class=\"youtube_player\" videoID=\"h8Ni_IP1PjQ\" width=\"100%\" height=\"100%\" style=\"height:50vw\" theme=\"light\" rel=\"0\" controls=\"1\" showinfo=\"1\" autoplay=\"0\"><\/div>\n<\/div><\/figure>\n\n\n\n<ul class=\"wp-block-list\">\n<li>Elo\u00efse P., SIGMA (sp\u00e9cialit\u00e9 chimie, Clermont) 2022<\/li>\n<\/ul>\n\n\n\n<figure class=\"wp-block-embed is-type-video is-provider-youtube wp-block-embed-youtube wp-embed-aspect-16-9 wp-has-aspect-ratio\"><div class=\"wp-block-embed__wrapper\">\n<script>document.addEventListener('DOMContentLoaded', function() {(tarteaucitron.job = tarteaucitron.job || []).push('youtube');});<\/script><div class=\"youtube_player\" videoID=\"pgWmzznluoo\" width=\"100%\" height=\"100%\" style=\"height:50vw\" theme=\"light\" rel=\"0\" controls=\"1\" showinfo=\"1\" autoplay=\"0\"><\/div>\n<\/div><\/figure>\n\n\n\n<ul class=\"wp-block-list\">\n<li>Matteo G., ESTACA 2022<\/li>\n<\/ul>\n\n\n\n<figure class=\"wp-block-embed is-type-video is-provider-youtube wp-block-embed-youtube wp-embed-aspect-16-9 wp-has-aspect-ratio\"><div class=\"wp-block-embed__wrapper\">\n<script>document.addEventListener('DOMContentLoaded', function() {(tarteaucitron.job = tarteaucitron.job || []).push('youtube');});<\/script><div class=\"youtube_player\" videoID=\"VwBihC9Udo0\" width=\"100%\" height=\"100%\" style=\"height:50vw\" theme=\"light\" rel=\"0\" controls=\"1\" showinfo=\"1\" autoplay=\"0\"><\/div>\n<\/div><\/figure>\n","protected":false},"excerpt":{"rendered":"<p>La fili\u00e8re PCSI (Physique, Chimie et Sciences de l&rsquo;Ing\u00e9nieur) est \u00e0 destination des \u00e9l\u00e8ves d\u00e9tenteurs &amp; d\u00e9tentrices du bac souhaiteraient int\u00e9grer des \u00e9coles d&rsquo;ing\u00e9nieures &amp; ing\u00e9nieurs, \u00c9coles Normales Sup\u00e9rieures (ENS), magist\u00e8res \u00e0 l&rsquo;Universit\u00e9. Il est vivement recommand\u00e9 d&rsquo;avoir choisi la sp\u00e9cialit\u00e9 Math\u00e9matiques et l\u2019une des sp\u00e9cialit\u00e9s Physique-Chimie, SI ou NSI en Terminale. L&rsquo;option math\u00e9matiques expertes [&hellip;]<\/p>\n","protected":false},"author":23126,"featured_media":0,"parent":0,"menu_order":0,"comment_status":"closed","ping_status":"closed","template":"","meta":{"_et_pb_use_builder":"off","_et_pb_old_content":"","_et_gb_content_width":"","footnotes":""},"class_list":["post-6040","page","type-page","status-publish","hentry"],"_links":{"self":[{"href":"https:\/\/etab.ac-reunion.fr\/lyc-leconte-de-lisle\/wp-json\/wp\/v2\/pages\/6040","targetHints":{"allow":["GET"]}}],"collection":[{"href":"https:\/\/etab.ac-reunion.fr\/lyc-leconte-de-lisle\/wp-json\/wp\/v2\/pages"}],"about":[{"href":"https:\/\/etab.ac-reunion.fr\/lyc-leconte-de-lisle\/wp-json\/wp\/v2\/types\/page"}],"author":[{"embeddable":true,"href":"https:\/\/etab.ac-reunion.fr\/lyc-leconte-de-lisle\/wp-json\/wp\/v2\/users\/23126"}],"replies":[{"embeddable":true,"href":"https:\/\/etab.ac-reunion.fr\/lyc-leconte-de-lisle\/wp-json\/wp\/v2\/comments?post=6040"}],"version-history":[{"count":30,"href":"https:\/\/etab.ac-reunion.fr\/lyc-leconte-de-lisle\/wp-json\/wp\/v2\/pages\/6040\/revisions"}],"predecessor-version":[{"id":6607,"href":"https:\/\/etab.ac-reunion.fr\/lyc-leconte-de-lisle\/wp-json\/wp\/v2\/pages\/6040\/revisions\/6607"}],"wp:attachment":[{"href":"https:\/\/etab.ac-reunion.fr\/lyc-leconte-de-lisle\/wp-json\/wp\/v2\/media?parent=6040"}],"curies":[{"name":"wp","href":"https:\/\/api.w.org\/{rel}","templated":true}]}}