{"id":6059,"date":"2024-01-27T12:27:29","date_gmt":"2024-01-27T08:27:29","guid":{"rendered":"https:\/\/etab.ac-reunion.fr\/lyc-leconte-de-lisle\/?page_id=6059"},"modified":"2026-02-03T18:25:29","modified_gmt":"2026-02-03T14:25:29","slug":"mpi-mathematiques-physique-informatique","status":"publish","type":"page","link":"https:\/\/etab.ac-reunion.fr\/lyc-leconte-de-lisle\/mpi-mathematiques-physique-informatique\/","title":{"rendered":"MPI (Math\u00e9matiques Physique Informatique), devient MPI-MPI* \u00e0 la rentr\u00e9e 2026"},"content":{"rendered":"\n<p>News 2025 : Admissibilit\u00e9s X-ENS<\/p>\n\n\n\n<figure class=\"wp-block-embed is-type-video is-provider-youtube wp-block-embed-youtube wp-embed-aspect-16-9 wp-has-aspect-ratio\"><div class=\"wp-block-embed__wrapper\">\n<script>document.addEventListener('DOMContentLoaded', function() {(tarteaucitron.job = tarteaucitron.job || []).push('youtube');});<\/script><div class=\"youtube_player\" videoID=\"v349xRrIBF4\" width=\"100%\" height=\"100%\" style=\"height:50vw\" theme=\"light\" rel=\"0\" controls=\"1\" showinfo=\"1\" autoplay=\"0\"><\/div>\n<\/div><\/figure>\n\n\n\n<p><\/p>\n\n\n\n<p>Site internet : <a href=\"https:\/\/mpi.lecontedelisle.re\/\" target=\"_blank\" rel=\"noreferrer noopener\">https:\/\/mpi.lecontedelisle.re\/<\/a><\/p>\n\n\n\n<p>On acc\u00e8de en classe MPI (Math\u00e9matiques, Physique et Informatique) apr\u00e8s une premi\u00e8re ann\u00e9e en classe <strong><a href=\"https:\/\/etab.ac-reunion.fr\/lyc-leconte-de-lisle\/mp2i-mathematiques-physique-ingenierie-et-informatique\/\">MP2I<\/a><\/strong>.<\/p>\n\n\n\n<p>Au lyc\u00e9e Leconte de Lisle, la classe de MPI&nbsp;<strong>deviendra \u00e0 la rentr\u00e9e 2026 la classe MPI-MPI*<\/strong>. En effet, nous proposons une formation adapt\u00e9e au niveau de chacun avec des groupes de niveau (un groupe MPI normal et un groupe MPI* d&rsquo;approfondissement) et des sujets diff\u00e9renci\u00e9s, quels que soient les concours vis\u00e9s. Nous pr\u00e9parons&nbsp;\u00e0 tous les concours, en fonction du niveau et des ambitions des \u00e9tudiants.<br><\/p>\n\n\n\n<p>Comme en MP2I,&nbsp;<strong>les Math\u00e9matiques et l&rsquo;Informatique sont \u00e0 l\u2019honneur<\/strong>&nbsp;dans cette fili\u00e8re qui valorise particuli\u00e8rement l\u2019abstraction, mais qui laisse n\u00e9anmoins une place de choix \u00e0 un enseignement de&nbsp;<strong>Physique<\/strong>&nbsp;de haut niveau.<\/p>\n\n\n\n<ul class=\"wp-block-list\">\n<li><strong>Int\u00e8gre-t-on des \u00e9coles particuli\u00e8res apr\u00e8s une MPI\/MPI* ?&nbsp;<\/strong><\/li>\n<\/ul>\n\n\n\n<p>Non, toutes les \u00e9coles d\u2019ing\u00e9nieur recrutent sur toutes les fili\u00e8res, \u00e0 l\u2019exception des \u00e9coles de chimie qui recrutent quasi exclusivement sur la fili\u00e8re PC. <br>Des <strong><a href=\"https:\/\/www.scei-concours.fr\/stat2024\/mpi.html\">nombres de places<\/a><\/strong> propos\u00e9es par \u00e9cole peuvent sembler modestes, mais il faut comparer ce qui est comparable : l&rsquo;effectif d&rsquo;\u00e9tudiants en MPI\/MPI* \u00e9tant r\u00e9duit, les <strong><a href=\"https:\/\/www.scei-concours.fr\/stat2024\/mpi.html\">nombres de places<\/a><\/strong> propos\u00e9es pour les premi\u00e8res sessions de concours de cette nouvelle fili\u00e8re ont \u00e9t\u00e9 plut\u00f4t g\u00e9n\u00e9reux par rapport aux autres fili\u00e8res (et pas toujours pourvues).<\/p>\n\n\n\n<p>\u00c0 noter qu\u2019\u00e0 partir du concours 2025, les trois ENS (Ulm = Paris, Lyon, Saclay) ont d\u00e9cid\u00e9 d\u2019ouvrir un concours Math\u00e9matiques  aux \u00e9tudiants de MPI permettant d\u2019acc\u00e9der naturellement aux d\u00e9partements de Math\u00e9matiques en plus du concours Informatique d\u00e9j\u00e0 ouvert.<\/p>\n\n\n\n<p>Suivre une classe pr\u00e9paratoire MPI\/MPI* est id\u00e9al si l\u2019on souhaite se sp\u00e9cialiser ult\u00e9rieurement en Math\u00e9matiques ou en Informatique (ing\u00e9nierie ou recherche), mais tous les d\u00e9bouch\u00e9s restent ouverts, de l\u2019a\u00e9ronautique aux travaux publics en passant par l\u2019ing\u00e9nierie financi\u00e8re ou l\u2019\u00e9nergie. Dans tous les domaines, une solide formation en math\u00e9matiques et informatique est un atout tr\u00e8s important.<\/p>\n\n\n\n<p>Comme il n&rsquo;y a qu&rsquo;une classe de MPI \u00e0 la R\u00e9union, on y propose, comme dans la plupart des MPI de France, une formation adapt\u00e9e au niveau de chacun avec des sujets diff\u00e9renci\u00e9s et des groupes de niveau :<\/p>\n\n\n\n<ul class=\"wp-block-list\">\n<li>un groupe MPI pr\u00e9parant plut\u00f4t aux concours E3A &#8211; CCINP &#8211; Mines-t\u00e9l\u00e9com<\/li>\n\n\n\n<li>un groupe MPI* avec une pr\u00e9paration plus intense pour les \u00e9tudiants se destinant plut\u00f4t aux concours Centrale &#8211; Mines-Ponts &#8211; X-ENS<\/li>\n<\/ul>\n\n\n\n<p>Nous pr\u00e9parons ainsi \u00e0&nbsp;<strong>tous<\/strong>&nbsp;les concours, en fonction du niveau et des ambitions des \u00e9tudiants.<\/p>\n\n\n\n<p><\/p>\n\n\n\n<h4 class=\"wp-block-heading\"><strong>PRESENTATION DES VOLUMES HORAIRES EN MPI\/MPI*<\/strong><\/h4>\n\n\n\n<p><\/p>\n\n\n\n<figure class=\"wp-block-image size-large\"><img loading=\"lazy\" decoding=\"async\" width=\"1024\" height=\"1024\" src=\"https:\/\/etab.ac-reunion.fr\/lyc-leconte-de-lisle\/wp-content\/uploads\/sites\/53\/2024\/01\/MPI-1024x1024.jpg\" alt=\"\" class=\"wp-image-6158\" srcset=\"https:\/\/etab.ac-reunion.fr\/lyc-leconte-de-lisle\/wp-content\/uploads\/sites\/53\/2024\/01\/MPI-980x981.jpg 980w, https:\/\/etab.ac-reunion.fr\/lyc-leconte-de-lisle\/wp-content\/uploads\/sites\/53\/2024\/01\/MPI-480x480.jpg 480w\" sizes=\"(min-width: 0px) and (max-width: 480px) 480px, (min-width: 481px) and (max-width: 980px) 980px, (min-width: 981px) 1024px, 100vw\" \/><\/figure>\n\n\n\n<h4 class=\"wp-block-heading\"><strong>T\u00c9MOIGNAGES ANCIENNES &amp; ANCIENS \u00c9L\u00c8VES<\/strong><\/h4>\n\n\n\n<p>Premi\u00e8re promotion de MPI en 2023-2024<\/p>\n","protected":false},"excerpt":{"rendered":"<p>News 2025 : Admissibilit\u00e9s X-ENS Site internet : https:\/\/mpi.lecontedelisle.re\/ On acc\u00e8de en classe MPI (Math\u00e9matiques, Physique et Informatique) apr\u00e8s une premi\u00e8re ann\u00e9e en classe MP2I. Au lyc\u00e9e Leconte de Lisle, la classe de MPI&nbsp;deviendra \u00e0 la rentr\u00e9e 2026 la classe MPI-MPI*. En effet, nous proposons une formation adapt\u00e9e au niveau de chacun avec des groupes [&hellip;]<\/p>\n","protected":false},"author":23126,"featured_media":0,"parent":0,"menu_order":0,"comment_status":"closed","ping_status":"closed","template":"","meta":{"_et_pb_use_builder":"off","_et_pb_old_content":"","_et_gb_content_width":"","footnotes":""},"class_list":["post-6059","page","type-page","status-publish","hentry"],"_links":{"self":[{"href":"https:\/\/etab.ac-reunion.fr\/lyc-leconte-de-lisle\/wp-json\/wp\/v2\/pages\/6059","targetHints":{"allow":["GET"]}}],"collection":[{"href":"https:\/\/etab.ac-reunion.fr\/lyc-leconte-de-lisle\/wp-json\/wp\/v2\/pages"}],"about":[{"href":"https:\/\/etab.ac-reunion.fr\/lyc-leconte-de-lisle\/wp-json\/wp\/v2\/types\/page"}],"author":[{"embeddable":true,"href":"https:\/\/etab.ac-reunion.fr\/lyc-leconte-de-lisle\/wp-json\/wp\/v2\/users\/23126"}],"replies":[{"embeddable":true,"href":"https:\/\/etab.ac-reunion.fr\/lyc-leconte-de-lisle\/wp-json\/wp\/v2\/comments?post=6059"}],"version-history":[{"count":17,"href":"https:\/\/etab.ac-reunion.fr\/lyc-leconte-de-lisle\/wp-json\/wp\/v2\/pages\/6059\/revisions"}],"predecessor-version":[{"id":7159,"href":"https:\/\/etab.ac-reunion.fr\/lyc-leconte-de-lisle\/wp-json\/wp\/v2\/pages\/6059\/revisions\/7159"}],"wp:attachment":[{"href":"https:\/\/etab.ac-reunion.fr\/lyc-leconte-de-lisle\/wp-json\/wp\/v2\/media?parent=6059"}],"curies":[{"name":"wp","href":"https:\/\/api.w.org\/{rel}","templated":true}]}}