{"id":6061,"date":"2024-01-27T12:37:18","date_gmt":"2024-01-27T08:37:18","guid":{"rendered":"https:\/\/etab.ac-reunion.fr\/lyc-leconte-de-lisle\/?page_id=6061"},"modified":"2025-06-16T22:15:50","modified_gmt":"2025-06-16T18:15:50","slug":"psi-physique-et-sciences-de-lingenieur","status":"publish","type":"page","link":"https:\/\/etab.ac-reunion.fr\/lyc-leconte-de-lisle\/psi-physique-et-sciences-de-lingenieur\/","title":{"rendered":"PSI* (Physique et Sciences de l&rsquo;Ing\u00e9nieur)"},"content":{"rendered":"\n<p>News 2025 : Admissibilit\u00e9s <\/p>\n\n\n\n<figure class=\"wp-block-embed is-type-video is-provider-youtube wp-block-embed-youtube wp-embed-aspect-16-9 wp-has-aspect-ratio\"><div class=\"wp-block-embed__wrapper\">\n<script>document.addEventListener('DOMContentLoaded', function() {(tarteaucitron.job = tarteaucitron.job || []).push('youtube');});<\/script><div class=\"youtube_player\" videoID=\"ElFIV2awDoI\" width=\"100%\" height=\"100%\" style=\"height:50vw\" theme=\"light\" rel=\"0\" controls=\"1\" showinfo=\"1\" autoplay=\"0\"><\/div>\n<\/div><\/figure>\n\n\n\n<p>La PSI* (Physique et Sciences de l\u2019Ing\u00e9nieur) est&nbsp;<strong>la seule classe \u00e9toil\u00e9e sur l\u2019\u00eele de la R\u00e9union<\/strong>&nbsp;; son objectif est de proposer \u00e0 tout \u00e9l\u00e8ve de premi\u00e8re ann\u00e9e une pr\u00e9paration plus intense en vue d\u2019int\u00e9grer les \u00e9coles les plus prestigieuses.<\/p>\n\n\n\n<p>Elle est accessible \u00e0 toute \u00e9tudiante ou tout \u00e9tudiant en premi\u00e8re ann\u00e9e de CPGE scientifiques des lyc\u00e9es Leconte de Lisle, Lislet Geoffroy, Roland Garros, Saint Charles ou venant de m\u00e9tropole en <a href=\"https:\/\/etab.ac-reunion.fr\/lyc-leconte-de-lisle\/mpsi-mathematiques-physique-sciences-de-lingenieur\/\"><strong>MPSI<\/strong><\/a>, <a href=\"https:\/\/etab.ac-reunion.fr\/lyc-leconte-de-lisle\/mp2i-mathematiques-physique-ingenierie-et-informatique\/\"><strong>MP2I<\/strong><\/a>, <a href=\"https:\/\/etab.ac-reunion.fr\/lyc-leconte-de-lisle\/pcsi-physique-chimie-et-sciences-de-lingenieur\/\"><strong>PCSI<\/strong><\/a> ou <a href=\"https:\/\/lislet-geoffroy.re\/#PTSI\"><strong>PTSI<\/strong><\/a> <strong>choisissant au deuxi\u00e8me semestre l\u2019option SII et class\u00e9 dans le premier tiers de sa classe.<\/strong><\/p>\n\n\n\n<p>Une classe de PSI est disponible au&nbsp;<a href=\"https:\/\/etab.ac-reunion.fr\/lyc-roland-garros\/formations\/cpge\/psi\/\" rel=\"noreferrer noopener\" target=\"_blank\">lyc\u00e9e Roland Garros<\/a>.<\/p>\n\n\n\n<p>La fili\u00e8re PSI\/PSI* propose une&nbsp;<strong>formation \u00e9quilibr\u00e9e de haut niveau en math\u00e9matiques et physique<\/strong>. Un enseignement important de&nbsp;<strong>sciences industrielles (SII)<\/strong>&nbsp;compl\u00e8te cet ensemble.<\/p>\n\n\n\n<p><\/p>\n\n\n\n<h4 class=\"wp-block-heading\"><strong>PRESENTATION DES VOLUMES HORAIRES EN PSI*<\/strong><\/h4>\n\n\n\n<p><\/p>\n\n\n\n<figure class=\"wp-block-image size-large\"><img loading=\"lazy\" decoding=\"async\" width=\"1024\" height=\"1024\" src=\"https:\/\/etab.ac-reunion.fr\/lyc-leconte-de-lisle\/wp-content\/uploads\/sites\/53\/2024\/01\/PSI_-1024x1024.jpg\" alt=\"\" class=\"wp-image-6163\" srcset=\"https:\/\/etab.ac-reunion.fr\/lyc-leconte-de-lisle\/wp-content\/uploads\/sites\/53\/2024\/01\/PSI_-980x981.jpg 980w, https:\/\/etab.ac-reunion.fr\/lyc-leconte-de-lisle\/wp-content\/uploads\/sites\/53\/2024\/01\/PSI_-480x480.jpg 480w\" sizes=\"(min-width: 0px) and (max-width: 480px) 480px, (min-width: 481px) and (max-width: 980px) 980px, (min-width: 981px) 1024px, 100vw\" \/><\/figure>\n\n\n\n<p><\/p>\n\n\n\n<h4 class=\"wp-block-heading\"><strong>T\u00c9MOIGNAGES ANCIENNES &amp; ANCIENS \u00c9L\u00c8VES <\/strong><\/h4>\n\n\n\n<p><\/p>\n\n\n\n<ul class=\"wp-block-list\">\n<li>Imteyaz M., ENS Paris-Saclay 2023<\/li>\n<\/ul>\n\n\n\n<figure class=\"wp-block-embed is-type-video is-provider-youtube wp-block-embed-youtube wp-embed-aspect-16-9 wp-has-aspect-ratio\"><div class=\"wp-block-embed__wrapper\">\n<script>document.addEventListener('DOMContentLoaded', function() {(tarteaucitron.job = tarteaucitron.job || []).push('youtube');});<\/script><div class=\"youtube_player\" videoID=\"piBnYQwqoH0\" width=\"100%\" height=\"100%\" style=\"height:50vw\" theme=\"light\" rel=\"0\" controls=\"1\" showinfo=\"1\" autoplay=\"0\"><\/div>\n<\/div><\/figure>\n\n\n\n<ul class=\"wp-block-list\">\n<li>Justine C., Mines de Saint-\u00c9tienne 2023<\/li>\n<\/ul>\n\n\n\n<figure class=\"wp-block-embed is-type-video is-provider-youtube wp-block-embed-youtube wp-embed-aspect-16-9 wp-has-aspect-ratio\"><div class=\"wp-block-embed__wrapper\">\n<script>document.addEventListener('DOMContentLoaded', function() {(tarteaucitron.job = tarteaucitron.job || []).push('youtube');});<\/script><div class=\"youtube_player\" videoID=\"JFZjV6ZzE_0\" width=\"100%\" height=\"100%\" style=\"height:50vw\" theme=\"light\" rel=\"0\" controls=\"1\" showinfo=\"1\" autoplay=\"0\"><\/div>\n<\/div><\/figure>\n\n\n\n<ul class=\"wp-block-list\">\n<li>Brieuc D., Mines d&rsquo;Al\u00e8s 2022<\/li>\n<\/ul>\n\n\n\n<figure class=\"wp-block-embed is-type-video is-provider-youtube wp-block-embed-youtube wp-embed-aspect-16-9 wp-has-aspect-ratio\"><div class=\"wp-block-embed__wrapper\">\n<script>document.addEventListener('DOMContentLoaded', function() {(tarteaucitron.job = tarteaucitron.job || []).push('youtube');});<\/script><div class=\"youtube_player\" videoID=\"Lo4vsuCGdqE\" width=\"100%\" height=\"100%\" style=\"height:50vw\" theme=\"light\" rel=\"0\" controls=\"1\" showinfo=\"1\" autoplay=\"0\"><\/div>\n<\/div><\/figure>\n","protected":false},"excerpt":{"rendered":"<p>News 2025 : Admissibilit\u00e9s La PSI* (Physique et Sciences de l\u2019Ing\u00e9nieur) est&nbsp;la seule classe \u00e9toil\u00e9e sur l\u2019\u00eele de la R\u00e9union&nbsp;; son objectif est de proposer \u00e0 tout \u00e9l\u00e8ve de premi\u00e8re ann\u00e9e une pr\u00e9paration plus intense en vue d\u2019int\u00e9grer les \u00e9coles les plus prestigieuses. Elle est accessible \u00e0 toute \u00e9tudiante ou tout \u00e9tudiant en premi\u00e8re ann\u00e9e [&hellip;]<\/p>\n","protected":false},"author":23126,"featured_media":0,"parent":0,"menu_order":0,"comment_status":"closed","ping_status":"closed","template":"","meta":{"_et_pb_use_builder":"off","_et_pb_old_content":"","_et_gb_content_width":"","footnotes":""},"class_list":["post-6061","page","type-page","status-publish","hentry"],"_links":{"self":[{"href":"https:\/\/etab.ac-reunion.fr\/lyc-leconte-de-lisle\/wp-json\/wp\/v2\/pages\/6061","targetHints":{"allow":["GET"]}}],"collection":[{"href":"https:\/\/etab.ac-reunion.fr\/lyc-leconte-de-lisle\/wp-json\/wp\/v2\/pages"}],"about":[{"href":"https:\/\/etab.ac-reunion.fr\/lyc-leconte-de-lisle\/wp-json\/wp\/v2\/types\/page"}],"author":[{"embeddable":true,"href":"https:\/\/etab.ac-reunion.fr\/lyc-leconte-de-lisle\/wp-json\/wp\/v2\/users\/23126"}],"replies":[{"embeddable":true,"href":"https:\/\/etab.ac-reunion.fr\/lyc-leconte-de-lisle\/wp-json\/wp\/v2\/comments?post=6061"}],"version-history":[{"count":16,"href":"https:\/\/etab.ac-reunion.fr\/lyc-leconte-de-lisle\/wp-json\/wp\/v2\/pages\/6061\/revisions"}],"predecessor-version":[{"id":6846,"href":"https:\/\/etab.ac-reunion.fr\/lyc-leconte-de-lisle\/wp-json\/wp\/v2\/pages\/6061\/revisions\/6846"}],"wp:attachment":[{"href":"https:\/\/etab.ac-reunion.fr\/lyc-leconte-de-lisle\/wp-json\/wp\/v2\/media?parent=6061"}],"curies":[{"name":"wp","href":"https:\/\/api.w.org\/{rel}","templated":true}]}}