{"id":6805,"date":"2025-06-23T10:55:43","date_gmt":"2025-06-23T06:55:43","guid":{"rendered":"https:\/\/etab.ac-reunion.fr\/lyc-leconte-de-lisle\/?page_id=6805"},"modified":"2025-06-23T12:34:30","modified_gmt":"2025-06-23T08:34:30","slug":"mobilite-vers-lallemagne","status":"publish","type":"page","link":"https:\/\/etab.ac-reunion.fr\/lyc-leconte-de-lisle\/mobilite-vers-lallemagne\/","title":{"rendered":"Mobilit\u00e9 vers l&rsquo;Allemagne"},"content":{"rendered":"[et_pb_section fb_built=\u00a0\u00bb1&Prime; _builder_version=\u00a0\u00bb4.27.4&Prime; _module_preset=\u00a0\u00bbdefault\u00a0\u00bb global_colors_info=\u00a0\u00bb{}\u00a0\u00bb][et_pb_row column_structure=\u00a0\u00bb1_3,2_3&Prime; _builder_version=\u00a0\u00bb4.27.4&Prime; _module_preset=\u00a0\u00bbdefault\u00a0\u00bb global_colors_info=\u00a0\u00bb{}\u00a0\u00bb][et_pb_column type=\u00a0\u00bb1_3&Prime; _builder_version=\u00a0\u00bb4.27.4&Prime; _module_preset=\u00a0\u00bbdefault\u00a0\u00bb global_colors_info=\u00a0\u00bb{}\u00a0\u00bb][et_pb_image src=\u00a0\u00bbhttps:\/\/etab.ac-reunion.fr\/lyc-leconte-de-lisle\/wp-content\/uploads\/sites\/53\/2025\/06\/Article-Le-Quotidien-.jpg\u00a0\u00bb title_text=\u00a0\u00bbArticle &lsquo;Le Quotidien&rsquo; &#8211;\u00a0\u00bb _builder_version=\u00a0\u00bb4.27.4&Prime; _module_preset=\u00a0\u00bbdefault\u00a0\u00bb global_colors_info=\u00a0\u00bb{}\u00a0\u00bb][\/et_pb_image][\/et_pb_column][et_pb_column type=\u00a0\u00bb2_3&Prime; _builder_version=\u00a0\u00bb4.27.4&Prime; _module_preset=\u00a0\u00bbdefault\u00a0\u00bb global_colors_info=\u00a0\u00bb{}\u00a0\u00bb][et_pb_accordion open_toggle_text_color=\u00a0\u00bb#8300E9&Prime; _builder_version=\u00a0\u00bb4.27.4&Prime; _module_preset=\u00a0\u00bbdefault\u00a0\u00bb toggle_text_color=\u00a0\u00bb#8300E9&Prime; toggle_font_size=\u00a0\u00bb22px\u00a0\u00bb body_font_size=\u00a0\u00bb18px\u00a0\u00bb body_line_height=\u00a0\u00bb1.8em\u00a0\u00bb global_colors_info=\u00a0\u00bb{}\u00a0\u00bb][et_pb_accordion_item title=\u00a0\u00bbMobilit\u00e9 Erasmus + vers l&rsquo;Allemagne\u00a0\u00bb open=\u00a0\u00bboff\u00a0\u00bb _builder_version=\u00a0\u00bb4.27.4&Prime; _module_preset=\u00a0\u00bbdefault\u00a0\u00bb global_colors_info=\u00a0\u00bb{}\u00a0\u00bb][\/et_pb_accordion_item][et_pb_accordion_item _builder_version=\u00a0\u00bb4.27.4&Prime; _module_preset=\u00a0\u00bbdefault\u00a0\u00bb global_colors_info=\u00a0\u00bb{}\u00a0\u00bb open=\u00a0\u00bbon\u00a0\u00bb]\n<h2 style=\"line-height: 100%;margin-bottom: 0cm\"><span style=\"font-size: medium\">Du 11 au 20 octobre 2024, 4 \u00e9l\u00e8ves de terminale du Lyc\u00e9e Leconte de Lisle se sont rendus en Allemagne avec des \u00e9l\u00e8ves du <a href=\"https:\/\/etab.ac-reunion.fr\/lyc-jean-hinglo\/2025\/03\/28\/presentation-des-laureats-du-grand-prix-hippocrene-2025-eleves-de-seconde-euro-allemand\/\">lyc\u00e9e Jean Hinglo<\/a>. Ils ont \u00e9t\u00e9 accueillis pour cette <b>mobilit\u00e9 Erasmus <\/b>par le lyc\u00e9e H\u00f6lderlin de Heidelberg. Un moment fort de cette mobilit\u00e9 a \u00e9t\u00e9 leur rencontre avec Manfred Kaut,un Monsieur de 83 ans, t\u00e9moin du pass\u00e9 et du discours que le G\u00e9n\u00e9ral de Gaulle a prononc\u00e9 \u00e0 la jeunesse allemande le 9 septembre 1962 au Ch\u00e2teau de Ludwigsburg. Cette mobilit\u00e9 a d\u00e9bouch\u00e9 sur un projet plus vaste de v\u00e9ritable \u00e9change dont les objectifs p\u00e9dagogiques ont \u00e9t\u00e9 prim\u00e9s par le <a href=\"http:\/\/fondationhippocrene.eu\/les-prix-hippocrene\/prix-2025\/\">Prix Hippocr\u00e8ne de l\u2019Education \u00e0 l\u2019Europe 2025.<\/a><\/span><\/h2>\n<p>&nbsp;<\/p>\n[\/et_pb_accordion_item][\/et_pb_accordion][\/et_pb_column][\/et_pb_row][et_pb_row column_structure=\u00a0\u00bb1_2,1_2&Prime; _builder_version=\u00a0\u00bb4.27.4&Prime; _module_preset=\u00a0\u00bbdefault\u00a0\u00bb global_colors_info=\u00a0\u00bb{}\u00a0\u00bb][et_pb_column type=\u00a0\u00bb1_2&Prime; _builder_version=\u00a0\u00bb4.27.4&Prime; _module_preset=\u00a0\u00bbdefault\u00a0\u00bb global_colors_info=\u00a0\u00bb{}\u00a0\u00bb][et_pb_image src=\u00a0\u00bbhttps:\/\/etab.ac-reunion.fr\/lyc-leconte-de-lisle\/wp-content\/uploads\/sites\/53\/2025\/06\/rencontre-scaled.jpg\u00a0\u00bb title_text=\u00a0\u00bbrencontre\u00a0\u00bb _builder_version=\u00a0\u00bb4.27.4&Prime; _module_preset=\u00a0\u00bbdefault\u00a0\u00bb global_colors_info=\u00a0\u00bb{}\u00a0\u00bb][\/et_pb_image][\/et_pb_column][et_pb_column type=\u00a0\u00bb1_2&Prime; _builder_version=\u00a0\u00bb4.27.4&Prime; _module_preset=\u00a0\u00bbdefault\u00a0\u00bb global_colors_info=\u00a0\u00bb{}\u00a0\u00bb][et_pb_image src=\u00a0\u00bbhttps:\/\/etab.ac-reunion.fr\/lyc-leconte-de-lisle\/wp-content\/uploads\/sites\/53\/2025\/06\/Jean-Hinglo-et-LLL-scaled.jpg\u00a0\u00bb title_text=\u00a0\u00bbJean Hinglo et LLL\u00a0\u00bb _builder_version=\u00a0\u00bb4.27.4&Prime; _module_preset=\u00a0\u00bbdefault\u00a0\u00bb global_colors_info=\u00a0\u00bb{}\u00a0\u00bb][\/et_pb_image][\/et_pb_column][\/et_pb_row][\/et_pb_section]\n","protected":false},"excerpt":{"rendered":"<p>Du 11 au 20 octobre 2024, 4 \u00e9l\u00e8ves de terminale du Lyc\u00e9e Leconte de Lisle se sont rendus en Allemagne avec des \u00e9l\u00e8ves du lyc\u00e9e Jean Hinglo. Ils ont \u00e9t\u00e9 accueillis pour cette mobilit\u00e9 Erasmus par le lyc\u00e9e H\u00f6lderlin de Heidelberg. Un moment fort de cette mobilit\u00e9 a \u00e9t\u00e9 leur rencontre avec Manfred Kaut,un Monsieur [&hellip;]<\/p>\n","protected":false},"author":17510,"featured_media":0,"parent":0,"menu_order":0,"comment_status":"closed","ping_status":"closed","template":"","meta":{"_et_pb_use_builder":"on","_et_pb_old_content":"","_et_gb_content_width":"","footnotes":""},"class_list":["post-6805","page","type-page","status-publish","hentry"],"_links":{"self":[{"href":"https:\/\/etab.ac-reunion.fr\/lyc-leconte-de-lisle\/wp-json\/wp\/v2\/pages\/6805","targetHints":{"allow":["GET"]}}],"collection":[{"href":"https:\/\/etab.ac-reunion.fr\/lyc-leconte-de-lisle\/wp-json\/wp\/v2\/pages"}],"about":[{"href":"https:\/\/etab.ac-reunion.fr\/lyc-leconte-de-lisle\/wp-json\/wp\/v2\/types\/page"}],"author":[{"embeddable":true,"href":"https:\/\/etab.ac-reunion.fr\/lyc-leconte-de-lisle\/wp-json\/wp\/v2\/users\/17510"}],"replies":[{"embeddable":true,"href":"https:\/\/etab.ac-reunion.fr\/lyc-leconte-de-lisle\/wp-json\/wp\/v2\/comments?post=6805"}],"version-history":[{"count":6,"href":"https:\/\/etab.ac-reunion.fr\/lyc-leconte-de-lisle\/wp-json\/wp\/v2\/pages\/6805\/revisions"}],"predecessor-version":[{"id":6873,"href":"https:\/\/etab.ac-reunion.fr\/lyc-leconte-de-lisle\/wp-json\/wp\/v2\/pages\/6805\/revisions\/6873"}],"wp:attachment":[{"href":"https:\/\/etab.ac-reunion.fr\/lyc-leconte-de-lisle\/wp-json\/wp\/v2\/media?parent=6805"}],"curies":[{"name":"wp","href":"https:\/\/api.w.org\/{rel}","templated":true}]}}