{"id":6882,"date":"2025-06-23T13:00:07","date_gmt":"2025-06-23T09:00:07","guid":{"rendered":"https:\/\/etab.ac-reunion.fr\/lyc-leconte-de-lisle\/?page_id=6882"},"modified":"2025-06-23T13:01:24","modified_gmt":"2025-06-23T09:01:24","slug":"6882-2","status":"publish","type":"page","link":"https:\/\/etab.ac-reunion.fr\/lyc-leconte-de-lisle\/6882-2\/","title":{"rendered":"JAEDD"},"content":{"rendered":"[et_pb_section fb_built=\u00a0\u00bb1&Prime; theme_builder_area=\u00a0\u00bbpost_content\u00a0\u00bb _builder_version=\u00a0\u00bb4.27.4&Prime; _module_preset=\u00a0\u00bbdefault\u00a0\u00bb][et_pb_row _builder_version=\u00a0\u00bb4.27.4&Prime; _module_preset=\u00a0\u00bbdefault\u00a0\u00bb theme_builder_area=\u00a0\u00bbpost_content\u00a0\u00bb][et_pb_column _builder_version=\u00a0\u00bb4.27.4&Prime; _module_preset=\u00a0\u00bbdefault\u00a0\u00bb type=\u00a0\u00bb4_4&Prime; theme_builder_area=\u00a0\u00bbpost_content\u00a0\u00bb][et_pb_text _builder_version=\u00a0\u00bb4.27.4&Prime; _module_preset=\u00a0\u00bbdefault\u00a0\u00bb theme_builder_area=\u00a0\u00bbpost_content\u00a0\u00bb hover_enabled=\u00a0\u00bb0&Prime; sticky_enabled=\u00a0\u00bb0&Prime;]\n<h3><span style=\"color: #ff9900\"><strong>La Journ\u00e9e Acad\u00e9mique du D\u00e9veloppement Durable 2025.<\/strong><\/span><\/h3>\n<p class=\"Standard\">Le lundi 26 Mai, 17 \u00e9l\u00e8ves du Lyc\u00e9e Leconte de Lisle ont particip\u00e9 \u00e0 la 5\u00e8me \u00e9dition de la Journ\u00e9e Acad\u00e9mique du d\u00e9veloppement durable organis\u00e9e par le D\u00e9partement et le Rectorat.<\/p>\n<p class=\"Standard\">Certains \u00e9l\u00e8ves tenaient un stand pr\u00e9sentant le projet <a href=\"https:\/\/endemics-reunion-canarie-bg5ilkw.gamma.site\/\"><span style=\"color: windowtext;text-decoration: none\">Endemic@s<\/span><\/a> avec leurs homologues du Coll\u00e8ges de La Montagne et du lyc\u00e9e Marguerite Jauzelon, pendant que d\u2019autres aider \u00e0 la tenue du stand de d\u00e9gustation de Miel. Tous ont pu assister \u00e0 des conf\u00e9rences et\/ou visiter le \u201cvillage EDD\u201d compos\u00e9 de 56 stands anim\u00e9s par des \u00e9l\u00e8ves \u00e9co-d\u00e9l\u00e9gu\u00e9s et leurs professeurs r\u00e9f\u00e9rents EDD, venus de 24 \u00e9tablissements de l\u2019\u00eele. Pour en savoir plus, cliquez<a href=\"https:\/\/www.lequotidien.re\/article\/environnement\/2025\/05\/26\/une-journee-placee-sous-le-signe-de-leducation-au-developpement-durable\" target=\"_blank\" rel=\"noopener\"> <span style=\"color: windowtext;text-decoration: none\">ici<\/span><\/a>.<\/p>\n<p class=\"Standard\">Les \u00e9l\u00e8ves de 2nd DNL ont re\u00e7u ce jour un prix en tant que laur\u00e9ats du <a href=\"https:\/\/www.afd.fr\/fr\/actualites\/concours-podcast-reinventer-le-monde-2021\"><span style=\"color: windowtext;text-decoration: none\">concours \u00ab\u00a0R\u00e9inventer le monde<\/span><\/a>\u00a0\u00bb organis\u00e9 par l\u2019AFD (Agence Fran\u00e7aise pour le D\u00e9veloppement).<\/p>\n[\/et_pb_text][\/et_pb_column][\/et_pb_row][et_pb_row _builder_version=\u00a0\u00bb4.27.4&Prime; _module_preset=\u00a0\u00bbdefault\u00a0\u00bb column_structure=\u00a0\u00bb1_2,1_2&Prime; theme_builder_area=\u00a0\u00bbpost_content\u00a0\u00bb][et_pb_column _builder_version=\u00a0\u00bb4.27.4&Prime; _module_preset=\u00a0\u00bbdefault\u00a0\u00bb type=\u00a0\u00bb1_2&Prime; theme_builder_area=\u00a0\u00bbpost_content\u00a0\u00bb][et_pb_image src=\u00a0\u00bbhttps:\/\/etab.ac-reunion.fr\/lyc-leconte-de-lisle\/wp-content\/uploads\/sites\/53\/2025\/06\/JAEDD.png\u00a0\u00bb _builder_version=\u00a0\u00bb4.27.4&Prime; _module_preset=\u00a0\u00bbdefault\u00a0\u00bb theme_builder_area=\u00a0\u00bbpost_content\u00a0\u00bb title_text=\u00a0\u00bbJAEDD\u00a0\u00bb hover_enabled=\u00a0\u00bb0&Prime; sticky_enabled=\u00a0\u00bb0&Prime;][\/et_pb_image][\/et_pb_column][et_pb_column _builder_version=\u00a0\u00bb4.27.4&Prime; _module_preset=\u00a0\u00bbdefault\u00a0\u00bb type=\u00a0\u00bb1_2&Prime; theme_builder_area=\u00a0\u00bbpost_content\u00a0\u00bb][et_pb_image src=\u00a0\u00bbhttps:\/\/etab.ac-reunion.fr\/lyc-leconte-de-lisle\/wp-content\/uploads\/sites\/53\/2025\/06\/20250526_121505.jpg\u00a0\u00bb _builder_version=\u00a0\u00bb4.27.4&Prime; _module_preset=\u00a0\u00bbdefault\u00a0\u00bb theme_builder_area=\u00a0\u00bbpost_content\u00a0\u00bb alt=\u00a0\u00bbPhoto remise du prix R\u00e9-inventer le monde JAEDD\u00a0\u00bb title_text=\u00a0\u00bb20250526_121505&Prime; hover_enabled=\u00a0\u00bb0&Prime; sticky_enabled=\u00a0\u00bb0&Prime;][\/et_pb_image][\/et_pb_column][\/et_pb_row][\/et_pb_section]\n","protected":false},"excerpt":{"rendered":"<p>La Journ\u00e9e Acad\u00e9mique du D\u00e9veloppement Durable 2025. Le lundi 26 Mai, 17 \u00e9l\u00e8ves du Lyc\u00e9e Leconte de Lisle ont particip\u00e9 \u00e0 la 5\u00e8me \u00e9dition de la Journ\u00e9e Acad\u00e9mique du d\u00e9veloppement durable organis\u00e9e par le D\u00e9partement et le Rectorat. Certains \u00e9l\u00e8ves tenaient un stand pr\u00e9sentant le projet Endemic@s avec leurs homologues du Coll\u00e8ges de La Montagne [&hellip;]<\/p>\n","protected":false},"author":17510,"featured_media":0,"parent":0,"menu_order":0,"comment_status":"closed","ping_status":"closed","template":"","meta":{"_et_pb_use_builder":"on","_et_pb_old_content":"","_et_gb_content_width":"","footnotes":""},"class_list":["post-6882","page","type-page","status-publish","hentry"],"_links":{"self":[{"href":"https:\/\/etab.ac-reunion.fr\/lyc-leconte-de-lisle\/wp-json\/wp\/v2\/pages\/6882","targetHints":{"allow":["GET"]}}],"collection":[{"href":"https:\/\/etab.ac-reunion.fr\/lyc-leconte-de-lisle\/wp-json\/wp\/v2\/pages"}],"about":[{"href":"https:\/\/etab.ac-reunion.fr\/lyc-leconte-de-lisle\/wp-json\/wp\/v2\/types\/page"}],"author":[{"embeddable":true,"href":"https:\/\/etab.ac-reunion.fr\/lyc-leconte-de-lisle\/wp-json\/wp\/v2\/users\/17510"}],"replies":[{"embeddable":true,"href":"https:\/\/etab.ac-reunion.fr\/lyc-leconte-de-lisle\/wp-json\/wp\/v2\/comments?post=6882"}],"version-history":[{"count":4,"href":"https:\/\/etab.ac-reunion.fr\/lyc-leconte-de-lisle\/wp-json\/wp\/v2\/pages\/6882\/revisions"}],"predecessor-version":[{"id":6889,"href":"https:\/\/etab.ac-reunion.fr\/lyc-leconte-de-lisle\/wp-json\/wp\/v2\/pages\/6882\/revisions\/6889"}],"wp:attachment":[{"href":"https:\/\/etab.ac-reunion.fr\/lyc-leconte-de-lisle\/wp-json\/wp\/v2\/media?parent=6882"}],"curies":[{"name":"wp","href":"https:\/\/api.w.org\/{rel}","templated":true}]}}