{"id":12629,"date":"2023-10-31T15:41:24","date_gmt":"2023-10-31T11:41:24","guid":{"rendered":"https:\/\/etab.ac-reunion.fr\/lyc-lepervanche\/?page_id=12629"},"modified":"2024-06-12T08:10:39","modified_gmt":"2024-06-12T04:10:39","slug":"marches-publics","status":"publish","type":"page","link":"https:\/\/etab.ac-reunion.fr\/lyc-lepervanche\/marches-publics\/","title":{"rendered":"March\u00e9s Publics"},"content":{"rendered":"<p style=\"font-weight: 400\">10 JUIN 2024\u00a0:<\/p>\n<p style=\"font-weight: 400\">Publication d\u2019un march\u00e9 de fourniture d\u2019\u00e9quipement\u00a0:<\/p>\n<p style=\"font-weight: 400\"><strong>Acquisition de mat\u00e9riel didactique &#8211; R\u00e9forme du BAC PRO MSPC &#8211; ACADEMIE DE LA REUNION<\/strong><\/p>\n<p style=\"font-weight: 400\">\n<p style=\"font-weight: 400\">Pour les \u00e9tablissements suivants\u00a0:<\/p>\n<ul style=\"font-weight: 400\">\n<li>Lyc\u00e9e L\u00e9on de L\u00e9pervanche<\/li>\n<li>Lyc\u00e9e Patu de Rosemont<\/li>\n<li>Lyc\u00e9e Amiral Lacaze<\/li>\n<li>Lyc\u00e9e Boisjoly Potier<\/li>\n<\/ul>\n<p style=\"font-weight: 400\">\n<p style=\"font-weight: 400\">Descriptif\u00a0:<\/p>\n<p style=\"font-weight: 400\">L&rsquo;offre porte sur l&rsquo;acquisition d&rsquo;une ligne de production mobile et flexible pour l&rsquo;industrie 4.0,<\/p>\n<p style=\"font-weight: 400\">pour l&rsquo;enseignement en BAC PRO MSPC, ax\u00e9 sur la robotique et les syst\u00e8mes connect\u00e9s<\/p>\n<p style=\"font-weight: 400\">\n<p><a href=\"https:\/\/www.achatpublic.com\/sdm\/ent\/gen\/ent_detail.do?PCSLID=CSL_2024_ftX2QUcahc\" target=\"_blank\" rel=\"noopener\">Acc\u00e8s \u00e0 la salle des march\u00e9s<\/a><\/p>\n<p style=\"font-weight: 400\">Date limite de remise des offres\u00a0:<\/p>\n<p style=\"font-weight: 400\">11 juillet 2024 \u00e0 17h00 (heure de Paris)<\/p>\n<!-- AddThis Advanced Settings generic via filter on the_content --><!-- AddThis Share Buttons generic via filter on the_content -->","protected":false},"excerpt":{"rendered":"<p>10 JUIN 2024\u00a0: Publication d\u2019un march\u00e9 de fourniture d\u2019\u00e9quipement\u00a0: Acquisition de mat\u00e9riel didactique &#8211; R\u00e9forme du BAC PRO MSPC &#8211; ACADEMIE DE LA REUNION Pour les \u00e9tablissements suivants\u00a0: Lyc\u00e9e L\u00e9on de L\u00e9pervanche Lyc\u00e9e Patu de Rosemont Lyc\u00e9e Amiral Lacaze Lyc\u00e9e Boisjoly Potier Descriptif\u00a0: L&rsquo;offre porte sur l&rsquo;acquisition d&rsquo;une ligne de production mobile et flexible pour [&hellip;]<!-- AddThis Advanced Settings generic via filter on get_the_excerpt --><!-- AddThis Share Buttons generic via filter on get_the_excerpt --><\/p>\n","protected":false},"author":24907,"featured_media":0,"parent":0,"menu_order":0,"comment_status":"closed","ping_status":"closed","template":"","meta":{"_et_pb_use_builder":"off","_et_pb_old_content":"","_et_gb_content_width":"","footnotes":""},"class_list":["post-12629","page","type-page","status-publish","hentry"],"_links":{"self":[{"href":"https:\/\/etab.ac-reunion.fr\/lyc-lepervanche\/wp-json\/wp\/v2\/pages\/12629","targetHints":{"allow":["GET"]}}],"collection":[{"href":"https:\/\/etab.ac-reunion.fr\/lyc-lepervanche\/wp-json\/wp\/v2\/pages"}],"about":[{"href":"https:\/\/etab.ac-reunion.fr\/lyc-lepervanche\/wp-json\/wp\/v2\/types\/page"}],"author":[{"embeddable":true,"href":"https:\/\/etab.ac-reunion.fr\/lyc-lepervanche\/wp-json\/wp\/v2\/users\/24907"}],"replies":[{"embeddable":true,"href":"https:\/\/etab.ac-reunion.fr\/lyc-lepervanche\/wp-json\/wp\/v2\/comments?post=12629"}],"version-history":[{"count":6,"href":"https:\/\/etab.ac-reunion.fr\/lyc-lepervanche\/wp-json\/wp\/v2\/pages\/12629\/revisions"}],"predecessor-version":[{"id":13013,"href":"https:\/\/etab.ac-reunion.fr\/lyc-lepervanche\/wp-json\/wp\/v2\/pages\/12629\/revisions\/13013"}],"wp:attachment":[{"href":"https:\/\/etab.ac-reunion.fr\/lyc-lepervanche\/wp-json\/wp\/v2\/media?parent=12629"}],"curies":[{"name":"wp","href":"https:\/\/api.w.org\/{rel}","templated":true}]}}