{"id":2205,"date":"2014-07-07T13:00:39","date_gmt":"2014-07-07T09:00:39","guid":{"rendered":"http:\/\/lycee-lepervanche.ac-reunion.fr\/?page_id=2205"},"modified":"2024-08-27T19:20:46","modified_gmt":"2024-08-27T15:20:46","slug":"le-mot-de-la-direction","status":"publish","type":"page","link":"https:\/\/etab.ac-reunion.fr\/lyc-lepervanche\/vie-de-letablissement\/le-mot-de-la-direction\/","title":{"rendered":"Le mot de la Direction"},"content":{"rendered":"<div class=\"page\" title=\"Page 3\">\n<div class=\"layoutArea\">\n<div><\/div>\n<div><\/div>\n<div>\n<p><a href=\"https:\/\/etab.ac-reunion.fr\/lyc-lepervanche\/wp-content\/uploads\/sites\/17\/2024\/08\/CleanShot-2024-08-27-at-19.20.45@2x.png\"><img loading=\"lazy\" decoding=\"async\" class=\"aligncenter size-full wp-image-13242\" src=\"https:\/\/etab.ac-reunion.fr\/lyc-lepervanche\/wp-content\/uploads\/sites\/17\/2024\/08\/CleanShot-2024-08-27-at-19.20.45@2x.png\" alt=\"\" width=\"910\" height=\"1168\" srcset=\"https:\/\/etab.ac-reunion.fr\/lyc-lepervanche\/wp-content\/uploads\/sites\/17\/2024\/08\/CleanShot-2024-08-27-at-19.20.45@2x.png 910w, https:\/\/etab.ac-reunion.fr\/lyc-lepervanche\/wp-content\/uploads\/sites\/17\/2024\/08\/CleanShot-2024-08-27-at-19.20.45@2x-480x616.png 480w\" sizes=\"(min-width: 0px) and (max-width: 480px) 480px, (min-width: 481px) 910px, 100vw\" \/><\/a><\/p>\n<\/div>\n<\/div>\n<\/div>\n<p>&nbsp;<\/p>\n<p>L\u2019\u00e9quipe de Direction\u00a0:<\/p>\n<p>Alain ANDRIAMIAKATRA : Proviseur Adjoint<\/p>\n<p>Fran\u00e7ois CADET: Proviseur Adjoint<\/p>\n<p>Pascal LEONG-HANE : DDFPT<\/p>\n<p>Christopher CLAIRE: DDFPT<\/p>\n<p>Jacky LEGROS : Secr\u00e9taire G\u00e9n\u00e9ral (Gestionnaire)<\/p>\n<p>Henri Claude ALAMELAMA: Agent Comptable<\/p>\n<p><a href=\"https:\/\/etab.ac-reunion.fr\/lyc-lepervanche\/wp-content\/uploads\/sites\/17\/2021\/08\/neo-LOGO-1.png\"><img loading=\"lazy\" decoding=\"async\" class=\"wp-image-8994 alignleft\" src=\"https:\/\/etab.ac-reunion.fr\/lyc-lepervanche\/wp-content\/uploads\/sites\/17\/2021\/08\/neo-LOGO-1-911x1024.png\" alt=\"\" width=\"202\" height=\"228\" \/><\/a><\/p>\n<!-- AddThis Advanced Settings generic via filter on the_content --><!-- AddThis Share Buttons generic via filter on the_content -->","protected":false},"excerpt":{"rendered":"<p>&nbsp; L\u2019\u00e9quipe de Direction\u00a0: Alain ANDRIAMIAKATRA : Proviseur Adjoint Fran\u00e7ois CADET: Proviseur Adjoint Pascal LEONG-HANE : DDFPT Christopher CLAIRE: DDFPT Jacky LEGROS : Secr\u00e9taire G\u00e9n\u00e9ral (Gestionnaire) Henri Claude ALAMELAMA: Agent Comptable<!-- AddThis Advanced Settings generic via filter on get_the_excerpt --><!-- AddThis Share Buttons generic via filter on get_the_excerpt --><\/p>\n","protected":false},"author":15058,"featured_media":4061,"parent":1156,"menu_order":1,"comment_status":"closed","ping_status":"open","template":"","meta":{"_et_pb_use_builder":"off","_et_pb_old_content":"<p>Disposant d\u2019un espace de vie de 11 hectares, avec un effectif pr\u00e9visionnel de 1482 \u00e9l\u00e8ves \u00e0 cette rentr\u00e9e 2017, le lyc\u00e9e des m\u00e9tiers L\u00e9on de Lepervanche rel\u00e8ve le d\u00e9fi du plus gros lyc\u00e9e professionnel de l\u2019Acad\u00e9mie et de France.<\/p><p>Avec\u00a0 24 formations\u00a0 diff\u00e9rentes, allant du CAP \u00e0 la mention compl\u00e9mentaire entrer au LP LEPERVANCHE c\u2019est avant tout faire un choix\u00a0: celui de pr\u00e9parer un m\u00e9tier avec d\u00e9termination, de r\u00e9v\u00e9ler ses qualit\u00e9s et motivations pour r\u00e9ussir dans la vie.<\/p><p>\u00a0<\/p><p>La communaut\u00e9 scolaire est tout enti\u00e8re mobilis\u00e9e pour la r\u00e9ussite des jeunes qui nous sont confi\u00e9s. Ils trouveront un \u00e9tablissement avec d\u2019innombrables ressources\u00a0 mat\u00e9rielles et humaines, des valeurs de vie communes partag\u00e9es, d\u2019entraide, de respect, de volont\u00e9 de progr\u00e8s\u00a0 et d\u2019ambition. Ils trouveront aussi des r\u00e8gles de vie, indispensables \u00e0 une culture citoyenne bien comprise.<\/p><p>\u00a0<\/p><p>C\u2019est cette dynamique que nous ferons vivre ensemble au LP Lepervanche pour cette nouvelle rentr\u00e9e 2017.<\/p><p>\u00a0<\/p><p>Bonne ann\u00e9e scolaire \u00e0 toutes et \u00e0 tous.<\/p><p>\u00a0<\/p><p>L\u2019\u00e9quipe de Direction\u00a0:<\/p><p>\u00a0<\/p><p>Yves FONDER, Proviseur<\/p><p>Jean-Luc PIERRE & Erick ROUCOU\u00a0: Proviseurs Adjoints<\/p><p>Anibal PAULINO & Jacky LEGROS\u00a0: DDFPT & Gestionnaire<\/p><p><a href=\"https:\/\/etab.ac-reunion.fr\/lyc-lepervanche\/wp-content\/uploads\/sites\/17\/2017\/06\/LOGO4-Officiel.jpg\"><img class=\"alignnone wp-image-3262\" src=\"https:\/\/etab.ac-reunion.fr\/lyc-lepervanche\/wp-content\/uploads\/sites\/17\/2017\/06\/LOGO4-Officiel-300x176.jpg\" alt=\"\" width=\"184\" height=\"108\" \/><\/a><\/p>","_et_gb_content_width":"","footnotes":""},"class_list":["post-2205","page","type-page","status-publish","has-post-thumbnail","hentry"],"_links":{"self":[{"href":"https:\/\/etab.ac-reunion.fr\/lyc-lepervanche\/wp-json\/wp\/v2\/pages\/2205","targetHints":{"allow":["GET"]}}],"collection":[{"href":"https:\/\/etab.ac-reunion.fr\/lyc-lepervanche\/wp-json\/wp\/v2\/pages"}],"about":[{"href":"https:\/\/etab.ac-reunion.fr\/lyc-lepervanche\/wp-json\/wp\/v2\/types\/page"}],"author":[{"embeddable":true,"href":"https:\/\/etab.ac-reunion.fr\/lyc-lepervanche\/wp-json\/wp\/v2\/users\/15058"}],"replies":[{"embeddable":true,"href":"https:\/\/etab.ac-reunion.fr\/lyc-lepervanche\/wp-json\/wp\/v2\/comments?post=2205"}],"version-history":[{"count":26,"href":"https:\/\/etab.ac-reunion.fr\/lyc-lepervanche\/wp-json\/wp\/v2\/pages\/2205\/revisions"}],"predecessor-version":[{"id":13243,"href":"https:\/\/etab.ac-reunion.fr\/lyc-lepervanche\/wp-json\/wp\/v2\/pages\/2205\/revisions\/13243"}],"up":[{"embeddable":true,"href":"https:\/\/etab.ac-reunion.fr\/lyc-lepervanche\/wp-json\/wp\/v2\/pages\/1156"}],"wp:featuredmedia":[{"embeddable":true,"href":"https:\/\/etab.ac-reunion.fr\/lyc-lepervanche\/wp-json\/wp\/v2\/media\/4061"}],"wp:attachment":[{"href":"https:\/\/etab.ac-reunion.fr\/lyc-lepervanche\/wp-json\/wp\/v2\/media?parent=2205"}],"curies":[{"name":"wp","href":"https:\/\/api.w.org\/{rel}","templated":true}]}}