{"id":2213,"date":"2014-07-07T13:07:08","date_gmt":"2014-07-07T09:07:08","guid":{"rendered":"http:\/\/lycee-lepervanche.ac-reunion.fr\/?page_id=2213"},"modified":"2022-04-25T11:16:09","modified_gmt":"2022-04-25T07:16:09","slug":"centre-de-documentation-et-dinformation","status":"publish","type":"page","link":"https:\/\/etab.ac-reunion.fr\/lyc-lepervanche\/vie-de-letablissement\/centre-de-documentation-et-dinformation\/","title":{"rendered":"CDI &#8211; Centre de Documentation et d&rsquo;Information"},"content":{"rendered":"<p><a href=\"https:\/\/etab.ac-reunion.fr\/lyc-lepervanche\/wp-content\/uploads\/sites\/17\/2014\/07\/Infos-CDI.jpg\"><a href='https:\/\/etab.ac-reunion.fr\/lyc-lepervanche\/wp-content\/uploads\/sites\/17\/2017\/09\/Connexion-ENT3.pdf' class='small-button smallblue' target=\"_blank\">Connexion ENT<\/a>\u00a0 <\/a>\u00a0 \u00a0 <a href=\"https:\/\/etab.ac-reunion.fr\/lyc-lepervanche\/wp-content\/uploads\/sites\/17\/2022\/04\/Le-Centre-de-Documentation-carnet-de-liaison.pdf\" target=\"_blank\" rel=\"noopener\">Le Centre de Documentation et d&rsquo;Information (C.D.I)<\/a><\/p>\n<p>&nbsp;<\/p>\n<p><a href=\"https:\/\/etab.ac-reunion.fr\/lyc-lepervanche\/wp-content\/uploads\/sites\/17\/2022\/04\/CDI.png\"><img loading=\"lazy\" decoding=\"async\" class=\"wp-image-10142 alignleft\" src=\"https:\/\/etab.ac-reunion.fr\/lyc-lepervanche\/wp-content\/uploads\/sites\/17\/2022\/04\/CDI-707x1024.png\" alt=\"\" width=\"283\" height=\"409\" \/><\/a><\/p>\n<p>&nbsp;<\/p>\n<p><strong>Le Centre de Documentation et d&rsquo;Information (C.D.I)<\/strong>\u00a0:<\/p>\n<p>&nbsp;<\/p>\n<p>Le C.D.I est un espace de ressources et de formation ouvert \u00e0 <u>tous<\/u> les membres de la communaut\u00e9 scolaire.<\/p>\n<p>Les \u00e9l\u00e8ves y viennent dans le cadre de leurs cours, d\u2019un projet p\u00e9dagogique ou sur leur temps libre.<\/p>\n<p>Dans ce cas ils acc\u00e8dent au C.D.I pour poursuivre leur travail scolaire mais aussi satisfaire leur curiosit\u00e9 culturelle ou professionnelle.<\/p>\n<p>C\u2019est le professeur-documentaliste\u00a0 qui les <strong>accueille. <\/strong>\u00a0Il est \u00e0 la fois un sp\u00e9cialiste de l&rsquo;information-documentation et un enseignant.<\/p>\n<p>Il <strong>accompagne<\/strong>, <strong>conseille<\/strong> et <strong>guide<\/strong> les lyc\u00e9ens dans leurs recherches documentaires (sur papier ou support multim\u00e9dia), leurs lectures ou leurs projets.<\/p>\n<p>Seul, ou en collaboration avec les autres enseignants, le professeur-documentaliste propose des s\u00e9ances p\u00e9dagogiques pour former les \u00e9l\u00e8ves \u00e0 la recherche d\u2019information, \u00e0 l\u2019\u00e9ducation aux m\u00e9dias ou pour leur donner le go\u00fbt de lire.<\/p>\n<p>&nbsp;<\/p>\n<ul>\n<li><strong>Les ressources du C.D.I<\/strong><\/li>\n<li>des ordinateurs connect\u00e9s au r\u00e9seau de l\u2019\u00e9tablissement en libre acc\u00e8s.<\/li>\n<li>des<strong> \u00ab\u00a0usuels\u00a0\u00bb<\/strong> : dictionnaires et encyclop\u00e9dies<\/li>\n<li>des <strong>livres documentaires<\/strong> : sur des sujets divers (Sciences, Sports, Histoire, etc.)<\/li>\n<li>des <strong>livres de fiction<\/strong> : romans, BD, mangas, etc.<\/li>\n<li>des <strong>revues et journaux<\/strong><\/li>\n<li>des <strong>manuels scolaires<\/strong><\/li>\n<li>un <strong>kiosque ONISEP<\/strong> : documentation sur l\u2019orientation scolaire et professionnelle<\/li>\n<li>des actualit\u00e9s culturelles.<\/li>\n<\/ul>\n<p><em>Les \u00e9l\u00e8ves sont associ\u00e9s \u00e0 l\u2019achat des ouvrages, ils notent leurs propositions sur un cahier mis \u00e0 disposition au C.D.I. <\/em><em>Tous les ouvrages peuvent \u00eatre consult\u00e9s sur place ou emprunt\u00e9s.<\/em><\/p>\n<p><em>\u00a0<\/em><em>En dehors du Lyc\u00e9e, les \u00e9l\u00e8ves peuvent utiliser <strong>Esidoc<\/strong> du Lyc\u00e9e L\u00e9pervanche (le catalogue en ligne du C.D.I) pour savoir quels livres sont disponibles en cliquant <a href=\"https:\/\/9740552g.esidoc.fr\/\" target=\"_blank\" rel=\"noopener\">ici \/ Esidoc<\/a><\/em><\/p>\n<ul>\n<li><strong>Les horaires d\u2019ouverture du C.D.I<\/strong>\u00a0sont affich\u00e9s \u00e0 l\u2019entr\u00e9e et peuvent varier en fonction des heures de cours. <em>Lors<\/em><em> de s\u00e9ances p\u00e9dagogiques ou de projets culturels et citoyens, les classes concern\u00e9es sont prioritaires. <\/em><\/li>\n<\/ul>\n<p><em>Le C.D.I est un lieu <strong>calme<\/strong> propice \u00e0 la recherche, la lecture et au travail de tous.<\/em> <em>Il ne peut \u00eatre assimil\u00e9 \u00e0 une salle d\u2019\u00e9tude, une annexe de la M.D.L. ou une salle informatique libre-service.<\/em><\/p>\n<p>&nbsp;<\/p>\n<p><a href=\"https:\/\/etab.ac-reunion.fr\/lyc-lepervanche\/wp-content\/uploads\/sites\/17\/2022\/04\/CDI.jpg.png\"><img loading=\"lazy\" decoding=\"async\" class=\"aligncenter size-full wp-image-10133\" src=\"https:\/\/etab.ac-reunion.fr\/lyc-lepervanche\/wp-content\/uploads\/sites\/17\/2022\/04\/CDI.jpg.png\" alt=\"\" width=\"879\" height=\"394\" srcset=\"https:\/\/etab.ac-reunion.fr\/lyc-lepervanche\/wp-content\/uploads\/sites\/17\/2022\/04\/CDI.jpg.png 879w, https:\/\/etab.ac-reunion.fr\/lyc-lepervanche\/wp-content\/uploads\/sites\/17\/2022\/04\/CDI.jpg-480x215.png 480w\" sizes=\"(min-width: 0px) and (max-width: 480px) 480px, (min-width: 481px) 879px, 100vw\" \/><\/a><\/p>\n<!-- AddThis Advanced Settings generic via filter on the_content --><!-- AddThis Share Buttons generic via filter on the_content -->","protected":false},"excerpt":{"rendered":"<p>\u00a0 \u00a0 \u00a0 Le Centre de Documentation et d&rsquo;Information (C.D.I) &nbsp; &nbsp; Le Centre de Documentation et d&rsquo;Information (C.D.I)\u00a0: &nbsp; Le C.D.I est un espace de ressources et de formation ouvert \u00e0 tous les membres de la communaut\u00e9 scolaire. Les \u00e9l\u00e8ves y viennent dans le cadre de leurs cours, d\u2019un projet p\u00e9dagogique ou sur leur [&hellip;]<!-- AddThis Advanced Settings generic via filter on get_the_excerpt --><!-- AddThis Share Buttons generic via filter on get_the_excerpt --><\/p>\n","protected":false},"author":114,"featured_media":0,"parent":1156,"menu_order":4,"comment_status":"closed","ping_status":"closed","template":"","meta":{"_et_pb_use_builder":"","_et_pb_old_content":"","_et_gb_content_width":"","footnotes":""},"class_list":["post-2213","page","type-page","status-publish","hentry"],"_links":{"self":[{"href":"https:\/\/etab.ac-reunion.fr\/lyc-lepervanche\/wp-json\/wp\/v2\/pages\/2213","targetHints":{"allow":["GET"]}}],"collection":[{"href":"https:\/\/etab.ac-reunion.fr\/lyc-lepervanche\/wp-json\/wp\/v2\/pages"}],"about":[{"href":"https:\/\/etab.ac-reunion.fr\/lyc-lepervanche\/wp-json\/wp\/v2\/types\/page"}],"author":[{"embeddable":true,"href":"https:\/\/etab.ac-reunion.fr\/lyc-lepervanche\/wp-json\/wp\/v2\/users\/114"}],"replies":[{"embeddable":true,"href":"https:\/\/etab.ac-reunion.fr\/lyc-lepervanche\/wp-json\/wp\/v2\/comments?post=2213"}],"version-history":[{"count":28,"href":"https:\/\/etab.ac-reunion.fr\/lyc-lepervanche\/wp-json\/wp\/v2\/pages\/2213\/revisions"}],"predecessor-version":[{"id":10143,"href":"https:\/\/etab.ac-reunion.fr\/lyc-lepervanche\/wp-json\/wp\/v2\/pages\/2213\/revisions\/10143"}],"up":[{"embeddable":true,"href":"https:\/\/etab.ac-reunion.fr\/lyc-lepervanche\/wp-json\/wp\/v2\/pages\/1156"}],"wp:attachment":[{"href":"https:\/\/etab.ac-reunion.fr\/lyc-lepervanche\/wp-json\/wp\/v2\/media?parent=2213"}],"curies":[{"name":"wp","href":"https:\/\/api.w.org\/{rel}","templated":true}]}}