{"id":2215,"date":"2014-07-07T13:08:13","date_gmt":"2014-07-07T09:08:13","guid":{"rendered":"http:\/\/lycee-lepervanche.ac-reunion.fr\/?page_id=2215"},"modified":"2022-01-25T07:54:08","modified_gmt":"2022-01-25T03:54:08","slug":"conseiller-dorientation-psychologue","status":"publish","type":"page","link":"https:\/\/etab.ac-reunion.fr\/lyc-lepervanche\/vie-de-letablissement\/conseiller-dorientation-psychologue\/","title":{"rendered":"PSY-EN"},"content":{"rendered":"<h2><\/h2>\n<h2 style=\"text-align: center\"><strong>Psychologue de l\u2019\u00c9ducation Nationale<\/strong><\/h2>\n<p style=\"text-align: center\"><strong><em>Sp\u00e9cialit\u00e9 \u00c9ducation, D\u00e9veloppement et Conseil en Orientation Scolaire et Professionnelle<\/em><\/strong><\/p>\n<p><strong>\u00a0<\/strong><\/p>\n<p>Les Psychologues de l\u2019\u00c9ducation Nationale \u2013Psy EN- (anciennement appel\u00e9s \u00ab\u00a0COPsy\u00a0\u00bb) sont pr\u00e9sents dans le lyc\u00e9e L\u00e9on de L\u00e9pervanche.<\/p>\n<p><strong><u>Leurs missions\u00a0:<\/u><\/strong><\/p>\n<ul>\n<li>Conseils techniques au chef d\u2019\u00e9tablissement, aux professeurs, membres de l\u2019\u00e9quipe p\u00e9dagogique ou \u00e9ducative.<\/li>\n<li>Entretiens avec les \u00e9l\u00e8ves et\/ou les parents pour des conseils d\u2019orientation, pour la constitution de dossiers (MDPH, PAP, passerelles\u2026)<\/li>\n<li>Suivi des \u00e9l\u00e8ves rencontrant une probl\u00e9matique pendant leur scolarit\u00e9 (risque de d\u00e9crochage, probl\u00e8mes relationnels\u2026)<\/li>\n<\/ul>\n<p>&nbsp;<\/p>\n<p><strong><u>Leurs interventions :<\/u><\/strong><\/p>\n<ul>\n<li><strong>En d\u00e9but d\u2019ann\u00e9e<\/strong>: Pendant la semaine d\u2019int\u00e9gration, ces professionnels interviennent dans les classes de seconde professionnelle et 1\u00e8re ann\u00e9e de CAP afin de donner des informations sur le parcours scolaire des \u00e9l\u00e8ves arrivants dans l\u2019\u00e9tablissement.<\/li>\n<li><strong>En milieu d\u2019ann\u00e9e<\/strong>: aupr\u00e8s des classes de terminales dans le cadre de \u00ab\u00a0Parcoursup\u00a0\u00bb pour expliquer la poursuite des \u00e9tudes apr\u00e8s le Bac professionnel (fili\u00e8res, \u00e9tablissements scolaires, concours,\u00a0 apprentissage\u2026)<\/li>\n<li><strong>Tout au long de l\u2019ann\u00e9e\u00a0<\/strong>: \u00e0 la demande des enseignants et CPE.<\/li>\n<\/ul>\n<p>&nbsp;<\/p>\n<p><strong><u>Leur bureau\u00a0: <\/u><\/strong><\/p>\n<p style=\"text-align: center\"><strong>Leurs permanences se d\u00e9roulent dans le CDI (1er bureau sur la gauche) sur trois demi-journ\u00e9es par semaine.<\/strong><\/p>\n<p style=\"text-align: center\"><strong>Pour les rencontrer\u00a0: vous pouvez vous inscrire sur l\u2019ordinateur qui se trouve\u00a0 sur le comptoir d\u2019accueil du CDI.<\/strong><\/p>\n<p><a href=\"https:\/\/etab.ac-reunion.fr\/lyc-lepervanche\/wp-content\/uploads\/sites\/17\/2022\/01\/edt-assitante-sociale.png\"><img loading=\"lazy\" decoding=\"async\" class=\"aligncenter size-large wp-image-9753\" src=\"https:\/\/etab.ac-reunion.fr\/lyc-lepervanche\/wp-content\/uploads\/sites\/17\/2022\/01\/edt-assitante-sociale-1024x491.png\" alt=\"\" width=\"1024\" height=\"491\" srcset=\"https:\/\/etab.ac-reunion.fr\/lyc-lepervanche\/wp-content\/uploads\/sites\/17\/2022\/01\/edt-assitante-sociale-980x470.png 980w, https:\/\/etab.ac-reunion.fr\/lyc-lepervanche\/wp-content\/uploads\/sites\/17\/2022\/01\/edt-assitante-sociale-480x230.png 480w\" sizes=\"(min-width: 0px) and (max-width: 480px) 480px, (min-width: 481px) and (max-width: 980px) 980px, (min-width: 981px) 1024px, 100vw\" \/><\/a><\/p>\n<p>&nbsp;<\/p>\n<!-- AddThis Advanced Settings generic via filter on the_content --><!-- AddThis Share Buttons generic via filter on the_content -->","protected":false},"excerpt":{"rendered":"<p>Psychologue de l\u2019\u00c9ducation Nationale Sp\u00e9cialit\u00e9 \u00c9ducation, D\u00e9veloppement et Conseil en Orientation Scolaire et Professionnelle \u00a0 Les Psychologues de l\u2019\u00c9ducation Nationale \u2013Psy EN- (anciennement appel\u00e9s \u00ab\u00a0COPsy\u00a0\u00bb) sont pr\u00e9sents dans le lyc\u00e9e L\u00e9on de L\u00e9pervanche. Leurs missions\u00a0: Conseils techniques au chef d\u2019\u00e9tablissement, aux professeurs, membres de l\u2019\u00e9quipe p\u00e9dagogique ou \u00e9ducative. Entretiens avec les \u00e9l\u00e8ves et\/ou les parents [&hellip;]<!-- AddThis Advanced Settings generic via filter on get_the_excerpt --><!-- AddThis Share Buttons generic via filter on get_the_excerpt --><\/p>\n","protected":false},"author":15058,"featured_media":0,"parent":1156,"menu_order":5,"comment_status":"closed","ping_status":"closed","template":"","meta":{"_et_pb_use_builder":"","_et_pb_old_content":"","_et_gb_content_width":"","footnotes":""},"class_list":["post-2215","page","type-page","status-publish","hentry"],"_links":{"self":[{"href":"https:\/\/etab.ac-reunion.fr\/lyc-lepervanche\/wp-json\/wp\/v2\/pages\/2215","targetHints":{"allow":["GET"]}}],"collection":[{"href":"https:\/\/etab.ac-reunion.fr\/lyc-lepervanche\/wp-json\/wp\/v2\/pages"}],"about":[{"href":"https:\/\/etab.ac-reunion.fr\/lyc-lepervanche\/wp-json\/wp\/v2\/types\/page"}],"author":[{"embeddable":true,"href":"https:\/\/etab.ac-reunion.fr\/lyc-lepervanche\/wp-json\/wp\/v2\/users\/15058"}],"replies":[{"embeddable":true,"href":"https:\/\/etab.ac-reunion.fr\/lyc-lepervanche\/wp-json\/wp\/v2\/comments?post=2215"}],"version-history":[{"count":17,"href":"https:\/\/etab.ac-reunion.fr\/lyc-lepervanche\/wp-json\/wp\/v2\/pages\/2215\/revisions"}],"predecessor-version":[{"id":9755,"href":"https:\/\/etab.ac-reunion.fr\/lyc-lepervanche\/wp-json\/wp\/v2\/pages\/2215\/revisions\/9755"}],"up":[{"embeddable":true,"href":"https:\/\/etab.ac-reunion.fr\/lyc-lepervanche\/wp-json\/wp\/v2\/pages\/1156"}],"wp:attachment":[{"href":"https:\/\/etab.ac-reunion.fr\/lyc-lepervanche\/wp-json\/wp\/v2\/media?parent=2215"}],"curies":[{"name":"wp","href":"https:\/\/api.w.org\/{rel}","templated":true}]}}