{"id":2256,"date":"2014-07-10T09:04:45","date_gmt":"2014-07-10T05:04:45","guid":{"rendered":"http:\/\/lycee-lepervanche.ac-reunion.fr\/?page_id=2256"},"modified":"2022-10-20T20:37:26","modified_gmt":"2022-10-20T16:37:26","slug":"les-parents-elus","status":"publish","type":"page","link":"https:\/\/etab.ac-reunion.fr\/lyc-lepervanche\/espace-parents\/les-parents-elus\/","title":{"rendered":"Les parents \u00e9lus"},"content":{"rendered":"<p style=\"text-align: center\"><span style=\"text-decoration: underline\"><strong>\u00a0<\/strong><\/span><\/p>\n<div>\n<p style=\"text-align: center\"><strong>\u00c9lections des repr\u00e9sentants de parents d&rsquo;\u00e9l\u00e8ves Ann\u00e9e scolaire 2022-2023<\/strong><\/p>\n<p>Dates \u00e0 venir :<\/p>\n<p><b>&#8211; Ouverture au vote\u00a0<u>par correspondance<\/u> :\u00a0<\/b><\/p>\n<p><b>&#8211; Scrutin :<br \/>\n<\/b><b><\/b><\/p>\n<p><b>Vote direct au\u00a0 Bureau de la f\u00e9d\u00e9ration des Parents &#8211;\u00a0<u>Ouverture<\/u>\u00a0: de 7h45 \u00e0 13h30<\/b><\/p>\n<p>&nbsp;<\/p>\n<\/div>\n<div><\/div>\n<div><\/div>\n<div><a href=\"https:\/\/etab.ac-reunion.fr\/lyc-lepervanche\/wp-content\/uploads\/sites\/17\/2020\/09\/Affiche-FCPE.jpg\"><img loading=\"lazy\" decoding=\"async\" class=\"aligncenter wp-image-7360\" src=\"https:\/\/etab.ac-reunion.fr\/lyc-lepervanche\/wp-content\/uploads\/sites\/17\/2020\/09\/Affiche-FCPE-1024x724.jpg\" alt=\"\" width=\"783\" height=\"553\" \/><\/a><\/div>\n<div><\/div>\n<div><\/div>\n<p style=\"text-align: left\">\n<p>&nbsp;<\/p>\n<p style=\"text-align: left\"><span style=\"color: #993300\"><strong><span style=\"text-decoration: underline\">R\u00f4le des parents \u00e9lus :<\/span><\/strong><\/span><\/p>\n<p><span id=\"vs56jxtsxw8_3\" class=\"vs56jxtsxw8\">Les parents<\/span> d&rsquo;\u00e9l\u00e8ves \u00e9lus au <a class=\"ktg6us78hf8vdu7\"><span style=\"text-decoration: underline\">conseil<\/span><\/a> d&rsquo;\u00e9cole ou au conseil d&rsquo;administration sont membres \u00e0 part enti\u00e8re des instances participatives : ils ont voix d\u00e9lib\u00e9rative.<\/p>\n<p>Ils peuvent assurer un r\u00f4le de m\u00e9diation, \u00e0 la demande de tout parent d&rsquo;\u00e9l\u00e8ve, aupr\u00e8s des autres membres de la communaut\u00e9 \u00e9ducative.<\/p>\n<p>Le conseil d&rsquo;<a class=\"ktg6us78hf8vdu7\">administration<\/a> est l&rsquo;organe d\u00e9lib\u00e9rant de l&rsquo;\u00e9tablissement public local d&rsquo;enseignement. Il se r\u00e9unit en s\u00e9ance ordinaire \u00e0 l&rsquo;initiative du chef d&rsquo;\u00e9tablissement au moins trois fois par an.<\/p>\n<p>Le conseil d&rsquo;administration adopte le projet d&rsquo;\u00e9tablissement, le r\u00e8glement int\u00e9rieur et le budget.<\/p>\n<p>Il donne son accord sur le programme de l&rsquo;association sportive, sur les principes du dialogue avec les <a class=\"ktg6us78hf8vdu7\"><span style=\"text-decoration: underline\">parents<\/span><\/a> d&rsquo;\u00e9l\u00e8ves.<\/p>\n<p>Il d\u00e9lib\u00e8re sur les questions relatives \u00e0 l&rsquo;hygi\u00e8ne, la sant\u00e9 et la s\u00e9curit\u00e9. Il donne son avis sur les principes de choix des manuels et outils p\u00e9dagogiques, sur la cr\u00e9ation d&rsquo;options et de sections, etc.<\/p>\n<!-- AddThis Advanced Settings generic via filter on the_content --><!-- AddThis Share Buttons generic via filter on the_content -->","protected":false},"excerpt":{"rendered":"<p>\u00a0 \u00c9lections des repr\u00e9sentants de parents d&rsquo;\u00e9l\u00e8ves Ann\u00e9e scolaire 2022-2023 Dates \u00e0 venir : &#8211; Ouverture au vote\u00a0par correspondance :\u00a0 &#8211; Scrutin : Vote direct au\u00a0 Bureau de la f\u00e9d\u00e9ration des Parents &#8211;\u00a0Ouverture\u00a0: de 7h45 \u00e0 13h30 &nbsp; &nbsp; R\u00f4le des parents \u00e9lus : Les parents d&rsquo;\u00e9l\u00e8ves \u00e9lus au conseil d&rsquo;\u00e9cole ou au conseil d&rsquo;administration [&hellip;]<!-- AddThis Advanced Settings generic via filter on get_the_excerpt --><!-- AddThis Share Buttons generic via filter on get_the_excerpt --><\/p>\n","protected":false},"author":114,"featured_media":0,"parent":2219,"menu_order":1,"comment_status":"closed","ping_status":"open","template":"","meta":{"_et_pb_use_builder":"","_et_pb_old_content":"","_et_gb_content_width":"","footnotes":""},"class_list":["post-2256","page","type-page","status-publish","hentry"],"_links":{"self":[{"href":"https:\/\/etab.ac-reunion.fr\/lyc-lepervanche\/wp-json\/wp\/v2\/pages\/2256","targetHints":{"allow":["GET"]}}],"collection":[{"href":"https:\/\/etab.ac-reunion.fr\/lyc-lepervanche\/wp-json\/wp\/v2\/pages"}],"about":[{"href":"https:\/\/etab.ac-reunion.fr\/lyc-lepervanche\/wp-json\/wp\/v2\/types\/page"}],"author":[{"embeddable":true,"href":"https:\/\/etab.ac-reunion.fr\/lyc-lepervanche\/wp-json\/wp\/v2\/users\/114"}],"replies":[{"embeddable":true,"href":"https:\/\/etab.ac-reunion.fr\/lyc-lepervanche\/wp-json\/wp\/v2\/comments?post=2256"}],"version-history":[{"count":15,"href":"https:\/\/etab.ac-reunion.fr\/lyc-lepervanche\/wp-json\/wp\/v2\/pages\/2256\/revisions"}],"predecessor-version":[{"id":11218,"href":"https:\/\/etab.ac-reunion.fr\/lyc-lepervanche\/wp-json\/wp\/v2\/pages\/2256\/revisions\/11218"}],"up":[{"embeddable":true,"href":"https:\/\/etab.ac-reunion.fr\/lyc-lepervanche\/wp-json\/wp\/v2\/pages\/2219"}],"wp:attachment":[{"href":"https:\/\/etab.ac-reunion.fr\/lyc-lepervanche\/wp-json\/wp\/v2\/media?parent=2256"}],"curies":[{"name":"wp","href":"https:\/\/api.w.org\/{rel}","templated":true}]}}