{"id":2473,"date":"2015-09-08T11:24:15","date_gmt":"2015-09-08T07:24:15","guid":{"rendered":"http:\/\/lycee-lepervanche.ac-reunion.fr\/?page_id=2473"},"modified":"2019-06-19T09:52:57","modified_gmt":"2019-06-19T05:52:57","slug":"p-a-p-plan-daccompagnement-personnalise","status":"publish","type":"page","link":"https:\/\/etab.ac-reunion.fr\/lyc-lepervanche\/espace-enseignants\/p-a-p-plan-daccompagnement-personnalise\/","title":{"rendered":"P.A.P.  Plan d&rsquo;Accompagnement Personnalis\u00e9"},"content":{"rendered":"<h3><span style=\"text-decoration: underline\">RENTR\u00c9E SCOLAIRE<\/span><\/h3>\n<p>&nbsp;<\/p>\n<h4><strong><span style=\"text-decoration: underline\">Ce sont les professeurs (sous la coordination du professeur principal) qui suivront le Plan d&rsquo;Accompagnement Personnalis\u00e9<\/span> <\/strong>(PAP)<\/h4>\n<p>&nbsp;<\/p>\n<p>Le PAP permet \u00e0 tout \u00e9l\u00e8ve pr\u00e9sentant des difficult\u00e9s scolaires durables en raison d&rsquo;un trouble des apprentissages de b\u00e9n\u00e9ficier d&rsquo;am\u00e9nagement et d&rsquo;adaptation de nature p\u00e9dagogique.<\/p>\n<h4 id=\"titre_contenu\" class=\"communique\"><span style=\"color: #ff0000\">Au BO du 29 janvier 2015 : plan d&rsquo;accompagnement personnalis\u00e9<\/span><\/h4>\n<p>&nbsp;<\/p>\n<div class=\"nor_entete\"><span class=\"nor_nor\"><acronym title=\"syst\u00e8me normalis\u00e9 de num\u00e9rotation (NOR) des textes officiels publi\u00e9es\">NOR<\/acronym> : MENE1501296C<\/span><br \/>\n<span class=\"nor_nature\">circulaire n\u00b0 2015-016 du 22-1-2015<\/span><br \/>\n<span class=\"nor_emetteur\">MENESR &#8211; DGESCO A1-3<\/span><\/div>\n<div><\/div>\n<div class=\"nor_entete\">\n<p>La <a title=\"Le site L\u00e9gifrance\" href=\"http:\/\/www.legifrance.gouv.fr\/affichTexte.do?cidTexte=JORFTEXT000027677984&amp;categorieLien=id\" target=\"_blank\" rel=\"noopener noreferrer\">loi n\u00b0 2013-595 du 8 juillet 2013<\/a> d&rsquo;orientation et de programmation pour la refondation de l&rsquo;\u00c9cole de la R\u00e9publique introduit \u00e0 l&rsquo;article L. 311-7 du code de l&rsquo;\u00e9ducation le plan d&rsquo;accompagnement personnalis\u00e9 (PAP). L&rsquo;article D. 311-13 du m\u00eame code pr\u00e9voit que \u00ab\u00a0les \u00e9l\u00e8ves dont les difficult\u00e9s scolaires r\u00e9sultent d&rsquo;un trouble des apprentissages peuvent b\u00e9n\u00e9ficier d&rsquo;un plan d&rsquo;accompagnement personnalis\u00e9 pr\u00e9vu \u00e0 l&rsquo;article L. 311-7, apr\u00e8s avis du m\u00e9decin de l&rsquo;\u00e9ducation nationale. Il se substitue \u00e0 un \u00e9ventuel programme personnalis\u00e9 de r\u00e9ussite \u00e9ducative. Le plan d&rsquo;accompagnement personnalis\u00e9\u00a0d\u00e9finit\u00a0les mesures p\u00e9dagogiques qui permettent \u00e0 l&rsquo;\u00e9l\u00e8ve de suivre les enseignements pr\u00e9vus au programme correspondant au cycle dans lequel il est scolaris\u00e9. Il est r\u00e9vis\u00e9 tous les ans.\u00a0\u00bb<\/p>\n<p>La pr\u00e9sente circulaire a pour objet de d\u00e9finir le public vis\u00e9 par le plan d&rsquo;accompagnement personnalis\u00e9, son contenu ainsi que la proc\u00e9dure et les modalit\u00e9s de sa mise en \u0153uvre (cf. Guide <a title=\"Le site du minist\u00e8re de l'\u00e9ducation nationale\" href=\"http:\/\/cache.media.education.gouv.fr\/file\/12_Decembre\/37\/3\/DP-Ecole-inclusive-livret-repondre-aux-besoins_373373.pdf\" target=\"_blank\" rel=\"noopener noreferrer\">\u00ab\u00a0R\u00e9pondre aux besoins \u00e9ducatifs particuliers des \u00e9l\u00e8ves\u00a0: quel plan pour qui\u00a0?\u00a0\u00bb<\/a>) .<\/p>\n<p>Lien \u00e0 consulter :<a href=\"http:\/\/www.education.gouv.fr\/pid25535\/bulletin_officiel.html?cid_bo=85550\"><span style=\"text-decoration: underline\"><span style=\"color: #0000ff;text-decoration: underline\"> http:\/\/www.education.gouv.fr\/pid25535\/bulletin_officiel.html?cid_bo=85550<\/span><\/span><\/a><\/p>\n<p><a href=\"https:\/\/etab.ac-reunion.fr\/lyc-lepervanche\/wp-content\/uploads\/sites\/17\/2019\/06\/Procedu-PAP-3.pdf\">Procedure PAP<\/a> et <a href=\"https:\/\/etab.ac-reunion.fr\/lyc-lepervanche\/wp-content\/uploads\/sites\/17\/2019\/06\/Annexe-PAP.pdf\">Annexe PAP<\/a><\/p>\n<\/div>\n<!-- AddThis Advanced Settings generic via filter on the_content --><!-- AddThis Share Buttons generic via filter on the_content -->","protected":false},"excerpt":{"rendered":"<p>RENTR\u00c9E SCOLAIRE &nbsp; Ce sont les professeurs (sous la coordination du professeur principal) qui suivront le Plan d&rsquo;Accompagnement Personnalis\u00e9 (PAP) &nbsp; Le PAP permet \u00e0 tout \u00e9l\u00e8ve pr\u00e9sentant des difficult\u00e9s scolaires durables en raison d&rsquo;un trouble des apprentissages de b\u00e9n\u00e9ficier d&rsquo;am\u00e9nagement et d&rsquo;adaptation de nature p\u00e9dagogique. Au BO du 29 janvier 2015 : plan d&rsquo;accompagnement [&hellip;]<!-- AddThis Advanced Settings generic via filter on get_the_excerpt --><!-- AddThis Share Buttons generic via filter on get_the_excerpt --><\/p>\n","protected":false},"author":114,"featured_media":0,"parent":2221,"menu_order":2,"comment_status":"closed","ping_status":"closed","template":"","meta":{"_et_pb_use_builder":"","_et_pb_old_content":"","_et_gb_content_width":"","footnotes":""},"class_list":["post-2473","page","type-page","status-publish","hentry"],"_links":{"self":[{"href":"https:\/\/etab.ac-reunion.fr\/lyc-lepervanche\/wp-json\/wp\/v2\/pages\/2473","targetHints":{"allow":["GET"]}}],"collection":[{"href":"https:\/\/etab.ac-reunion.fr\/lyc-lepervanche\/wp-json\/wp\/v2\/pages"}],"about":[{"href":"https:\/\/etab.ac-reunion.fr\/lyc-lepervanche\/wp-json\/wp\/v2\/types\/page"}],"author":[{"embeddable":true,"href":"https:\/\/etab.ac-reunion.fr\/lyc-lepervanche\/wp-json\/wp\/v2\/users\/114"}],"replies":[{"embeddable":true,"href":"https:\/\/etab.ac-reunion.fr\/lyc-lepervanche\/wp-json\/wp\/v2\/comments?post=2473"}],"version-history":[{"count":7,"href":"https:\/\/etab.ac-reunion.fr\/lyc-lepervanche\/wp-json\/wp\/v2\/pages\/2473\/revisions"}],"predecessor-version":[{"id":5907,"href":"https:\/\/etab.ac-reunion.fr\/lyc-lepervanche\/wp-json\/wp\/v2\/pages\/2473\/revisions\/5907"}],"up":[{"embeddable":true,"href":"https:\/\/etab.ac-reunion.fr\/lyc-lepervanche\/wp-json\/wp\/v2\/pages\/2221"}],"wp:attachment":[{"href":"https:\/\/etab.ac-reunion.fr\/lyc-lepervanche\/wp-json\/wp\/v2\/media?parent=2473"}],"curies":[{"name":"wp","href":"https:\/\/api.w.org\/{rel}","templated":true}]}}