{"id":3289,"date":"2017-06-29T11:05:54","date_gmt":"2017-06-29T07:05:54","guid":{"rendered":"http:\/\/lycee-lepervanche.ac-reunion.fr\/?page_id=3289"},"modified":"2021-01-13T17:20:48","modified_gmt":"2021-01-13T13:20:48","slug":"les-revues-onisep","status":"publish","type":"page","link":"https:\/\/etab.ac-reunion.fr\/lyc-lepervanche\/les-revues-onisep\/","title":{"rendered":"Les revues ONISEP"},"content":{"rendered":"<p>Cette page a pour vocation de vous informer sur les questions que vous vous posez avec votre famille en ce qui concerne votre poursuite d\u2019\u00e9tudes !<\/p>\n<p>Les CAP \u00e0 la R\u00e9union : <a href=\"https:\/\/fr.calameo.com\/read\/000037547fdce4103477e\" target=\"_blank\" rel=\"noopener noreferrer\">cap-capa-Reunion rentr\u00e9e 2019<\/a><\/p>\n<p>Les BAC Pro \u00e0 la R\u00e9union : <a href=\"https:\/\/fr.calameo.com\/read\/000037547d9c942d772f3\" target=\"_blank\" rel=\"noopener noreferrer\">les-bacs-pros-Reunion-rentree-2019<\/a><\/p>\n<p>Les \u00e9tudes sup\u00e9rieures \u00e0 la R\u00e9union : <a href=\"http:\/\/college-edmond-albius.ac-reunion.fr\/wp-content\/uploads\/sites\/67\/2016\/12\/GUIDE-ETUDES-SUPERIEURE-A-LA-REUNION.pdf\" target=\"_blank\" rel=\"noopener noreferrer\">guide-etudes-superieure-a-la-reunion<\/a><\/p>\n<p>&nbsp;<\/p>\n<p>Vous \u00eates int\u00e9resses par l\u2019apprentissage ? se-former-en-<a href=\"https:\/\/www.ac-reunion.fr\/orientation-formation\/se-former-en-apprentissage.html\" target=\"_blank\" rel=\"noopener noreferrer\">apprentissage-reunion-2019<\/a><\/p>\n<p><a href=\"http:\/\/eduscol.education.fr\/cid46878\/le-parcours-decouverte-des-metiers-des-formations.html\" target=\"_blank\" rel=\"noopener noreferrer\">Qu\u2019est-ce que le parcours avenir ?<\/a><\/p>\n<p>Sources : <a href=\"http:\/\/www.onisep.fr\/Mes-infos-regionales\/La-Reunion\" target=\"_blank\" rel=\"noopener noreferrer\">http:\/\/www.onisep.fr\/Mes-infos-regionales\/La-Reunion<\/a><\/p>\n<p>&nbsp;<\/p>\n<p><a href=\"https:\/\/etab.ac-reunion.fr\/lyc-lepervanche\/wp-content\/uploads\/sites\/17\/2021\/01\/Apres-le-bac-bien-choisir-pour-reussir.png\"><img loading=\"lazy\" decoding=\"async\" class=\"size-full wp-image-8076 alignleft\" src=\"https:\/\/etab.ac-reunion.fr\/lyc-lepervanche\/wp-content\/uploads\/sites\/17\/2021\/01\/Apres-le-bac-bien-choisir-pour-reussir.png\" alt=\"\" width=\"309\" height=\"433\" srcset=\"https:\/\/etab.ac-reunion.fr\/lyc-lepervanche\/wp-content\/uploads\/sites\/17\/2021\/01\/Apres-le-bac-bien-choisir-pour-reussir.png 309w, https:\/\/etab.ac-reunion.fr\/lyc-lepervanche\/wp-content\/uploads\/sites\/17\/2021\/01\/Apres-le-bac-bien-choisir-pour-reussir-214x300.png 214w\" sizes=\"(max-width: 309px) 100vw, 309px\" \/><\/a><\/p>\n<!-- AddThis Advanced Settings generic via filter on the_content --><!-- AddThis Share Buttons generic via filter on the_content -->","protected":false},"excerpt":{"rendered":"<p>Cette page a pour vocation de vous informer sur les questions que vous vous posez avec votre famille en ce qui concerne votre poursuite d\u2019\u00e9tudes ! Les CAP \u00e0 la R\u00e9union : cap-capa-Reunion rentr\u00e9e 2019 Les BAC Pro \u00e0 la R\u00e9union : les-bacs-pros-Reunion-rentree-2019 Les \u00e9tudes sup\u00e9rieures \u00e0 la R\u00e9union : guide-etudes-superieure-a-la-reunion &nbsp; Vous \u00eates int\u00e9resses [&hellip;]<!-- AddThis Advanced Settings generic via filter on get_the_excerpt --><!-- AddThis Share Buttons generic via filter on get_the_excerpt --><\/p>\n","protected":false},"author":11012,"featured_media":0,"parent":0,"menu_order":0,"comment_status":"closed","ping_status":"closed","template":"","meta":{"_et_pb_use_builder":"","_et_pb_old_content":"","_et_gb_content_width":"","footnotes":""},"class_list":["post-3289","page","type-page","status-publish","hentry"],"_links":{"self":[{"href":"https:\/\/etab.ac-reunion.fr\/lyc-lepervanche\/wp-json\/wp\/v2\/pages\/3289","targetHints":{"allow":["GET"]}}],"collection":[{"href":"https:\/\/etab.ac-reunion.fr\/lyc-lepervanche\/wp-json\/wp\/v2\/pages"}],"about":[{"href":"https:\/\/etab.ac-reunion.fr\/lyc-lepervanche\/wp-json\/wp\/v2\/types\/page"}],"author":[{"embeddable":true,"href":"https:\/\/etab.ac-reunion.fr\/lyc-lepervanche\/wp-json\/wp\/v2\/users\/11012"}],"replies":[{"embeddable":true,"href":"https:\/\/etab.ac-reunion.fr\/lyc-lepervanche\/wp-json\/wp\/v2\/comments?post=3289"}],"version-history":[{"count":6,"href":"https:\/\/etab.ac-reunion.fr\/lyc-lepervanche\/wp-json\/wp\/v2\/pages\/3289\/revisions"}],"predecessor-version":[{"id":8077,"href":"https:\/\/etab.ac-reunion.fr\/lyc-lepervanche\/wp-json\/wp\/v2\/pages\/3289\/revisions\/8077"}],"wp:attachment":[{"href":"https:\/\/etab.ac-reunion.fr\/lyc-lepervanche\/wp-json\/wp\/v2\/media?parent=3289"}],"curies":[{"name":"wp","href":"https:\/\/api.w.org\/{rel}","templated":true}]}}