{"id":3316,"date":"2017-07-05T09:20:36","date_gmt":"2017-07-05T05:20:36","guid":{"rendered":"http:\/\/lycee-lepervanche.ac-reunion.fr\/?page_id=3316"},"modified":"2024-09-13T14:51:38","modified_gmt":"2024-09-13T10:51:38","slug":"infirmerie","status":"publish","type":"page","link":"https:\/\/etab.ac-reunion.fr\/lyc-lepervanche\/services-de-sante-et-social\/infirmerie\/","title":{"rendered":"Infirmerie"},"content":{"rendered":"<p><a href=\"https:\/\/etab.ac-reunion.fr\/lyc-lepervanche\/wp-content\/uploads\/sites\/17\/2017\/07\/4220352.jpg\"><img loading=\"lazy\" decoding=\"async\" class=\"wp-image-3467 aligncenter\" src=\"https:\/\/etab.ac-reunion.fr\/lyc-lepervanche\/wp-content\/uploads\/sites\/17\/2017\/07\/4220352-300x300.jpg\" alt=\"\" width=\"260\" height=\"260\" srcset=\"https:\/\/etab.ac-reunion.fr\/lyc-lepervanche\/wp-content\/uploads\/sites\/17\/2017\/07\/4220352-300x300.jpg 300w, https:\/\/etab.ac-reunion.fr\/lyc-lepervanche\/wp-content\/uploads\/sites\/17\/2017\/07\/4220352-150x150.jpg 150w, https:\/\/etab.ac-reunion.fr\/lyc-lepervanche\/wp-content\/uploads\/sites\/17\/2017\/07\/4220352-160x160.jpg 160w, https:\/\/etab.ac-reunion.fr\/lyc-lepervanche\/wp-content\/uploads\/sites\/17\/2017\/07\/4220352-240x240.jpg 240w, https:\/\/etab.ac-reunion.fr\/lyc-lepervanche\/wp-content\/uploads\/sites\/17\/2017\/07\/4220352-60x60.jpg 60w, https:\/\/etab.ac-reunion.fr\/lyc-lepervanche\/wp-content\/uploads\/sites\/17\/2017\/07\/4220352-184x184.jpg 184w, https:\/\/etab.ac-reunion.fr\/lyc-lepervanche\/wp-content\/uploads\/sites\/17\/2017\/07\/4220352.jpg 650w\" sizes=\"(max-width: 260px) 100vw, 260px\" \/><\/a><\/p>\n<p style=\"text-align: center\"><strong>INFIRMIER EDUCATION NATIONALE : M.BONNIN Nicolas<\/strong><\/p>\n<p style=\"text-align: center\"><strong>HORAIRES D&rsquo;OUVERTURE DE L&rsquo;INFIRMERIE<\/strong><\/p>\n<p>Lundi\/Jeudi: 07h30 \u00e0 17h00<\/p>\n<p>Mardi: 7h30 \u00e0 16h05<\/p>\n<p>Mercredi: 7h30 \u00e0 12h<\/p>\n<p>Vendredi: 7h30 \u00e0 15h<\/p>\n<p><strong>FORMULAIRES et PROCEDURES :<\/strong><\/p>\n<p><strong>Ce sont les professeurs (sous la coordination du professeur principal) qui suivront le Plan d\u2019Accompagnement Personnalis\u00e9\u00a0<\/strong>(PAP)<\/p>\n<p>Ces dispositifs p\u00e9dagogiques particuliers doivent \u00eatre valid\u00e9s par une commission et pour tous les \u00e9l\u00e9ments concernant la sant\u00e9, se rapprocher avant toute chose, de l&rsquo;infirmi\u00e8re de l&rsquo;\u00e9tablissement.<\/p>\n<p><a href=\"https:\/\/etab.ac-reunion.fr\/lyc-lepervanche\/wp-content\/uploads\/sites\/17\/2021\/09\/PROCEDURE-DE-TRAITEMENT-DE-DEMANDE-DE-PAP.pdf\" target=\"_blank\" rel=\"noopener\">PROCEDURE DE TRAITEMENT DE DEMANDE DE PAP<\/a><\/p>\n<p><a href=\"https:\/\/etab.ac-reunion.fr\/lyc-lepervanche\/wp-content\/uploads\/sites\/17\/2021\/09\/PAP-Annexe-1-Fiche-Parents-1.pdf\" target=\"_blank\" rel=\"noopener\">PAP Annexe 1 &#8211; Fiche Parents<\/a><\/p>\n<p><a href=\"https:\/\/etab.ac-reunion.fr\/lyc-lepervanche\/wp-content\/uploads\/sites\/17\/2021\/09\/PAP-Annexe-2-Fiche-Enseignants.pdf\" target=\"_blank\" rel=\"noopener\">PAP Annexe 2- Fiche Enseignants<\/a><\/p>\n<p><a href=\"https:\/\/etab.ac-reunion.fr\/lyc-lepervanche\/wp-content\/uploads\/sites\/17\/2021\/09\/PAP-Annexe-3-Avis-Medecin.pdf\" target=\"_blank\" rel=\"noopener\">PAP Annexe 3- Avis M\u00e9decin<\/a><\/p>\n<p style=\"text-align: left\"><a href=\"https:\/\/etab.ac-reunion.fr\/lyc-lepervanche\/wp-content\/uploads\/sites\/17\/2020\/06\/3-Proce\u0301dure-PAI-3.pdf\" target=\"_blank\" rel=\"noopener\">Proce\u0301dure PAI 3<\/a><\/p>\n<p><a href=\"https:\/\/etab.ac-reunion.fr\/lyc-lepervanche\/wp-content\/uploads\/sites\/17\/2020\/06\/4-PAI-mode\u0300le-type-circulaire-2003.pdf\" target=\"_blank\" rel=\"noopener\">PAI mode\u0300le type circulaire<\/a><\/p>\n<ul>\n<li><a href=\"https:\/\/etab.ac-reunion.fr\/lyc-lepervanche\/wp-content\/uploads\/sites\/17\/2024\/09\/PAI-AA-AH-Allergie-Alimentaire.pdf\" target=\"_blank\" rel=\"noopener\">PAI Allergie alimentaire ou hyme\u0301nopte\u0300res<\/a><\/li>\n<li><a href=\"https:\/\/etab.ac-reunion.fr\/lyc-lepervanche\/wp-content\/uploads\/sites\/17\/2024\/09\/PAI-A-Asthme.pdf\" target=\"_blank\" rel=\"noopener\">PAI-Asthme<\/a><\/li>\n<li><a href=\"https:\/\/etab.ac-reunion.fr\/lyc-lepervanche\/wp-content\/uploads\/sites\/17\/2024\/09\/PAI-E-Epilepsie.pdf\" target=\"_blank\" rel=\"noopener\">PAI-Epilepsie<\/a><\/li>\n<li><a href=\"https:\/\/etab.ac-reunion.fr\/lyc-lepervanche\/wp-content\/uploads\/sites\/17\/2024\/09\/PAI-standard.pdf\" target=\"_blank\" rel=\"noopener\">PAI Standard<\/a><\/li>\n<li><a href=\"https:\/\/etab.ac-reunion.fr\/lyc-lepervanche\/wp-content\/uploads\/sites\/17\/2024\/09\/PAI-DG6-G6PD.pdf\" target=\"_blank\" rel=\"noopener\">PAI DG6<\/a><\/li>\n<\/ul>\n<p>&nbsp;<\/p>\n<p>QUESTIONNAIRES DE SANTE :<\/p>\n<ul>\n<li><a href=\"https:\/\/etab.ac-reunion.fr\/lyc-lepervanche\/wp-content\/uploads\/sites\/17\/2023\/05\/1-Nouveaux-eleves-Questionnaire-de-sante-a-remplir-par-les-parents.pdf\" target=\"_blank\" rel=\"noopener\">1-Nouveaux \u00e9l\u00e8ves et passerelles &#8211; Questionnaire de sant\u00e9 \u00e0 remplir et signer par les parents<\/a><\/li>\n<li><a href=\"https:\/\/etab.ac-reunion.fr\/lyc-lepervanche\/wp-content\/uploads\/sites\/17\/2023\/05\/2-Anciens-eleves-Actualisation-questionnaire-sante.pdf\" target=\"_blank\" rel=\"noopener\">2-Anciens \u00e9l\u00e8ves &#8211; Actualisation questionnaire sant\u00e9 \u00e0 remplir et signer par les parents<\/a><\/li>\n<\/ul>\n<!-- AddThis Advanced Settings generic via filter on the_content --><!-- AddThis Share Buttons generic via filter on the_content -->","protected":false},"excerpt":{"rendered":"<p>INFIRMIER EDUCATION NATIONALE : M.BONNIN Nicolas HORAIRES D&rsquo;OUVERTURE DE L&rsquo;INFIRMERIE Lundi\/Jeudi: 07h30 \u00e0 17h00 Mardi: 7h30 \u00e0 16h05 Mercredi: 7h30 \u00e0 12h Vendredi: 7h30 \u00e0 15h FORMULAIRES et PROCEDURES : Ce sont les professeurs (sous la coordination du professeur principal) qui suivront le Plan d\u2019Accompagnement Personnalis\u00e9\u00a0(PAP) Ces dispositifs p\u00e9dagogiques particuliers doivent \u00eatre valid\u00e9s par une [&hellip;]<!-- AddThis Advanced Settings generic via filter on get_the_excerpt --><!-- AddThis Share Buttons generic via filter on get_the_excerpt --><\/p>\n","protected":false},"author":11012,"featured_media":0,"parent":2217,"menu_order":0,"comment_status":"closed","ping_status":"closed","template":"","meta":{"_et_pb_use_builder":"","_et_pb_old_content":"","_et_gb_content_width":"","footnotes":""},"class_list":["post-3316","page","type-page","status-publish","hentry"],"_links":{"self":[{"href":"https:\/\/etab.ac-reunion.fr\/lyc-lepervanche\/wp-json\/wp\/v2\/pages\/3316","targetHints":{"allow":["GET"]}}],"collection":[{"href":"https:\/\/etab.ac-reunion.fr\/lyc-lepervanche\/wp-json\/wp\/v2\/pages"}],"about":[{"href":"https:\/\/etab.ac-reunion.fr\/lyc-lepervanche\/wp-json\/wp\/v2\/types\/page"}],"author":[{"embeddable":true,"href":"https:\/\/etab.ac-reunion.fr\/lyc-lepervanche\/wp-json\/wp\/v2\/users\/11012"}],"replies":[{"embeddable":true,"href":"https:\/\/etab.ac-reunion.fr\/lyc-lepervanche\/wp-json\/wp\/v2\/comments?post=3316"}],"version-history":[{"count":30,"href":"https:\/\/etab.ac-reunion.fr\/lyc-lepervanche\/wp-json\/wp\/v2\/pages\/3316\/revisions"}],"predecessor-version":[{"id":13281,"href":"https:\/\/etab.ac-reunion.fr\/lyc-lepervanche\/wp-json\/wp\/v2\/pages\/3316\/revisions\/13281"}],"up":[{"embeddable":true,"href":"https:\/\/etab.ac-reunion.fr\/lyc-lepervanche\/wp-json\/wp\/v2\/pages\/2217"}],"wp:attachment":[{"href":"https:\/\/etab.ac-reunion.fr\/lyc-lepervanche\/wp-json\/wp\/v2\/media?parent=3316"}],"curies":[{"name":"wp","href":"https:\/\/api.w.org\/{rel}","templated":true}]}}