{"id":3823,"date":"2017-08-24T23:34:56","date_gmt":"2017-08-24T19:34:56","guid":{"rendered":"http:\/\/lycee-lepervanche.ac-reunion.fr\/?page_id=3823"},"modified":"2023-06-19T10:43:44","modified_gmt":"2023-06-19T06:43:44","slug":"enseignants-2","status":"publish","type":"page","link":"https:\/\/etab.ac-reunion.fr\/lyc-lepervanche\/enseignants-2\/","title":{"rendered":"Le cartable num\u00e9rique \u00ab NUM\u00c9RISAK \u00bb"},"content":{"rendered":"<p><strong>Acc\u00e8s \u00e0 l&rsquo;article de la R\u00e9gion :\u00a0<a href=\"https:\/\/regionreunion.com\/actualite\/toute-l-actualite\/article\/le-cartable-numerique-numerisak\" target=\"_blank\" rel=\"noopener\">Page article R\u00e9gion R\u00e9union\/le-cartable-numerique-numerisak<\/a><\/strong><\/p>\n<p><strong>Pour pouvoir b\u00e9n\u00e9ficier du dispositif \u00ab NUM\u00c9RISAK \u00bb, chaque lyc\u00e9en doit remplir un formulaire de demande qu\u2019il remettra \u00e0 l\u2019animateur ARTICE (POP) de son lyc\u00e9e. <\/strong><strong>L\u2019animateur ARTICE transmettra la demande aupr\u00e8s de la R\u00e9gion R\u00e9union qui, apr\u00e8s avoir v\u00e9rifi\u00e9 les conditions d\u2019\u00e9ligibilit\u00e9, \u00e9mettra un bon NUM\u00c9RISAK pour le volet \u00e9quipement informatique et\/ou proc\u00e9dera au versement de l\u2019aide \u00e0 la connexion internet directement sur le compte des familles.<\/strong><\/p>\n<p><strong>DOCUMENTS \u00c0 T\u00c9L\u00c9CHARGER\u00a0:<\/strong><\/p>\n<p><span style=\"color: #ff0000\"><a style=\"color: #ff0000\" href=\"https:\/\/regionreunion.com\/IMG\/pdf\/delib_dcp20220265_numerisak_cadre.pdf\" target=\"_blank\" rel=\"noopener\"><strong>NUMERISAK &#8211; R\u00e8glement du dispositif d\u2019aides individuelles<\/strong><\/a><\/span><\/p>\n<p><a href=\"https:\/\/regionreunion.com\/IMG\/pdf\/formulaire_de_demande_numerisak_2022-2023.pdf\" target=\"_blank\" rel=\"noopener\"><strong><span style=\"color: #ff0000\">NUMERISAK &#8211; FORMULAIRE DE DEMANDE &#8211; 2022\/2023<\/span><\/strong><\/a><\/p>\n<p><strong>Pour pouvoir confirmer l\u2019achat de l\u2019\u00e9quipement informatique (sans condition de ressources)\u00a0:<\/strong><\/p>\n<p>1 &#8211; le b\u00e9n\u00e9ficiaire devra pr\u00e9senter au prestataire informatique son \u00ab bon NUM\u00c9RISAK -\u00e9quipement informatique \u00bb original, l\u2019\u00e9tiquette antivol ainsi que sa pi\u00e8ce d\u2019identit\u00e9 s\u2019il est majeur. Dans le cas o\u00f9 le b\u00e9n\u00e9ficiaire est mineur, c\u2019est son repr\u00e9sentant l\u00e9gal dont le nom figure sur le \u00ab bon NUM\u00c9RISAK &#8211; \u00e9quipement informatique \u00bb qui devra r\u00e9cup\u00e9rer lui-m\u00eame le PC convertible 360\u00b0 en pr\u00e9sentant sa propre pi\u00e8ce d\u2019identit\u00e9.<\/p>\n<p>2 &#8211; le prestataire devra, lors de la remise du PC au b\u00e9n\u00e9ficiaire, coller l\u2019\u00e9tiquette antivol de fa\u00e7on visible et dans le sens de la lecture sur l\u2019\u00e9quipement informatique subventionn\u00e9. Cette \u00e9tiquette antivol ne devra en aucun cas \u00eatre enlev\u00e9e de l\u2019\u00e9quipement informatique sur lequel elle sera appos\u00e9e.<\/p>\n<p>L\u2019utilisateur doit se conformer au r\u00e8glement int\u00e9rieur en vigueur dans son \u00e9tablissement, quant \u00e0 l\u2019usage de son PC notamment pour l\u2019acc\u00e8s internet.<\/p>\n<hr \/>\n<p><strong>Le Conseil R\u00e9gional ne prendra pas \u00e0 sa charge\u00a0:<\/strong><\/p>\n<ul>\n<li>Les d\u00e9penses concernant le service apr\u00e8s-vente qui incombe au fournisseur du PC convertible 360\u00b0 pendant la dur\u00e9e de la garantie de 3 ans ;<\/li>\n<li>Les cons\u00e9quences r\u00e9sultant du vol, de la d\u00e9t\u00e9rioration, de la perte ou de tout autre cas n\u00e9cessitant le remplacement de tout ou d\u2019une partie du PC convertible 360\u00b0. Afin de se pr\u00e9munir des cons\u00e9quences dommageables li\u00e9es \u00e0 un vol, il est recommand\u00e9 \u00e0 l\u2019utilisateur de contracter une assurance contre le vol.<\/li>\n<\/ul>\n<p>Les conditions g\u00e9n\u00e9rales d\u2019utilisation (CGU) du \u00ab\u00a0NUM\u00c9RISAK\u00a0&#8211; \u00e9quipement informatique\u00a0\u00bb que doit signer le repr\u00e9sentant l\u00e9gal sont disponibles ci-dessous\u00a0:<\/p>\n<hr \/>\n<p><a href=\"https:\/\/regionreunion.com\/IMG\/pdf\/cgu_numerisak_2022-2023.pdf\" target=\"_blank\" rel=\"noopener\"><strong>CONDITIONS G\u00c9N\u00c9RALES D\u2019UTILISATION DU \u00ab\u00a0CARTABLE NUM\u00c9RIQUE\u00a0\u00bb OU \u00ab\u00a0NUM\u00c9RISAK\u00a0\u00bb VOLET \u00c9QUIPEMENT INFORMATIQUE<\/strong><\/a><\/p>\n<hr \/>\n<p><strong>Pour faire valoir son droit \u00e0 l\u2019attribution de l\u2019aide \u00e0 une connexion internet (sous conditions de ressources)\u00a0:<\/strong><\/p>\n<p>1 &#8211; La famille devra souscrire ou aura souscrit un abonnement internet aupr\u00e8s d\u2019un fournisseur d\u2019acc\u00e8s internet.<\/p>\n<p>2- Pour le premier versement, le b\u00e9n\u00e9ficiaire devra fournir les pi\u00e8ces justificatives suivantes :<\/p>\n<ul>\n<li>certificat de scolarit\u00e9 ou attestation d\u2019inscription pour l\u2019ann\u00e9e scolaire 2022-2023<\/li>\n<li>notification de bourse de niveau 3 ou de niveau 6 pour l\u2019ann\u00e9e scolaire 2021-2022<\/li>\n<li>copie du contrat d\u2019abonnement souscrit ou derni\u00e8re facture acquitt\u00e9e<\/li>\n<li>RIB du repr\u00e9sentant l\u00e9gal ou de l\u2019\u00e9l\u00e8ve, si majeur<\/li>\n<\/ul>\n<p>3 &#8211; Pour les versements suivants : toute pi\u00e8ce justifiant de l\u2019acquittement de l\u2019abonnement de moins d\u2019un mois (relev\u00e9 bancaire, facture acquitt\u00e9e, re\u00e7u\u2026).<\/p>\n<p>&nbsp;<\/p>\n<p>Le Conseil R\u00e9gional ne prendra \u00e0 sa charge que\u00a0la participation mensuelle de 20 \u20ac plafonn\u00e9e \u00e0 240 \u20ac par an sur l\u2019offre souscrite par le b\u00e9n\u00e9ficiaire chez les fournisseurs d\u2019acc\u00e8s internet.<\/p>\n<p>Un montant maximal de 60 \u20ac sera vers\u00e9e trimestriellement sur le compte des familles.<\/p>\n<p>&nbsp;<\/p>\n<!-- AddThis Advanced Settings generic via filter on the_content --><!-- AddThis Share Buttons generic via filter on the_content -->","protected":false},"excerpt":{"rendered":"<p>Acc\u00e8s \u00e0 l&rsquo;article de la R\u00e9gion :\u00a0Page article R\u00e9gion R\u00e9union\/le-cartable-numerique-numerisak Pour pouvoir b\u00e9n\u00e9ficier du dispositif \u00ab NUM\u00c9RISAK \u00bb, chaque lyc\u00e9en doit remplir un formulaire de demande qu\u2019il remettra \u00e0 l\u2019animateur ARTICE (POP) de son lyc\u00e9e. L\u2019animateur ARTICE transmettra la demande aupr\u00e8s de la R\u00e9gion R\u00e9union qui, apr\u00e8s avoir v\u00e9rifi\u00e9 les conditions d\u2019\u00e9ligibilit\u00e9, \u00e9mettra un bon [&hellip;]<!-- AddThis Advanced Settings generic via filter on get_the_excerpt --><!-- AddThis Share Buttons generic via filter on get_the_excerpt --><\/p>\n","protected":false},"author":15011,"featured_media":3896,"parent":0,"menu_order":0,"comment_status":"closed","ping_status":"closed","template":"","meta":{"_et_pb_use_builder":"","_et_pb_old_content":"","_et_gb_content_width":"","footnotes":""},"class_list":["post-3823","page","type-page","status-publish","has-post-thumbnail","hentry"],"_links":{"self":[{"href":"https:\/\/etab.ac-reunion.fr\/lyc-lepervanche\/wp-json\/wp\/v2\/pages\/3823","targetHints":{"allow":["GET"]}}],"collection":[{"href":"https:\/\/etab.ac-reunion.fr\/lyc-lepervanche\/wp-json\/wp\/v2\/pages"}],"about":[{"href":"https:\/\/etab.ac-reunion.fr\/lyc-lepervanche\/wp-json\/wp\/v2\/types\/page"}],"author":[{"embeddable":true,"href":"https:\/\/etab.ac-reunion.fr\/lyc-lepervanche\/wp-json\/wp\/v2\/users\/15011"}],"replies":[{"embeddable":true,"href":"https:\/\/etab.ac-reunion.fr\/lyc-lepervanche\/wp-json\/wp\/v2\/comments?post=3823"}],"version-history":[{"count":20,"href":"https:\/\/etab.ac-reunion.fr\/lyc-lepervanche\/wp-json\/wp\/v2\/pages\/3823\/revisions"}],"predecessor-version":[{"id":12278,"href":"https:\/\/etab.ac-reunion.fr\/lyc-lepervanche\/wp-json\/wp\/v2\/pages\/3823\/revisions\/12278"}],"wp:featuredmedia":[{"embeddable":true,"href":"https:\/\/etab.ac-reunion.fr\/lyc-lepervanche\/wp-json\/wp\/v2\/media\/3896"}],"wp:attachment":[{"href":"https:\/\/etab.ac-reunion.fr\/lyc-lepervanche\/wp-json\/wp\/v2\/media?parent=3823"}],"curies":[{"name":"wp","href":"https:\/\/api.w.org\/{rel}","templated":true}]}}