{"id":3837,"date":"2017-08-29T10:18:55","date_gmt":"2017-08-29T06:18:55","guid":{"rendered":"http:\/\/lycee-lepervanche.ac-reunion.fr\/?page_id=3837"},"modified":"2021-01-12T19:15:56","modified_gmt":"2021-01-12T15:15:56","slug":"planing-visites-medicales","status":"publish","type":"page","link":"https:\/\/etab.ac-reunion.fr\/lyc-lepervanche\/activites\/planing-visites-medicales\/","title":{"rendered":"Visites M\u00e9dicales"},"content":{"rendered":"<div><a href=\"https:\/\/etab.ac-reunion.fr\/lyc-lepervanche\/wp-content\/uploads\/sites\/17\/2021\/01\/visites-medicales-dantan.jpg\"><img loading=\"lazy\" decoding=\"async\" class=\"wp-image-8008 alignright\" src=\"https:\/\/etab.ac-reunion.fr\/lyc-lepervanche\/wp-content\/uploads\/sites\/17\/2021\/01\/visites-medicales-dantan.jpg\" alt=\"\" width=\"597\" height=\"385\" srcset=\"https:\/\/etab.ac-reunion.fr\/lyc-lepervanche\/wp-content\/uploads\/sites\/17\/2021\/01\/visites-medicales-dantan.jpg 597w, https:\/\/etab.ac-reunion.fr\/lyc-lepervanche\/wp-content\/uploads\/sites\/17\/2021\/01\/visites-medicales-dantan-480x309.jpg 480w\" sizes=\"(min-width: 0px) and (max-width: 480px) 480px, (min-width: 481px) 597px, 100vw\" \/><\/a>Chaque \u00e9l\u00e8ve est inscrit dans une formation professionnelle l\u2019amenant \u00e0 effectuer des travaux r\u00e9glement\u00e9s par le Code du travail pour les jeunes \u00e2g\u00e9s de 15 ans au moins et de moins de 18 ans.<\/div>\n<p>&nbsp;<\/p>\n<p>Une visite m\u00e9dicale annuelle, effectu\u00e9e par le m\u00e9decin de l\u2019\u00e9ducation nationale est indispensable pour l\u2019autoriser \u00e0 \u00eatre affect\u00e9 \u00e0 ces travaux, dans l\u2019\u00e9tablissement ou lors des p\u00e9riodes de formations en milieu professionnel.<\/p>\n<p><strong>Cette visite m\u00e9dicale est obligatoire<\/strong>: en l\u2019absence de l&rsquo;\u00e9l\u00e8ve, sans motif valable, le jour pr\u00e9vu sur la convocation, le m\u00e9decin de l\u2019\u00e9ducation nationale, seul m\u00e9decin habilit\u00e9, ne pourra pas donner d\u2019avis d\u2019aptitude.<\/p>\n<p>L&rsquo;\u00e9l\u00e8ve ne pourra pas suivre l\u2019enseignement en atelier, indispensable \u00e0 sa formation professionnelle.<\/p>\n<p>Certaines formations professionnelles n\u00e9cessitent une situation vaccinale \u00e0 jour, au regard des obligations pr\u00e9vues par la loi.<\/p>\n<p>La consommation de produits psychoactifs (alcool, cannabis, autre drogue) et de certains m\u00e9dicaments peut avoir des cons\u00e9quences sur les travaux r\u00e9glement\u00e9s ou lors de la conduite d\u2019engins ; elle peut entrainer une inaptitude \u00e0 la poursuite de la formation professionnelle.<\/p>\n<div><\/div>\n<div><\/div>\n<!-- AddThis Advanced Settings generic via filter on the_content --><!-- AddThis Share Buttons generic via filter on the_content -->","protected":false},"excerpt":{"rendered":"<p>Chaque \u00e9l\u00e8ve est inscrit dans une formation professionnelle l\u2019amenant \u00e0 effectuer des travaux r\u00e9glement\u00e9s par le Code du travail pour les jeunes \u00e2g\u00e9s de 15 ans au moins et de moins de 18 ans. &nbsp; Une visite m\u00e9dicale annuelle, effectu\u00e9e par le m\u00e9decin de l\u2019\u00e9ducation nationale est indispensable pour l\u2019autoriser \u00e0 \u00eatre affect\u00e9 \u00e0 ces [&hellip;]<!-- AddThis Advanced Settings generic via filter on get_the_excerpt --><!-- AddThis Share Buttons generic via filter on get_the_excerpt --><\/p>\n","protected":false},"author":15058,"featured_media":3947,"parent":3858,"menu_order":0,"comment_status":"closed","ping_status":"closed","template":"","meta":{"_et_pb_use_builder":"","_et_pb_old_content":"","_et_gb_content_width":"","footnotes":""},"class_list":["post-3837","page","type-page","status-publish","has-post-thumbnail","hentry"],"_links":{"self":[{"href":"https:\/\/etab.ac-reunion.fr\/lyc-lepervanche\/wp-json\/wp\/v2\/pages\/3837","targetHints":{"allow":["GET"]}}],"collection":[{"href":"https:\/\/etab.ac-reunion.fr\/lyc-lepervanche\/wp-json\/wp\/v2\/pages"}],"about":[{"href":"https:\/\/etab.ac-reunion.fr\/lyc-lepervanche\/wp-json\/wp\/v2\/types\/page"}],"author":[{"embeddable":true,"href":"https:\/\/etab.ac-reunion.fr\/lyc-lepervanche\/wp-json\/wp\/v2\/users\/15058"}],"replies":[{"embeddable":true,"href":"https:\/\/etab.ac-reunion.fr\/lyc-lepervanche\/wp-json\/wp\/v2\/comments?post=3837"}],"version-history":[{"count":23,"href":"https:\/\/etab.ac-reunion.fr\/lyc-lepervanche\/wp-json\/wp\/v2\/pages\/3837\/revisions"}],"predecessor-version":[{"id":8011,"href":"https:\/\/etab.ac-reunion.fr\/lyc-lepervanche\/wp-json\/wp\/v2\/pages\/3837\/revisions\/8011"}],"up":[{"embeddable":true,"href":"https:\/\/etab.ac-reunion.fr\/lyc-lepervanche\/wp-json\/wp\/v2\/pages\/3858"}],"wp:featuredmedia":[{"embeddable":true,"href":"https:\/\/etab.ac-reunion.fr\/lyc-lepervanche\/wp-json\/wp\/v2\/media\/3947"}],"wp:attachment":[{"href":"https:\/\/etab.ac-reunion.fr\/lyc-lepervanche\/wp-json\/wp\/v2\/media?parent=3837"}],"curies":[{"name":"wp","href":"https:\/\/api.w.org\/{rel}","templated":true}]}}