{"id":3841,"date":"2017-08-29T10:18:56","date_gmt":"2017-08-29T06:18:56","guid":{"rendered":"http:\/\/lycee-lepervanche.ac-reunion.fr\/?page_id=3841"},"modified":"2020-10-08T13:09:26","modified_gmt":"2020-10-08T09:09:26","slug":"eps-education-physique-et-spotive","status":"publish","type":"page","link":"https:\/\/etab.ac-reunion.fr\/lyc-lepervanche\/eps-education-physique-et-spotive\/","title":{"rendered":"EPS : \u00c9ducation Physique et Sportive"},"content":{"rendered":"<p>Le programme d&rsquo;\u00e9ducation physique et sportive (EPS) pour les classes pr\u00e9parant au CAP et au baccalaur\u00e9at professionnel est pr\u00e9sent\u00e9 en lien avec des ressources pour accompagner sa mise en \u0153uvre.<\/p>\n<p>Le programme d&rsquo;\u00e9ducation physique et sportive (EPS) pour le CAP et pour le baccalaur\u00e9at professionnel est d\u00e9fini par arr\u00eat\u00e9 du 3-4-2019 publi\u00e9 au BO sp\u00e9cial n\u00b0 5 du 11 avril 2019. Il entre en vigueur \u00e0 la\u00a0<strong>rentr\u00e9e 2019 en premi\u00e8re ann\u00e9e de CAP et en seconde professionnelle<\/strong>, \u00e0 la\u00a0<strong>rentr\u00e9e 2020 en deuxi\u00e8me ann\u00e9e de CAP et en premi\u00e8re professionnelle<\/strong>, \u00e0 la\u00a0<strong>rentr\u00e9e 2021 en terminale professionnelle<\/strong>.<\/p>\n<p>T\u00e9l\u00e9chargez le programme d&rsquo;<a class=\"lien_externe\" href=\"https:\/\/cache.media.education.gouv.fr\/file\/SP5-MEN-11-4-2019\/97\/1\/spe621_aannexe_1104971.pdf\" target=\"_blank\" rel=\"noopener noreferrer\">EPS de la voie professionnelle<\/a><\/p>\n<p>&nbsp;<\/p>\n<h2>Ressources d&rsquo;accompagnement<\/h2>\n<ul>\n<li><a class=\"download\" title=\"RA19_Lycee_P_BP_CAP_EPS_Enjeux_programme (PDF-386.85 Ko-Nouvelle fen\u00eatre)\" href=\"https:\/\/cache.media.eduscol.education.fr\/file\/EPS\/54\/5\/RA19_Lycee_P_BP_CAP_EPS_Enjeux_programme_1211545.pdf\" target=\"_blank\" rel=\"noopener noreferrer\">Les enjeux du programme de la voie professionnelle<\/a><\/li>\n<li><a class=\"download\" title=\"RA19_Lycee_GTP_EPS_CAP2nd1reTer_Projet_pedagogique_EPS (PDF-217.96 Ko-Nouvelle fen\u00eatre)\" href=\"https:\/\/cache.media.eduscol.education.fr\/file\/EPS\/35\/4\/RA19_Lycee_GTP_EPS_CAP2nd1reTer_Projet_pedagogique_EPS_1204354.pdf\" target=\"_blank\" rel=\"noopener noreferrer\">Le projet p\u00e9dagogique<\/a><\/li>\n<\/ul>\n<h3>Certificat d&rsquo;aptitude professionnelle<\/h3>\n<p>Exemples d&rsquo;activit\u00e9s dans les diff\u00e9rents champs d&rsquo;apprentissage<\/p>\n<ul>\n<li><a class=\"download\" title=\"RA19_Lycee_P_CAP_EPS_CA1_Course_par_equipe (PDF-383.48 Ko-Nouvelle fen\u00eatre)\" href=\"https:\/\/cache.media.eduscol.education.fr\/file\/EPS\/81\/6\/RA19_Lycee_P_CAP_EPS_CA1_Course_par_equipe_1206816.pdf\" target=\"_blank\" rel=\"noopener noreferrer\">CA1 &#8211; Course par \u00e9quipe<\/a><\/li>\n<li><a class=\"download\" title=\"RA19_Lycee_P_CAP_EPS_CA1_Demi-fond (PDF-482.35 Ko-Nouvelle fen\u00eatre)\" href=\"https:\/\/cache.media.eduscol.education.fr\/file\/EPS\/81\/7\/RA19_Lycee_P_CAP_EPS_CA1_Demi-fond_1206817.pdf\" target=\"_blank\" rel=\"noopener noreferrer\">CA1 &#8211; Demi-fond<\/a><\/li>\n<li><a class=\"download\" title=\"RA19_Lycee_P_CAP_EPS_CA2_Escalade (PDF-346.38 Ko-Nouvelle fen\u00eatre)\" href=\"https:\/\/cache.media.eduscol.education.fr\/file\/EPS\/81\/8\/RA19_Lycee_P_CAP_EPS_CA2_Escalade_1206818.pdf\" target=\"_blank\" rel=\"noopener noreferrer\">CA2 &#8211; Escalade<\/a><\/li>\n<li><a class=\"download\" title=\"RA19_Lycee_P_CAP_EPS_CA2_VTT (PDF-386.58 Ko-Nouvelle fen\u00eatre)\" href=\"https:\/\/cache.media.eduscol.education.fr\/file\/EPS\/81\/9\/RA19_Lycee_P_CAP_EPS_CA2_VTT_1206819.pdf\" target=\"_blank\" rel=\"noopener noreferrer\">CA2 &#8211; VTT<\/a><\/li>\n<li><a class=\"download\" title=\"RA19_Lycee_P_CAP_EPS_CA3_Acrosport (PDF-378.11 Ko-Nouvelle fen\u00eatre)\" href=\"https:\/\/cache.media.eduscol.education.fr\/file\/EPS\/53\/3\/RA19_Lycee_P_CAP_EPS_CA3_Acrosport_1211533.pdf\" target=\"_blank\" rel=\"noopener noreferrer\">CA3 &#8211; Acrosport<\/a><\/li>\n<li><a class=\"download\" title=\"RA19_Lycee_P_CAP_EPS_CA3_Gymnastique (PDF-384.04 Ko-Nouvelle fen\u00eatre)\" href=\"https:\/\/cache.media.eduscol.education.fr\/file\/EPS\/53\/5\/RA19_Lycee_P_CAP_EPS_CA3_Gymnastique_1211535.pdf\" target=\"_blank\" rel=\"noopener noreferrer\">CA3 &#8211; Gymnastique<\/a><\/li>\n<li><a class=\"download\" title=\"RA19_Lycee_P_CAP_EPS_CA4_Tennis_de_table (PDF-380.73 Ko-Nouvelle fen\u00eatre)\" href=\"https:\/\/cache.media.eduscol.education.fr\/file\/EPS\/53\/7\/RA19_Lycee_P_CAP_EPS_CA4_Tennis_de_table_1211537.pdf\" target=\"_blank\" rel=\"noopener noreferrer\">CA4 &#8211; Tennis de table<\/a><\/li>\n<li><a class=\"download\" title=\"RA19_Lycee_P_CAP_EPS_CA4_Volley-ball (PDF-311.56 Ko-Nouvelle fen\u00eatre)\" href=\"https:\/\/cache.media.eduscol.education.fr\/file\/EPS\/53\/9\/RA19_Lycee_P_CAP_EPS_CA4_Volley-ball_1211539.pdf\" target=\"_blank\" rel=\"noopener noreferrer\"><span class=\"download\">CA4 &#8211; Volley-ball<\/span><\/a><\/li>\n<li><a class=\"download\" title=\"RA19_Lycee_P_CAP_EPS_CA5_Cross-training (PDF-350.94 Ko-Nouvelle fen\u00eatre)\" href=\"https:\/\/cache.media.eduscol.education.fr\/file\/EPS\/54\/1\/RA19_Lycee_P_CAP_EPS_CA5_Cross-training_1211541.pdf\" target=\"_blank\" rel=\"noopener noreferrer\">CA5 &#8211; Cross-training<\/a><\/li>\n<li><a class=\"download\" title=\"RA19_Lycee_P_CAP_EPS_CA5_Natation_en_duree (PDF-333.08 Ko-Nouvelle fen\u00eatre)\" href=\"https:\/\/cache.media.eduscol.education.fr\/file\/EPS\/54\/3\/RA19_Lycee_P_CAP_EPS_CA5_Natation_en_duree_1211543.pdf\" target=\"_blank\" rel=\"noopener noreferrer\">CA5 &#8211; Natation en dur\u00e9e<\/a><\/li>\n<\/ul>\n<h3>Baccalaur\u00e9at professionnel<\/h3>\n<p>Dans le cadre de leur scolarit\u00e9 au lyc\u00e9e, les \u00e9l\u00e8ves b\u00e9n\u00e9ficient d\u2019une formation en EPS et ce pour les 3 ann\u00e9es de leur cursus :<\/p>\n<ul>\n<li>de 2 heures par semaine<\/li>\n<li>d&rsquo;un module d&rsquo;apprentissage group\u00e9 sur 2 journ\u00e9es diff\u00e9rentes, r\u00e9serv\u00e9 \u00e0 la pratique d&rsquo;une activit\u00e9 physique de pleine nature (Randonn\u00e9e sportive, Kayak, Voile)<\/li>\n<\/ul>\n<p>La pr\u00e9sence en cours\u00a0 et aux sorties APPN est obligatoire et toute absence doit \u00eatre justifi\u00e9.<\/p>\n<p>Pour l\u2019\u00e9preuve EPS du CAP (coefficient 1), la note correspond \u00e0 la moyenne de 2 activit\u00e9s appartenant \u00e0 des CA diff\u00e9rents.<\/p>\n<p>Pour l\u2019\u00e9preuve EPS du BAC (coefficient 1), la note correspond \u00e0 la moyenne de 3 activit\u00e9s appartenant \u00e0 des CA diff\u00e9rents.<\/p>\n<p>Important :\u00a0les installations sportives que nous utilisons en cours d\u2019EPS sont partag\u00e9es avec d&rsquo;autres \u00e9tablissements scolaires, les associations sportives (nombreux) et divers autres utilisateurs. Cela peut expliquer parfois les diff\u00e9rences d&rsquo;activit\u00e9 pratiqu\u00e9e selon les horaires.<\/p>\n<!-- AddThis Advanced Settings generic via filter on the_content --><!-- AddThis Share Buttons generic via filter on the_content -->","protected":false},"excerpt":{"rendered":"<p>Le programme d&rsquo;\u00e9ducation physique et sportive (EPS) pour les classes pr\u00e9parant au CAP et au baccalaur\u00e9at professionnel est pr\u00e9sent\u00e9 en lien avec des ressources pour accompagner sa mise en \u0153uvre. Le programme d&rsquo;\u00e9ducation physique et sportive (EPS) pour le CAP et pour le baccalaur\u00e9at professionnel est d\u00e9fini par arr\u00eat\u00e9 du 3-4-2019 publi\u00e9 au BO sp\u00e9cial [&hellip;]<!-- AddThis Advanced Settings generic via filter on get_the_excerpt --><!-- AddThis Share Buttons generic via filter on get_the_excerpt --><\/p>\n","protected":false},"author":15011,"featured_media":3979,"parent":0,"menu_order":0,"comment_status":"closed","ping_status":"closed","template":"","meta":{"_et_pb_use_builder":"","_et_pb_old_content":"","_et_gb_content_width":"","footnotes":""},"class_list":["post-3841","page","type-page","status-publish","has-post-thumbnail","hentry"],"_links":{"self":[{"href":"https:\/\/etab.ac-reunion.fr\/lyc-lepervanche\/wp-json\/wp\/v2\/pages\/3841","targetHints":{"allow":["GET"]}}],"collection":[{"href":"https:\/\/etab.ac-reunion.fr\/lyc-lepervanche\/wp-json\/wp\/v2\/pages"}],"about":[{"href":"https:\/\/etab.ac-reunion.fr\/lyc-lepervanche\/wp-json\/wp\/v2\/types\/page"}],"author":[{"embeddable":true,"href":"https:\/\/etab.ac-reunion.fr\/lyc-lepervanche\/wp-json\/wp\/v2\/users\/15011"}],"replies":[{"embeddable":true,"href":"https:\/\/etab.ac-reunion.fr\/lyc-lepervanche\/wp-json\/wp\/v2\/comments?post=3841"}],"version-history":[{"count":16,"href":"https:\/\/etab.ac-reunion.fr\/lyc-lepervanche\/wp-json\/wp\/v2\/pages\/3841\/revisions"}],"predecessor-version":[{"id":7447,"href":"https:\/\/etab.ac-reunion.fr\/lyc-lepervanche\/wp-json\/wp\/v2\/pages\/3841\/revisions\/7447"}],"wp:featuredmedia":[{"embeddable":true,"href":"https:\/\/etab.ac-reunion.fr\/lyc-lepervanche\/wp-json\/wp\/v2\/media\/3979"}],"wp:attachment":[{"href":"https:\/\/etab.ac-reunion.fr\/lyc-lepervanche\/wp-json\/wp\/v2\/media?parent=3841"}],"curies":[{"name":"wp","href":"https:\/\/api.w.org\/{rel}","templated":true}]}}