{"id":3901,"date":"2017-09-03T20:19:03","date_gmt":"2017-09-03T16:19:03","guid":{"rendered":"http:\/\/lycee-lepervanche.ac-reunion.fr\/?page_id=3901"},"modified":"2024-08-27T19:22:50","modified_gmt":"2024-08-27T15:22:50","slug":"le-mot-de-la-gestion","status":"publish","type":"page","link":"https:\/\/etab.ac-reunion.fr\/lyc-lepervanche\/vie-de-letablissement\/le-mot-de-la-gestion\/","title":{"rendered":"Le mot de la Gestion"},"content":{"rendered":"<p><a href=\"https:\/\/etab.ac-reunion.fr\/lyc-lepervanche\/wp-content\/uploads\/sites\/17\/2024\/08\/CleanShot-2024-08-27-at-19.22.43@2x.png\"><img loading=\"lazy\" decoding=\"async\" class=\"aligncenter size-full wp-image-13244\" src=\"https:\/\/etab.ac-reunion.fr\/lyc-lepervanche\/wp-content\/uploads\/sites\/17\/2024\/08\/CleanShot-2024-08-27-at-19.22.43@2x.png\" alt=\"\" width=\"918\" height=\"1226\" srcset=\"https:\/\/etab.ac-reunion.fr\/lyc-lepervanche\/wp-content\/uploads\/sites\/17\/2024\/08\/CleanShot-2024-08-27-at-19.22.43@2x.png 918w, https:\/\/etab.ac-reunion.fr\/lyc-lepervanche\/wp-content\/uploads\/sites\/17\/2024\/08\/CleanShot-2024-08-27-at-19.22.43@2x-480x641.png 480w\" sizes=\"(min-width: 0px) and (max-width: 480px) 480px, (min-width: 481px) 918px, 100vw\" \/><\/a><\/p>\n<p>&nbsp;<\/p>\n<p>Le Secr\u00e9taire G\u00e9n\u00e9ral : Jacky LEGROS<\/p>\n<p><a href=\"https:\/\/etab.ac-reunion.fr\/lyc-lepervanche\/wp-content\/uploads\/sites\/17\/2021\/09\/logo.png\"><img loading=\"lazy\" decoding=\"async\" class=\"wp-image-9178 alignleft\" src=\"https:\/\/etab.ac-reunion.fr\/lyc-lepervanche\/wp-content\/uploads\/sites\/17\/2021\/09\/logo.png\" alt=\"\" width=\"155\" height=\"178\" \/><\/a><\/p>\n<!-- AddThis Advanced Settings generic via filter on the_content --><!-- AddThis Share Buttons generic via filter on the_content -->","protected":false},"excerpt":{"rendered":"<p>&nbsp; Le Secr\u00e9taire G\u00e9n\u00e9ral : Jacky LEGROS<!-- AddThis Advanced Settings generic via filter on get_the_excerpt --><!-- AddThis Share Buttons generic via filter on get_the_excerpt --><\/p>\n","protected":false},"author":15058,"featured_media":0,"parent":1156,"menu_order":0,"comment_status":"closed","ping_status":"closed","template":"","meta":{"_et_pb_use_builder":"","_et_pb_old_content":"","_et_gb_content_width":"","footnotes":""},"class_list":["post-3901","page","type-page","status-publish","hentry"],"_links":{"self":[{"href":"https:\/\/etab.ac-reunion.fr\/lyc-lepervanche\/wp-json\/wp\/v2\/pages\/3901","targetHints":{"allow":["GET"]}}],"collection":[{"href":"https:\/\/etab.ac-reunion.fr\/lyc-lepervanche\/wp-json\/wp\/v2\/pages"}],"about":[{"href":"https:\/\/etab.ac-reunion.fr\/lyc-lepervanche\/wp-json\/wp\/v2\/types\/page"}],"author":[{"embeddable":true,"href":"https:\/\/etab.ac-reunion.fr\/lyc-lepervanche\/wp-json\/wp\/v2\/users\/15058"}],"replies":[{"embeddable":true,"href":"https:\/\/etab.ac-reunion.fr\/lyc-lepervanche\/wp-json\/wp\/v2\/comments?post=3901"}],"version-history":[{"count":10,"href":"https:\/\/etab.ac-reunion.fr\/lyc-lepervanche\/wp-json\/wp\/v2\/pages\/3901\/revisions"}],"predecessor-version":[{"id":13246,"href":"https:\/\/etab.ac-reunion.fr\/lyc-lepervanche\/wp-json\/wp\/v2\/pages\/3901\/revisions\/13246"}],"up":[{"embeddable":true,"href":"https:\/\/etab.ac-reunion.fr\/lyc-lepervanche\/wp-json\/wp\/v2\/pages\/1156"}],"wp:attachment":[{"href":"https:\/\/etab.ac-reunion.fr\/lyc-lepervanche\/wp-json\/wp\/v2\/media?parent=3901"}],"curies":[{"name":"wp","href":"https:\/\/api.w.org\/{rel}","templated":true}]}}