{"id":3936,"date":"2017-09-04T13:51:59","date_gmt":"2017-09-04T09:51:59","guid":{"rendered":"http:\/\/lycee-lepervanche.ac-reunion.fr\/?page_id=3936"},"modified":"2021-09-27T20:24:48","modified_gmt":"2021-09-27T16:24:48","slug":"les-marches","status":"publish","type":"page","link":"https:\/\/etab.ac-reunion.fr\/lyc-lepervanche\/les-marches\/","title":{"rendered":"M\u00e9decin scolaire"},"content":{"rendered":"<p><a href=\"https:\/\/etab.ac-reunion.fr\/lyc-lepervanche\/wp-content\/uploads\/sites\/17\/2021\/09\/Medecin-scolaire.png\"><img loading=\"lazy\" decoding=\"async\" class=\"aligncenter size-full wp-image-9197\" src=\"https:\/\/etab.ac-reunion.fr\/lyc-lepervanche\/wp-content\/uploads\/sites\/17\/2021\/09\/Medecin-scolaire.png\" alt=\"\" width=\"275\" height=\"275\" srcset=\"https:\/\/etab.ac-reunion.fr\/lyc-lepervanche\/wp-content\/uploads\/sites\/17\/2021\/09\/Medecin-scolaire.png 275w, https:\/\/etab.ac-reunion.fr\/lyc-lepervanche\/wp-content\/uploads\/sites\/17\/2021\/09\/Medecin-scolaire-150x150.png 150w\" sizes=\"(max-width: 275px) 100vw, 275px\" \/><\/a><\/p>\n<p>&nbsp;<\/p>\n<p><strong>Le m\u00e9decin scolaire, le Docteur Laura SEZNEC re\u00e7oit les \u00e9l\u00e8ves et leurs parents, sur rendez-vous, au CMS<\/strong> <strong>du Port<\/strong> (Centre M\u00e9dico-Scolaire) :<\/p>\n<p>Adresse : au 2 Bis rue du G\u00e9n\u00e9ral Emile Rolland 97420 Le Port.<\/p>\n<p>T\u00e9l\u00e9phone : 0262 43 05 87<\/p>\n<p>Mail : ce.9741159s@ac-reunion.fr<\/p>\n<p>&nbsp;<\/p>\n<p>Le Dr Seznec est \u00e9galement pr\u00e9sente sur l&rsquo;\u00e9tablissement, en d\u00e9but d&rsquo;ann\u00e9e scolaire pour rencontrer exclusivement, les nouveaux \u00e9l\u00e8ves (de 15 \u00e0 18 ans) dans le cadre des visites m\u00e9dicales d&rsquo;aptitude \u00e0 la pratique des fili\u00e8res pr\u00e9sentant l&rsquo;utilisation de machines \u00e0 risques.<\/p>\n<p>Cette visite m\u00e9dicale qui d\u00e9bouche sur un avis d&rsquo;aptitude \u00e0 la pratique, est OBLIGATOIRE et INDISPENSABLE. Sans cette visite l&rsquo;\u00e9l\u00e8ve ne peut pr\u00e9tendre : ni \u00e0 l&rsquo;acc\u00e8s en atelier de pratique professionnelle, ni \u00e0 ses p\u00e9riodes de formation en entreprise, ni \u00e0 sa pr\u00e9sentation \u00e0 l&rsquo;examen.<\/p>\n<p>&nbsp;<\/p>\n<p><a href=\"https:\/\/etab.ac-reunion.fr\/lyc-lepervanche\/wp-content\/uploads\/sites\/17\/2021\/09\/PAP-Courrier-du-Dr-Seznec-adresse\u0301-aux-parents.pdf\" target=\"_blank\" rel=\"noopener\">PAP Courrier du Dr Seznec adresse\u0301 aux parents<\/a><\/p>\n<!-- AddThis Advanced Settings generic via filter on the_content --><!-- AddThis Share Buttons generic via filter on the_content -->","protected":false},"excerpt":{"rendered":"<p>&nbsp; Le m\u00e9decin scolaire, le Docteur Laura SEZNEC re\u00e7oit les \u00e9l\u00e8ves et leurs parents, sur rendez-vous, au CMS du Port (Centre M\u00e9dico-Scolaire) : Adresse : au 2 Bis rue du G\u00e9n\u00e9ral Emile Rolland 97420 Le Port. T\u00e9l\u00e9phone : 0262 43 05 87 Mail : ce.9741159s@ac-reunion.fr &nbsp; Le Dr Seznec est \u00e9galement pr\u00e9sente sur l&rsquo;\u00e9tablissement, en [&hellip;]<!-- AddThis Advanced Settings generic via filter on get_the_excerpt --><!-- AddThis Share Buttons generic via filter on get_the_excerpt --><\/p>\n","protected":false},"author":15058,"featured_media":0,"parent":0,"menu_order":0,"comment_status":"closed","ping_status":"closed","template":"","meta":{"_et_pb_use_builder":"","_et_pb_old_content":"","_et_gb_content_width":"","footnotes":""},"class_list":["post-3936","page","type-page","status-publish","hentry"],"_links":{"self":[{"href":"https:\/\/etab.ac-reunion.fr\/lyc-lepervanche\/wp-json\/wp\/v2\/pages\/3936","targetHints":{"allow":["GET"]}}],"collection":[{"href":"https:\/\/etab.ac-reunion.fr\/lyc-lepervanche\/wp-json\/wp\/v2\/pages"}],"about":[{"href":"https:\/\/etab.ac-reunion.fr\/lyc-lepervanche\/wp-json\/wp\/v2\/types\/page"}],"author":[{"embeddable":true,"href":"https:\/\/etab.ac-reunion.fr\/lyc-lepervanche\/wp-json\/wp\/v2\/users\/15058"}],"replies":[{"embeddable":true,"href":"https:\/\/etab.ac-reunion.fr\/lyc-lepervanche\/wp-json\/wp\/v2\/comments?post=3936"}],"version-history":[{"count":7,"href":"https:\/\/etab.ac-reunion.fr\/lyc-lepervanche\/wp-json\/wp\/v2\/pages\/3936\/revisions"}],"predecessor-version":[{"id":9203,"href":"https:\/\/etab.ac-reunion.fr\/lyc-lepervanche\/wp-json\/wp\/v2\/pages\/3936\/revisions\/9203"}],"wp:attachment":[{"href":"https:\/\/etab.ac-reunion.fr\/lyc-lepervanche\/wp-json\/wp\/v2\/media?parent=3936"}],"curies":[{"name":"wp","href":"https:\/\/api.w.org\/{rel}","templated":true}]}}