{"id":3984,"date":"2017-09-07T09:46:58","date_gmt":"2017-09-07T05:46:58","guid":{"rendered":"http:\/\/lycee-lepervanche.ac-reunion.fr\/?page_id=3984"},"modified":"2021-01-12T19:07:46","modified_gmt":"2021-01-12T15:07:46","slug":"delegues-de-classes","status":"publish","type":"page","link":"https:\/\/etab.ac-reunion.fr\/lyc-lepervanche\/delegues-de-classes\/","title":{"rendered":"D\u00e9l\u00e9gu\u00e9s de Classes"},"content":{"rendered":"<p><a href=\"https:\/\/etab.ac-reunion.fr\/lyc-lepervanche\/wp-content\/uploads\/sites\/17\/2020\/03\/Capture-d\u2019e\u0301cran-2020-03-24-a\u0300-17.26.12.png\"><img loading=\"lazy\" decoding=\"async\" class=\"aligncenter size-large wp-image-6497\" src=\"https:\/\/etab.ac-reunion.fr\/lyc-lepervanche\/wp-content\/uploads\/sites\/17\/2020\/03\/Capture-d\u2019e\u0301cran-2020-03-24-a\u0300-17.26.12-1024x119.png\" alt=\"\" width=\"1024\" height=\"119\" srcset=\"https:\/\/etab.ac-reunion.fr\/lyc-lepervanche\/wp-content\/uploads\/sites\/17\/2020\/03\/Capture-d\u2019e\u0301cran-2020-03-24-a\u0300-17.26.12-1024x119.png 1024w, https:\/\/etab.ac-reunion.fr\/lyc-lepervanche\/wp-content\/uploads\/sites\/17\/2020\/03\/Capture-d\u2019e\u0301cran-2020-03-24-a\u0300-17.26.12-300x35.png 300w, https:\/\/etab.ac-reunion.fr\/lyc-lepervanche\/wp-content\/uploads\/sites\/17\/2020\/03\/Capture-d\u2019e\u0301cran-2020-03-24-a\u0300-17.26.12-768x89.png 768w, https:\/\/etab.ac-reunion.fr\/lyc-lepervanche\/wp-content\/uploads\/sites\/17\/2020\/03\/Capture-d\u2019e\u0301cran-2020-03-24-a\u0300-17.26.12-1080x125.png 1080w, https:\/\/etab.ac-reunion.fr\/lyc-lepervanche\/wp-content\/uploads\/sites\/17\/2020\/03\/Capture-d\u2019e\u0301cran-2020-03-24-a\u0300-17.26.12-980x113.png 980w, https:\/\/etab.ac-reunion.fr\/lyc-lepervanche\/wp-content\/uploads\/sites\/17\/2020\/03\/Capture-d\u2019e\u0301cran-2020-03-24-a\u0300-17.26.12-480x56.png 480w, https:\/\/etab.ac-reunion.fr\/lyc-lepervanche\/wp-content\/uploads\/sites\/17\/2020\/03\/Capture-d\u2019e\u0301cran-2020-03-24-a\u0300-17.26.12.png 1140w\" sizes=\"(max-width: 1024px) 100vw, 1024px\" \/><\/a><\/p>\n<p>&nbsp;<\/p>\n<h2><span style=\"color: #ffcc00\"><strong>QUEL EST LEUR R\u00d4LE ?<\/strong><\/span><\/h2>\n<p>Les d\u00e9l\u00e9gu\u00e9s de classe ont pour principale mission de\u00a0<b>repr\u00e9senter les \u00e9l\u00e8ves aupr\u00e8s des enseignants<\/b> et des personnels d&rsquo;\u00e9ducation.\u00a0 <strong>Ils doivent \u00eatre les porte-parole d\u2019une classe quelles que soient les affinit\u00e9s qu\u2019on a dans la classe<\/strong>.<\/p>\n<p>Les d\u00e9l\u00e9gu\u00e9s participent notamment aux\u00a0<a href=\"http:\/\/www.onisep.fr\/Choisir-mes-etudes\/College\/Organisation-des-etudes\/Les-instances-officielles\/Le-conseil-de-classe-mieux-comprendre-ce-rendez-vous-trimestriel\" target=\"_self\" rel=\"noopener noreferrer\">conseils de classe<\/a>\u00a0et aux\u00a0<a href=\"http:\/\/www.onisep.fr\/Choisir-mes-etudes\/College\/Organisation-des-etudes\/Les-instances-officielles\/Le-conseil-de-discipline\" target=\"_self\" rel=\"noopener noreferrer\">conseils de discipline<\/a>. Tout au long de l\u2019ann\u00e9e, ils peuvent interroger l\u2019\u00e9quipe \u00e9ducative sur le fonctionnement p\u00e9dagogique de la classe, l&rsquo;organisation des heures de vie de classe ainsi que l&rsquo;orientation. Ils transmettent \u00e0 leurs camarades toutes les informations qui leur sont communiqu\u00e9es. Ils sont les interlocuteurs privil\u00e9gi\u00e9s du professeur principal et du CPE (conseiller principal d&rsquo;\u00e9ducation).<\/p>\n<h2><strong><span style=\"color: #ffcc00\">COMMENT SONT-ILS \u00c9LUS ?<\/span><\/strong><\/h2>\n<p>L&rsquo;\u00e9lection doit avoir lieu avant la fin de la sixi\u00e8me semaine de l&rsquo;ann\u00e9e scolaire, donc dans la plupart des cas en octobre. Celle-ci est obligatoirement pr\u00e9c\u00e9d\u00e9e d\u2019une r\u00e9union d\u2019information sur le r\u00f4le des d\u00e9l\u00e9gu\u00e9s de classe.\u00a0<b>Tous les \u00e9l\u00e8ves peuvent voter et se pr\u00e9senter \u00e0 l\u2019\u00e9lection.<\/b><\/p>\n<p>Le scrutin \u2013 majoritaire \u00e0 deux tours \u2013 se d\u00e9roule \u00e0 bulletin secret. Les \u00e9lecteurs \u00e9lisent deux d\u00e9l\u00e9gu\u00e9s titulaires et deux suppl\u00e9ants. En cas d&rsquo;\u00e9galit\u00e9 de voix, le plus jeune candidat est d\u00e9clar\u00e9 \u00e9lu. Par ailleurs, un \u00e9l\u00e8ve qui n&rsquo;a pas pr\u00e9sent\u00e9 sa candidature peut \u00eatre \u00e9lu s&rsquo;il obtient un nombre suffisant de voix et s&rsquo;il accepte de devenir d\u00e9l\u00e9gu\u00e9.<\/p>\n<h2><strong><span style=\"color: #ffcc00\">QUELS SONT LEURS DROITS ET DEVOIRS ?<\/span><\/strong><\/h2>\n<p>Pour mener \u00e0 bien leurs missions, les d\u00e9l\u00e9gu\u00e9s de classe disposent d\u2019un certain nombre de droits\u00a0:\u00a0<b>droit d&rsquo;expression, de r\u00e9union et de publication<\/b>. Ils peuvent par exemple r\u00e9unir les \u00e9l\u00e8ves pour pr\u00e9parer le conseil de classe.<\/p>\n<p>Inversement, les d\u00e9l\u00e9gu\u00e9s doivent respecter un certain nombre de r\u00e8gles. Ils ont un devoir de loyaut\u00e9 et d\u2019impartialit\u00e9. Ils doivent \u00e9galement veiller \u00e0 la confidentialit\u00e9 des informations personnelles dont ils pourraient avoir connaissance.<\/p>\n<h2><strong><span style=\"color: #ffcc00\">QUELLES DOIVENT \u00caTRE LEURS PRINCIPALES QUALIT\u00c9S ?<\/span><\/strong><\/h2>\n<p>Les d\u00e9l\u00e9gu\u00e9s servent de relais entre les \u00e9l\u00e8ves, qu\u2019ils repr\u00e9sentent, et les autres acteurs de la communaut\u00e9 \u00e9ducative (professeurs, personnels non enseignants, direction, parents d\u2019\u00e9l\u00e8ves). Ils doivent donc faire preuve de s\u00e9rieux et de conviction.<\/p>\n<p>Ils doivent \u00eatre \u00e9galement\u00a0<b>\u00e0 l\u2019\u00e9coute de leurs camarades<\/b>, en les consultant et en recueillant leurs avis lors de r\u00e9unions et de d\u00e9bats.<\/p>\n<p><strong>Ils doivent \u00eatre des animateurs<\/strong>, ce qui implique qu\u2019ils doivent <strong>savoir prendre la parole et argumenter en public<\/strong>. Ce n\u2019est pas un exercice facile. Pour \u00eatre convaincants, les d\u00e9l\u00e9gu\u00e9s doivent s\u2019efforcer de parler de fa\u00e7on claire, calme et pos\u00e9e. Pr\u00e9parer \u00e0 l\u2019avance un discours en notant les points principaux \u00e0 aborder peut les aider \u00e0 structurer leur pens\u00e9e.<\/p>\n<p>En cas de conflit entre \u00e9l\u00e8ves, les d\u00e9l\u00e9gu\u00e9s de classe ne doivent pas prendre position pour l\u2019une ou l\u2019autre des parties. Ils peuvent en revanche intervenir pour att\u00e9nuer les tensions. Enfin, les d\u00e9l\u00e9gu\u00e9s doivent faire preuve d\u2019objectivit\u00e9, en tenant compte du point de vue de l\u2019ensemble de la classe.<\/p>\n<p><a href=\"https:\/\/etab.ac-reunion.fr\/lyc-lepervanche\/wp-content\/uploads\/sites\/17\/2020\/03\/Capture-d\u2019e\u0301cran-2020-03-24-a\u0300-17.37.27.png\"><img loading=\"lazy\" decoding=\"async\" class=\"aligncenter size-large wp-image-6498\" src=\"https:\/\/etab.ac-reunion.fr\/lyc-lepervanche\/wp-content\/uploads\/sites\/17\/2020\/03\/Capture-d\u2019e\u0301cran-2020-03-24-a\u0300-17.37.27-837x1024.png\" alt=\"\" width=\"837\" height=\"1024\" srcset=\"https:\/\/etab.ac-reunion.fr\/lyc-lepervanche\/wp-content\/uploads\/sites\/17\/2020\/03\/Capture-d\u2019e\u0301cran-2020-03-24-a\u0300-17.37.27-837x1024.png 837w, https:\/\/etab.ac-reunion.fr\/lyc-lepervanche\/wp-content\/uploads\/sites\/17\/2020\/03\/Capture-d\u2019e\u0301cran-2020-03-24-a\u0300-17.37.27-245x300.png 245w, https:\/\/etab.ac-reunion.fr\/lyc-lepervanche\/wp-content\/uploads\/sites\/17\/2020\/03\/Capture-d\u2019e\u0301cran-2020-03-24-a\u0300-17.37.27-768x939.png 768w, https:\/\/etab.ac-reunion.fr\/lyc-lepervanche\/wp-content\/uploads\/sites\/17\/2020\/03\/Capture-d\u2019e\u0301cran-2020-03-24-a\u0300-17.37.27-480x587.png 480w, https:\/\/etab.ac-reunion.fr\/lyc-lepervanche\/wp-content\/uploads\/sites\/17\/2020\/03\/Capture-d\u2019e\u0301cran-2020-03-24-a\u0300-17.37.27.png 898w\" sizes=\"(max-width: 837px) 100vw, 837px\" \/><\/a><\/p>\n<!-- AddThis Advanced Settings generic via filter on the_content --><!-- AddThis Share Buttons generic via filter on the_content -->","protected":false},"excerpt":{"rendered":"<p>&nbsp; QUEL EST LEUR R\u00d4LE ? Les d\u00e9l\u00e9gu\u00e9s de classe ont pour principale mission de\u00a0repr\u00e9senter les \u00e9l\u00e8ves aupr\u00e8s des enseignants et des personnels d&rsquo;\u00e9ducation.\u00a0 Ils doivent \u00eatre les porte-parole d\u2019une classe quelles que soient les affinit\u00e9s qu\u2019on a dans la classe. Les d\u00e9l\u00e9gu\u00e9s participent notamment aux\u00a0conseils de classe\u00a0et aux\u00a0conseils de discipline. Tout au long de [&hellip;]<!-- AddThis Advanced Settings generic via filter on get_the_excerpt --><!-- AddThis Share Buttons generic via filter on get_the_excerpt --><\/p>\n","protected":false},"author":15058,"featured_media":0,"parent":0,"menu_order":0,"comment_status":"closed","ping_status":"closed","template":"","meta":{"_et_pb_use_builder":"","_et_pb_old_content":"","_et_gb_content_width":"","footnotes":""},"class_list":["post-3984","page","type-page","status-publish","hentry"],"_links":{"self":[{"href":"https:\/\/etab.ac-reunion.fr\/lyc-lepervanche\/wp-json\/wp\/v2\/pages\/3984","targetHints":{"allow":["GET"]}}],"collection":[{"href":"https:\/\/etab.ac-reunion.fr\/lyc-lepervanche\/wp-json\/wp\/v2\/pages"}],"about":[{"href":"https:\/\/etab.ac-reunion.fr\/lyc-lepervanche\/wp-json\/wp\/v2\/types\/page"}],"author":[{"embeddable":true,"href":"https:\/\/etab.ac-reunion.fr\/lyc-lepervanche\/wp-json\/wp\/v2\/users\/15058"}],"replies":[{"embeddable":true,"href":"https:\/\/etab.ac-reunion.fr\/lyc-lepervanche\/wp-json\/wp\/v2\/comments?post=3984"}],"version-history":[{"count":4,"href":"https:\/\/etab.ac-reunion.fr\/lyc-lepervanche\/wp-json\/wp\/v2\/pages\/3984\/revisions"}],"predecessor-version":[{"id":6499,"href":"https:\/\/etab.ac-reunion.fr\/lyc-lepervanche\/wp-json\/wp\/v2\/pages\/3984\/revisions\/6499"}],"wp:attachment":[{"href":"https:\/\/etab.ac-reunion.fr\/lyc-lepervanche\/wp-json\/wp\/v2\/media?parent=3984"}],"curies":[{"name":"wp","href":"https:\/\/api.w.org\/{rel}","templated":true}]}}