{"id":3985,"date":"2017-09-07T09:46:58","date_gmt":"2017-09-07T05:46:58","guid":{"rendered":"http:\/\/lycee-lepervanche.ac-reunion.fr\/?page_id=3985"},"modified":"2021-01-12T19:03:43","modified_gmt":"2021-01-12T15:03:43","slug":"representants-au-c-a","status":"publish","type":"page","link":"https:\/\/etab.ac-reunion.fr\/lyc-lepervanche\/representants-au-c-a\/","title":{"rendered":"Repr\u00e9sentants au C.A"},"content":{"rendered":"<p><a href=\"https:\/\/etab.ac-reunion.fr\/lyc-lepervanche\/wp-content\/uploads\/sites\/17\/2020\/03\/conseil.jpg\"><img loading=\"lazy\" decoding=\"async\" class=\"aligncenter size-full wp-image-6505\" src=\"https:\/\/etab.ac-reunion.fr\/lyc-lepervanche\/wp-content\/uploads\/sites\/17\/2020\/03\/conseil.jpg\" alt=\"\" width=\"988\" height=\"294\" srcset=\"https:\/\/etab.ac-reunion.fr\/lyc-lepervanche\/wp-content\/uploads\/sites\/17\/2020\/03\/conseil.jpg 988w, https:\/\/etab.ac-reunion.fr\/lyc-lepervanche\/wp-content\/uploads\/sites\/17\/2020\/03\/conseil-980x292.jpg 980w, https:\/\/etab.ac-reunion.fr\/lyc-lepervanche\/wp-content\/uploads\/sites\/17\/2020\/03\/conseil-480x143.jpg 480w\" sizes=\"(min-width: 0px) and (max-width: 480px) 480px, (min-width: 481px) and (max-width: 980px) 980px, (min-width: 981px) 988px, 100vw\" \/><\/a><\/p>\n<ul>\n<li>\n<h1><b>Le conseil d&rsquo;administration<\/b><\/h1>\n<\/li>\n<\/ul>\n<p><b>Composition<\/b><br \/>\nLe conseil d&rsquo;administration des coll\u00e8ges et des lyc\u00e9es est compos\u00e9 du chef d&rsquo;\u00e9tablissement, pr\u00e9sident; de chef d&rsquo;\u00e9tablissement adjoint, de l&rsquo;adjoint gestionnaire, du conseiller principal d&rsquo;\u00e9ducation le plus ancien, du DDFPT (Directeur D\u00e9l\u00e9gu\u00e9 aux Formations Professionnelles et Technologiques, d&rsquo;un repr\u00e9sentant de la collectivit\u00e9 de rattachement, de trois repr\u00e9sentants de la commune, d&rsquo;une ou deux personnalit\u00e9s qualifi\u00e9es, de repr\u00e9sentants \u00e9lus des personnels de l&rsquo;\u00e9tablissement, de repr\u00e9sentants \u00e9lus des parents d&rsquo;\u00e9l\u00e8ves et des \u00e9l\u00e8ves.<\/p>\n<p><b>Missions<\/b><br \/>\nEn qualit\u00e9 d&rsquo;organe d\u00e9lib\u00e9ratif de l&rsquo;\u00e9tablissement, le conseil d&rsquo;administration, sur le rapport du chef d&rsquo;\u00e9tablissement :<\/p>\n<ul>\n<li>Fixe les principes de mise en \u0153uvre de l&rsquo;autonomie p\u00e9dagogique et \u00e9ducative dont disposent les \u00e9tablissements<\/li>\n<li>Adopte le projet d&rsquo;\u00e9tablissement\u00a0et approuve le contrat d&rsquo;objectif, le r\u00e8glement int\u00e9rieur de l&rsquo;\u00e9tablissement, le budget et le compte financier de l&rsquo;\u00e9tablissement le r\u00e8glement int\u00e9rieur de l&rsquo;\u00e9tablissement, son budget<\/li>\n<li>D\u00e9lib\u00e8re chaque ann\u00e9e sur le rapport relatif au fonctionnement p\u00e9dagogique de l&rsquo;\u00e9tablissement et \u00e0 ses conditions mat\u00e9rielles de fonctionnement<\/li>\n<\/ul>\n<p><a class=\"chevron\" title=\"nouvelle fen\u00eatre vers Legifrance : code de l'\u00e9ducation - articles R-421-14 \u00e0 36\" href=\"http:\/\/www.legifrance.gouv.fr\/affichCode.do;jsessionid=DC1834644912E51677E85E1FD0490D96.tpdjo11v_2?idSectionTA=LEGISCTA000018380758&amp;cidTexte=LEGITEXT000006071191&amp;dateTexte=20121102\" target=\"_blank\" rel=\"noopener noreferrer\">Texte de r\u00e9f\u00e9rence<\/a><\/p>\n<ul>\n<li><b>La commission permanente<\/b><\/li>\n<\/ul>\n<p><b>Composition<br \/>\n<\/b>La commission permanente dans les coll\u00e8ges et lyc\u00e9es est compos\u00e9e du chef d&rsquo;\u00e9tablissement, du chef d&rsquo;\u00e9tablissement adjoint, du gestionnaire de l&rsquo;\u00e9tablissement, d&rsquo;un repr\u00e9sentant de la collectivit\u00e9 territoriale de rattachement, de repr\u00e9sentants \u00e9lus des personnels, de repr\u00e9sentants \u00e9lus des parents d&rsquo;\u00e9l\u00e8ves, de repr\u00e9sentants \u00e9lus des \u00e9l\u00e8ves.<\/p>\n<p><b>Missions<\/b><br \/>\nLa commission permanente instruit les questions soumises \u00e0 l&rsquo;examen du conseil d&rsquo;administration.<br \/>\n<a class=\"chevron\" title=\"nouvelle fen\u00eatre vers Legifrance : code de l'\u00e9ducation - Articles R 421-37 \u00e0 41\" href=\"http:\/\/www.legifrance.gouv.fr\/affichCode.do;jsessionid=DC1834644912E51677E85E1FD0490D96.tpdjo11v_2?idSectionTA=LEGISCTA000018380702&amp;cidTexte=LEGITEXT000006071191&amp;dateTexte=20121102\" target=\"_blank\" rel=\"noopener noreferrer\">Texte de r\u00e9f\u00e9rence<\/a><\/p>\n<!-- AddThis Advanced Settings generic via filter on the_content --><!-- AddThis Share Buttons generic via filter on the_content -->","protected":false},"excerpt":{"rendered":"<p>Le conseil d&rsquo;administration Composition Le conseil d&rsquo;administration des coll\u00e8ges et des lyc\u00e9es est compos\u00e9 du chef d&rsquo;\u00e9tablissement, pr\u00e9sident; de chef d&rsquo;\u00e9tablissement adjoint, de l&rsquo;adjoint gestionnaire, du conseiller principal d&rsquo;\u00e9ducation le plus ancien, du DDFPT (Directeur D\u00e9l\u00e9gu\u00e9 aux Formations Professionnelles et Technologiques, d&rsquo;un repr\u00e9sentant de la collectivit\u00e9 de rattachement, de trois repr\u00e9sentants de la commune, d&rsquo;une [&hellip;]<!-- AddThis Advanced Settings generic via filter on get_the_excerpt --><!-- AddThis Share Buttons generic via filter on get_the_excerpt --><\/p>\n","protected":false},"author":15058,"featured_media":4082,"parent":0,"menu_order":0,"comment_status":"closed","ping_status":"closed","template":"","meta":{"_et_pb_use_builder":"","_et_pb_old_content":"","_et_gb_content_width":"","footnotes":""},"class_list":["post-3985","page","type-page","status-publish","has-post-thumbnail","hentry"],"_links":{"self":[{"href":"https:\/\/etab.ac-reunion.fr\/lyc-lepervanche\/wp-json\/wp\/v2\/pages\/3985","targetHints":{"allow":["GET"]}}],"collection":[{"href":"https:\/\/etab.ac-reunion.fr\/lyc-lepervanche\/wp-json\/wp\/v2\/pages"}],"about":[{"href":"https:\/\/etab.ac-reunion.fr\/lyc-lepervanche\/wp-json\/wp\/v2\/types\/page"}],"author":[{"embeddable":true,"href":"https:\/\/etab.ac-reunion.fr\/lyc-lepervanche\/wp-json\/wp\/v2\/users\/15058"}],"replies":[{"embeddable":true,"href":"https:\/\/etab.ac-reunion.fr\/lyc-lepervanche\/wp-json\/wp\/v2\/comments?post=3985"}],"version-history":[{"count":4,"href":"https:\/\/etab.ac-reunion.fr\/lyc-lepervanche\/wp-json\/wp\/v2\/pages\/3985\/revisions"}],"predecessor-version":[{"id":6506,"href":"https:\/\/etab.ac-reunion.fr\/lyc-lepervanche\/wp-json\/wp\/v2\/pages\/3985\/revisions\/6506"}],"wp:featuredmedia":[{"embeddable":true,"href":"https:\/\/etab.ac-reunion.fr\/lyc-lepervanche\/wp-json\/wp\/v2\/media\/4082"}],"wp:attachment":[{"href":"https:\/\/etab.ac-reunion.fr\/lyc-lepervanche\/wp-json\/wp\/v2\/media?parent=3985"}],"curies":[{"name":"wp","href":"https:\/\/api.w.org\/{rel}","templated":true}]}}