{"id":4088,"date":"2017-09-16T03:30:10","date_gmt":"2017-09-15T23:30:10","guid":{"rendered":"http:\/\/lycee-lepervanche.ac-reunion.fr\/?page_id=4088"},"modified":"2023-06-19T09:42:27","modified_gmt":"2023-06-19T05:42:27","slug":"3-pep","status":"publish","type":"page","link":"https:\/\/etab.ac-reunion.fr\/lyc-lepervanche\/3-pep\/","title":{"rendered":"3e Pr\u00e9pa M\u00e9tiers"},"content":{"rendered":"<h1><strong><a href=\"https:\/\/etab.ac-reunion.fr\/lyc-lepervanche\/wp-content\/uploads\/sites\/17\/2020\/03\/3-PEP-bandeau.png\"><img loading=\"lazy\" decoding=\"async\" class=\"aligncenter size-large wp-image-6471\" src=\"https:\/\/etab.ac-reunion.fr\/lyc-lepervanche\/wp-content\/uploads\/sites\/17\/2020\/03\/3-PEP-bandeau-1024x321.png\" alt=\"\" width=\"1024\" height=\"321\" srcset=\"https:\/\/etab.ac-reunion.fr\/lyc-lepervanche\/wp-content\/uploads\/sites\/17\/2020\/03\/3-PEP-bandeau-980x307.png 980w, https:\/\/etab.ac-reunion.fr\/lyc-lepervanche\/wp-content\/uploads\/sites\/17\/2020\/03\/3-PEP-bandeau-480x150.png 480w\" sizes=\"(min-width: 0px) and (max-width: 480px) 480px, (min-width: 481px) and (max-width: 980px) 980px, (min-width: 981px) 1024px, 100vw\" \/><\/a><\/strong><\/h1>\n<h1><strong>3\u00e8me Pr\u00e9pa M\u00e9tiers<\/strong><\/h1>\n<p>Au cours du cycle 4, dans le cadre de l&rsquo;\u00e9laboration de leur parcours Avenir (parcours individuel d&rsquo;information, d&rsquo;orientation et de d\u00e9couverte du monde \u00e9conomique et professionnel), les \u00e9l\u00e8ves volontaires des classes de troisi\u00e8me de coll\u00e8ge peuvent b\u00e9n\u00e9ficier, apr\u00e8s accord de leurs repr\u00e9sentants l\u00e9gaux, d&rsquo;une organisation sp\u00e9cifique des enseignements appel\u00e9e \u00ab 3e Pr\u00e9pa M\u00e9tiers\u00bb qui a pour objectif d&rsquo;accompagner vers la r\u00e9ussite scolaire des \u00e9l\u00e8ves pr\u00eats \u00e0 se remobiliser pour la construction de leur projet personnel de poursuite d&rsquo;\u00e9tudes dans les diff\u00e9rentes voies de formation.<\/p>\n<p>Extrait de l\u2019arr\u00eat\u00e9 du 2-2-2016 paru au JO du 5-2-2016<\/p>\n<div class=\"attribute-short\">La 3e Pr\u00e9pa M\u00e9tiers permet de pr\u00e9parer, en lyc\u00e9e professionnel, avec un enseignement adapt\u00e9, une orientation en CAP ou en BAC PRO.<\/div>\n<div class=\"attribute-long\">\n<div class=\"factbox object-right\">\n<div class=\"factbox-header\">\n<h2>Plus d&rsquo;infos<\/h2>\n<\/div>\n<\/div>\n<p>La 3e Pr\u00e9pa M\u00e9tiers permet de d\u00e9couvrir les diff\u00e9rents secteurs professionnels, le monde de l&rsquo;entreprise afin de pr\u00e9parer l&rsquo;orientation en CAP ou en BAC PRO en fin d&rsquo;ann\u00e9e scolaire.<\/p>\n<p>Les \u00e9l\u00e8ves ont 6h de D\u00e9couverte Professionnelle par semaine : 2 fois 3h dans les ateliers pour d\u00e9couvrir les diff\u00e9rentes fili\u00e8res que propose le LP L\u00e9on de L\u00e9pervanche.<\/p>\n<p>&nbsp;<\/p>\n<\/div>\n<p>10 Fili\u00e8res propos\u00e9es :<\/p>\n<ul>\n<li>Art et Techniques de la Bijouterie-Joaillerie : option Bijouterie Joaillerie<\/li>\n<li>R\u00e9paration des Carrosseries et Peinture en Carrosserie<\/li>\n<li>Maintenance des V\u00e9hicules : Motocycles et Automobiles<\/li>\n<li>Maintenance des Equipements Industriels<\/li>\n<li>Electrotechnique<\/li>\n<li>R\u00e9alisation en Chaudronnerie Industrielle<\/li>\n<li>Accompagnement Soins et Services \u00e0 la Personne et Petite Enfance<\/li>\n<li>Gestion Administration<\/li>\n<li>Maritime et Maintenance Nautique<\/li>\n<li>M\u00e9tiers de la Relation Client<\/li>\n<\/ul>\n<p>&nbsp;<\/p>\n<!-- AddThis Advanced Settings generic via filter on the_content --><!-- AddThis Share Buttons generic via filter on the_content -->","protected":false},"excerpt":{"rendered":"<p>3\u00e8me Pr\u00e9pa M\u00e9tiers Au cours du cycle 4, dans le cadre de l&rsquo;\u00e9laboration de leur parcours Avenir (parcours individuel d&rsquo;information, d&rsquo;orientation et de d\u00e9couverte du monde \u00e9conomique et professionnel), les \u00e9l\u00e8ves volontaires des classes de troisi\u00e8me de coll\u00e8ge peuvent b\u00e9n\u00e9ficier, apr\u00e8s accord de leurs repr\u00e9sentants l\u00e9gaux, d&rsquo;une organisation sp\u00e9cifique des enseignements appel\u00e9e \u00ab 3e Pr\u00e9pa [&hellip;]<!-- AddThis Advanced Settings generic via filter on get_the_excerpt --><!-- AddThis Share Buttons generic via filter on get_the_excerpt --><\/p>\n","protected":false},"author":15058,"featured_media":4100,"parent":0,"menu_order":0,"comment_status":"closed","ping_status":"closed","template":"","meta":{"_et_pb_use_builder":"","_et_pb_old_content":"","_et_gb_content_width":"","footnotes":""},"class_list":["post-4088","page","type-page","status-publish","has-post-thumbnail","hentry"],"_links":{"self":[{"href":"https:\/\/etab.ac-reunion.fr\/lyc-lepervanche\/wp-json\/wp\/v2\/pages\/4088","targetHints":{"allow":["GET"]}}],"collection":[{"href":"https:\/\/etab.ac-reunion.fr\/lyc-lepervanche\/wp-json\/wp\/v2\/pages"}],"about":[{"href":"https:\/\/etab.ac-reunion.fr\/lyc-lepervanche\/wp-json\/wp\/v2\/types\/page"}],"author":[{"embeddable":true,"href":"https:\/\/etab.ac-reunion.fr\/lyc-lepervanche\/wp-json\/wp\/v2\/users\/15058"}],"replies":[{"embeddable":true,"href":"https:\/\/etab.ac-reunion.fr\/lyc-lepervanche\/wp-json\/wp\/v2\/comments?post=4088"}],"version-history":[{"count":13,"href":"https:\/\/etab.ac-reunion.fr\/lyc-lepervanche\/wp-json\/wp\/v2\/pages\/4088\/revisions"}],"predecessor-version":[{"id":12277,"href":"https:\/\/etab.ac-reunion.fr\/lyc-lepervanche\/wp-json\/wp\/v2\/pages\/4088\/revisions\/12277"}],"wp:featuredmedia":[{"embeddable":true,"href":"https:\/\/etab.ac-reunion.fr\/lyc-lepervanche\/wp-json\/wp\/v2\/media\/4100"}],"wp:attachment":[{"href":"https:\/\/etab.ac-reunion.fr\/lyc-lepervanche\/wp-json\/wp\/v2\/media?parent=4088"}],"curies":[{"name":"wp","href":"https:\/\/api.w.org\/{rel}","templated":true}]}}