{"id":4408,"date":"2017-12-12T17:05:35","date_gmt":"2017-12-12T13:05:35","guid":{"rendered":"http:\/\/lycee-lepervanche.ac-reunion.fr\/?page_id=4408"},"modified":"2021-01-13T17:18:19","modified_gmt":"2021-01-13T13:18:19","slug":"assistance-sociale","status":"publish","type":"page","link":"https:\/\/etab.ac-reunion.fr\/lyc-lepervanche\/assistance-sociale\/","title":{"rendered":"CESC &#8211; Comit\u00e9 d&rsquo;Education \u00e0 la Sant\u00e9 et \u00e0 la Citoyennet\u00e9"},"content":{"rendered":"<p><a href=\"https:\/\/etab.ac-reunion.fr\/lyc-lepervanche\/wp-content\/uploads\/sites\/17\/2021\/01\/CESC-1.png\"><img loading=\"lazy\" decoding=\"async\" class=\"aligncenter wp-image-8073\" src=\"https:\/\/etab.ac-reunion.fr\/lyc-lepervanche\/wp-content\/uploads\/sites\/17\/2021\/01\/CESC-1.png\" alt=\"\" width=\"787\" height=\"253\" srcset=\"https:\/\/etab.ac-reunion.fr\/lyc-lepervanche\/wp-content\/uploads\/sites\/17\/2021\/01\/CESC-1.png 787w, https:\/\/etab.ac-reunion.fr\/lyc-lepervanche\/wp-content\/uploads\/sites\/17\/2021\/01\/CESC-1-480x155.png 480w\" sizes=\"(min-width: 0px) and (max-width: 480px) 480px, (min-width: 481px) 787px, 100vw\" \/><\/a><\/p>\n<p>&nbsp;<\/p>\n<p><span style=\"color: #666699\"><strong>Le CESC : sa composition, ses missions<\/strong><\/span><\/p>\n<p>Le comit\u00e9 d&rsquo;\u00e9ducation \u00e0 la sant\u00e9 et \u00e0 la citoyennet\u00e9 (CESC) s&rsquo;inscrit dans le pilotage de chaque \u00e9tablissement scolaire du second degr\u00e9.<\/p>\n<p>C&rsquo;est une instance de r\u00e9flexion, d&rsquo;observation et de proposition qui con\u00e7oit, met en \u0153uvre et \u00e9value un projet \u00e9ducatif en mati\u00e8re d&rsquo;\u00e9ducation \u00e0 la citoyennet\u00e9 et \u00e0 la sant\u00e9 et de pr\u00e9vention de la violence, int\u00e9gr\u00e9 au projet d&rsquo;\u00e9tablissement.<\/p>\n<p>Le CESC organise \u00e9galement le partenariat en fonction des probl\u00e9matiques \u00e9ducatives \u00e0 traiter.<\/p>\n<p>Pour en savoir plus :\u00a0 \u00a0<a href=\"https:\/\/eduscol.education.fr\/cid46871\/le-cesc-sa-composition-ses-missions.html\">https:\/\/eduscol.education.fr\/cid46871\/le-cesc-sa-composition-ses-missions.html<\/a><\/p>\n<p>&nbsp;<\/p>\n<p>&nbsp;<\/p>\n<p>&nbsp;<\/p>\n<!-- AddThis Advanced Settings generic via filter on the_content --><!-- AddThis Share Buttons generic via filter on the_content -->","protected":false},"excerpt":{"rendered":"<p>&nbsp; Le CESC : sa composition, ses missions Le comit\u00e9 d&rsquo;\u00e9ducation \u00e0 la sant\u00e9 et \u00e0 la citoyennet\u00e9 (CESC) s&rsquo;inscrit dans le pilotage de chaque \u00e9tablissement scolaire du second degr\u00e9. C&rsquo;est une instance de r\u00e9flexion, d&rsquo;observation et de proposition qui con\u00e7oit, met en \u0153uvre et \u00e9value un projet \u00e9ducatif en mati\u00e8re d&rsquo;\u00e9ducation \u00e0 la citoyennet\u00e9 [&hellip;]<!-- AddThis Advanced Settings generic via filter on get_the_excerpt --><!-- AddThis Share Buttons generic via filter on get_the_excerpt --><\/p>\n","protected":false},"author":15058,"featured_media":0,"parent":0,"menu_order":0,"comment_status":"closed","ping_status":"closed","template":"","meta":{"_et_pb_use_builder":"","_et_pb_old_content":"","_et_gb_content_width":"","footnotes":""},"class_list":["post-4408","page","type-page","status-publish","hentry"],"_links":{"self":[{"href":"https:\/\/etab.ac-reunion.fr\/lyc-lepervanche\/wp-json\/wp\/v2\/pages\/4408","targetHints":{"allow":["GET"]}}],"collection":[{"href":"https:\/\/etab.ac-reunion.fr\/lyc-lepervanche\/wp-json\/wp\/v2\/pages"}],"about":[{"href":"https:\/\/etab.ac-reunion.fr\/lyc-lepervanche\/wp-json\/wp\/v2\/types\/page"}],"author":[{"embeddable":true,"href":"https:\/\/etab.ac-reunion.fr\/lyc-lepervanche\/wp-json\/wp\/v2\/users\/15058"}],"replies":[{"embeddable":true,"href":"https:\/\/etab.ac-reunion.fr\/lyc-lepervanche\/wp-json\/wp\/v2\/comments?post=4408"}],"version-history":[{"count":7,"href":"https:\/\/etab.ac-reunion.fr\/lyc-lepervanche\/wp-json\/wp\/v2\/pages\/4408\/revisions"}],"predecessor-version":[{"id":8075,"href":"https:\/\/etab.ac-reunion.fr\/lyc-lepervanche\/wp-json\/wp\/v2\/pages\/4408\/revisions\/8075"}],"wp:attachment":[{"href":"https:\/\/etab.ac-reunion.fr\/lyc-lepervanche\/wp-json\/wp\/v2\/media?parent=4408"}],"curies":[{"name":"wp","href":"https:\/\/api.w.org\/{rel}","templated":true}]}}