{"id":4413,"date":"2017-12-12T17:10:03","date_gmt":"2017-12-12T13:10:03","guid":{"rendered":"http:\/\/lycee-lepervanche.ac-reunion.fr\/?page_id=4413"},"modified":"2022-08-16T15:19:24","modified_gmt":"2022-08-16T11:19:24","slug":"assistance-sociale-2","status":"publish","type":"page","link":"https:\/\/etab.ac-reunion.fr\/lyc-lepervanche\/services-de-sante-et-social\/assistance-sociale-2\/","title":{"rendered":"Assistance Sociale"},"content":{"rendered":"<p><strong>Assistance Sociale<br \/>\n<\/strong><\/p>\n<p>Pour la contacter : Rachel.pelmard@ac-reunion.fr<\/p>\n<p>Permanence au lyc\u00e9e :<\/p>\n<ul>\n<li>lundi et jeudi de 7h45 \u00e0 16h00<\/li>\n<li>\u00bd mercredi de 7h45 \u00e0 12h30<\/li>\n<li>Joignable au poste : 75 55<\/li>\n<\/ul>\n<p>&nbsp;<\/p>\n<p><span style=\"color: #ff0000\"><strong>ACCUEIL AUX FAMILLES sur RDV :\u00a0<\/strong> <strong>Lundi et jeudi matin de 8h \u00e0 12h<\/strong><\/span><\/p>\n<p>&nbsp;<\/p>\n<p>Les missions du service social en faveur des \u00e9l\u00e8ves (circulaire n\u00b0 2017-055 du 22-3-2017 MENESR &#8211; DGESCO B3-1) :<\/p>\n<p>Contribuer \u00e0 la pr\u00e9vention de l&rsquo;\u00e9chec scolaire, de l&rsquo;absent\u00e9isme et du d\u00e9crochage en agissant sur les facteurs sociaux et \u00e9ducatifs \u00e0 l&rsquo;origine des difficult\u00e9s, en proposant un accompagnement social, en facilitant, si besoin est, une intervention pr\u00e9coce d&rsquo;autres services sp\u00e9cialis\u00e9s ;<\/p>\n<p>Contribuer \u00e0 la protection de l&rsquo;enfance et des mineurs en danger dans le cadre des protocoles et conventions en vigueur et apporter tout conseil \u00e0 l&rsquo;institution dans ce domaine ;<\/p>\n<p>Contribuer \u00e0 l&rsquo;am\u00e9lioration du climat scolaire en participant \u00e0 la pr\u00e9vention des violences et du harc\u00e8lement sous toutes leurs formes, en soutenant les \u00e9l\u00e8ves (victimes comme auteurs), en assurant une m\u00e9diation dans les situations de tensions, conflits et ruptures de dialogue ;<\/p>\n<p>Participer \u00e0 l&rsquo;\u00e9ducation \u00e0 la sant\u00e9 et \u00e0 la citoyennet\u00e9, favoriser l&rsquo;acc\u00e8s aux droits ;<\/p>\n<p>Concourir \u00e0 l&rsquo;inclusion scolaire des \u00e9l\u00e8ves en situation de handicap ou \u00e0 besoins particuliers en participant \u00e0 leur accueil, \u00e0 leur information et \u00e0 leur accompagnement, en lien avec les parents et les professionnels en charge de leur suivi ;<\/p>\n<p>Participer \u00e0 l&rsquo;orientation et au suivi des \u00e9l\u00e8ves devant b\u00e9n\u00e9ficier d&rsquo;une orientation sp\u00e9cifique ;<\/p>\n<p>Soutenir et accompagner les parents dans leur fonction \u00e9ducative, mettre en place des actions de soutien \u00e0 la parentalit\u00e9 dans le cadre de la scolarit\u00e9 et concourir au renforcement de la coop\u00e9ration entre l&rsquo;\u00e9cole et les parents, notamment avec les parents les plus \u00e9loign\u00e9s de la culture scolaire, en mobilisant si besoin le r\u00e9seau partenarial ;<\/p>\n<p>Participer \u00e0 la formation initiale et continue des travailleurs sociaux, en lien avec les \u00e9tablissements de formation.<\/p>\n<p><a href=\"https:\/\/etab.ac-reunion.fr\/lyc-lepervanche\/wp-content\/uploads\/sites\/17\/2020\/09\/Presentation-mission-CTSS.pdf\" target=\"_blank\" rel=\"noopener\">Pr\u00e9sentation missions CTSS<\/a><\/p>\n<p><a href=\"https:\/\/etab.ac-reunion.fr\/lyc-lepervanche\/wp-content\/uploads\/sites\/17\/2022\/08\/Demande-Fonds-Social-2022.docx\" target=\"_blank\" rel=\"noopener\">Demande Fonds Social 2022<\/a><\/p>\n<!-- AddThis Advanced Settings generic via filter on the_content --><!-- AddThis Share Buttons generic via filter on the_content -->","protected":false},"excerpt":{"rendered":"<p>Assistance Sociale Pour la contacter : Rachel.pelmard@ac-reunion.fr Permanence au lyc\u00e9e : lundi et jeudi de 7h45 \u00e0 16h00 \u00bd mercredi de 7h45 \u00e0 12h30 Joignable au poste : 75 55 &nbsp; ACCUEIL AUX FAMILLES sur RDV :\u00a0 Lundi et jeudi matin de 8h \u00e0 12h &nbsp; Les missions du service social en faveur des \u00e9l\u00e8ves [&hellip;]<!-- AddThis Advanced Settings generic via filter on get_the_excerpt --><!-- AddThis Share Buttons generic via filter on get_the_excerpt --><\/p>\n","protected":false},"author":15058,"featured_media":0,"parent":2217,"menu_order":0,"comment_status":"closed","ping_status":"closed","template":"","meta":{"_et_pb_use_builder":"","_et_pb_old_content":"","_et_gb_content_width":"","footnotes":""},"class_list":["post-4413","page","type-page","status-publish","hentry"],"_links":{"self":[{"href":"https:\/\/etab.ac-reunion.fr\/lyc-lepervanche\/wp-json\/wp\/v2\/pages\/4413","targetHints":{"allow":["GET"]}}],"collection":[{"href":"https:\/\/etab.ac-reunion.fr\/lyc-lepervanche\/wp-json\/wp\/v2\/pages"}],"about":[{"href":"https:\/\/etab.ac-reunion.fr\/lyc-lepervanche\/wp-json\/wp\/v2\/types\/page"}],"author":[{"embeddable":true,"href":"https:\/\/etab.ac-reunion.fr\/lyc-lepervanche\/wp-json\/wp\/v2\/users\/15058"}],"replies":[{"embeddable":true,"href":"https:\/\/etab.ac-reunion.fr\/lyc-lepervanche\/wp-json\/wp\/v2\/comments?post=4413"}],"version-history":[{"count":7,"href":"https:\/\/etab.ac-reunion.fr\/lyc-lepervanche\/wp-json\/wp\/v2\/pages\/4413\/revisions"}],"predecessor-version":[{"id":10861,"href":"https:\/\/etab.ac-reunion.fr\/lyc-lepervanche\/wp-json\/wp\/v2\/pages\/4413\/revisions\/10861"}],"up":[{"embeddable":true,"href":"https:\/\/etab.ac-reunion.fr\/lyc-lepervanche\/wp-json\/wp\/v2\/pages\/2217"}],"wp:attachment":[{"href":"https:\/\/etab.ac-reunion.fr\/lyc-lepervanche\/wp-json\/wp\/v2\/media?parent=4413"}],"curies":[{"name":"wp","href":"https:\/\/api.w.org\/{rel}","templated":true}]}}