{"id":4419,"date":"2017-12-12T17:24:24","date_gmt":"2017-12-12T13:24:24","guid":{"rendered":"http:\/\/lycee-lepervanche.ac-reunion.fr\/?page_id=4419"},"modified":"2021-01-13T15:55:54","modified_gmt":"2021-01-13T11:55:54","slug":"securite-visiteurs","status":"publish","type":"page","link":"https:\/\/etab.ac-reunion.fr\/lyc-lepervanche\/securite-visiteurs\/","title":{"rendered":"S\u00e9curit\u00e9 visiteurs"},"content":{"rendered":"<p><strong><span style=\"color: #000000\">Le minist\u00e8re rappelle les consignes suivantes aux personnels de l&rsquo;\u00c9ducation nationale, aux parents d&rsquo;\u00e9l\u00e8ves et aux \u00e9l\u00e8ves\u00a0:<\/span><\/strong><\/p>\n<ul>\n<li><span style=\"color: #000000\">l&rsquo;accueil \u00e0 l&rsquo;entr\u00e9e des \u00e9coles et \u00e9tablissements scolaires est assur\u00e9 par un adulte\u00a0;<\/span><\/li>\n<li><span style=\"color: #000000\">l&rsquo;identit\u00e9 des personnes \u00e9trang\u00e8res \u00e0 l&rsquo;\u00e9tablissement est syst\u00e9matiquement v\u00e9rifi\u00e9e\u00a0;<\/span><\/li>\n<li><span style=\"color: #000000\">un contr\u00f4le visuel des sacs peut \u00eatre effectu\u00e9\u00a0;<\/span><\/li>\n<li><span style=\"color: #000000\">durant l&rsquo;ann\u00e9e scolaire, chaque \u00e9cole et chaque \u00e9tablissement scolaire doit r\u00e9aliser trois exercices de s\u00e9curit\u00e9, dont un avant les vacances de la Toussaint &#8211; prioritairement l&rsquo;exercice \u00ab\u00a0attentat intrusion\u00a0\u00bb<br \/>\n<\/span><\/li>\n<\/ul>\n<p style=\"text-align: left\">\n<p style=\"text-align: left\"><span style=\"color: #000000\">Pour en savoir plus :<\/span><\/p>\n<p><a href=\"http:\/\/www.education.gouv.fr\/cid85267\/consignes-securite-applicables-dans-les-etablissements-relevant-ministere.html\" target=\"_blank\" rel=\"noopener noreferrer\">Consignes de s\u00e9curit\u00e9 applicables dans les \u00e9tablissements relevant du minist\u00e8re<\/a><\/p>\n<p><span style=\"color: #000000\">Lecture du DICRIM (Document d&rsquo;Information Communal sur les Risques Majeurs) de la Ville du Port :<\/span><\/p>\n<p><a href=\"https:\/\/etab.ac-reunion.fr\/lyc-lepervanche\/wp-content\/uploads\/sites\/17\/2018\/08\/PPMS-DICRIM-ville-du-Port-2014.pdf\" target=\"_blank\" rel=\"noopener noreferrer\">PPMS DICRIM-ville du Port 2014<\/a><\/p>\n<p>&nbsp;<\/p>\n<p><a href=\"https:\/\/etab.ac-reunion.fr\/lyc-lepervanche\/wp-content\/uploads\/sites\/17\/2021\/01\/infographie_plansecurite_624249.jpg\"><img loading=\"lazy\" decoding=\"async\" class=\"aligncenter size-large wp-image-8050\" src=\"https:\/\/etab.ac-reunion.fr\/lyc-lepervanche\/wp-content\/uploads\/sites\/17\/2021\/01\/infographie_plansecurite_624249-512x1024.jpg\" alt=\"\" width=\"512\" height=\"1024\" srcset=\"https:\/\/etab.ac-reunion.fr\/lyc-lepervanche\/wp-content\/uploads\/sites\/17\/2021\/01\/infographie_plansecurite_624249-512x1024.jpg 512w, https:\/\/etab.ac-reunion.fr\/lyc-lepervanche\/wp-content\/uploads\/sites\/17\/2021\/01\/infographie_plansecurite_624249-480x961.jpg 480w\" sizes=\"(min-width: 0px) and (max-width: 480px) 480px, (min-width: 481px) 512px, 100vw\" \/><\/a><\/p>\n<p>&nbsp;<\/p>\n<!-- AddThis Advanced Settings generic via filter on the_content --><!-- AddThis Share Buttons generic via filter on the_content -->","protected":false},"excerpt":{"rendered":"<p>Le minist\u00e8re rappelle les consignes suivantes aux personnels de l&rsquo;\u00c9ducation nationale, aux parents d&rsquo;\u00e9l\u00e8ves et aux \u00e9l\u00e8ves\u00a0: l&rsquo;accueil \u00e0 l&rsquo;entr\u00e9e des \u00e9coles et \u00e9tablissements scolaires est assur\u00e9 par un adulte\u00a0; l&rsquo;identit\u00e9 des personnes \u00e9trang\u00e8res \u00e0 l&rsquo;\u00e9tablissement est syst\u00e9matiquement v\u00e9rifi\u00e9e\u00a0; un contr\u00f4le visuel des sacs peut \u00eatre effectu\u00e9\u00a0; durant l&rsquo;ann\u00e9e scolaire, chaque \u00e9cole et chaque \u00e9tablissement [&hellip;]<!-- AddThis Advanced Settings generic via filter on get_the_excerpt --><!-- AddThis Share Buttons generic via filter on get_the_excerpt --><\/p>\n","protected":false},"author":15058,"featured_media":0,"parent":0,"menu_order":0,"comment_status":"closed","ping_status":"closed","template":"","meta":{"_et_pb_use_builder":"","_et_pb_old_content":"","_et_gb_content_width":"","footnotes":""},"class_list":["post-4419","page","type-page","status-publish","hentry"],"_links":{"self":[{"href":"https:\/\/etab.ac-reunion.fr\/lyc-lepervanche\/wp-json\/wp\/v2\/pages\/4419","targetHints":{"allow":["GET"]}}],"collection":[{"href":"https:\/\/etab.ac-reunion.fr\/lyc-lepervanche\/wp-json\/wp\/v2\/pages"}],"about":[{"href":"https:\/\/etab.ac-reunion.fr\/lyc-lepervanche\/wp-json\/wp\/v2\/types\/page"}],"author":[{"embeddable":true,"href":"https:\/\/etab.ac-reunion.fr\/lyc-lepervanche\/wp-json\/wp\/v2\/users\/15058"}],"replies":[{"embeddable":true,"href":"https:\/\/etab.ac-reunion.fr\/lyc-lepervanche\/wp-json\/wp\/v2\/comments?post=4419"}],"version-history":[{"count":9,"href":"https:\/\/etab.ac-reunion.fr\/lyc-lepervanche\/wp-json\/wp\/v2\/pages\/4419\/revisions"}],"predecessor-version":[{"id":8051,"href":"https:\/\/etab.ac-reunion.fr\/lyc-lepervanche\/wp-json\/wp\/v2\/pages\/4419\/revisions\/8051"}],"wp:attachment":[{"href":"https:\/\/etab.ac-reunion.fr\/lyc-lepervanche\/wp-json\/wp\/v2\/media?parent=4419"}],"curies":[{"name":"wp","href":"https:\/\/api.w.org\/{rel}","templated":true}]}}