{"id":4427,"date":"2017-12-12T17:29:13","date_gmt":"2017-12-12T13:29:13","guid":{"rendered":"http:\/\/lycee-lepervanche.ac-reunion.fr\/?page_id=4427"},"modified":"2021-01-20T11:31:19","modified_gmt":"2021-01-20T07:31:19","slug":"defibrilateurs","status":"publish","type":"page","link":"https:\/\/etab.ac-reunion.fr\/lyc-lepervanche\/defibrilateurs\/","title":{"rendered":"D\u00e9fibrilateurs"},"content":{"rendered":"<p>Un <strong>d\u00e9fibrillateur automatis\u00e9 externe<\/strong> (DAE) est employ\u00e9 pour administrer une d\u00e9charge \u00e9lectrique \u00e0 une personne qui vient d\u2019avoir un arr\u00eat cardiaque. <strong>Le d\u00e9fibrillateur est con\u00e7u pour permettre \u00e0 toute personne de sauver une vie.<\/strong><\/p>\n<p><strong><a href=\"https:\/\/etab.ac-reunion.fr\/lyc-lepervanche\/wp-content\/uploads\/sites\/17\/2018\/08\/kit003.jpg\"><img loading=\"lazy\" decoding=\"async\" class=\"wp-image-5134 aligncenter\" src=\"https:\/\/etab.ac-reunion.fr\/lyc-lepervanche\/wp-content\/uploads\/sites\/17\/2018\/08\/kit003-300x300.jpg\" alt=\"\" width=\"307\" height=\"307\" srcset=\"https:\/\/etab.ac-reunion.fr\/lyc-lepervanche\/wp-content\/uploads\/sites\/17\/2018\/08\/kit003-300x300.jpg 300w, https:\/\/etab.ac-reunion.fr\/lyc-lepervanche\/wp-content\/uploads\/sites\/17\/2018\/08\/kit003-150x150.jpg 150w\" sizes=\"(max-width: 307px) 100vw, 307px\" \/><\/a><\/strong><\/p>\n<p><a href=\"https:\/\/etab.ac-reunion.fr\/lyc-lepervanche\/wp-content\/uploads\/sites\/17\/2018\/08\/reanimatie11.png\"><img loading=\"lazy\" decoding=\"async\" class=\" wp-image-5164 aligncenter\" src=\"https:\/\/etab.ac-reunion.fr\/lyc-lepervanche\/wp-content\/uploads\/sites\/17\/2018\/08\/reanimatie11-300x116.png\" alt=\"\" width=\"451\" height=\"174\" srcset=\"https:\/\/etab.ac-reunion.fr\/lyc-lepervanche\/wp-content\/uploads\/sites\/17\/2018\/08\/reanimatie11-300x116.png 300w, https:\/\/etab.ac-reunion.fr\/lyc-lepervanche\/wp-content\/uploads\/sites\/17\/2018\/08\/reanimatie11.png 904w\" sizes=\"(max-width: 451px) 100vw, 451px\" \/><\/a><\/p>\n<p>&nbsp;<\/p>\n<p><span style=\"color: #ff0000\"><strong>3 d\u00e9fibrillateurs sont disponibles au lyc\u00e9e :<\/strong><\/span><\/p>\n<ul>\n<li>A l&rsquo;accueil<\/li>\n<li>A l&rsquo;infirmerie<\/li>\n<li>Chez le DDFPT b\u00e2timent\u00a0 E<\/li>\n<\/ul>\n<p>&nbsp;<\/p>\n<p style=\"text-align: center\"><strong>Ces 3 emplacements sont rep\u00e9rables \u00e0 ce panneau :<\/strong><\/p>\n<p><a href=\"https:\/\/etab.ac-reunion.fr\/lyc-lepervanche\/wp-content\/uploads\/sites\/17\/2018\/08\/panneauDAE.jpg\"><img loading=\"lazy\" decoding=\"async\" class=\"wp-image-5135 aligncenter\" src=\"https:\/\/etab.ac-reunion.fr\/lyc-lepervanche\/wp-content\/uploads\/sites\/17\/2018\/08\/panneauDAE-300x200.jpg\" alt=\"\" width=\"359\" height=\"239\" srcset=\"https:\/\/etab.ac-reunion.fr\/lyc-lepervanche\/wp-content\/uploads\/sites\/17\/2018\/08\/panneauDAE-300x200.jpg 300w, https:\/\/etab.ac-reunion.fr\/lyc-lepervanche\/wp-content\/uploads\/sites\/17\/2018\/08\/panneauDAE-1024x683.jpg 1024w, https:\/\/etab.ac-reunion.fr\/lyc-lepervanche\/wp-content\/uploads\/sites\/17\/2018\/08\/panneauDAE-1080x720.jpg 1080w, https:\/\/etab.ac-reunion.fr\/lyc-lepervanche\/wp-content\/uploads\/sites\/17\/2018\/08\/panneauDAE.jpg 1134w\" sizes=\"(max-width: 359px) 100vw, 359px\" \/><\/a><\/p>\n<p>&nbsp;<\/p>\n<p>&nbsp;<\/p>\n<!-- AddThis Advanced Settings generic via filter on the_content --><!-- AddThis Share Buttons generic via filter on the_content -->","protected":false},"excerpt":{"rendered":"<p>Un d\u00e9fibrillateur automatis\u00e9 externe (DAE) est employ\u00e9 pour administrer une d\u00e9charge \u00e9lectrique \u00e0 une personne qui vient d\u2019avoir un arr\u00eat cardiaque. Le d\u00e9fibrillateur est con\u00e7u pour permettre \u00e0 toute personne de sauver une vie. &nbsp; 3 d\u00e9fibrillateurs sont disponibles au lyc\u00e9e : A l&rsquo;accueil A l&rsquo;infirmerie Chez le DDFPT b\u00e2timent\u00a0 E &nbsp; Ces 3 emplacements [&hellip;]<!-- AddThis Advanced Settings generic via filter on get_the_excerpt --><!-- AddThis Share Buttons generic via filter on get_the_excerpt --><\/p>\n","protected":false},"author":15058,"featured_media":0,"parent":0,"menu_order":0,"comment_status":"closed","ping_status":"closed","template":"","meta":{"_et_pb_use_builder":"","_et_pb_old_content":"","_et_gb_content_width":"","footnotes":""},"class_list":["post-4427","page","type-page","status-publish","hentry"],"_links":{"self":[{"href":"https:\/\/etab.ac-reunion.fr\/lyc-lepervanche\/wp-json\/wp\/v2\/pages\/4427","targetHints":{"allow":["GET"]}}],"collection":[{"href":"https:\/\/etab.ac-reunion.fr\/lyc-lepervanche\/wp-json\/wp\/v2\/pages"}],"about":[{"href":"https:\/\/etab.ac-reunion.fr\/lyc-lepervanche\/wp-json\/wp\/v2\/types\/page"}],"author":[{"embeddable":true,"href":"https:\/\/etab.ac-reunion.fr\/lyc-lepervanche\/wp-json\/wp\/v2\/users\/15058"}],"replies":[{"embeddable":true,"href":"https:\/\/etab.ac-reunion.fr\/lyc-lepervanche\/wp-json\/wp\/v2\/comments?post=4427"}],"version-history":[{"count":13,"href":"https:\/\/etab.ac-reunion.fr\/lyc-lepervanche\/wp-json\/wp\/v2\/pages\/4427\/revisions"}],"predecessor-version":[{"id":8114,"href":"https:\/\/etab.ac-reunion.fr\/lyc-lepervanche\/wp-json\/wp\/v2\/pages\/4427\/revisions\/8114"}],"wp:attachment":[{"href":"https:\/\/etab.ac-reunion.fr\/lyc-lepervanche\/wp-json\/wp\/v2\/media?parent=4427"}],"curies":[{"name":"wp","href":"https:\/\/api.w.org\/{rel}","templated":true}]}}