{"id":4429,"date":"2017-12-12T17:30:18","date_gmt":"2017-12-12T13:30:18","guid":{"rendered":"http:\/\/lycee-lepervanche.ac-reunion.fr\/?page_id=4429"},"modified":"2021-01-13T15:28:44","modified_gmt":"2021-01-13T11:28:44","slug":"ulis","status":"publish","type":"page","link":"https:\/\/etab.ac-reunion.fr\/lyc-lepervanche\/ulis\/","title":{"rendered":"ULIS &#8211; Unit\u00e9s localis\u00e9es pour l&rsquo;inclusion scolaire"},"content":{"rendered":"<div class=\"titre\">\n<h4><a href=\"https:\/\/etab.ac-reunion.fr\/lyc-lepervanche\/wp-content\/uploads\/sites\/17\/2021\/01\/ulis-1.jpg\"><img loading=\"lazy\" decoding=\"async\" class=\"aligncenter size-full wp-image-8031\" src=\"https:\/\/etab.ac-reunion.fr\/lyc-lepervanche\/wp-content\/uploads\/sites\/17\/2021\/01\/ulis-1.jpg\" alt=\"\" width=\"680\" height=\"280\" srcset=\"https:\/\/etab.ac-reunion.fr\/lyc-lepervanche\/wp-content\/uploads\/sites\/17\/2021\/01\/ulis-1.jpg 680w, https:\/\/etab.ac-reunion.fr\/lyc-lepervanche\/wp-content\/uploads\/sites\/17\/2021\/01\/ulis-1-480x198.jpg 480w\" sizes=\"(min-width: 0px) and (max-width: 480px) 480px, (min-width: 481px) 680px, 100vw\" \/><\/a><\/h4>\n<p><span style=\"color: #ff6600\"><strong><span class=\"contenu_titre_non_image\">Les unit\u00e9s localis\u00e9es pour l&rsquo;inclusion scolaire (ULIS), des dispositifs pour la scolarisation des \u00e9l\u00e8ves en situation de handicap dans le premier et le second degr\u00e9s.<\/span><\/strong><\/span><\/p>\n<p>&nbsp;<\/p>\n<\/div>\n<div class=\"padding-left-10\">\n<div class=\"chapo margin-bottom-20 padding-top-10 font-georgia font-12 font-grey bold\">\n<p>Tous les dispositifs collectifs de scolarisation s&rsquo;appellent unit\u00e9s localis\u00e9es\u00a0pour l&rsquo;inclusion scolaire (ULIS): ULIS-\u00e9cole, ULIS-coll\u00e8ge, ULIS-lyc\u00e9e. \u00a0Elles permettent la scolarisation dans le premier et le second degr\u00e9s d&rsquo;un petit groupe d&rsquo;\u00e9l\u00e8ves pr\u00e9sentant des troubles compatibles.<\/p>\n<p><span style=\"color: #33cccc\"><strong>Les \u00e9l\u00e8ves scolaris\u00e9s au titre des ULIS<\/strong><\/span><\/p>\n<p><b>Les \u00e9l\u00e8ves scolaris\u00e9s au titre des ULIS pr\u00e9sentent des troubles des fonctions cognitives ou mentales, des troubles sp\u00e9cifiques du langage et des apprentissages, des troubles envahissants du d\u00e9veloppement (dont l&rsquo;autisme), \u00a0des troubles des fonctions motrices, des troubles de la fonction auditive, des troubles de la fonction visuelle ou des troubles multiples associ\u00e9s (pluri-handicap ou maladies invalidantes).<\/b><\/p>\n<p>Ce sont les commissions des droits et de l&rsquo;autonomie des personnes handicap\u00e9es (CDAPH) qui d\u00e9cident de l&rsquo;orientation d&rsquo;un \u00e9l\u00e8ve vers une ULIS qui lui offre la possibilit\u00e9 de poursuivre en inclusion des apprentissages adapt\u00e9s \u00e0 ses potentialit\u00e9s et besoins et d&rsquo;acqu\u00e9rir des comp\u00e9tences sociales et scolaires, m\u00eame lorsque ses acquis sont tr\u00e8s r\u00e9duits.<b><\/b><\/p>\n<p><span style=\"color: #33cccc\"><b>Les ULIS sont des dispositifs permettant la mise en oeuvre des projets personnalis\u00e9s de scolarisation (PPS).<\/b><\/span><\/p>\n<p>Les \u00e9l\u00e8ves orient\u00e9s en ULIS sont ceux qui, en plus des am\u00e9nagements et adaptations p\u00e9dagogiques et des mesures de compensation mis en oeuvre par les \u00e9quipes \u00e9ducatives, n\u00e9cessitent un enseignement adapt\u00e9 dans le cadre de regroupements et dont le handicap ne permet pas d&rsquo;envisager une scolarisation individuelle continue dans une classe ordinaire.<\/p>\n<p>Chaque \u00e9l\u00e8ve scolaris\u00e9 au titre des ULIS b\u00e9n\u00e9ficie, selon ses possibilit\u00e9s, de temps de scolarisation dans une classe de l&rsquo;\u00e9tablissement scolaire o\u00f9 il peut effectuer des apprentissages scolaires \u00e0 un rythme proche de celui des autres \u00e9l\u00e8ves.<\/p>\n<p>&nbsp;<\/p>\n<p>Pour en savoir plus :\u00a0<a href=\"https:\/\/eduscol.education.fr\/cid53163\/les-unites-localisees-pour-l-inclusion-scolaire-ulis.html\" target=\"_blank\" rel=\"noopener noreferrer\">Les unit\u00e9s localis\u00e9es pour l&rsquo;inclusion scolaire ulis<\/a><\/p>\n<p><a href=\"https:\/\/etab.ac-reunion.fr\/lyc-lepervanche\/wp-content\/uploads\/sites\/17\/2021\/01\/ulis.png\"><img loading=\"lazy\" decoding=\"async\" class=\"aligncenter size-full wp-image-8033\" src=\"https:\/\/etab.ac-reunion.fr\/lyc-lepervanche\/wp-content\/uploads\/sites\/17\/2021\/01\/ulis.png\" alt=\"\" width=\"800\" height=\"506\" srcset=\"https:\/\/etab.ac-reunion.fr\/lyc-lepervanche\/wp-content\/uploads\/sites\/17\/2021\/01\/ulis.png 800w, https:\/\/etab.ac-reunion.fr\/lyc-lepervanche\/wp-content\/uploads\/sites\/17\/2021\/01\/ulis-480x304.png 480w\" sizes=\"(min-width: 0px) and (max-width: 480px) 480px, (min-width: 481px) 800px, 100vw\" \/><\/a><\/p>\n<\/div>\n<\/div>\n<!-- AddThis Advanced Settings generic via filter on the_content --><!-- AddThis Share Buttons generic via filter on the_content -->","protected":false},"excerpt":{"rendered":"<p>Les unit\u00e9s localis\u00e9es pour l&rsquo;inclusion scolaire (ULIS), des dispositifs pour la scolarisation des \u00e9l\u00e8ves en situation de handicap dans le premier et le second degr\u00e9s. &nbsp; Tous les dispositifs collectifs de scolarisation s&rsquo;appellent unit\u00e9s localis\u00e9es\u00a0pour l&rsquo;inclusion scolaire (ULIS): ULIS-\u00e9cole, ULIS-coll\u00e8ge, ULIS-lyc\u00e9e. \u00a0Elles permettent la scolarisation dans le premier et le second degr\u00e9s d&rsquo;un petit groupe [&hellip;]<!-- AddThis Advanced Settings generic via filter on get_the_excerpt --><!-- AddThis Share Buttons generic via filter on get_the_excerpt --><\/p>\n","protected":false},"author":15058,"featured_media":0,"parent":0,"menu_order":0,"comment_status":"closed","ping_status":"closed","template":"","meta":{"_et_pb_use_builder":"","_et_pb_old_content":"","_et_gb_content_width":"","footnotes":""},"class_list":["post-4429","page","type-page","status-publish","hentry"],"_links":{"self":[{"href":"https:\/\/etab.ac-reunion.fr\/lyc-lepervanche\/wp-json\/wp\/v2\/pages\/4429","targetHints":{"allow":["GET"]}}],"collection":[{"href":"https:\/\/etab.ac-reunion.fr\/lyc-lepervanche\/wp-json\/wp\/v2\/pages"}],"about":[{"href":"https:\/\/etab.ac-reunion.fr\/lyc-lepervanche\/wp-json\/wp\/v2\/types\/page"}],"author":[{"embeddable":true,"href":"https:\/\/etab.ac-reunion.fr\/lyc-lepervanche\/wp-json\/wp\/v2\/users\/15058"}],"replies":[{"embeddable":true,"href":"https:\/\/etab.ac-reunion.fr\/lyc-lepervanche\/wp-json\/wp\/v2\/comments?post=4429"}],"version-history":[{"count":10,"href":"https:\/\/etab.ac-reunion.fr\/lyc-lepervanche\/wp-json\/wp\/v2\/pages\/4429\/revisions"}],"predecessor-version":[{"id":8036,"href":"https:\/\/etab.ac-reunion.fr\/lyc-lepervanche\/wp-json\/wp\/v2\/pages\/4429\/revisions\/8036"}],"wp:attachment":[{"href":"https:\/\/etab.ac-reunion.fr\/lyc-lepervanche\/wp-json\/wp\/v2\/media?parent=4429"}],"curies":[{"name":"wp","href":"https:\/\/api.w.org\/{rel}","templated":true}]}}