{"id":4436,"date":"2017-12-12T17:32:19","date_gmt":"2017-12-12T13:32:19","guid":{"rendered":"http:\/\/lycee-lepervanche.ac-reunion.fr\/?page_id=4436"},"modified":"2021-01-13T15:11:27","modified_gmt":"2021-01-13T11:11:27","slug":"lutte-contre-lillettrisme","status":"publish","type":"page","link":"https:\/\/etab.ac-reunion.fr\/lyc-lepervanche\/lutte-contre-lillettrisme\/","title":{"rendered":"Lutte contre l\u2019illettrisme"},"content":{"rendered":"<div class=\"row\">\n<div class=\"col-md-8\">\n<div class=\"entry-content mt-sm\">\n<p>&nbsp;<\/p>\n<h3 id=\"edugouv-summary-item-2\">Le plan \u00ab\u00a0Agir contre l&rsquo;illettrisme\u00a0\u00bb : L&rsquo;\u00e9cole se mobilise<\/h3>\n<p>La pr\u00e9vention de l\u2019illettrisme est au c\u0153ur des missions de l\u2019\u00e9ducation et commence en classe, dans les \u00e9coles et les \u00e9tablissements du second degr\u00e9.\u00a0<strong>Pour accompagner l\u2019ensemble des acteurs de la communaut\u00e9 \u00e9ducative, de nouvelles mesures compl\u00e8tent celles qui existent d\u00e9j\u00e0 et qui ont montr\u00e9 leur efficacit\u00e9<\/strong>. Le plan de mobilisation de l\u2019\u00e9ducation nationale \u00ab\u00a0Agir contre l&rsquo;illettrisme\u00a0\u00bb porte sur\u00a0:<\/p>\n<ul>\n<li>une meilleure sensibilisation et une meilleure information des \u00e9quipes \u00e9ducatives<\/li>\n<li>la consolidation du pilotage du r\u00e9seau \u00ab\u00a0ma\u00eetrise de la langue\u00a0\u00bb<\/li>\n<li>le renforcement du lien entre l\u2019\u00c9cole et les familles<\/li>\n<li>le renforcement des partenariats<\/li>\n<\/ul>\n<\/div>\n<\/div>\n<\/div>\n<!-- AddThis Advanced Settings generic via filter on the_content --><!-- AddThis Share Buttons generic via filter on the_content -->","protected":false},"excerpt":{"rendered":"<p>&nbsp; Le plan \u00ab\u00a0Agir contre l&rsquo;illettrisme\u00a0\u00bb : L&rsquo;\u00e9cole se mobilise La pr\u00e9vention de l\u2019illettrisme est au c\u0153ur des missions de l\u2019\u00e9ducation et commence en classe, dans les \u00e9coles et les \u00e9tablissements du second degr\u00e9.\u00a0Pour accompagner l\u2019ensemble des acteurs de la communaut\u00e9 \u00e9ducative, de nouvelles mesures compl\u00e8tent celles qui existent d\u00e9j\u00e0 et qui ont montr\u00e9 leur [&hellip;]<!-- AddThis Advanced Settings generic via filter on get_the_excerpt --><!-- AddThis Share Buttons generic via filter on get_the_excerpt --><\/p>\n","protected":false},"author":15058,"featured_media":0,"parent":0,"menu_order":0,"comment_status":"closed","ping_status":"closed","template":"","meta":{"_et_pb_use_builder":"","_et_pb_old_content":"","_et_gb_content_width":"","footnotes":""},"class_list":["post-4436","page","type-page","status-publish","hentry"],"_links":{"self":[{"href":"https:\/\/etab.ac-reunion.fr\/lyc-lepervanche\/wp-json\/wp\/v2\/pages\/4436","targetHints":{"allow":["GET"]}}],"collection":[{"href":"https:\/\/etab.ac-reunion.fr\/lyc-lepervanche\/wp-json\/wp\/v2\/pages"}],"about":[{"href":"https:\/\/etab.ac-reunion.fr\/lyc-lepervanche\/wp-json\/wp\/v2\/types\/page"}],"author":[{"embeddable":true,"href":"https:\/\/etab.ac-reunion.fr\/lyc-lepervanche\/wp-json\/wp\/v2\/users\/15058"}],"replies":[{"embeddable":true,"href":"https:\/\/etab.ac-reunion.fr\/lyc-lepervanche\/wp-json\/wp\/v2\/comments?post=4436"}],"version-history":[{"count":10,"href":"https:\/\/etab.ac-reunion.fr\/lyc-lepervanche\/wp-json\/wp\/v2\/pages\/4436\/revisions"}],"predecessor-version":[{"id":8019,"href":"https:\/\/etab.ac-reunion.fr\/lyc-lepervanche\/wp-json\/wp\/v2\/pages\/4436\/revisions\/8019"}],"wp:attachment":[{"href":"https:\/\/etab.ac-reunion.fr\/lyc-lepervanche\/wp-json\/wp\/v2\/media?parent=4436"}],"curies":[{"name":"wp","href":"https:\/\/api.w.org\/{rel}","templated":true}]}}