{"id":4438,"date":"2017-12-12T17:33:19","date_gmt":"2017-12-12T13:33:19","guid":{"rendered":"http:\/\/lycee-lepervanche.ac-reunion.fr\/?page_id=4438"},"modified":"2020-04-09T13:42:35","modified_gmt":"2020-04-09T09:42:35","slug":"aei-action-europeenne-et-internationale-ocean-indien","status":"publish","type":"page","link":"https:\/\/etab.ac-reunion.fr\/lyc-lepervanche\/aei-action-europeenne-et-internationale-ocean-indien\/","title":{"rendered":"AEI : Action Europ\u00e9enne et Internationale"},"content":{"rendered":"<p><a href=\"https:\/\/etab.ac-reunion.fr\/lyc-lepervanche\/wp-content\/uploads\/sites\/17\/2020\/04\/2019_languesvivantes_1206604.png\"><img loading=\"lazy\" decoding=\"async\" class=\"aligncenter size-full wp-image-6601\" src=\"https:\/\/etab.ac-reunion.fr\/lyc-lepervanche\/wp-content\/uploads\/sites\/17\/2020\/04\/2019_languesvivantes_1206604.png\" alt=\"\" width=\"701\" height=\"143\" srcset=\"https:\/\/etab.ac-reunion.fr\/lyc-lepervanche\/wp-content\/uploads\/sites\/17\/2020\/04\/2019_languesvivantes_1206604.png 701w, https:\/\/etab.ac-reunion.fr\/lyc-lepervanche\/wp-content\/uploads\/sites\/17\/2020\/04\/2019_languesvivantes_1206604-480x98.png 480w\" sizes=\"(min-width: 0px) and (max-width: 480px) 480px, (min-width: 481px) 701px, 100vw\" \/><\/a><\/p>\n<p>&nbsp;<\/p>\n<p><a href=\"https:\/\/sitetab2.ac-reims.fr\/lp-emile-baudot\/-spip-\/Les-missions-de-l-ERAEI.html\"><strong>Les missions de l\u2019ERAEI<\/strong><\/a><\/p>\n<p>L\u2019enseignant r\u00e9f\u00e9rent pour l\u2019action europ\u00e9enne et internationale (E.R.A.E.I.) dans un \u00e9tablissement scolaire a pour mission de relayer au plus pr\u00e8s l\u2019action des responsables de l\u2019ouverture europ\u00e9enne et internationale acad\u00e9mique et assure le lien avec la DAREIC (<em>D\u00e9l\u00e9gation Acad\u00e9mique aux Relations Europ\u00e9ennes, Internationales et \u00e0 la Coop\u00e9ration)<\/em><\/p>\n<p>&nbsp;<\/p>\n<p>L\u2019EREAI est le point de contact au quotidien des enseignants et des \u00e9l\u00e8ves d\u00e9sireux de s\u2019investir dans un projet \u00e9ducatif europ\u00e9en ou international, il joue un r\u00f4le d\u2019impulsion et d\u2019animation, il recueille et facilite tout projet de mobilit\u00e9, d\u2019\u00e9change, de jumelage, de visite ou de partenariat avec l\u2019aide technique de la DAREIC assurant ainsi ses missions traditionnelles d\u2019information et de formation \u00e0 l\u2019ouverture europ\u00e9enne et internationale.<\/p>\n<p>&nbsp;<\/p>\n<p>Les Fonctions de l\u2019enseignant R\u00e9f\u00e9rent :<\/p>\n<ul>\n<li>Coordonner et assurer le suivi de la politique et des actions europ\u00e9ennes et internationales dans son \u00e9tablissement scolaire afin d\u2019accorder toute la place donn\u00e9e \u00e0 l\u2019ouverture europ\u00e9enne et internationale dans le cadre du socle commun de connaissances et de comp\u00e9tences<\/li>\n<li>Conseiller le chef d\u2019\u00e9tablissement pour la mise en \u0153uvre et le suivi du volet international du projet d\u2019\u00e9tablissement<\/li>\n<li>Etre un point de contact dans l\u2019\u00e9tablissement pour les \u00e9l\u00e8ves et les enseignants d\u00e9sireux de s\u2019investir dans un projet \u00e9ducatif europ\u00e9en ou international<\/li>\n<li>Animer et faciliter tout projet de mobilit\u00e9, d\u2019\u00e9change, de visite ou de partenariat International<\/li>\n<li>Etre un relais d\u2019information de la d\u00e9l\u00e9gation acad\u00e9mique des relations europ\u00e9ennes, internationales et \u00e0 la coop\u00e9ration (DAREIC) aupr\u00e8s des personnels de l\u2019\u00e9tablissement.<\/li>\n<\/ul>\n<!-- AddThis Advanced Settings generic via filter on the_content --><!-- AddThis Share Buttons generic via filter on the_content -->","protected":false},"excerpt":{"rendered":"<p>&nbsp; Les missions de l\u2019ERAEI L\u2019enseignant r\u00e9f\u00e9rent pour l\u2019action europ\u00e9enne et internationale (E.R.A.E.I.) dans un \u00e9tablissement scolaire a pour mission de relayer au plus pr\u00e8s l\u2019action des responsables de l\u2019ouverture europ\u00e9enne et internationale acad\u00e9mique et assure le lien avec la DAREIC (D\u00e9l\u00e9gation Acad\u00e9mique aux Relations Europ\u00e9ennes, Internationales et \u00e0 la Coop\u00e9ration) &nbsp; L\u2019EREAI est le [&hellip;]<!-- AddThis Advanced Settings generic via filter on get_the_excerpt --><!-- AddThis Share Buttons generic via filter on get_the_excerpt --><\/p>\n","protected":false},"author":15058,"featured_media":0,"parent":0,"menu_order":0,"comment_status":"closed","ping_status":"closed","template":"","meta":{"_et_pb_use_builder":"","_et_pb_old_content":"","_et_gb_content_width":"","footnotes":""},"class_list":["post-4438","page","type-page","status-publish","hentry"],"_links":{"self":[{"href":"https:\/\/etab.ac-reunion.fr\/lyc-lepervanche\/wp-json\/wp\/v2\/pages\/4438","targetHints":{"allow":["GET"]}}],"collection":[{"href":"https:\/\/etab.ac-reunion.fr\/lyc-lepervanche\/wp-json\/wp\/v2\/pages"}],"about":[{"href":"https:\/\/etab.ac-reunion.fr\/lyc-lepervanche\/wp-json\/wp\/v2\/types\/page"}],"author":[{"embeddable":true,"href":"https:\/\/etab.ac-reunion.fr\/lyc-lepervanche\/wp-json\/wp\/v2\/users\/15058"}],"replies":[{"embeddable":true,"href":"https:\/\/etab.ac-reunion.fr\/lyc-lepervanche\/wp-json\/wp\/v2\/comments?post=4438"}],"version-history":[{"count":9,"href":"https:\/\/etab.ac-reunion.fr\/lyc-lepervanche\/wp-json\/wp\/v2\/pages\/4438\/revisions"}],"predecessor-version":[{"id":6602,"href":"https:\/\/etab.ac-reunion.fr\/lyc-lepervanche\/wp-json\/wp\/v2\/pages\/4438\/revisions\/6602"}],"wp:attachment":[{"href":"https:\/\/etab.ac-reunion.fr\/lyc-lepervanche\/wp-json\/wp\/v2\/media?parent=4438"}],"curies":[{"name":"wp","href":"https:\/\/api.w.org\/{rel}","templated":true}]}}