{"id":4440,"date":"2017-12-12T17:34:18","date_gmt":"2017-12-12T13:34:18","guid":{"rendered":"http:\/\/lycee-lepervanche.ac-reunion.fr\/?page_id=4440"},"modified":"2020-03-24T17:04:57","modified_gmt":"2020-03-24T13:04:57","slug":"jpo-journees-portes-ouvertes","status":"publish","type":"page","link":"https:\/\/etab.ac-reunion.fr\/lyc-lepervanche\/jpo-journees-portes-ouvertes\/","title":{"rendered":"JPO &#8211; Journ\u00e9es Portes Ouvertes"},"content":{"rendered":"<p>De mani\u00e8re g\u00e9n\u00e9rale, cette journ\u00e9e portes ouvertes permet aux \u00e9l\u00e8ves de d\u00e9couvrir le lyc\u00e9e, ses formations, ses plateaux techniques (ateliers), son \u00e9quipement&#8230;<\/p>\n<p>Lors du d\u00e9roulement des visites, les professeurs accueillent les groupes et proposent des ateliers de d\u00e9couverte anim\u00e9s par des \u00e9l\u00e8ves volontaires qui r\u00e9pondent \u00e9galement aux questions des coll\u00e9giens.<\/p>\n<p>Au lyc\u00e9e Lepervanche les JPO se d\u00e9roulent au mois de f\u00e9vrier et sur 2 jours :<\/p>\n<ul>\n<li>La journ\u00e9e du vendredi est exclusivement r\u00e9serv\u00e9e aux coll\u00e8ges<\/li>\n<li>La matin\u00e9e du samedi suivant est r\u00e9serv\u00e9e aux coll\u00e9giens accompagn\u00e9s des parents et aux professionnels<\/li>\n<\/ul>\n<p>Les visites sont organis\u00e9es par le lyc\u00e9e en \u00e9troite collaboration avec les coll\u00e8ges. Elles commencent le matin \u00e0 8h jusqu&rsquo;\u00e0 16h. Tous les groupes de coll\u00e9giens sont encadr\u00e9s et suivent un planning de visite individuel qui permet aux nombreux groupes de ne pas se croiser sur les m\u00eames ateliers.<\/p>\n<p>Tous les ateliers ne peuvent pas \u00eatre visit\u00e9s c&rsquo;est pourquoi il est important d&rsquo;n informer les coll\u00e9giens afin qu&rsquo;ils choisissent le secteur qui correspond \u00e0 leur parcours avenir.<\/p>\n<p>Il y a 2 grands secteurs qui font l&rsquo;objet de 2 visites diff\u00e9rentes :<\/p>\n<ul>\n<li>Le secteur Industriel<\/li>\n<li>Le secteur Tertiaire \/ Services \u00e0 la personne<\/li>\n<\/ul>\n<p>L&rsquo;encadrement des groupes et la visite guid\u00e9e sont effectu\u00e9s par des \u00e9l\u00e8ves du lyc\u00e9e sous la houlette de leurs enseignants. Ils doivent g\u00e9rer l&rsquo;accueil des groupes, l&rsquo;encadrement, l&rsquo;acheminement suivant le parcours individualis\u00e9, la gestion du temps sur chaque atelier et la discipline.<\/p>\n<p>Ces \u00e9l\u00e8ves formes des groupes compos\u00e9s de :<\/p>\n<ul>\n<li>BTS Technico Commercial (option Nautisme)<\/li>\n<li>Bac Pro M\u00e9tiers de la S\u00e9curit\u00e9<\/li>\n<li>Bac Pro Gestion Administration<\/li>\n<li>Bac Pro Commerce<\/li>\n<\/ul>\n<p>&nbsp;<\/p>\n<p>&nbsp;<\/p>\n<p>Affiche de la JPO 2020<\/p>\n<p><a href=\"https:\/\/etab.ac-reunion.fr\/lyc-lepervanche\/wp-content\/uploads\/sites\/17\/2020\/03\/Affiche-JPO-2020-1.jpg\"><img loading=\"lazy\" decoding=\"async\" class=\"aligncenter size-large wp-image-6483\" src=\"https:\/\/etab.ac-reunion.fr\/lyc-lepervanche\/wp-content\/uploads\/sites\/17\/2020\/03\/Affiche-JPO-2020-1-768x1024.jpg\" alt=\"\" width=\"768\" height=\"1024\" \/><\/a><\/p>\n<!-- AddThis Advanced Settings generic via filter on the_content --><!-- AddThis Share Buttons generic via filter on the_content -->","protected":false},"excerpt":{"rendered":"<p>De mani\u00e8re g\u00e9n\u00e9rale, cette journ\u00e9e portes ouvertes permet aux \u00e9l\u00e8ves de d\u00e9couvrir le lyc\u00e9e, ses formations, ses plateaux techniques (ateliers), son \u00e9quipement&#8230; Lors du d\u00e9roulement des visites, les professeurs accueillent les groupes et proposent des ateliers de d\u00e9couverte anim\u00e9s par des \u00e9l\u00e8ves volontaires qui r\u00e9pondent \u00e9galement aux questions des coll\u00e9giens. Au lyc\u00e9e Lepervanche les JPO [&hellip;]<!-- AddThis Advanced Settings generic via filter on get_the_excerpt --><!-- AddThis Share Buttons generic via filter on get_the_excerpt --><\/p>\n","protected":false},"author":15058,"featured_media":0,"parent":0,"menu_order":0,"comment_status":"closed","ping_status":"closed","template":"","meta":{"_et_pb_use_builder":"","_et_pb_old_content":"","_et_gb_content_width":"","footnotes":""},"class_list":["post-4440","page","type-page","status-publish","hentry"],"_links":{"self":[{"href":"https:\/\/etab.ac-reunion.fr\/lyc-lepervanche\/wp-json\/wp\/v2\/pages\/4440","targetHints":{"allow":["GET"]}}],"collection":[{"href":"https:\/\/etab.ac-reunion.fr\/lyc-lepervanche\/wp-json\/wp\/v2\/pages"}],"about":[{"href":"https:\/\/etab.ac-reunion.fr\/lyc-lepervanche\/wp-json\/wp\/v2\/types\/page"}],"author":[{"embeddable":true,"href":"https:\/\/etab.ac-reunion.fr\/lyc-lepervanche\/wp-json\/wp\/v2\/users\/15058"}],"replies":[{"embeddable":true,"href":"https:\/\/etab.ac-reunion.fr\/lyc-lepervanche\/wp-json\/wp\/v2\/comments?post=4440"}],"version-history":[{"count":5,"href":"https:\/\/etab.ac-reunion.fr\/lyc-lepervanche\/wp-json\/wp\/v2\/pages\/4440\/revisions"}],"predecessor-version":[{"id":6486,"href":"https:\/\/etab.ac-reunion.fr\/lyc-lepervanche\/wp-json\/wp\/v2\/pages\/4440\/revisions\/6486"}],"wp:attachment":[{"href":"https:\/\/etab.ac-reunion.fr\/lyc-lepervanche\/wp-json\/wp\/v2\/media?parent=4440"}],"curies":[{"name":"wp","href":"https:\/\/api.w.org\/{rel}","templated":true}]}}