{"id":4442,"date":"2017-12-12T17:34:46","date_gmt":"2017-12-12T13:34:46","guid":{"rendered":"http:\/\/lycee-lepervanche.ac-reunion.fr\/?page_id=4442"},"modified":"2020-04-20T16:45:50","modified_gmt":"2020-04-20T12:45:50","slug":"eleves-2","status":"publish","type":"page","link":"https:\/\/etab.ac-reunion.fr\/lyc-lepervanche\/eleves-2\/","title":{"rendered":"El\u00e8ves"},"content":{"rendered":"<p>CAP, bac pro : les formations en lyc\u00e9e professionnel comportent des stages obligatoires. Comment et avec qui les pr\u00e9parer ? Comment sont-ils valid\u00e9s et r\u00e9mun\u00e9r\u00e9s ? L\u2019essentiel \u00e0 retenir.<\/p>\n<a href='http:\/\/www.onisep.fr\/Cap-vers-l-emploi\/Stages-en-entreprises\/Les-stages-par-niveau-d-etudes\/Les-stages-en-lycee-professionnel' class='big-button biglightblue'>Vid\u00e9o de pr\u00e9sentation<\/a>\n<p>&nbsp;<\/p>\n<p><strong>Les stages, de v\u00e9ritables p\u00e9riodes de formation<\/strong><\/p>\n<ul class=\"rond\">\n<li><b>CAP <\/b>: la p\u00e9riode de formation en milieu professionnel dure entre 12 et 16 semaines selon les sp\u00e9cialit\u00e9s, r\u00e9parties sur les 2 ans d&rsquo;\u00e9tudes.<\/li>\n<li><b>Bac professionnel <\/b>: les p\u00e9riodes de formation en milieu professionnel comptent 22 semaines r\u00e9parties sur 3 ans.<\/li>\n<\/ul>\n<p>&nbsp;<\/p>\n<p><strong>Quel accompagnement ?<\/strong><\/p>\n<ul>\n<li><strong>Avant le stage :<\/strong><\/li>\n<\/ul>\n<p>Les \u00e9l\u00e8ves recherchent leur entreprise d&rsquo;accueil avec l&rsquo;aide de l\u2019\u00e9quipe p\u00e9dagogique du lyc\u00e9e. Cette phase est tr\u00e8s importante : vous apprenez \u00e0 contacter les entreprises, \u00e0 r\u00e9diger un CV, une lettre de motivation&#8230;<\/p>\n<p>Avant le d\u00e9but du stage, une semaine enti\u00e8re est d\u00e9di\u00e9e \u00e0 vous pr\u00e9parer : l&rsquo;\u00e9quipe p\u00e9dagogique vous explique les r\u00e8gles \u00e0 respecter (r\u00e8gles de s\u00e9curit\u00e9, r\u00e8glement int\u00e9rieur) mais aussi les codes et les r\u00e8gles du savoir \u00eatre.<\/p>\n<p>&nbsp;<\/p>\n<ul>\n<li><strong>Pendant le stage<\/strong><\/li>\n<\/ul>\n<p>Un suivi des \u00e9l\u00e8ves est assur\u00e9 tout au long des p\u00e9riodes en entreprise : l\u2019\u00e9quipe p\u00e9dagogique effectue des visites pour s\u2019assurer du bon d\u00e9roulement de chaque stage et pour faire le point. Dans l\u2019entreprise, les jeunes sont sous la responsabilit\u00e9 d\u2019un tuteur ou ma\u00eetre de stage. Ils ont le statut d\u2019\u00e9l\u00e8ve stagiaire.<\/p>\n<p>&nbsp;<\/p>\n<ul>\n<li><strong>Quelle validation ?<\/strong><\/li>\n<\/ul>\n<p>Ces p\u00e9riodes en entreprise font syst\u00e9matiquement l\u2019objet de rapports de stage, not\u00e9s et comptant pour l\u2019obtention du dipl\u00f4me.<\/p>\n<p>&nbsp;<\/p>\n<p>&nbsp;<\/p>\n<p>&nbsp;<\/p>\n<!-- AddThis Advanced Settings generic via filter on the_content --><!-- AddThis Share Buttons generic via filter on the_content -->","protected":false},"excerpt":{"rendered":"<p>CAP, bac pro : les formations en lyc\u00e9e professionnel comportent des stages obligatoires. Comment et avec qui les pr\u00e9parer ? Comment sont-ils valid\u00e9s et r\u00e9mun\u00e9r\u00e9s ? L\u2019essentiel \u00e0 retenir. &nbsp; Les stages, de v\u00e9ritables p\u00e9riodes de formation CAP : la p\u00e9riode de formation en milieu professionnel dure entre 12 et 16 semaines selon les sp\u00e9cialit\u00e9s, [&hellip;]<!-- AddThis Advanced Settings generic via filter on get_the_excerpt --><!-- AddThis Share Buttons generic via filter on get_the_excerpt --><\/p>\n","protected":false},"author":15058,"featured_media":0,"parent":0,"menu_order":0,"comment_status":"closed","ping_status":"closed","template":"","meta":{"_et_pb_use_builder":"","_et_pb_old_content":"","_et_gb_content_width":"","footnotes":""},"class_list":["post-4442","page","type-page","status-publish","hentry"],"_links":{"self":[{"href":"https:\/\/etab.ac-reunion.fr\/lyc-lepervanche\/wp-json\/wp\/v2\/pages\/4442","targetHints":{"allow":["GET"]}}],"collection":[{"href":"https:\/\/etab.ac-reunion.fr\/lyc-lepervanche\/wp-json\/wp\/v2\/pages"}],"about":[{"href":"https:\/\/etab.ac-reunion.fr\/lyc-lepervanche\/wp-json\/wp\/v2\/types\/page"}],"author":[{"embeddable":true,"href":"https:\/\/etab.ac-reunion.fr\/lyc-lepervanche\/wp-json\/wp\/v2\/users\/15058"}],"replies":[{"embeddable":true,"href":"https:\/\/etab.ac-reunion.fr\/lyc-lepervanche\/wp-json\/wp\/v2\/comments?post=4442"}],"version-history":[{"count":6,"href":"https:\/\/etab.ac-reunion.fr\/lyc-lepervanche\/wp-json\/wp\/v2\/pages\/4442\/revisions"}],"predecessor-version":[{"id":6756,"href":"https:\/\/etab.ac-reunion.fr\/lyc-lepervanche\/wp-json\/wp\/v2\/pages\/4442\/revisions\/6756"}],"wp:attachment":[{"href":"https:\/\/etab.ac-reunion.fr\/lyc-lepervanche\/wp-json\/wp\/v2\/media?parent=4442"}],"curies":[{"name":"wp","href":"https:\/\/api.w.org\/{rel}","templated":true}]}}