{"id":4447,"date":"2017-12-12T17:35:31","date_gmt":"2017-12-12T13:35:31","guid":{"rendered":"http:\/\/lycee-lepervanche.ac-reunion.fr\/?page_id=4447"},"modified":"2020-03-24T15:57:09","modified_gmt":"2020-03-24T11:57:09","slug":"parcours-avenir","status":"publish","type":"page","link":"https:\/\/etab.ac-reunion.fr\/lyc-lepervanche\/parcours-avenir\/","title":{"rendered":"Parcours Avenir"},"content":{"rendered":"<p style=\"text-align: center\"><a href=\"https:\/\/etab.ac-reunion.fr\/lyc-lepervanche\/wp-content\/uploads\/sites\/17\/2020\/03\/Parcours-avenir.jpg\"><img loading=\"lazy\" decoding=\"async\" class=\"aligncenter size-full wp-image-6460\" src=\"https:\/\/etab.ac-reunion.fr\/lyc-lepervanche\/wp-content\/uploads\/sites\/17\/2020\/03\/Parcours-avenir.jpg\" alt=\"\" width=\"420\" height=\"160\" srcset=\"https:\/\/etab.ac-reunion.fr\/lyc-lepervanche\/wp-content\/uploads\/sites\/17\/2020\/03\/Parcours-avenir.jpg 420w, https:\/\/etab.ac-reunion.fr\/lyc-lepervanche\/wp-content\/uploads\/sites\/17\/2020\/03\/Parcours-avenir-300x114.jpg 300w\" sizes=\"(max-width: 420px) 100vw, 420px\" \/><\/a><\/p>\n<p>&nbsp;<\/p>\n<p>Le parcours Avenir permet aux \u00e9l\u00e8ves de la sixi\u00e8me \u00e0 la terminale de construire progressivement, tout au long de leurs \u00e9tudes secondaires, une v\u00e9ritable comp\u00e9tence \u00e0 s&rsquo;orienter.<\/p>\n<h2 id=\"edugouv-summary-item-1\">Ses objectifs<\/h2>\n<p>Il contribue \u00e0 permettre \u00e0 l\u2019\u00e9l\u00e8ve de\u00a0:<\/p>\n<ul>\n<li><strong>d\u00e9couvrir le monde \u00e9conomique et professionnel\u00a0<\/strong><\/li>\n<li><strong>d\u00e9velopper le sens de l\u2019engagement et de l\u2019initiative\u00a0<\/strong><\/li>\n<li><strong>\u00e9laborer son projet d\u2019orientation scolaire et professionnel<\/strong><\/li>\n<\/ul>\n<p>&nbsp;<\/p>\n<h2 id=\"edugouv-summary-item-3\">Sa mise en oeuvre<\/h2>\n<div>\n<div>Le parcours Avenir se construit par le chef d&rsquo;\u00e9tablissement en collaboration\u00a0<strong>avec toute l&rsquo;\u00e9quipe \u00e9ducative<\/strong>.<\/div>\n<div><\/div>\n<div>Les partenariats avec les milieux \u00e9conomiques, sociaux et professionnels permettent de consolider \u00a0les acquis de connaissances et de comp\u00e9tences par\u00a0:<\/div>\n<div>\n<ul>\n<li>des actions de d\u00e9couverte (visites d\u2019entreprise, forums, conf\u00e9rences et d\u00e9bats)<\/li>\n<li>des interventions de sensibilisation ou de formation (interventions de chefs d&rsquo;entreprise ou de professionnels dans les classes dans le cadre de projets p\u00e9dagogiques)<\/li>\n<li>des actions d\u2019immersion en milieu professionnel (classe en entreprise, PFMP)<\/li>\n<li>des projets accompagn\u00e9s (mini-entreprises, reportages sur des m\u00e9tiers)<\/li>\n<li>des actions d&rsquo;immersion en classe d&rsquo;\u00e9tudes sup\u00e9rieures<\/li>\n<\/ul>\n<p>&nbsp;<\/p>\n<p>L\u2019objectif du parcours Avenir est d\u2019aider les \u00e9l\u00e8ves \u00e0 <strong>construire un parcours de formation et d\u2019orientation coh\u00e9rent<\/strong> int\u00e9grant la pr\u00e9paration post-bac, permettant ainsi aux \u00e9l\u00e8ves des trois voies de formation :<\/p>\n<ul>\n<li>de r\u00e9viser,<\/li>\n<li>d\u2019affiner et<\/li>\n<li>de conforter les choix d\u2019\u00e9tudes &#8211; y compris par la voie de l\u2019apprentissage &#8211; et les projets professionnels.<\/li>\n<\/ul>\n<div>Dans la continuit\u00e9 du travail effectu\u00e9 en coll\u00e8ge, il s\u2019agit de combiner pour chaque niveau, les trois objectifs du parcours\u00a0:<\/div>\n<ul>\n<li>la d\u00e9couverte du monde \u00e9conomique et professionnel,<\/li>\n<li>le d\u00e9veloppement de l\u2019esprit d\u2019initiative et de cr\u00e9ation<\/li>\n<li>la formulation du choix d\u2019orientation notamment dans le cadre de l\u2019orientation active.<\/li>\n<\/ul>\n<\/div>\n<\/div>\n<div><\/div>\n<div>C&rsquo;est \u00e9galement dans le cadre du parcours Avenir que sont organis\u00e9es <strong>des Journ\u00e9es de d\u00e9couverte des m\u00e9tiers et du monde professionnel dans les \u00e9tablissements<\/strong>. Ces journ\u00e9es sont aussi l&rsquo;occasion d&rsquo;\u00e9voquer la possibilit\u00e9 de s&rsquo;orienter vers une formation en alternance, que ce soit par apprentissage ou au sein d&rsquo;un lyc\u00e9e professionnel.<\/div>\n<div>\n<p>Depuis 2016, le parcours Avenir propose au lyc\u00e9e professionnel, <strong>une semaine de pr\u00e9paration \u00e0 l&rsquo;arriv\u00e9e dans le monde professionnel<\/strong> pour tous les \u00e9l\u00e8ves de seconde professionnelle, avant leur d\u00e9part pour leur premier stage en alternance (p\u00e9riode de formation en milieu professionnel).<\/p>\n<\/div>\n<p>&nbsp;<\/p>\n<p>Pour en savoir plus :\u00a0<a href=\"https:\/\/etab.ac-reunion.fr\/lyc-lepervanche\/parcours-avenir\/\">https:\/\/www.education.gouv.fr\/le-parcours-avenir-7598<\/a><\/p>\n<!-- AddThis Advanced Settings generic via filter on the_content --><!-- AddThis Share Buttons generic via filter on the_content -->","protected":false},"excerpt":{"rendered":"<p>&nbsp; Le parcours Avenir permet aux \u00e9l\u00e8ves de la sixi\u00e8me \u00e0 la terminale de construire progressivement, tout au long de leurs \u00e9tudes secondaires, une v\u00e9ritable comp\u00e9tence \u00e0 s&rsquo;orienter. Ses objectifs Il contribue \u00e0 permettre \u00e0 l\u2019\u00e9l\u00e8ve de\u00a0: d\u00e9couvrir le monde \u00e9conomique et professionnel\u00a0 d\u00e9velopper le sens de l\u2019engagement et de l\u2019initiative\u00a0 \u00e9laborer son projet d\u2019orientation [&hellip;]<!-- AddThis Advanced Settings generic via filter on get_the_excerpt --><!-- AddThis Share Buttons generic via filter on get_the_excerpt --><\/p>\n","protected":false},"author":15058,"featured_media":0,"parent":0,"menu_order":0,"comment_status":"closed","ping_status":"closed","template":"","meta":{"_et_pb_use_builder":"","_et_pb_old_content":"","_et_gb_content_width":"","footnotes":""},"class_list":["post-4447","page","type-page","status-publish","hentry"],"_links":{"self":[{"href":"https:\/\/etab.ac-reunion.fr\/lyc-lepervanche\/wp-json\/wp\/v2\/pages\/4447","targetHints":{"allow":["GET"]}}],"collection":[{"href":"https:\/\/etab.ac-reunion.fr\/lyc-lepervanche\/wp-json\/wp\/v2\/pages"}],"about":[{"href":"https:\/\/etab.ac-reunion.fr\/lyc-lepervanche\/wp-json\/wp\/v2\/types\/page"}],"author":[{"embeddable":true,"href":"https:\/\/etab.ac-reunion.fr\/lyc-lepervanche\/wp-json\/wp\/v2\/users\/15058"}],"replies":[{"embeddable":true,"href":"https:\/\/etab.ac-reunion.fr\/lyc-lepervanche\/wp-json\/wp\/v2\/comments?post=4447"}],"version-history":[{"count":7,"href":"https:\/\/etab.ac-reunion.fr\/lyc-lepervanche\/wp-json\/wp\/v2\/pages\/4447\/revisions"}],"predecessor-version":[{"id":6461,"href":"https:\/\/etab.ac-reunion.fr\/lyc-lepervanche\/wp-json\/wp\/v2\/pages\/4447\/revisions\/6461"}],"wp:attachment":[{"href":"https:\/\/etab.ac-reunion.fr\/lyc-lepervanche\/wp-json\/wp\/v2\/media?parent=4447"}],"curies":[{"name":"wp","href":"https:\/\/api.w.org\/{rel}","templated":true}]}}