{"id":4449,"date":"2017-12-12T17:36:07","date_gmt":"2017-12-12T13:36:07","guid":{"rendered":"http:\/\/lycee-lepervanche.ac-reunion.fr\/?page_id=4449"},"modified":"2022-10-20T20:32:34","modified_gmt":"2022-10-20T16:32:34","slug":"fond-social-lyceen","status":"publish","type":"page","link":"https:\/\/etab.ac-reunion.fr\/lyc-lepervanche\/fond-social-lyceen\/","title":{"rendered":"Fond Social Lyc\u00e9en"},"content":{"rendered":"<header class=\"article__header\">\n<div class=\"article__desc\">\n<div><a href=\"https:\/\/etab.ac-reunion.fr\/lyc-lepervanche\/wp-content\/uploads\/sites\/17\/2021\/01\/bourses_400x260px.jpg\"><img loading=\"lazy\" decoding=\"async\" class=\"size-full wp-image-8096 alignleft\" src=\"https:\/\/etab.ac-reunion.fr\/lyc-lepervanche\/wp-content\/uploads\/sites\/17\/2021\/01\/bourses_400x260px.jpg\" alt=\"\" width=\"400\" height=\"260\" srcset=\"https:\/\/etab.ac-reunion.fr\/lyc-lepervanche\/wp-content\/uploads\/sites\/17\/2021\/01\/bourses_400x260px.jpg 400w, https:\/\/etab.ac-reunion.fr\/lyc-lepervanche\/wp-content\/uploads\/sites\/17\/2021\/01\/bourses_400x260px-300x195.jpg 300w\" sizes=\"(max-width: 400px) 100vw, 400px\" \/><\/a><\/div>\n<div class=\"article__desc__text\">Le fond social lyc\u00e9en est financ\u00e9 par l\u2019\u00c9tat et est destin\u00e9 \u00e0 soutenir les familles de coll\u00e9giens et de lyc\u00e9ens qui rencontrent des difficult\u00e9s.<\/div>\n<\/div>\n<\/header>\n<div><\/div>\n<header class=\"article__header\">\n<div><\/div>\n<div><\/div>\n<div>Le fonds social coll\u00e9gien ou lyc\u00e9en vient en aide aux \u00e9l\u00e8ves dont la\u00a0<strong>situation financi\u00e8re particuli\u00e8rement difficile<\/strong>\u00a0ne peut pas \u00eatre trait\u00e9e par les dispositifs de droit commun comme les bourses nationales. Par exemple, un jeune non-boursier dont la famille conna\u00eet des difficult\u00e9s ponctuelles peut en b\u00e9n\u00e9ficier.<\/div>\n<\/header>\n<div><\/div>\n<div>\n<p>&nbsp;<\/p>\n<p id=\"deposer-une-demande-daide-au-fonds-social\"><strong>D\u00e9poser une demande d\u2019aide au fonds social :<\/strong><\/p>\n<p><span class=\"s1\">La demande doit \u00eatre effectu\u00e9e via l\u2019Assistante Sociale : Mme PELMARD\u00a0<\/span><\/p>\n<p><a href=\"https:\/\/etab.ac-reunion.fr\/lyc-lepervanche\/services-de-sante-et-social\/assistance-sociale-2\/\" target=\"_blank\" rel=\"noopener noreferrer\">Toutes les informations pour la joindre<\/a><\/p>\n<\/div>\n<p><a href=\"https:\/\/etab.ac-reunion.fr\/lyc-lepervanche\/wp-content\/uploads\/sites\/17\/2022\/10\/Demande-Fonds-Social.pdf\" target=\"_blank\" rel=\"noopener\">Demande de Fonds Social<\/a><\/p>\n<!-- AddThis Advanced Settings generic via filter on the_content --><!-- AddThis Share Buttons generic via filter on the_content -->","protected":false},"excerpt":{"rendered":"<p>Le fond social lyc\u00e9en est financ\u00e9 par l\u2019\u00c9tat et est destin\u00e9 \u00e0 soutenir les familles de coll\u00e9giens et de lyc\u00e9ens qui rencontrent des difficult\u00e9s. Le fonds social coll\u00e9gien ou lyc\u00e9en vient en aide aux \u00e9l\u00e8ves dont la\u00a0situation financi\u00e8re particuli\u00e8rement difficile\u00a0ne peut pas \u00eatre trait\u00e9e par les dispositifs de droit commun comme les bourses nationales. Par [&hellip;]<!-- AddThis Advanced Settings generic via filter on get_the_excerpt --><!-- AddThis Share Buttons generic via filter on get_the_excerpt --><\/p>\n","protected":false},"author":15058,"featured_media":0,"parent":0,"menu_order":0,"comment_status":"closed","ping_status":"closed","template":"","meta":{"_et_pb_use_builder":"","_et_pb_old_content":"","_et_gb_content_width":"","footnotes":""},"class_list":["post-4449","page","type-page","status-publish","hentry"],"_links":{"self":[{"href":"https:\/\/etab.ac-reunion.fr\/lyc-lepervanche\/wp-json\/wp\/v2\/pages\/4449","targetHints":{"allow":["GET"]}}],"collection":[{"href":"https:\/\/etab.ac-reunion.fr\/lyc-lepervanche\/wp-json\/wp\/v2\/pages"}],"about":[{"href":"https:\/\/etab.ac-reunion.fr\/lyc-lepervanche\/wp-json\/wp\/v2\/types\/page"}],"author":[{"embeddable":true,"href":"https:\/\/etab.ac-reunion.fr\/lyc-lepervanche\/wp-json\/wp\/v2\/users\/15058"}],"replies":[{"embeddable":true,"href":"https:\/\/etab.ac-reunion.fr\/lyc-lepervanche\/wp-json\/wp\/v2\/comments?post=4449"}],"version-history":[{"count":8,"href":"https:\/\/etab.ac-reunion.fr\/lyc-lepervanche\/wp-json\/wp\/v2\/pages\/4449\/revisions"}],"predecessor-version":[{"id":11213,"href":"https:\/\/etab.ac-reunion.fr\/lyc-lepervanche\/wp-json\/wp\/v2\/pages\/4449\/revisions\/11213"}],"wp:attachment":[{"href":"https:\/\/etab.ac-reunion.fr\/lyc-lepervanche\/wp-json\/wp\/v2\/media?parent=4449"}],"curies":[{"name":"wp","href":"https:\/\/api.w.org\/{rel}","templated":true}]}}