{"id":4451,"date":"2017-12-12T17:36:38","date_gmt":"2017-12-12T13:36:38","guid":{"rendered":"http:\/\/lycee-lepervanche.ac-reunion.fr\/?page_id=4451"},"modified":"2022-10-20T20:34:36","modified_gmt":"2022-10-20T16:34:36","slug":"fond-social-des-cantines","status":"publish","type":"page","link":"https:\/\/etab.ac-reunion.fr\/lyc-lepervanche\/fond-social-des-cantines\/","title":{"rendered":"Fond Social des Cantines"},"content":{"rendered":"<header class=\"article__header\"><a href=\"https:\/\/etab.ac-reunion.fr\/lyc-lepervanche\/wp-content\/uploads\/sites\/17\/2021\/01\/PETIT-bouton-restauration-680px.png\"><img loading=\"lazy\" decoding=\"async\" class=\"size-full wp-image-8097 alignleft\" src=\"https:\/\/etab.ac-reunion.fr\/lyc-lepervanche\/wp-content\/uploads\/sites\/17\/2021\/01\/PETIT-bouton-restauration-680px.png\" alt=\"\" width=\"340\" height=\"192\" srcset=\"https:\/\/etab.ac-reunion.fr\/lyc-lepervanche\/wp-content\/uploads\/sites\/17\/2021\/01\/PETIT-bouton-restauration-680px.png 340w, https:\/\/etab.ac-reunion.fr\/lyc-lepervanche\/wp-content\/uploads\/sites\/17\/2021\/01\/PETIT-bouton-restauration-680px-300x169.png 300w\" sizes=\"(max-width: 340px) 100vw, 340px\" \/><\/a>Les parents dont les enfants \u00e2g\u00e9s de 6 \u00e0 18 ans sont demi-pensionnaires et qui rencontrent des difficult\u00e9s peuvent demander des aides financi\u00e8res afin de financer la\u00a0<strong>totalit\u00e9 ou une partie des frais\u00a0<\/strong>li\u00e9s \u00e0 la cantine, sous certaines conditions.<\/header>\n<header class=\"article__header\">\n<div class=\"article__content\">\n<p>&nbsp;<\/p>\n<p><span class=\"s1\">La demande doit \u00eatre effectu\u00e9e via l\u2019Assistante Sociale : Mme PELMARD\u00a0<\/span><\/p>\n<p><a href=\"https:\/\/etab.ac-reunion.fr\/lyc-lepervanche\/services-de-sante-et-social\/assistance-sociale-2\/\" target=\"_blank\" rel=\"noopener noreferrer\">Toutes les informations pour la joindre<\/a><\/p>\n<\/div>\n<\/header>\n<p>&nbsp;<\/p>\n<p><a href=\"https:\/\/etab.ac-reunion.fr\/lyc-lepervanche\/wp-content\/uploads\/sites\/17\/2022\/10\/Demande-Fonds-Social.pdf\" target=\"_blank\" rel=\"noopener\">Demande de Fonds Social<\/a><\/p>\n<!-- AddThis Advanced Settings generic via filter on the_content --><!-- AddThis Share Buttons generic via filter on the_content -->","protected":false},"excerpt":{"rendered":"<p>Les parents dont les enfants \u00e2g\u00e9s de 6 \u00e0 18 ans sont demi-pensionnaires et qui rencontrent des difficult\u00e9s peuvent demander des aides financi\u00e8res afin de financer la\u00a0totalit\u00e9 ou une partie des frais\u00a0li\u00e9s \u00e0 la cantine, sous certaines conditions. &nbsp; La demande doit \u00eatre effectu\u00e9e via l\u2019Assistante Sociale : Mme PELMARD\u00a0 Toutes les informations pour la [&hellip;]<!-- AddThis Advanced Settings generic via filter on get_the_excerpt --><!-- AddThis Share Buttons generic via filter on get_the_excerpt --><\/p>\n","protected":false},"author":15058,"featured_media":0,"parent":0,"menu_order":0,"comment_status":"closed","ping_status":"closed","template":"","meta":{"_et_pb_use_builder":"","_et_pb_old_content":"","_et_gb_content_width":"","footnotes":""},"class_list":["post-4451","page","type-page","status-publish","hentry"],"_links":{"self":[{"href":"https:\/\/etab.ac-reunion.fr\/lyc-lepervanche\/wp-json\/wp\/v2\/pages\/4451","targetHints":{"allow":["GET"]}}],"collection":[{"href":"https:\/\/etab.ac-reunion.fr\/lyc-lepervanche\/wp-json\/wp\/v2\/pages"}],"about":[{"href":"https:\/\/etab.ac-reunion.fr\/lyc-lepervanche\/wp-json\/wp\/v2\/types\/page"}],"author":[{"embeddable":true,"href":"https:\/\/etab.ac-reunion.fr\/lyc-lepervanche\/wp-json\/wp\/v2\/users\/15058"}],"replies":[{"embeddable":true,"href":"https:\/\/etab.ac-reunion.fr\/lyc-lepervanche\/wp-json\/wp\/v2\/comments?post=4451"}],"version-history":[{"count":11,"href":"https:\/\/etab.ac-reunion.fr\/lyc-lepervanche\/wp-json\/wp\/v2\/pages\/4451\/revisions"}],"predecessor-version":[{"id":11215,"href":"https:\/\/etab.ac-reunion.fr\/lyc-lepervanche\/wp-json\/wp\/v2\/pages\/4451\/revisions\/11215"}],"wp:attachment":[{"href":"https:\/\/etab.ac-reunion.fr\/lyc-lepervanche\/wp-json\/wp\/v2\/media?parent=4451"}],"curies":[{"name":"wp","href":"https:\/\/api.w.org\/{rel}","templated":true}]}}