{"id":5006,"date":"2018-06-30T16:17:17","date_gmt":"2018-06-30T12:17:17","guid":{"rendered":"http:\/\/lycee-lepervanche.ac-reunion.fr\/?page_id=5006"},"modified":"2021-01-13T16:06:40","modified_gmt":"2021-01-13T12:06:40","slug":"la-charte-de-la-laicite","status":"publish","type":"page","link":"https:\/\/etab.ac-reunion.fr\/lyc-lepervanche\/la-charte-de-la-laicite\/","title":{"rendered":"La charte de la LA\u00cfCIT\u00c9"},"content":{"rendered":"<p><a href=\"https:\/\/etab.ac-reunion.fr\/lyc-lepervanche\/wp-content\/uploads\/sites\/17\/2021\/01\/x1080.jpg\"><img loading=\"lazy\" decoding=\"async\" class=\"aligncenter size-large wp-image-8059\" src=\"https:\/\/etab.ac-reunion.fr\/lyc-lepervanche\/wp-content\/uploads\/sites\/17\/2021\/01\/x1080-1024x576.jpg\" alt=\"\" width=\"1024\" height=\"576\" srcset=\"https:\/\/etab.ac-reunion.fr\/lyc-lepervanche\/wp-content\/uploads\/sites\/17\/2021\/01\/x1080-980x551.jpg 980w, https:\/\/etab.ac-reunion.fr\/lyc-lepervanche\/wp-content\/uploads\/sites\/17\/2021\/01\/x1080-480x270.jpg 480w\" sizes=\"(min-width: 0px) and (max-width: 480px) 480px, (min-width: 481px) and (max-width: 980px) 980px, (min-width: 981px) 1024px, 100vw\" \/><\/a><\/p>\n<p>&nbsp;<\/p>\n<p style=\"text-align: center\"><strong>La France est une R\u00e9publique indivisible, la\u00efque, d\u00e9mocratique et sociale. Elle assure l&rsquo;\u00e9galit\u00e9 devant la loi de tous les citoyens sans distinction d&rsquo;origine, de race ou de religion&#8230;<\/strong><\/p>\n<p>&nbsp;<\/p>\n<p>Lire la suite de la La\u00efcit\u00e9 dans les services publics.<\/p>\n<a href='https:\/\/etab.ac-reunion.fr\/lyc-lepervanche\/wp-content\/uploads\/sites\/17\/2018\/06\/Charte-de-la-lai\u0308cite\u0301-dans-les-services-publics.pdf' class='small-button smallblue'>Charte de la la\u00efcit\u00e9 dans les services publics<\/a>\n<a href='https:\/\/etab.ac-reunion.fr\/lyc-lepervanche\/wp-content\/uploads\/sites\/17\/2018\/06\/Charte-de-la-lai\u0308cite\u0301-a\u0300-le\u0301cole.pdf' class='small-button smallwhite'>Charte de la la\u00efcit\u00e9 \u00e0 l&rsquo;\u00e9cole<\/a>\n<a href='https:\/\/etab.ac-reunion.fr\/lyc-lepervanche\/wp-content\/uploads\/sites\/17\/2018\/06\/Charte-de-la-lai\u0308cite\u0301-en-15-points.pdf' class='small-button smallred'>Charte de la la\u00efcit\u00e9 en 15 points<\/a>\n<p>&nbsp;<\/p>\n<p><a href=\"https:\/\/etab.ac-reunion.fr\/lyc-lepervanche\/wp-content\/uploads\/sites\/17\/2021\/01\/La-charte-de-la-LAI\u0308CITE\u0301-scaled.jpg\"><img loading=\"lazy\" decoding=\"async\" class=\"aligncenter size-large wp-image-8053\" src=\"https:\/\/etab.ac-reunion.fr\/lyc-lepervanche\/wp-content\/uploads\/sites\/17\/2021\/01\/La-charte-de-la-LAI\u0308CITE\u0301-682x1024.jpg\" alt=\"\" width=\"682\" height=\"1024\" srcset=\"https:\/\/etab.ac-reunion.fr\/lyc-lepervanche\/wp-content\/uploads\/sites\/17\/2021\/01\/La-charte-de-la-LAI\u0308CITE\u0301-682x1024.jpg 682w, https:\/\/etab.ac-reunion.fr\/lyc-lepervanche\/wp-content\/uploads\/sites\/17\/2021\/01\/La-charte-de-la-LAI\u0308CITE\u0301-200x300.jpg 200w, https:\/\/etab.ac-reunion.fr\/lyc-lepervanche\/wp-content\/uploads\/sites\/17\/2021\/01\/La-charte-de-la-LAI\u0308CITE\u0301-768x1153.jpg 768w, https:\/\/etab.ac-reunion.fr\/lyc-lepervanche\/wp-content\/uploads\/sites\/17\/2021\/01\/La-charte-de-la-LAI\u0308CITE\u0301-1023x1536.jpg 1023w, https:\/\/etab.ac-reunion.fr\/lyc-lepervanche\/wp-content\/uploads\/sites\/17\/2021\/01\/La-charte-de-la-LAI\u0308CITE\u0301-1364x2048.jpg 1364w, https:\/\/etab.ac-reunion.fr\/lyc-lepervanche\/wp-content\/uploads\/sites\/17\/2021\/01\/La-charte-de-la-LAI\u0308CITE\u0301-1080x1622.jpg 1080w, https:\/\/etab.ac-reunion.fr\/lyc-lepervanche\/wp-content\/uploads\/sites\/17\/2021\/01\/La-charte-de-la-LAI\u0308CITE\u0301-1280x1922.jpg 1280w, https:\/\/etab.ac-reunion.fr\/lyc-lepervanche\/wp-content\/uploads\/sites\/17\/2021\/01\/La-charte-de-la-LAI\u0308CITE\u0301-980x1471.jpg 980w, https:\/\/etab.ac-reunion.fr\/lyc-lepervanche\/wp-content\/uploads\/sites\/17\/2021\/01\/La-charte-de-la-LAI\u0308CITE\u0301-480x721.jpg 480w, https:\/\/etab.ac-reunion.fr\/lyc-lepervanche\/wp-content\/uploads\/sites\/17\/2021\/01\/La-charte-de-la-LAI\u0308CITE\u0301-scaled.jpg 1705w\" sizes=\"(max-width: 682px) 100vw, 682px\" \/><\/a><\/p>\n<!-- AddThis Advanced Settings generic via filter on the_content --><!-- AddThis Share Buttons generic via filter on the_content -->","protected":false},"excerpt":{"rendered":"<p>&nbsp; La France est une R\u00e9publique indivisible, la\u00efque, d\u00e9mocratique et sociale. Elle assure l&rsquo;\u00e9galit\u00e9 devant la loi de tous les citoyens sans distinction d&rsquo;origine, de race ou de religion&#8230; &nbsp; Lire la suite de la La\u00efcit\u00e9 dans les services publics. &nbsp;<!-- AddThis Advanced Settings generic via filter on get_the_excerpt --><!-- AddThis Share Buttons generic via filter on get_the_excerpt --><\/p>\n","protected":false},"author":15058,"featured_media":5010,"parent":0,"menu_order":0,"comment_status":"closed","ping_status":"closed","template":"","meta":{"_et_pb_use_builder":"","_et_pb_old_content":"","_et_gb_content_width":"","footnotes":""},"class_list":["post-5006","page","type-page","status-publish","has-post-thumbnail","hentry"],"_links":{"self":[{"href":"https:\/\/etab.ac-reunion.fr\/lyc-lepervanche\/wp-json\/wp\/v2\/pages\/5006","targetHints":{"allow":["GET"]}}],"collection":[{"href":"https:\/\/etab.ac-reunion.fr\/lyc-lepervanche\/wp-json\/wp\/v2\/pages"}],"about":[{"href":"https:\/\/etab.ac-reunion.fr\/lyc-lepervanche\/wp-json\/wp\/v2\/types\/page"}],"author":[{"embeddable":true,"href":"https:\/\/etab.ac-reunion.fr\/lyc-lepervanche\/wp-json\/wp\/v2\/users\/15058"}],"replies":[{"embeddable":true,"href":"https:\/\/etab.ac-reunion.fr\/lyc-lepervanche\/wp-json\/wp\/v2\/comments?post=5006"}],"version-history":[{"count":10,"href":"https:\/\/etab.ac-reunion.fr\/lyc-lepervanche\/wp-json\/wp\/v2\/pages\/5006\/revisions"}],"predecessor-version":[{"id":8060,"href":"https:\/\/etab.ac-reunion.fr\/lyc-lepervanche\/wp-json\/wp\/v2\/pages\/5006\/revisions\/8060"}],"wp:featuredmedia":[{"embeddable":true,"href":"https:\/\/etab.ac-reunion.fr\/lyc-lepervanche\/wp-json\/wp\/v2\/media\/5010"}],"wp:attachment":[{"href":"https:\/\/etab.ac-reunion.fr\/lyc-lepervanche\/wp-json\/wp\/v2\/media?parent=5006"}],"curies":[{"name":"wp","href":"https:\/\/api.w.org\/{rel}","templated":true}]}}