{"id":5025,"date":"2018-06-30T16:44:01","date_gmt":"2018-06-30T12:44:01","guid":{"rendered":"http:\/\/lycee-lepervanche.ac-reunion.fr\/?page_id=5025"},"modified":"2020-04-09T14:37:32","modified_gmt":"2020-04-09T10:37:32","slug":"experiences-professionnelles","status":"publish","type":"page","link":"https:\/\/etab.ac-reunion.fr\/lyc-lepervanche\/experiences-professionnelles\/","title":{"rendered":"Exp\u00e9riences professionnelles"},"content":{"rendered":"<p><a href=\"https:\/\/etab.ac-reunion.fr\/lyc-lepervanche\/wp-content\/uploads\/sites\/17\/2020\/04\/2019_languesvivantes_1206604.png\"><img loading=\"lazy\" decoding=\"async\" class=\"aligncenter size-full wp-image-6601\" src=\"https:\/\/etab.ac-reunion.fr\/lyc-lepervanche\/wp-content\/uploads\/sites\/17\/2020\/04\/2019_languesvivantes_1206604.png\" alt=\"\" width=\"701\" height=\"143\" srcset=\"https:\/\/etab.ac-reunion.fr\/lyc-lepervanche\/wp-content\/uploads\/sites\/17\/2020\/04\/2019_languesvivantes_1206604.png 701w, https:\/\/etab.ac-reunion.fr\/lyc-lepervanche\/wp-content\/uploads\/sites\/17\/2020\/04\/2019_languesvivantes_1206604-480x98.png 480w\" sizes=\"(min-width: 0px) and (max-width: 480px) 480px, (min-width: 481px) 701px, 100vw\" \/><\/a><\/p>\n<p>&nbsp;<\/p>\n<h2 style=\"text-align: center\"><strong>Erasmus\u00a0: un engagement pour votre avenir<\/strong><\/h2>\n<p>&nbsp;<\/p>\n<p>Un d\u00e9part \u00e0 l&rsquo;\u00e9tranger signifie des rencontres, des d\u00e9couvertes autant personnelles que culturelles et de nouvelles exp\u00e9riences. Toutefois, partir explorer le monde, c&rsquo;est aussi avancer vers son avenir pour de nombreuses raisons.<\/p>\n<p>&nbsp;<\/p>\n<p><strong>Partir \u00e9tudier \u00e0 l\u2019\u00e9tranger<\/strong>\u00a0ou y\u00a0<strong>effectuer un stage<\/strong>\u00a0offre des b\u00e9n\u00e9fices ind\u00e9niables pour perfectionner votre niveau en langues vivantes. S\u2019il s\u2019agit de d\u00e9couvrir un nouveau pays, cette exp\u00e9rience est aussi un vrai\u00a0<strong>s\u00e9jour linguistique<\/strong><\/p>\n<!-- AddThis Advanced Settings generic via filter on the_content --><!-- AddThis Share Buttons generic via filter on the_content -->","protected":false},"excerpt":{"rendered":"<p>&nbsp; Erasmus\u00a0: un engagement pour votre avenir &nbsp; Un d\u00e9part \u00e0 l&rsquo;\u00e9tranger signifie des rencontres, des d\u00e9couvertes autant personnelles que culturelles et de nouvelles exp\u00e9riences. Toutefois, partir explorer le monde, c&rsquo;est aussi avancer vers son avenir pour de nombreuses raisons. &nbsp; Partir \u00e9tudier \u00e0 l\u2019\u00e9tranger\u00a0ou y\u00a0effectuer un stage\u00a0offre des b\u00e9n\u00e9fices ind\u00e9niables pour perfectionner votre niveau [&hellip;]<!-- AddThis Advanced Settings generic via filter on get_the_excerpt --><!-- AddThis Share Buttons generic via filter on get_the_excerpt --><\/p>\n","protected":false},"author":15058,"featured_media":0,"parent":0,"menu_order":0,"comment_status":"closed","ping_status":"closed","template":"","meta":{"_et_pb_use_builder":"","_et_pb_old_content":"","_et_gb_content_width":"","footnotes":""},"class_list":["post-5025","page","type-page","status-publish","hentry"],"_links":{"self":[{"href":"https:\/\/etab.ac-reunion.fr\/lyc-lepervanche\/wp-json\/wp\/v2\/pages\/5025","targetHints":{"allow":["GET"]}}],"collection":[{"href":"https:\/\/etab.ac-reunion.fr\/lyc-lepervanche\/wp-json\/wp\/v2\/pages"}],"about":[{"href":"https:\/\/etab.ac-reunion.fr\/lyc-lepervanche\/wp-json\/wp\/v2\/types\/page"}],"author":[{"embeddable":true,"href":"https:\/\/etab.ac-reunion.fr\/lyc-lepervanche\/wp-json\/wp\/v2\/users\/15058"}],"replies":[{"embeddable":true,"href":"https:\/\/etab.ac-reunion.fr\/lyc-lepervanche\/wp-json\/wp\/v2\/comments?post=5025"}],"version-history":[{"count":3,"href":"https:\/\/etab.ac-reunion.fr\/lyc-lepervanche\/wp-json\/wp\/v2\/pages\/5025\/revisions"}],"predecessor-version":[{"id":6606,"href":"https:\/\/etab.ac-reunion.fr\/lyc-lepervanche\/wp-json\/wp\/v2\/pages\/5025\/revisions\/6606"}],"wp:attachment":[{"href":"https:\/\/etab.ac-reunion.fr\/lyc-lepervanche\/wp-json\/wp\/v2\/media?parent=5025"}],"curies":[{"name":"wp","href":"https:\/\/api.w.org\/{rel}","templated":true}]}}