{"id":5027,"date":"2018-06-30T16:44:57","date_gmt":"2018-06-30T12:44:57","guid":{"rendered":"http:\/\/lycee-lepervanche.ac-reunion.fr\/?page_id=5027"},"modified":"2020-04-09T14:38:01","modified_gmt":"2020-04-09T10:38:01","slug":"mobilite-scolaire","status":"publish","type":"page","link":"https:\/\/etab.ac-reunion.fr\/lyc-lepervanche\/mobilite-scolaire\/","title":{"rendered":"Mobilit\u00e9 scolaire"},"content":{"rendered":"<p><a href=\"https:\/\/etab.ac-reunion.fr\/lyc-lepervanche\/wp-content\/uploads\/sites\/17\/2020\/04\/2019_languesvivantes_1206604.png\"><img loading=\"lazy\" decoding=\"async\" class=\"aligncenter size-full wp-image-6601\" src=\"https:\/\/etab.ac-reunion.fr\/lyc-lepervanche\/wp-content\/uploads\/sites\/17\/2020\/04\/2019_languesvivantes_1206604.png\" alt=\"\" width=\"701\" height=\"143\" srcset=\"https:\/\/etab.ac-reunion.fr\/lyc-lepervanche\/wp-content\/uploads\/sites\/17\/2020\/04\/2019_languesvivantes_1206604.png 701w, https:\/\/etab.ac-reunion.fr\/lyc-lepervanche\/wp-content\/uploads\/sites\/17\/2020\/04\/2019_languesvivantes_1206604-480x98.png 480w\" sizes=\"(min-width: 0px) and (max-width: 480px) 480px, (min-width: 481px) 701px, 100vw\" \/><\/a><\/p>\n<p>&nbsp;<\/p>\n<p>\u00c9l\u00e8ves, apprentis et \u00e9tablissements scolaires ont la possibilit\u00e9 de participer \u00e0 des \u00e9changes en Europe.<\/p>\n<p>Gr\u00e2ce \u00e0 diff\u00e9rents programmes et partenariats, il devient facile d&rsquo;\u00e9tudier, de se former ou encore d&rsquo;effectuer un stage dans des pays comme l&rsquo;Allemagne, le Royaume-Uni ou l&rsquo;Espagne.<\/p>\n<p>&nbsp;<\/p>\n<p>&nbsp;<\/p>\n<p><a href=\"https:\/\/etab.ac-reunion.fr\/lyc-lepervanche\/wp-content\/uploads\/sites\/17\/2020\/04\/Sans-titre.png\"><img loading=\"lazy\" decoding=\"async\" class=\"wp-image-6608 alignleft\" src=\"https:\/\/etab.ac-reunion.fr\/lyc-lepervanche\/wp-content\/uploads\/sites\/17\/2020\/04\/Sans-titre-443x1024.png\" alt=\"\" width=\"346\" height=\"800\" \/><\/a><\/p>\n<p>&nbsp;<\/p>\n<p><a href=\"https:\/\/www.education.gouv.fr\/la-mobilite-des-eleves-3191\">https:\/\/www.education.gouv.fr\/la-mobilite-des-eleves-3191<\/a><\/p>\n<!-- AddThis Advanced Settings generic via filter on the_content --><!-- AddThis Share Buttons generic via filter on the_content -->","protected":false},"excerpt":{"rendered":"<p>&nbsp; \u00c9l\u00e8ves, apprentis et \u00e9tablissements scolaires ont la possibilit\u00e9 de participer \u00e0 des \u00e9changes en Europe. Gr\u00e2ce \u00e0 diff\u00e9rents programmes et partenariats, il devient facile d&rsquo;\u00e9tudier, de se former ou encore d&rsquo;effectuer un stage dans des pays comme l&rsquo;Allemagne, le Royaume-Uni ou l&rsquo;Espagne. &nbsp; &nbsp; &nbsp; https:\/\/www.education.gouv.fr\/la-mobilite-des-eleves-3191<!-- AddThis Advanced Settings generic via filter on get_the_excerpt --><!-- AddThis Share Buttons generic via filter on get_the_excerpt --><\/p>\n","protected":false},"author":15058,"featured_media":0,"parent":0,"menu_order":0,"comment_status":"closed","ping_status":"closed","template":"","meta":{"_et_pb_use_builder":"","_et_pb_old_content":"","_et_gb_content_width":"","footnotes":""},"class_list":["post-5027","page","type-page","status-publish","hentry"],"_links":{"self":[{"href":"https:\/\/etab.ac-reunion.fr\/lyc-lepervanche\/wp-json\/wp\/v2\/pages\/5027","targetHints":{"allow":["GET"]}}],"collection":[{"href":"https:\/\/etab.ac-reunion.fr\/lyc-lepervanche\/wp-json\/wp\/v2\/pages"}],"about":[{"href":"https:\/\/etab.ac-reunion.fr\/lyc-lepervanche\/wp-json\/wp\/v2\/types\/page"}],"author":[{"embeddable":true,"href":"https:\/\/etab.ac-reunion.fr\/lyc-lepervanche\/wp-json\/wp\/v2\/users\/15058"}],"replies":[{"embeddable":true,"href":"https:\/\/etab.ac-reunion.fr\/lyc-lepervanche\/wp-json\/wp\/v2\/comments?post=5027"}],"version-history":[{"count":7,"href":"https:\/\/etab.ac-reunion.fr\/lyc-lepervanche\/wp-json\/wp\/v2\/pages\/5027\/revisions"}],"predecessor-version":[{"id":6612,"href":"https:\/\/etab.ac-reunion.fr\/lyc-lepervanche\/wp-json\/wp\/v2\/pages\/5027\/revisions\/6612"}],"wp:attachment":[{"href":"https:\/\/etab.ac-reunion.fr\/lyc-lepervanche\/wp-json\/wp\/v2\/media?parent=5027"}],"curies":[{"name":"wp","href":"https:\/\/api.w.org\/{rel}","templated":true}]}}