{"id":5029,"date":"2018-06-30T16:46:00","date_gmt":"2018-06-30T12:46:00","guid":{"rendered":"http:\/\/lycee-lepervanche.ac-reunion.fr\/?page_id=5029"},"modified":"2020-04-09T13:59:05","modified_gmt":"2020-04-09T09:59:05","slug":"erasmus","status":"publish","type":"page","link":"https:\/\/etab.ac-reunion.fr\/lyc-lepervanche\/erasmus\/","title":{"rendered":"Erasmus +"},"content":{"rendered":"<p><strong><br \/>\n<a href=\"https:\/\/etab.ac-reunion.fr\/lyc-lepervanche\/wp-content\/uploads\/sites\/17\/2020\/04\/erasmusplus-logo-all-en-300dpi.jpg\"><img loading=\"lazy\" decoding=\"async\" class=\"aligncenter size-full wp-image-6614\" src=\"https:\/\/etab.ac-reunion.fr\/lyc-lepervanche\/wp-content\/uploads\/sites\/17\/2020\/04\/erasmusplus-logo-all-en-300dpi.jpg\" alt=\"\" width=\"939\" height=\"312\" srcset=\"https:\/\/etab.ac-reunion.fr\/lyc-lepervanche\/wp-content\/uploads\/sites\/17\/2020\/04\/erasmusplus-logo-all-en-300dpi.jpg 939w, https:\/\/etab.ac-reunion.fr\/lyc-lepervanche\/wp-content\/uploads\/sites\/17\/2020\/04\/erasmusplus-logo-all-en-300dpi-480x159.jpg 480w\" sizes=\"(min-width: 0px) and (max-width: 480px) 480px, (min-width: 481px) 939px, 100vw\" \/><\/a><\/strong><\/p>\n<p>&nbsp;<\/p>\n<p>\u00ab\u00a0Le programme Erasmus+ a pour principaux objectifs de permettre \u00e0 tous les citoyens l\u2019acquisition de comp\u00e9tences et de savoir-faire utiles \u00e0 l\u2019exercice d\u2019un m\u00e9tier, de contribuer au multilinguisme et au d\u00e9veloppement de la citoyennet\u00e9 europ\u00e9enne\u00a0\u00bb<\/p>\n<p>&nbsp;<\/p>\n<p><a href=\"https:\/\/agence.erasmusplus.fr\/\">https:\/\/agence.erasmusplus.fr\/<\/a><\/p>\n<!-- AddThis Advanced Settings generic via filter on the_content --><!-- AddThis Share Buttons generic via filter on the_content -->","protected":false},"excerpt":{"rendered":"<p>&nbsp; \u00ab\u00a0Le programme Erasmus+ a pour principaux objectifs de permettre \u00e0 tous les citoyens l\u2019acquisition de comp\u00e9tences et de savoir-faire utiles \u00e0 l\u2019exercice d\u2019un m\u00e9tier, de contribuer au multilinguisme et au d\u00e9veloppement de la citoyennet\u00e9 europ\u00e9enne\u00a0\u00bb &nbsp; https:\/\/agence.erasmusplus.fr\/<!-- AddThis Advanced Settings generic via filter on get_the_excerpt --><!-- AddThis Share Buttons generic via filter on get_the_excerpt --><\/p>\n","protected":false},"author":18511,"featured_media":0,"parent":0,"menu_order":0,"comment_status":"closed","ping_status":"closed","template":"","meta":{"_et_pb_use_builder":"","_et_pb_old_content":"","_et_gb_content_width":"","footnotes":""},"class_list":["post-5029","page","type-page","status-publish","hentry"],"_links":{"self":[{"href":"https:\/\/etab.ac-reunion.fr\/lyc-lepervanche\/wp-json\/wp\/v2\/pages\/5029","targetHints":{"allow":["GET"]}}],"collection":[{"href":"https:\/\/etab.ac-reunion.fr\/lyc-lepervanche\/wp-json\/wp\/v2\/pages"}],"about":[{"href":"https:\/\/etab.ac-reunion.fr\/lyc-lepervanche\/wp-json\/wp\/v2\/types\/page"}],"author":[{"embeddable":true,"href":"https:\/\/etab.ac-reunion.fr\/lyc-lepervanche\/wp-json\/wp\/v2\/users\/18511"}],"replies":[{"embeddable":true,"href":"https:\/\/etab.ac-reunion.fr\/lyc-lepervanche\/wp-json\/wp\/v2\/comments?post=5029"}],"version-history":[{"count":6,"href":"https:\/\/etab.ac-reunion.fr\/lyc-lepervanche\/wp-json\/wp\/v2\/pages\/5029\/revisions"}],"predecessor-version":[{"id":6616,"href":"https:\/\/etab.ac-reunion.fr\/lyc-lepervanche\/wp-json\/wp\/v2\/pages\/5029\/revisions\/6616"}],"wp:attachment":[{"href":"https:\/\/etab.ac-reunion.fr\/lyc-lepervanche\/wp-json\/wp\/v2\/media?parent=5029"}],"curies":[{"name":"wp","href":"https:\/\/api.w.org\/{rel}","templated":true}]}}