{"id":5037,"date":"2018-06-30T16:48:15","date_gmt":"2018-06-30T12:48:15","guid":{"rendered":"http:\/\/lycee-lepervanche.ac-reunion.fr\/?page_id=5037"},"modified":"2020-04-09T14:21:28","modified_gmt":"2020-04-09T10:21:28","slug":"projets-etwinning","status":"publish","type":"page","link":"https:\/\/etab.ac-reunion.fr\/lyc-lepervanche\/projets-etwinning\/","title":{"rendered":"eTwinning"},"content":{"rendered":"<p>eTwinning est une action europ\u00e9enne qui offre aux enseignants des\u00a0<a href=\"https:\/\/www.etwinning.fr\/decouvrir\/quest-ce-quetwinning\/les-pays-etwinning-et-etwinning-plus.html\">44 pays participants<\/a> la possibilit\u00e9 d\u2019entrer en contact afin de mener des projets d\u2019\u00e9changes \u00e0 distance avec leurs \u00e9l\u00e8ves \u00e0 l\u2019aide des outils num\u00e9riques.<\/p>\n<p>&nbsp;<\/p>\n<p><a href=\"https:\/\/etab.ac-reunion.fr\/lyc-lepervanche\/wp-content\/uploads\/sites\/17\/2020\/04\/unnamed-1.jpg\"><img loading=\"lazy\" decoding=\"async\" class=\"aligncenter size-full wp-image-6627\" src=\"https:\/\/etab.ac-reunion.fr\/lyc-lepervanche\/wp-content\/uploads\/sites\/17\/2020\/04\/unnamed-1.jpg\" alt=\"\" width=\"512\" height=\"204\" srcset=\"https:\/\/etab.ac-reunion.fr\/lyc-lepervanche\/wp-content\/uploads\/sites\/17\/2020\/04\/unnamed-1.jpg 512w, https:\/\/etab.ac-reunion.fr\/lyc-lepervanche\/wp-content\/uploads\/sites\/17\/2020\/04\/unnamed-1-480x191.jpg 480w\" sizes=\"(min-width: 0px) and (max-width: 480px) 480px, (min-width: 481px) 512px, 100vw\" \/><\/a><\/p>\n<p>&nbsp;<\/p>\n<p>Plus de 790 000 enseignants sont inscrits dans la\u00a0<a href=\"http:\/\/www.etwinning.net\/fr\/pub\/preregister.cfm\">communaut\u00e9 eTwinning en ligne<\/a>\u00a0(mars 2020). eTwinning fait partie du programme europ\u00e9en,\u00a0<a href=\"https:\/\/ec.europa.eu\/programmes\/erasmus-plus\/node_fr\">Erasmus+<\/a><\/p>\n<p>En plus de ce r\u00e9seau \u00e9tendu d\u2019enseignants, eTwinning met \u00e0 disposition des outils de communication et d\u2019\u00e9changes pour les projets, tous gratuits et s\u00e9curis\u00e9s. Chaque pays participant \u00e0 cette action est dot\u00e9 d\u2019un bureau d\u2019assistance national (BAN) qui fournit un soutien p\u00e9dagogique et technique aux enseignants inscrits.<\/p>\n<h3>Pour qui ?<\/h3>\n<p>Les enseignants, enseignants documentalistes et chefs d\u2019\u00e9tablissement en primaire ou secondaire, public ou priv\u00e9 sous contrat, de toutes disciplines, en France ou dans un des autres pays participants, peuvent\u00a0<a href=\"http:\/\/www.etwinning.net\/fr\/pub\/preregister.cfm\">s\u2019inscrire \u00e0 eTwinning<\/a>. Il n\u2019y a pas besoin de comp\u00e9tences techniques particuli\u00e8res.<\/p>\n<h3>Pourquoi ?<\/h3>\n<p>Pour mener un projet \u00e0 distance avec vos \u00e9l\u00e8ves, pour travailler de mani\u00e8re interdisciplinaire et transversale, pour dynamiser votre enseignement et impliquer davantage vos \u00e9l\u00e8ves, et pour votre d\u00e9veloppement professionnel. En effet, eTwinning vous aide \u00e0 mener un projet centr\u00e9 sur les \u00e9l\u00e8ves, leur offrant l\u2019opportunit\u00e9 de travailler diff\u00e9remment et de communiquer \u00ab pour de vrai \u00bb avec des \u00e9l\u00e8ves d\u2019autres pays. Ils sont alors plus impliqu\u00e9s et plus motiv\u00e9s, acteurs dans leur propre apprentissage.<\/p>\n<p>De plus, les projets \u00e0 distance int\u00e8grent de fa\u00e7on authentique les outils num\u00e9riques (\u00e9change par messagerie et visioconf\u00e9rence, prise de photos et vid\u00e9os, recherche d\u2019information, etc.), vous permettant de valider nombreux items\u00a0<a href=\"https:\/\/eduscol.education.fr\/pid38816\/certification-des-competences-numeriques.html\">dans le Cadre de r\u00e9f\u00e9rence des comp\u00e9tences num\u00e9riques pour l&rsquo;\u00e9cole et le coll\u00e8ge<\/a>\u00a0(\u00e9valuation et certification se feront\u00a0<a href=\"https:\/\/pix.fr\/\">sur la plateforme Pix<\/a>). Et bien qu\u2019eTwinning r\u00e9ponde aux besoins d\u2019enseignants de langues vivantes, de nombreux projets sont men\u00e9s dans d\u2019autres disciplines, notamment en fran\u00e7ais et dans plusieurs autres langues. Un projet eTwinning peut m\u00eame impliquer plusieurs enseignants de diff\u00e9rentes disciplines au sein de l\u2019\u00e9tablissement fran\u00e7ais et dans celui du partenaire. Cette pratique est vivement encourag\u00e9e.<\/p>\n<h3>Comment ?<\/h3>\n<p>Une fois inscrit(e) \u00e0 eTwinning, vous pouvez chercher des contacts ou un(e) partenaire de projet parmi les enseignants inscrits. Vous pouvez \u00e9changer avec eux par la messagerie interne, ou d\u00e9poser une annonce de projet dans le forum d\u00e9di\u00e9, en fonction de l&rsquo;\u00e2ge de vos \u00e9l\u00e8ves, ainsi que du type de projet que vous souhaitez mettre en place (eTwinning et\/ou Erasmus+). Une fois le(s) partenaire(s) trouv\u00e9s, vous pourrez alors enregistrer votre projet commun.<\/p>\n<p>Votre projet peut \u00eatre tr\u00e8s court avec un(e) seul(e) partenaire ou un projet long avec de nombreux partenaires, sur le th\u00e8me de votre choix. Il n\u2019y pas de dossier lourd \u00e0 pr\u00e9parer et \u00e0 soumettre, mais\u00a0<a href=\"https:\/\/www.etwinning.fr\/boite-a-outils\/foire-aux-questions\/faq.html?tx_irfaq_pi1%5BshowUid%5D=18\">simplement un formulaire \u00e0 remplir<\/a>.<\/p>\n<p>Apr\u00e8s avoir enregistr\u00e9 le projet, vous aurez acc\u00e8s \u00e0 un espace s\u00e9curis\u00e9 de projet, le TwinSpace. Invitez vos \u00e9l\u00e8ves, d\u2019autres partenaires venant de pays hors eTwinning et m\u00eame des visiteurs (parents, inspecteurs ou chefs d\u2019\u00e9tablissement). Vos \u00e9l\u00e8ves pourront \u00e9changer directement avec leurs partenaires via cet espace virtuel de projet, partager leurs travaux, commenter les images, textes ou vid\u00e9o qui y sont d\u00e9pos\u00e9s.<\/p>\n<p>&nbsp;<\/p>\n<p><a href=\"https:\/\/etab.ac-reunion.fr\/lyc-lepervanche\/wp-content\/uploads\/sites\/17\/2020\/04\/hqdefault.jpg\"><img loading=\"lazy\" decoding=\"async\" class=\"wp-image-6629 alignleft\" src=\"https:\/\/etab.ac-reunion.fr\/lyc-lepervanche\/wp-content\/uploads\/sites\/17\/2020\/04\/hqdefault.jpg\" alt=\"\" width=\"342\" height=\"190\" srcset=\"https:\/\/etab.ac-reunion.fr\/lyc-lepervanche\/wp-content\/uploads\/sites\/17\/2020\/04\/hqdefault.jpg 480w, https:\/\/etab.ac-reunion.fr\/lyc-lepervanche\/wp-content\/uploads\/sites\/17\/2020\/04\/hqdefault-300x166.jpg 300w\" sizes=\"(max-width: 342px) 100vw, 342px\" \/><\/a> <a href=\"https:\/\/etab.ac-reunion.fr\/lyc-lepervanche\/wp-content\/uploads\/sites\/17\/2020\/04\/jedecouvre2.jpg\"><img loading=\"lazy\" decoding=\"async\" class=\"wp-image-6630 alignnone\" src=\"https:\/\/etab.ac-reunion.fr\/lyc-lepervanche\/wp-content\/uploads\/sites\/17\/2020\/04\/jedecouvre2-1024x576.jpg\" alt=\"\" width=\"353\" height=\"198\" \/><\/a><\/p>\n<!-- AddThis Advanced Settings generic via filter on the_content --><!-- AddThis Share Buttons generic via filter on the_content -->","protected":false},"excerpt":{"rendered":"<p>eTwinning est une action europ\u00e9enne qui offre aux enseignants des\u00a044 pays participants la possibilit\u00e9 d\u2019entrer en contact afin de mener des projets d\u2019\u00e9changes \u00e0 distance avec leurs \u00e9l\u00e8ves \u00e0 l\u2019aide des outils num\u00e9riques. &nbsp; &nbsp; Plus de 790 000 enseignants sont inscrits dans la\u00a0communaut\u00e9 eTwinning en ligne\u00a0(mars 2020). eTwinning fait partie du programme europ\u00e9en,\u00a0Erasmus+ En [&hellip;]<!-- AddThis Advanced Settings generic via filter on get_the_excerpt --><!-- AddThis Share Buttons generic via filter on get_the_excerpt --><\/p>\n","protected":false},"author":15058,"featured_media":0,"parent":0,"menu_order":0,"comment_status":"closed","ping_status":"closed","template":"","meta":{"_et_pb_use_builder":"","_et_pb_old_content":"","_et_gb_content_width":"","footnotes":""},"class_list":["post-5037","page","type-page","status-publish","hentry"],"_links":{"self":[{"href":"https:\/\/etab.ac-reunion.fr\/lyc-lepervanche\/wp-json\/wp\/v2\/pages\/5037","targetHints":{"allow":["GET"]}}],"collection":[{"href":"https:\/\/etab.ac-reunion.fr\/lyc-lepervanche\/wp-json\/wp\/v2\/pages"}],"about":[{"href":"https:\/\/etab.ac-reunion.fr\/lyc-lepervanche\/wp-json\/wp\/v2\/types\/page"}],"author":[{"embeddable":true,"href":"https:\/\/etab.ac-reunion.fr\/lyc-lepervanche\/wp-json\/wp\/v2\/users\/15058"}],"replies":[{"embeddable":true,"href":"https:\/\/etab.ac-reunion.fr\/lyc-lepervanche\/wp-json\/wp\/v2\/comments?post=5037"}],"version-history":[{"count":5,"href":"https:\/\/etab.ac-reunion.fr\/lyc-lepervanche\/wp-json\/wp\/v2\/pages\/5037\/revisions"}],"predecessor-version":[{"id":6631,"href":"https:\/\/etab.ac-reunion.fr\/lyc-lepervanche\/wp-json\/wp\/v2\/pages\/5037\/revisions\/6631"}],"wp:attachment":[{"href":"https:\/\/etab.ac-reunion.fr\/lyc-lepervanche\/wp-json\/wp\/v2\/media?parent=5037"}],"curies":[{"name":"wp","href":"https:\/\/api.w.org\/{rel}","templated":true}]}}