{"id":5039,"date":"2018-06-30T16:48:52","date_gmt":"2018-06-30T12:48:52","guid":{"rendered":"http:\/\/lycee-lepervanche.ac-reunion.fr\/?page_id=5039"},"modified":"2020-04-09T14:31:48","modified_gmt":"2020-04-09T10:31:48","slug":"mobilite-eleve","status":"publish","type":"page","link":"https:\/\/etab.ac-reunion.fr\/lyc-lepervanche\/mobilite-eleve\/","title":{"rendered":"Mobilit\u00e9 ELEVES"},"content":{"rendered":"<h3><a href=\"https:\/\/etab.ac-reunion.fr\/lyc-lepervanche\/wp-content\/uploads\/sites\/17\/2020\/04\/capture_decran_2017-12-20_a_10.48.31.png\"><img loading=\"lazy\" decoding=\"async\" class=\"aligncenter size-full wp-image-6635\" src=\"https:\/\/etab.ac-reunion.fr\/lyc-lepervanche\/wp-content\/uploads\/sites\/17\/2020\/04\/capture_decran_2017-12-20_a_10.48.31.png\" alt=\"\" width=\"600\" height=\"251\" srcset=\"https:\/\/etab.ac-reunion.fr\/lyc-lepervanche\/wp-content\/uploads\/sites\/17\/2020\/04\/capture_decran_2017-12-20_a_10.48.31.png 600w, https:\/\/etab.ac-reunion.fr\/lyc-lepervanche\/wp-content\/uploads\/sites\/17\/2020\/04\/capture_decran_2017-12-20_a_10.48.31-480x201.png 480w\" sizes=\"(min-width: 0px) and (max-width: 480px) 480px, (min-width: 481px) 600px, 100vw\" \/><\/a><\/h3>\n<p>&nbsp;<\/p>\n<h2><\/h2>\n<h2>La mobilit\u00e9 scolaire des \u00e9l\u00e8ves dans Erasmus+<\/h2>\n<p>&nbsp;<\/p>\n<p><strong>La mobilit\u00e9 des \u00e9l\u00e8ves dans le cadre de s\u00e9jours scolaires<\/strong>\u00a0est rendue possible au travers des projets de\u00a0<strong>partenariats Erasmus+ Enseignement scolaire<\/strong>\u00a0(Action cl\u00e9 2).<\/p>\n<p>Les projets de partenariats dans l\u2019enseignement scolaire ont pour vocation\u00a0:<\/p>\n<ul>\n<li>de proposer des pratiques p\u00e9dagogiques et outils innovants dans l\u2019enseignement scolaire<\/li>\n<li>de promouvoir l\u2019\u00e9change de bonnes pratiques<\/li>\n<li>de soutenir l\u2019am\u00e9lioration continue des dispositifs de formation des enseignants<\/li>\n<li>d\u2019encourager le d\u00e9veloppement d\u2019\u00e9tudes et travaux conjoints<\/li>\n<\/ul>\n<p>Les activit\u00e9s de mobilit\u00e9 pour des \u00e9l\u00e8ves susceptibles d\u2019\u00eatre inscrites dans les projets de partenariats scolaires sont\u00a0:<\/p>\n<ul>\n<li>des mobilit\u00e9s courtes sous forme d\u2019\u00e9changes de classes d\u2019\u00e9l\u00e8ves (avec accompagnants) pour une dur\u00e9e inf\u00e9rieure \u00e0 2 mois (60 jours)<\/li>\n<li>ou des mobilit\u00e9s de longue dur\u00e9e (de 61 jours \u00e0 12 mois) pour les \u00e9l\u00e8ves de 14 ans et plus<\/li>\n<\/ul>\n<p>Les co\u00fbts li\u00e9s aux activit\u00e9s de mobilit\u00e9 (frais de voyage et d\u2019h\u00e9bergement, frais de pr\u00e9paration linguistique) sont pris en charge.<\/p>\n<h2><\/h2>\n<p>&nbsp;<\/p>\n<h2>La mobilit\u00e9 de formation professionnelle des lyc\u00e9ens dans Erasmus+<\/h2>\n<p><strong>Une forte pr\u00e9sence des \u00e9l\u00e8ves dans la mobilit\u00e9 de formation professionnelle<\/strong><\/p>\n<p>&nbsp;<\/p>\n<p>Dans la droite ligne de son pr\u00e9d\u00e9cesseur Leonardo da Vinci, le programme Erasmus+ finance des\u00a0<strong>p\u00e9riodes de stage professionnel en entreprise en Europe<\/strong>\u00a0et\/ou de\u00a0<strong>mobilit\u00e9 dans un \u00e9tablissement d\u2019enseignement professionnel europ\u00e9en en alternance<\/strong>\u00a0avec un apprentissage par le travail dans une entreprise europ\u00e9enne.<\/p>\n<p>&nbsp;<\/p>\n<p>Ces mobilit\u00e9s, d\u2019une dur\u00e9e de 2 semaines \u00e0 12 mois, sont ouvertes aux apprenants de la formation professionnelle (niveaux IV et V) ainsi qu\u2019aux demandeurs d\u2019emploi stagiaires de la formation professionnelle continue.<\/p>\n<p>&nbsp;<\/p>\n<p>&nbsp;<\/p>\n<!-- AddThis Advanced Settings generic via filter on the_content --><!-- AddThis Share Buttons generic via filter on the_content -->","protected":false},"excerpt":{"rendered":"<p>&nbsp; La mobilit\u00e9 scolaire des \u00e9l\u00e8ves dans Erasmus+ &nbsp; La mobilit\u00e9 des \u00e9l\u00e8ves dans le cadre de s\u00e9jours scolaires\u00a0est rendue possible au travers des projets de\u00a0partenariats Erasmus+ Enseignement scolaire\u00a0(Action cl\u00e9 2). Les projets de partenariats dans l\u2019enseignement scolaire ont pour vocation\u00a0: de proposer des pratiques p\u00e9dagogiques et outils innovants dans l\u2019enseignement scolaire de promouvoir l\u2019\u00e9change [&hellip;]<!-- AddThis Advanced Settings generic via filter on get_the_excerpt --><!-- AddThis Share Buttons generic via filter on get_the_excerpt --><\/p>\n","protected":false},"author":15058,"featured_media":0,"parent":0,"menu_order":0,"comment_status":"closed","ping_status":"closed","template":"","meta":{"_et_pb_use_builder":"","_et_pb_old_content":"","_et_gb_content_width":"","footnotes":""},"class_list":["post-5039","page","type-page","status-publish","hentry"],"_links":{"self":[{"href":"https:\/\/etab.ac-reunion.fr\/lyc-lepervanche\/wp-json\/wp\/v2\/pages\/5039","targetHints":{"allow":["GET"]}}],"collection":[{"href":"https:\/\/etab.ac-reunion.fr\/lyc-lepervanche\/wp-json\/wp\/v2\/pages"}],"about":[{"href":"https:\/\/etab.ac-reunion.fr\/lyc-lepervanche\/wp-json\/wp\/v2\/types\/page"}],"author":[{"embeddable":true,"href":"https:\/\/etab.ac-reunion.fr\/lyc-lepervanche\/wp-json\/wp\/v2\/users\/15058"}],"replies":[{"embeddable":true,"href":"https:\/\/etab.ac-reunion.fr\/lyc-lepervanche\/wp-json\/wp\/v2\/comments?post=5039"}],"version-history":[{"count":10,"href":"https:\/\/etab.ac-reunion.fr\/lyc-lepervanche\/wp-json\/wp\/v2\/pages\/5039\/revisions"}],"predecessor-version":[{"id":6640,"href":"https:\/\/etab.ac-reunion.fr\/lyc-lepervanche\/wp-json\/wp\/v2\/pages\/5039\/revisions\/6640"}],"wp:attachment":[{"href":"https:\/\/etab.ac-reunion.fr\/lyc-lepervanche\/wp-json\/wp\/v2\/media?parent=5039"}],"curies":[{"name":"wp","href":"https:\/\/api.w.org\/{rel}","templated":true}]}}