{"id":5062,"date":"2018-06-30T16:58:32","date_gmt":"2018-06-30T12:58:32","guid":{"rendered":"http:\/\/lycee-lepervanche.ac-reunion.fr\/?page_id=5062"},"modified":"2021-01-13T14:20:40","modified_gmt":"2021-01-13T10:20:40","slug":"eleves","status":"publish","type":"page","link":"https:\/\/etab.ac-reunion.fr\/lyc-lepervanche\/eleves\/","title":{"rendered":"\u00c9l\u00e8ves"},"content":{"rendered":"<p><a href=\"https:\/\/etab.ac-reunion.fr\/lyc-lepervanche\/wp-content\/uploads\/sites\/17\/2020\/04\/2019_languesvivantes_1206604.png\"><img loading=\"lazy\" decoding=\"async\" class=\"aligncenter size-full wp-image-6601\" src=\"https:\/\/etab.ac-reunion.fr\/lyc-lepervanche\/wp-content\/uploads\/sites\/17\/2020\/04\/2019_languesvivantes_1206604.png\" alt=\"\" width=\"701\" height=\"143\" srcset=\"https:\/\/etab.ac-reunion.fr\/lyc-lepervanche\/wp-content\/uploads\/sites\/17\/2020\/04\/2019_languesvivantes_1206604.png 701w, https:\/\/etab.ac-reunion.fr\/lyc-lepervanche\/wp-content\/uploads\/sites\/17\/2020\/04\/2019_languesvivantes_1206604-480x98.png 480w\" sizes=\"(min-width: 0px) and (max-width: 480px) 480px, (min-width: 481px) 701px, 100vw\" \/><\/a><\/p>\n<p>&nbsp;<\/p>\n<p style=\"text-align: center\"><strong>Une plus grande ouverture sur l&rsquo;Europe et le monde au service de la r\u00e9ussite de tous les \u00e9l\u00e8ves.<\/strong><\/p>\n<p>&nbsp;<\/p>\n<p>Les objectifs dans le cadre de la loi de re-fondation de l&rsquo;\u00e9cole :<\/p>\n<ul>\n<li>Promouvoir une plus grande ouverture sur l&rsquo;Europe et le monde.<\/li>\n<li>Favoriser les \u00e9changes entre pairs.<\/li>\n<li>D\u00e9velopper les partenariats scolaires.<\/li>\n<li>Renforcer la mobilit\u00e9 des \u00e9l\u00e8ves, des enseignants et des cadres.<\/li>\n<\/ul>\n<!-- AddThis Advanced Settings generic via filter on the_content --><!-- AddThis Share Buttons generic via filter on the_content -->","protected":false},"excerpt":{"rendered":"<p>&nbsp; Une plus grande ouverture sur l&rsquo;Europe et le monde au service de la r\u00e9ussite de tous les \u00e9l\u00e8ves. &nbsp; Les objectifs dans le cadre de la loi de re-fondation de l&rsquo;\u00e9cole : Promouvoir une plus grande ouverture sur l&rsquo;Europe et le monde. Favoriser les \u00e9changes entre pairs. D\u00e9velopper les partenariats scolaires. Renforcer la mobilit\u00e9 [&hellip;]<!-- AddThis Advanced Settings generic via filter on get_the_excerpt --><!-- AddThis Share Buttons generic via filter on get_the_excerpt --><\/p>\n","protected":false},"author":15058,"featured_media":0,"parent":0,"menu_order":0,"comment_status":"closed","ping_status":"closed","template":"","meta":{"_et_pb_use_builder":"","_et_pb_old_content":"","_et_gb_content_width":"","footnotes":""},"class_list":["post-5062","page","type-page","status-publish","hentry"],"_links":{"self":[{"href":"https:\/\/etab.ac-reunion.fr\/lyc-lepervanche\/wp-json\/wp\/v2\/pages\/5062","targetHints":{"allow":["GET"]}}],"collection":[{"href":"https:\/\/etab.ac-reunion.fr\/lyc-lepervanche\/wp-json\/wp\/v2\/pages"}],"about":[{"href":"https:\/\/etab.ac-reunion.fr\/lyc-lepervanche\/wp-json\/wp\/v2\/types\/page"}],"author":[{"embeddable":true,"href":"https:\/\/etab.ac-reunion.fr\/lyc-lepervanche\/wp-json\/wp\/v2\/users\/15058"}],"replies":[{"embeddable":true,"href":"https:\/\/etab.ac-reunion.fr\/lyc-lepervanche\/wp-json\/wp\/v2\/comments?post=5062"}],"version-history":[{"count":3,"href":"https:\/\/etab.ac-reunion.fr\/lyc-lepervanche\/wp-json\/wp\/v2\/pages\/5062\/revisions"}],"predecessor-version":[{"id":6605,"href":"https:\/\/etab.ac-reunion.fr\/lyc-lepervanche\/wp-json\/wp\/v2\/pages\/5062\/revisions\/6605"}],"wp:attachment":[{"href":"https:\/\/etab.ac-reunion.fr\/lyc-lepervanche\/wp-json\/wp\/v2\/media?parent=5062"}],"curies":[{"name":"wp","href":"https:\/\/api.w.org\/{rel}","templated":true}]}}