{"id":6304,"date":"2019-12-18T07:40:30","date_gmt":"2019-12-18T03:40:30","guid":{"rendered":"http:\/\/lycee-lepervanche.ac-reunion.fr\/?page_id=6304"},"modified":"2023-02-02T13:47:03","modified_gmt":"2023-02-02T09:47:03","slug":"remise-des-diplomes-cap-et-bac-pro","status":"publish","type":"page","link":"https:\/\/etab.ac-reunion.fr\/lyc-lepervanche\/remise-des-diplomes-cap-et-bac-pro\/","title":{"rendered":"Remise des dipl\u00f4mes CAP et BAC PRO"},"content":{"rendered":"<div class=\"et_post_meta_wrapper\">\n<h1 class=\"entry-title\"><\/h1>\n<\/div>\n<div class=\"entry-content\">\n<p><a class=\"fancybox image\" href=\"https:\/\/etab.ac-reunion.fr\/lyc-lepervanche\/wp-content\/uploads\/sites\/17\/2018\/07\/diplomes.jpg\"><img loading=\"lazy\" decoding=\"async\" class=\"aligncenter size-full wp-image-5096\" src=\"https:\/\/etab.ac-reunion.fr\/lyc-lepervanche\/wp-content\/uploads\/sites\/17\/2018\/07\/diplomes.jpg\" alt=\"\" width=\"420\" height=\"264\" srcset=\"https:\/\/etab.ac-reunion.fr\/lyc-lepervanche\/wp-content\/uploads\/sites\/17\/2018\/07\/diplomes.jpg 420w, https:\/\/etab.ac-reunion.fr\/lyc-lepervanche\/wp-content\/uploads\/sites\/17\/2018\/07\/diplomes-300x189.jpg 300w, https:\/\/etab.ac-reunion.fr\/lyc-lepervanche\/wp-content\/uploads\/sites\/17\/2018\/07\/diplomes-400x250.jpg 400w\" sizes=\"(max-width: 420px) 100vw, 420px\" \/><\/a><\/p>\n<p>&nbsp;<\/p>\n<p style=\"text-align: center\"><strong>FELICITATIONS aux heureux dipl\u00f4m\u00e9s de CAP et BAC PRO session 2021-2022 qui peuvent passer au Lyc\u00e9e L\u00e9on de L\u00e9pervanche pour venir retirer leur dipl\u00f4mes<\/strong><\/p>\n<p style=\"text-align: center\"><strong>au secr\u00e9tariat des \u00e9l\u00e8ves aupr\u00e8s de Mme BUPTO, aux jours et horaires ci-dessous :<\/strong><\/p>\n<p style=\"text-align: center\"><span style=\"color: #ff0000\">ATTENTION : L\u2019\u00e9tablissement garde les dipl\u00f4mes jusqu\u2019au 31 aout 2023. Apr\u00e8s il faudra les r\u00e9cup\u00e9rer au Rectorat<\/span><\/p>\n<p>&nbsp;<\/p>\n<div class=\"su-table su-table-alternate\">\n<table>\n<tbody>\n<tr>\n<td>LUNDI<\/td>\n<td>8H \u2013 11H<\/td>\n<td>13H \u2013 15H<\/td>\n<\/tr>\n<tr>\n<td>MARDI<\/td>\n<td><\/td>\n<td>13H \u2013 17H<\/td>\n<\/tr>\n<tr>\n<td>MERCREDI<\/td>\n<td>8H \u2013 11H<\/td>\n<td><\/td>\n<\/tr>\n<tr>\n<td>JEUDI<\/td>\n<td><\/td>\n<td>13H \u2013 17H<\/td>\n<\/tr>\n<tr>\n<td>VENDREDI<\/td>\n<td><\/td>\n<td>13H \u2013 17H<\/td>\n<\/tr>\n<\/tbody>\n<\/table>\n<p>&nbsp;<\/p>\n<\/div>\n<\/div>\n<!-- AddThis Advanced Settings generic via filter on the_content --><!-- AddThis Share Buttons generic via filter on the_content -->","protected":false},"excerpt":{"rendered":"<p>&nbsp; FELICITATIONS aux heureux dipl\u00f4m\u00e9s de CAP et BAC PRO session 2021-2022 qui peuvent passer au Lyc\u00e9e L\u00e9on de L\u00e9pervanche pour venir retirer leur dipl\u00f4mes au secr\u00e9tariat des \u00e9l\u00e8ves aupr\u00e8s de Mme BUPTO, aux jours et horaires ci-dessous : ATTENTION : L\u2019\u00e9tablissement garde les dipl\u00f4mes jusqu\u2019au 31 aout 2023. Apr\u00e8s il faudra les r\u00e9cup\u00e9rer au [&hellip;]<!-- AddThis Advanced Settings generic via filter on get_the_excerpt --><!-- AddThis Share Buttons generic via filter on get_the_excerpt --><\/p>\n","protected":false},"author":15058,"featured_media":6305,"parent":0,"menu_order":0,"comment_status":"closed","ping_status":"closed","template":"","meta":{"_et_pb_use_builder":"","_et_pb_old_content":"","_et_gb_content_width":"","footnotes":""},"class_list":["post-6304","page","type-page","status-publish","has-post-thumbnail","hentry"],"_links":{"self":[{"href":"https:\/\/etab.ac-reunion.fr\/lyc-lepervanche\/wp-json\/wp\/v2\/pages\/6304","targetHints":{"allow":["GET"]}}],"collection":[{"href":"https:\/\/etab.ac-reunion.fr\/lyc-lepervanche\/wp-json\/wp\/v2\/pages"}],"about":[{"href":"https:\/\/etab.ac-reunion.fr\/lyc-lepervanche\/wp-json\/wp\/v2\/types\/page"}],"author":[{"embeddable":true,"href":"https:\/\/etab.ac-reunion.fr\/lyc-lepervanche\/wp-json\/wp\/v2\/users\/15058"}],"replies":[{"embeddable":true,"href":"https:\/\/etab.ac-reunion.fr\/lyc-lepervanche\/wp-json\/wp\/v2\/comments?post=6304"}],"version-history":[{"count":10,"href":"https:\/\/etab.ac-reunion.fr\/lyc-lepervanche\/wp-json\/wp\/v2\/pages\/6304\/revisions"}],"predecessor-version":[{"id":11694,"href":"https:\/\/etab.ac-reunion.fr\/lyc-lepervanche\/wp-json\/wp\/v2\/pages\/6304\/revisions\/11694"}],"wp:featuredmedia":[{"embeddable":true,"href":"https:\/\/etab.ac-reunion.fr\/lyc-lepervanche\/wp-json\/wp\/v2\/media\/6305"}],"wp:attachment":[{"href":"https:\/\/etab.ac-reunion.fr\/lyc-lepervanche\/wp-json\/wp\/v2\/media?parent=6304"}],"curies":[{"name":"wp","href":"https:\/\/api.w.org\/{rel}","templated":true}]}}