{"id":9470,"date":"2021-11-26T16:11:51","date_gmt":"2021-11-26T12:11:51","guid":{"rendered":"http:\/\/lycee-lepervanche.ac-reunion.fr\/?page_id=9470"},"modified":"2022-10-20T20:36:06","modified_gmt":"2022-10-20T16:36:06","slug":"telepaiement","status":"publish","type":"page","link":"https:\/\/etab.ac-reunion.fr\/lyc-lepervanche\/espace-parents\/telepaiement\/","title":{"rendered":"T\u00e9l\u00e9paiement"},"content":{"rendered":"<p><a href=\"https:\/\/etab.ac-reunion.fr\/lyc-lepervanche\/wp-content\/uploads\/sites\/17\/2021\/11\/telepaiement_2.jpg\"><img loading=\"lazy\" decoding=\"async\" class=\"wp-image-9476 alignleft\" src=\"https:\/\/etab.ac-reunion.fr\/lyc-lepervanche\/wp-content\/uploads\/sites\/17\/2021\/11\/telepaiement_2.jpg\" alt=\"\" width=\"605\" height=\"285\" srcset=\"https:\/\/etab.ac-reunion.fr\/lyc-lepervanche\/wp-content\/uploads\/sites\/17\/2021\/11\/telepaiement_2.jpg 316w, https:\/\/etab.ac-reunion.fr\/lyc-lepervanche\/wp-content\/uploads\/sites\/17\/2021\/11\/telepaiement_2-300x141.jpg 300w\" sizes=\"(max-width: 605px) 100vw, 605px\" \/><\/a><\/p>\n<p>&nbsp;<\/p>\n<p>A partir de cette ann\u00e9e scolaire les parents ont la possibilit\u00e9 de r\u00e9gler la facture :<\/p>\n<p>de Demi-pension et<\/p>\n<p>d&rsquo;Internat par t\u00e9l\u00e9paiement<\/p>\n<p>Cliquez sur le lien pour trouver la :\u00a0 <a href=\"https:\/\/etab.ac-reunion.fr\/lyc-lepervanche\/wp-content\/uploads\/sites\/17\/2021\/11\/Fiche-technique-telepaiement-parents-1.pdf\" target=\"_blank\" rel=\"noopener\">Fiche technique t\u00e9l\u00e9paiement parents<\/a><\/p>\n<!-- AddThis Advanced Settings generic via filter on the_content --><!-- AddThis Share Buttons generic via filter on the_content -->","protected":false},"excerpt":{"rendered":"<p>&nbsp; A partir de cette ann\u00e9e scolaire les parents ont la possibilit\u00e9 de r\u00e9gler la facture : de Demi-pension et d&rsquo;Internat par t\u00e9l\u00e9paiement Cliquez sur le lien pour trouver la :\u00a0 Fiche technique t\u00e9l\u00e9paiement parents<!-- AddThis Advanced Settings generic via filter on get_the_excerpt --><!-- AddThis Share Buttons generic via filter on get_the_excerpt --><\/p>\n","protected":false},"author":15058,"featured_media":9475,"parent":2219,"menu_order":0,"comment_status":"closed","ping_status":"closed","template":"","meta":{"_et_pb_use_builder":"","_et_pb_old_content":"","_et_gb_content_width":"","footnotes":""},"class_list":["post-9470","page","type-page","status-publish","has-post-thumbnail","hentry"],"_links":{"self":[{"href":"https:\/\/etab.ac-reunion.fr\/lyc-lepervanche\/wp-json\/wp\/v2\/pages\/9470","targetHints":{"allow":["GET"]}}],"collection":[{"href":"https:\/\/etab.ac-reunion.fr\/lyc-lepervanche\/wp-json\/wp\/v2\/pages"}],"about":[{"href":"https:\/\/etab.ac-reunion.fr\/lyc-lepervanche\/wp-json\/wp\/v2\/types\/page"}],"author":[{"embeddable":true,"href":"https:\/\/etab.ac-reunion.fr\/lyc-lepervanche\/wp-json\/wp\/v2\/users\/15058"}],"replies":[{"embeddable":true,"href":"https:\/\/etab.ac-reunion.fr\/lyc-lepervanche\/wp-json\/wp\/v2\/comments?post=9470"}],"version-history":[{"count":4,"href":"https:\/\/etab.ac-reunion.fr\/lyc-lepervanche\/wp-json\/wp\/v2\/pages\/9470\/revisions"}],"predecessor-version":[{"id":11217,"href":"https:\/\/etab.ac-reunion.fr\/lyc-lepervanche\/wp-json\/wp\/v2\/pages\/9470\/revisions\/11217"}],"up":[{"embeddable":true,"href":"https:\/\/etab.ac-reunion.fr\/lyc-lepervanche\/wp-json\/wp\/v2\/pages\/2219"}],"wp:featuredmedia":[{"embeddable":true,"href":"https:\/\/etab.ac-reunion.fr\/lyc-lepervanche\/wp-json\/wp\/v2\/media\/9475"}],"wp:attachment":[{"href":"https:\/\/etab.ac-reunion.fr\/lyc-lepervanche\/wp-json\/wp\/v2\/media?parent=9470"}],"curies":[{"name":"wp","href":"https:\/\/api.w.org\/{rel}","templated":true}]}}