{"id":125,"date":"2011-07-07T10:20:54","date_gmt":"2011-07-07T10:20:54","guid":{"rendered":"http:\/\/lycee-lpayen.ac-reunion.fr\/?page_id=125"},"modified":"2022-09-12T07:19:51","modified_gmt":"2022-09-12T03:19:51","slug":"nous-contacter","status":"publish","type":"page","link":"https:\/\/etab.ac-reunion.fr\/lyc-louis-payen\/nous-contacter\/","title":{"rendered":"Nous contacter"},"content":{"rendered":"<ul type=\"disc\">\n<li style=\"list-style-type: none\">\n<ul type=\"disc\">\n<li>Adresse postale: 329 rue St Louis &#8211; BP 114 &#8211; 97863 St Paul<\/li>\n<li>Num\u00e9ro de t\u00e9l\u00e9phone: 0262225639<\/li>\n<li>Num\u00e9ro de fax: 0262456248<\/li>\n<li>Contacter l&rsquo;assistante sociale: 0262 71 18 71<\/li>\n<li>Contacter l&rsquo;infirmi\u00e8re: 0262 71 18 75<\/li>\n<\/ul>\n<\/li>\n<\/ul>\n","protected":false},"excerpt":{"rendered":"<p>Adresse postale: 329 rue St Louis &#8211; BP 114 &#8211; 97863 St Paul Num\u00e9ro de t\u00e9l\u00e9phone: 0262225639 Num\u00e9ro de fax: 0262456248 Contacter l&rsquo;assistante sociale: 0262 71 18 71 Contacter l&rsquo;infirmi\u00e8re: 0262 71 18 75<\/p>\n","protected":false},"author":10422,"featured_media":0,"parent":0,"menu_order":0,"comment_status":"closed","ping_status":"closed","template":"","meta":{"footnotes":"","_links_to":"","_links_to_target":""},"class_list":["post-125","page","type-page","status-publish","hentry"],"_links":{"self":[{"href":"https:\/\/etab.ac-reunion.fr\/lyc-louis-payen\/wp-json\/wp\/v2\/pages\/125","targetHints":{"allow":["GET"]}}],"collection":[{"href":"https:\/\/etab.ac-reunion.fr\/lyc-louis-payen\/wp-json\/wp\/v2\/pages"}],"about":[{"href":"https:\/\/etab.ac-reunion.fr\/lyc-louis-payen\/wp-json\/wp\/v2\/types\/page"}],"author":[{"embeddable":true,"href":"https:\/\/etab.ac-reunion.fr\/lyc-louis-payen\/wp-json\/wp\/v2\/users\/10422"}],"replies":[{"embeddable":true,"href":"https:\/\/etab.ac-reunion.fr\/lyc-louis-payen\/wp-json\/wp\/v2\/comments?post=125"}],"version-history":[{"count":5,"href":"https:\/\/etab.ac-reunion.fr\/lyc-louis-payen\/wp-json\/wp\/v2\/pages\/125\/revisions"}],"predecessor-version":[{"id":26070,"href":"https:\/\/etab.ac-reunion.fr\/lyc-louis-payen\/wp-json\/wp\/v2\/pages\/125\/revisions\/26070"}],"wp:attachment":[{"href":"https:\/\/etab.ac-reunion.fr\/lyc-louis-payen\/wp-json\/wp\/v2\/media?parent=125"}],"curies":[{"name":"wp","href":"https:\/\/api.w.org\/{rel}","templated":true}]}}