{"id":1265,"date":"2011-09-07T16:18:20","date_gmt":"2011-09-07T16:18:20","guid":{"rendered":"http:\/\/lycee-louis-payen.ac-reunion.fr\/?page_id=1265"},"modified":"2011-09-07T16:18:20","modified_gmt":"2011-09-07T16:18:20","slug":"physique-chimie","status":"publish","type":"page","link":"https:\/\/etab.ac-reunion.fr\/lyc-louis-payen\/physique-chimie\/","title":{"rendered":"Physique Chimie"},"content":{"rendered":"<div style=\"text-align: center\">\n<div style=\"text-align: center\">\n<table border=\"1\" cellspacing=\"4\" summary=\"\">\n<tr>\n<td bgcolor=\"#00FFFF\" align=\"center\" valign=\"middle\" colspan=\"3\">&nbsp;<font face=\"Calibri\" size=\"5\" color=\"#050000\"><\/p>\n<div style=\"text-align: center\">Site de Physique Chimie du Lyc\u00e9e LOUIS PAYEN<\/div>\n<p><\/font><\/td>\n<\/tr>\n<tr>\n<td colspan=\"3\">&nbsp;<a href=\"https:\/\/etab.ac-reunion.fr\/lyc-louis-payen\/wp-content\/uploads\/2011\/09\/PC.jpg\"><img loading=\"lazy\" decoding=\"async\" src=\"https:\/\/etab.ac-reunion.fr\/lyc-louis-payen\/wp-content\/uploads\/2011\/09\/PC.jpg\" alt=\"\" title=\"PC\" width=\"275\" height=\"183\" class=\"aligncenter size-full wp-image-1267\" \/><\/a><\/td>\n<\/tr>\n<tr>\n<td bgcolor=\"#CCFFFF\">&nbsp;<font face=\"Calibri\" size=\"4\" color=\"#050000\"><\/p>\n<div style=\"text-align: center\"><a href=\"https:\/\/etab.ac-reunion.fr\/lyc-louis-payen\/category\/physiquechimieseconde\">Articles publi\u00e9s pour les Secondes<\/a><\/div>\n<p><\/font><\/td>\n<td bgcolor=\"#FFFFCC\">&nbsp;<font face=\"Calibri\" size=\"4\" color=\"#050000\"><\/p>\n<div style=\"text-align: center\"><a href=\"https:\/\/etab.ac-reunion.fr\/lyc-louis-payen\/category\/physiquechimiepremiere\">Articles publi\u00e9s pour les Premi\u00e8res<\/a><\/div>\n<p><\/font><\/td>\n<td bgcolor=\"#CCFF99\">&nbsp;<font face=\"Calibri\" size=\"4\" color=\"#050000\"><\/p>\n<div style=\"text-align: center\"><a href=\"https:\/\/etab.ac-reunion.fr\/lyc-louis-payen\/category\/physiquechimieterminale\">Articles publi\u00e9s pour les Terminales<\/a><\/div>\n<p><\/font><\/td>\n<\/tr>\n<tr>\n<td colspan=\"3\">&nbsp;<font face=\"Calibri\" size=\"4\" color=\"#050000\"><\/p>\n<div style=\"text-align: center\"><a href=\"https:\/\/etab.ac-reunion.fr\/lyc-louis-payen\/category\/sciences-physiques\">Tous les articles publi\u00e9s en Physique Chimie<\/a><\/div>\n<p><\/font><\/td>\n<\/tr>\n<\/table>\n<\/div>\n<\/div>\n","protected":false},"excerpt":{"rendered":"<p>&nbsp; Site de Physique Chimie du Lyc\u00e9e LOUIS PAYEN &nbsp; &nbsp; Articles publi\u00e9s pour les Secondes &nbsp; Articles publi\u00e9s pour les Premi\u00e8res &nbsp; Articles publi\u00e9s pour les Terminales &nbsp; Tous les articles publi\u00e9s en Physique Chimie<\/p>\n","protected":false},"author":10422,"featured_media":0,"parent":0,"menu_order":0,"comment_status":"closed","ping_status":"open","template":"","meta":{"footnotes":"","_links_to":"","_links_to_target":""},"class_list":["post-1265","page","type-page","status-publish","hentry"],"_links":{"self":[{"href":"https:\/\/etab.ac-reunion.fr\/lyc-louis-payen\/wp-json\/wp\/v2\/pages\/1265","targetHints":{"allow":["GET"]}}],"collection":[{"href":"https:\/\/etab.ac-reunion.fr\/lyc-louis-payen\/wp-json\/wp\/v2\/pages"}],"about":[{"href":"https:\/\/etab.ac-reunion.fr\/lyc-louis-payen\/wp-json\/wp\/v2\/types\/page"}],"author":[{"embeddable":true,"href":"https:\/\/etab.ac-reunion.fr\/lyc-louis-payen\/wp-json\/wp\/v2\/users\/10422"}],"replies":[{"embeddable":true,"href":"https:\/\/etab.ac-reunion.fr\/lyc-louis-payen\/wp-json\/wp\/v2\/comments?post=1265"}],"version-history":[{"count":0,"href":"https:\/\/etab.ac-reunion.fr\/lyc-louis-payen\/wp-json\/wp\/v2\/pages\/1265\/revisions"}],"wp:attachment":[{"href":"https:\/\/etab.ac-reunion.fr\/lyc-louis-payen\/wp-json\/wp\/v2\/media?parent=1265"}],"curies":[{"name":"wp","href":"https:\/\/api.w.org\/{rel}","templated":true}]}}