{"id":127,"date":"2011-07-07T10:22:04","date_gmt":"2011-07-07T10:22:04","guid":{"rendered":"http:\/\/lycee-lpayen.ac-reunion.fr\/?page_id=127"},"modified":"2016-03-03T12:32:59","modified_gmt":"2016-03-03T08:32:59","slug":"mentions-legales","status":"publish","type":"page","link":"https:\/\/etab.ac-reunion.fr\/lyc-louis-payen\/mentions-legales\/","title":{"rendered":"Mentions l\u00e9gales"},"content":{"rendered":"<p class=\"MsoNormal\" style=\"text-align: center\" align=\"center\"><span style=\"text-decoration: underline\">Mentions l\u00e9gales pour le site Internet du lyc\u00e9e :<\/span><\/p>\n<p class=\"MsoNormal\" style=\"text-align: center\" align=\"center\"><span style=\"text-decoration: underline\">(vot\u00e9es par le Conseil d\u2019Administration du 30 juin 2009)<\/span><\/p>\n<p class=\"MsoNormal\" style=\"text-align: justify\">1) Le site Internet<\/p>\n<p class=\"MsoNormal\" style=\"text-align: justify\">&#8211; Le site Internet du Lyc\u00e9e Louis Payen est h\u00e9berg\u00e9 par l&rsquo;Acad\u00e9mie de la R\u00e9union.<br \/>\n&#8211; Le directeur de publication est Mme Catherine NARDIN, proviseure du lyc\u00e9e.<br \/>\n&#8211; Le responsable de r\u00e9daction, ainsi que webmestre du site, est Mr. <a href=\"http:\/\/Jean-Michel.Quod@ac-reunion.fr\">Jean-Michel QUOD<\/a>, professeur au lyc\u00e9e.<\/p>\n<p class=\"MsoNormal\" style=\"text-align: justify\">&#8211; Le Lyc\u00e9e Louis Payen se trouve au 329 rue St Louis &#8211; BP 114 &#8211; 97863 St Paul et peut \u00eatre contact\u00e9 par <a href=\"ce.9741050y@ac-reunion.fr\">e-mail<\/a>.<\/p>\n<p>2) But du site Internet<\/p>\n<p class=\"MsoNormal\" style=\"text-align: justify\">&#8211; Le site Internet du Lyc\u00e9e Louis Payen a un but \u00e9ducatif et informatif. Des informations sont publi\u00e9es, les \u00e9v\u00e8nements du lyc\u00e9e sont relat\u00e9s, et des documents peuvent \u00eatre mis \u00e0 disposition des \u00e9l\u00e8ves afin de leur permettre un meilleur travail.<\/p>\n<p class=\"MsoNormal\" style=\"margin-left: 3.75pt;text-align: justify\">&#8211; En plus de cet aspect \u00e9ducatif, le site Internet peut mettre en place, en relation avec la Vie Scolaire du Lyc\u00e9e ainsi que le Foyer Socio-Educatif du Lyc\u00e9e, des jeux \u00e0 caract\u00e8re \u00e9ducatif, culturel ou artistique.<\/p>\n<p>3) Droits d&rsquo;auteurs<\/p>\n<p class=\"MsoNormal\" style=\"margin-left: 3.75pt;text-align: justify\">&#8211; Tout contenu publi\u00e9 sur ce site (texte, image, photo, vid\u00e9o, son) est la propri\u00e9t\u00e9 exclusive du Lyc\u00e9e Louis Payen et ne peut donc pas \u00eatre utilis\u00e9 par une personne ou organisme sans autorisation pr\u00e9alable du directeur de publication ou du responsable de la r\u00e9daction.<\/p>\n<p class=\"MsoNormal\" style=\"margin-left: 3.75pt;text-align: justify\">&#8211; Le Lyc\u00e9e est conscient de l&rsquo;importance des droits d&rsquo;auteurs et s&rsquo;engage donc \u00e0 obtenir les autorisations n\u00e9cessaires avant toute publication d&rsquo;un contenu n&rsquo;appartenant pas au lyc\u00e9e.<\/p>\n<p class=\"MsoNormal\" style=\"text-align: justify\">&#8211; Les travaux publi\u00e9s sur le site Internet du Lyc\u00e9e Louis Payen sont la propri\u00e9t\u00e9 exclusive de leur auteur, \u00e9l\u00e8ve, professeur ou membre de l\u2019administration. Ainsi, si vous souhaitez utiliser un contenu cr\u00e9\u00e9 par un des acteurs du lyc\u00e9e, vous devez entrer en contact avec le webmestre avant toute utilisation. Le Lyc\u00e9e Louis Payen ne d\u00e9tient pas les droits de ces travaux.<\/p>\n<p class=\"MsoNormal\" style=\"text-align: justify\">4) Informations personnelles<\/p>\n<p class=\"MsoNormal\" style=\"text-align: justify\">&#8211; Aucune information vous concernant n&rsquo;est retenue sauf dans le cas de statistiques anonymes.<\/p>\n<p class=\"MsoNormal\" style=\"text-align: justify\">&#8211; Le site du Lyc\u00e9e Louis Payen poss\u00e8de un outil de statistique afin de conna\u00eetre la fr\u00e9quentation du site. Cet outil conserve les adresses IP de chaque visiteur pendant 1 mois. Ces informations sont tenues secr\u00e8tes et ne seront jamais publi\u00e9es.<\/p>\n<p class=\"MsoNormal\" style=\"text-align: justify\">&#8211; Des photos peuvent \u00eatre publi\u00e9es. Ces derni\u00e8res sont des photos d&rsquo;\u00e9l\u00e8ves ou de membres de l&rsquo;\u00e9quipe p\u00e9dagogique. Cependant, leur publication n&rsquo;est faite que si les personnes pr\u00e9sentes sur les photos, ou leur responsable l\u00e9gal pour les mineurs, ont sign\u00e9 une autorisation en d\u00e9but d&rsquo;ann\u00e9e ou \u00e0 l&rsquo;inscription (dans le carnet de liaison). Ainsi, conform\u00e9ment aux lois sur le droit \u00e0 l&rsquo;image, vous avez la possibilit\u00e9, en tant que d\u00e9tenteur de votre image, de demander la suppression d&rsquo;une image vous concernant, ou de demander de rendre flou votre visage sur une image montrant plusieurs personnes.<\/p>\n<p class=\"MsoNormal\" style=\"text-align: justify\">&#8211; Nous ne sommes pas d\u00e9clar\u00e9s \u00e0 la CNIL, conform\u00e9ment \u00e0 leurs indications (Etablissement scolaire \/ but non lucratif) mais respectons leur l\u00e9gislation.<\/p>\n<p>5) S\u00e9curit\u00e9<\/p>\n<p class=\"MsoNormal\" style=\"text-align: justify\">&#8211; Nous garantissons que ce site Internet ne poss\u00e8de pas de virus, logiciels espions ou autre. Cependant, il se peut que ce site soit attaqu\u00e9 par des personnes ou logiciels malveillants. Dans ce cas l\u00e0, nous mettrons tout notre possible en \u0153uvre afin de ramener le site \u00e0 un fonctionnement normal.<br \/>\n&#8211; En corr\u00e9lation avec l&rsquo;article 3 et 4, nous mettons en oeuvre un syst\u00e8me \u00e9vitant aux internautes de r\u00e9cup\u00e9rer trop facilement les photos prises dans le cadre du lyc\u00e9e. Cependant, la s\u00e9curit\u00e9 absolue n&rsquo;existe pas.<\/p>\n<p>6) Statuts<\/p>\n<p class=\"MsoNormal\" style=\"text-align: justify\">6.1 &gt; Le Directeur de Publication est le repr\u00e9sentant l\u00e9gal du site Internet et des informations circulant sur le site Internet du Lyc\u00e9e Louis Payen. Il s&rsquo;assure de la bonne tenue des contenus publi\u00e9s et peut demander la modification ou suppression de donn\u00e9es et peut ordonner la suspension temporaire du site Internet, la suspension d\u00e9finitive appartenant au vote du Conseil d&rsquo;Administration. Il nomme ou remplace, si il le juge n\u00e9cessaire, le Responsable de R\u00e9daction et le Webmestre.<\/p>\n<p class=\"MsoNormal\" style=\"text-align: justify\">6.2 &gt; Le Responsable de la R\u00e9daction r\u00e9dige et publie les articles sur le site Internet ou permet \u00e0 d&rsquo;autres personnes du corps enseignant et \u00e0 des \u00e9l\u00e8ves volontaires de r\u00e9diger des articles. Il s&rsquo;assure de la bonne tenue des articles r\u00e9dig\u00e9s par ces personnes avant publication ou apr\u00e8s publication de mani\u00e8re rapide.<\/p>\n<p>6.3 &gt; Le Webmestre s&rsquo;occupe de la partie technique et de l&rsquo;apparence du site. Il doit permettre un acc\u00e8s au site quasi constant, selon son possible. En cas de changement majeur dans le site, il doit obtenir l&rsquo;accord du Directeur de Publication et du Responsable de la R\u00e9daction afin de pouvoir effectuer ce changement.<\/p>\n","protected":false},"excerpt":{"rendered":"<p>Mentions l\u00e9gales pour le site Internet du lyc\u00e9e : (vot\u00e9es par le Conseil d\u2019Administration du 30 juin 2009) 1) Le site Internet &#8211; Le site Internet du Lyc\u00e9e Louis Payen est h\u00e9berg\u00e9 par l&rsquo;Acad\u00e9mie de la R\u00e9union. &#8211; Le directeur de publication est Mme Catherine NARDIN, proviseure du lyc\u00e9e. &#8211; Le responsable de r\u00e9daction, ainsi [&hellip;]<\/p>\n","protected":false},"author":10422,"featured_media":0,"parent":0,"menu_order":0,"comment_status":"closed","ping_status":"closed","template":"","meta":{"footnotes":"","_links_to":"","_links_to_target":""},"class_list":["post-127","page","type-page","status-publish","hentry"],"_links":{"self":[{"href":"https:\/\/etab.ac-reunion.fr\/lyc-louis-payen\/wp-json\/wp\/v2\/pages\/127","targetHints":{"allow":["GET"]}}],"collection":[{"href":"https:\/\/etab.ac-reunion.fr\/lyc-louis-payen\/wp-json\/wp\/v2\/pages"}],"about":[{"href":"https:\/\/etab.ac-reunion.fr\/lyc-louis-payen\/wp-json\/wp\/v2\/types\/page"}],"author":[{"embeddable":true,"href":"https:\/\/etab.ac-reunion.fr\/lyc-louis-payen\/wp-json\/wp\/v2\/users\/10422"}],"replies":[{"embeddable":true,"href":"https:\/\/etab.ac-reunion.fr\/lyc-louis-payen\/wp-json\/wp\/v2\/comments?post=127"}],"version-history":[{"count":3,"href":"https:\/\/etab.ac-reunion.fr\/lyc-louis-payen\/wp-json\/wp\/v2\/pages\/127\/revisions"}],"predecessor-version":[{"id":20619,"href":"https:\/\/etab.ac-reunion.fr\/lyc-louis-payen\/wp-json\/wp\/v2\/pages\/127\/revisions\/20619"}],"wp:attachment":[{"href":"https:\/\/etab.ac-reunion.fr\/lyc-louis-payen\/wp-json\/wp\/v2\/media?parent=127"}],"curies":[{"name":"wp","href":"https:\/\/api.w.org\/{rel}","templated":true}]}}