{"id":25,"date":"2011-07-07T07:06:27","date_gmt":"2011-07-07T07:06:27","guid":{"rendered":"http:\/\/lycee-lpayen.ac-reunion.fr\/?page_id=25"},"modified":"2026-01-20T09:58:25","modified_gmt":"2026-01-20T05:58:25","slug":"lequipe","status":"publish","type":"page","link":"https:\/\/etab.ac-reunion.fr\/lyc-louis-payen\/lequipe\/","title":{"rendered":"La communaut\u00e9 \u00e9ducative"},"content":{"rendered":"\n<figure class=\"wp-block-table\"><table class=\"has-fixed-layout\"><tbody><tr><td class=\"has-text-align-center\" data-align=\"center\" colspan=\"2\"><strong><mark style=\"background-color:#abb5bd\" class=\"has-inline-color\">\u00c9QUIPE DE DIRECTION<\/mark><\/strong><\/td><\/tr><tr><td class=\"has-text-align-center\" data-align=\"center\">Mme DUCROS Christine<\/td><td>Proviseure<\/td><\/tr><tr><td class=\"has-text-align-center\" data-align=\"center\">M. CHASSENIEUX Emmanuel<\/td><td>Proviseur adjoint<\/td><\/tr><tr><td class=\"has-text-align-center\" data-align=\"center\">M. CARPENTIER Michel<\/td><td>Gestionnaire<br><\/td><\/tr><tr><td class=\"has-text-align-center\" data-align=\"center\" colspan=\"2\"><strong><mark style=\"background-color:#abb8c3\" class=\"has-inline-color\">CONSEILLER PRINCIPAL D\u2019\u00c9DUCATION<\/mark><\/strong><\/td><\/tr><tr><td class=\"has-text-align-center\" data-align=\"center\">Mme COJONDESOLEYEN Annie<\/td><td>Conseill\u00e8re principale d&rsquo;\u00e9ducation<\/td><\/tr><tr><td class=\"has-text-align-center\" data-align=\"center\">Mme MULLER Val\u00e9rie<\/td><td>Conseill\u00e8re principale d&rsquo;\u00e9ducation<\/td><\/tr><tr><td class=\"has-text-align-center\" data-align=\"center\" colspan=\"2\"><strong><mark style=\"background-color:#abb8c3\" class=\"has-inline-color has-black-color\">PERSONNEL D\u2019\u00c9DUCATION<\/mark><\/strong><\/td><\/tr><tr><td class=\"has-text-align-center\" data-align=\"center\">Mme AMOD Sheila<\/td><td>Assistante d&rsquo;\u00e9ducation<\/td><\/tr><tr><td class=\"has-text-align-center\" data-align=\"center\">Mme CLAIN MANON<\/td><td>Assistante p\u00e9dagogique<\/td><\/tr><tr><td class=\"has-text-align-center\" data-align=\"center\">M. EDMOND Damien<\/td><td>Assistant d&rsquo;\u00e9ducation<\/td><\/tr><tr><td class=\"has-text-align-center\" data-align=\"center\">M. ODON Anthony<\/td><td>Assistant d&rsquo;\u00e9ducation<\/td><\/tr><tr><td class=\"has-text-align-center\" data-align=\"center\">Mme PARVEDY Eline<\/td><td>Assistante d&rsquo;\u00e9ducation<\/td><\/tr><tr><td class=\"has-text-align-center\" data-align=\"center\">Mme PAVIEL Alissia<\/td><td>Assistante d&rsquo;\u00e9ducation<\/td><\/tr><tr><td class=\"has-text-align-center\" data-align=\"center\">M. SIDURON Charles<\/td><td>Assistant d\u2019\u00e9ducation<\/td><\/tr><tr><td class=\"has-text-align-center\" data-align=\"center\">Mme TISSOT Clarisse<\/td><td>Assistante d&rsquo;\u00e9ducation<\/td><\/tr><tr><td class=\"has-text-align-center\" data-align=\"center\" colspan=\"2\"><strong><mark style=\"background-color:#abb8c3\" class=\"has-inline-color\">PERSONNEL AESH<\/mark><\/strong><\/td><\/tr><tr><td class=\"has-text-align-center\" data-align=\"center\">Mme ERNEST Brunella<\/td><td>AESH<\/td><\/tr><tr><td class=\"has-text-align-center\" data-align=\"center\">Me RUGELE Dominique<\/td><td>AESH<\/td><\/tr><tr><td class=\"has-text-align-center\" data-align=\"center\" colspan=\"2\"><strong><mark style=\"background-color:#abb8c3\" class=\"has-inline-color has-black-color\">PERSONNEL RESSOURCE EN INFORMATIQUE<\/mark><\/strong><\/td><\/tr><tr><td class=\"has-text-align-center\" data-align=\"center\">M. NANDJAN Lionel M. THERMEA Eddy<\/td><td>Assistants en Maintenance Informatique<br><\/td><\/tr><tr><td class=\"has-text-align-center\" data-align=\"center\">Mme PAQUIRE-GOBAL Magali<\/td><td>ARTICE<\/td><\/tr><tr><td class=\"has-text-align-center\" data-align=\"center\" colspan=\"2\"><strong><mark style=\"background-color:#abb8c3\" class=\"has-inline-color\">PERSONNEL DE DOCUMENTATION<\/mark><\/strong><\/td><\/tr><tr><td class=\"has-text-align-center\" data-align=\"center\">Me RAGENARD Maryline Mme OMARJEE Chamina<\/td><td>Documentalistes<\/td><\/tr><tr><td class=\"has-text-align-center\" data-align=\"center\">Me SINCERE Katia<\/td><td>Assistante d\u2019\u00c9ducation<\/td><\/tr><tr><td class=\"has-text-align-center\" data-align=\"center\" colspan=\"2\"><strong><mark style=\"background-color:#abb8c3\" class=\"has-inline-color\">PERSONNEL D&rsquo;ORIENTATION<\/mark><\/strong><\/td><\/tr><tr><td class=\"has-text-align-center\" data-align=\"center\"><br><\/td><td>PSY-EN<\/td><\/tr><tr><td class=\"has-text-align-center\" data-align=\"center\" colspan=\"2\"><strong><mark style=\"background-color:#abb8c3\" class=\"has-inline-color\">SECRETARIAT DE DIRECTION<\/mark><\/strong><\/td><\/tr><tr><td class=\"has-text-align-center\" data-align=\"center\">Me MICHEL Audrey<\/td><td>Adjointe administrative Principale<\/td><\/tr><tr><td class=\"has-text-align-center\" data-align=\"center\">Mme BACHELIER Modestie<\/td><td>Secr\u00e9taire Proviseur<\/td><\/tr><tr><td class=\"has-text-align-center\" data-align=\"center\">Mme SINCERE Katia<\/td><td>AdjointSecr\u00e9taire Proviseur Adjoint Aide documentaliste<\/td><\/tr><tr><td class=\"has-text-align-center\" data-align=\"center\" colspan=\"2\"><strong><mark style=\"background-color:#abb8c3\" class=\"has-inline-color\">SECRETARIAT DE GESTION<\/mark><\/strong><\/td><\/tr><tr><td class=\"has-text-align-center\" data-align=\"center\">Me RAMAYE Odile<\/td><td>Adjointe administrative Principale<\/td><\/tr><tr><td class=\"has-text-align-center\" data-align=\"center\">Me K &#8211; OURIO St\u00e9phanie<\/td><td>Adjointe au Gestionnaire<\/td><\/tr><tr><td class=\"has-text-align-center\" data-align=\"center\" colspan=\"2\"><strong><mark style=\"background-color:#abb8c3\" class=\"has-inline-color has-black-color\">PERSONNEL DE SANTE<\/mark><\/strong><\/td><\/tr><tr><td class=\"has-text-align-center\" data-align=\"center\">Me SOPHIE-VIORNEY C\u00e9cile<\/td><td>Infirmi\u00e8re<\/td><\/tr><tr><td class=\"has-text-align-center\" data-align=\"center\" colspan=\"2\"><strong><mark style=\"background-color:#abb8c3\" class=\"has-inline-color\">PERSONNEL DU SERVICE SOCIAL<\/mark><\/strong><\/td><\/tr><tr><td class=\"has-text-align-center\" data-align=\"center\">Me BASQUAISE Elsa<\/td><td>Assistante Sociale<\/td><\/tr><tr><td class=\"has-text-align-center\" data-align=\"center\" colspan=\"2\"><strong><mark style=\"background-color:#abb8c3\" class=\"has-inline-color\">PERSONNEL DE LABORATOIRE<\/mark><\/strong><\/td><\/tr><tr><td class=\"has-text-align-center\" data-align=\"center\">M. INDIANA Jean Philippe<\/td><td>Adjoint technique de Recherche et de Formation<\/td><\/tr><tr><td class=\"has-text-align-center\" data-align=\"center\">M. JARDINOT Jacky<\/td><td>Technicien de la recherche et de la formation<\/td><\/tr><tr><td class=\"has-text-align-center\" data-align=\"center\" colspan=\"2\"><strong><mark style=\"background-color:#abb8c3\" class=\"has-inline-color\">\u00c9QUIPE MOBILE D&rsquo;ENTRETIEN DES SURFACES<\/mark><\/strong><\/td><\/tr><tr><td class=\"has-text-align-center\" data-align=\"center\">M. BATAILLE Yannick<\/td><td>ATTEE 2<\/td><\/tr><tr><td class=\"has-text-align-center\" data-align=\"center\">M. GEORGE Dominique<\/td><td>ATTEE P1<\/td><\/tr><tr><td class=\"has-text-align-center\" data-align=\"center\" colspan=\"2\"><strong><mark style=\"background-color:#abb8c3\" class=\"has-inline-color\">SERVICE GENERAL<\/mark><\/strong><\/td><\/tr><tr><td class=\"has-text-align-center\" data-align=\"center\">M. ADMETE Micka\u00ebl<\/td><td>ATTEE 2<\/td><\/tr><tr><td class=\"has-text-align-center\" data-align=\"center\">M. ALMERY Sully<\/td><td>ATTEE P2<\/td><\/tr><tr><td class=\"has-text-align-center\" data-align=\"center\">M. ANILHA Johny<\/td><td>Contractuel<\/td><\/tr><tr><td class=\"has-text-align-center\" data-align=\"center\">Me JUCOURT Marie-Annick<\/td><td>ATTEE P2<\/td><\/tr><tr><td class=\"has-text-align-center\" data-align=\"center\">M. LOGORAS Johny<\/td><td>ATTEE P2<\/td><\/tr><tr><td class=\"has-text-align-center\" data-align=\"center\">M. NATIVEL Fr\u00e9d\u00e9ric<\/td><td>Agent de Ma\u00eetrise Encadrement<\/td><\/tr><tr><td class=\"has-text-align-center\" data-align=\"center\">M. ODON Jean Max<\/td><td>ATTEE P1<\/td><\/tr><tr><td class=\"has-text-align-center\" data-align=\"center\">M. PAULO Jean Richeville<\/td><td>ATTEE 2<\/td><\/tr><tr><td class=\"has-text-align-center\" data-align=\"center\">M. PERROT Bertrand<\/td><td>ATTEE P2<\/td><\/tr><tr><td class=\"has-text-align-center\" data-align=\"center\">Me RAMANY Nathalie<\/td><td>ATTEE P2<\/td><\/tr><tr><td class=\"has-text-align-center\" data-align=\"center\">M REBOUL Oscar<\/td><td>ATTEE 2<\/td><\/tr><tr><td class=\"has-text-align-center\" data-align=\"center\">Me TARISTAS Samantha<\/td><td>ATTEE 2<\/td><\/tr><tr><td class=\"has-text-align-center\" data-align=\"center\">Me TAYO Yol\u00e8ne<\/td><td>ATTEE P2<\/td><\/tr><tr><td class=\"has-text-align-center\" data-align=\"center\">M. THOMAS Jean-Daniel<\/td><td>ATTEE 2<\/td><\/tr><tr><td class=\"has-text-align-center\" data-align=\"center\">Me CORNEFERT St\u00e9phanie <br>Me FLACONNEL Emilie <br>Me KHANJY Farida <br>Me NILOKY Pam\u00e9la<\/td><td>Agents Polyvalents entretien et restauration<\/td><\/tr><\/tbody><\/table><\/figure>\n\n\n\n<p><\/p>\n","protected":false},"excerpt":{"rendered":"<p>\u00c9QUIPE DE DIRECTION Mme DUCROS Christine Proviseure M. CHASSENIEUX Emmanuel Proviseur adjoint M. CARPENTIER Michel Gestionnaire CONSEILLER PRINCIPAL D\u2019\u00c9DUCATION Mme COJONDESOLEYEN Annie Conseill\u00e8re principale d&rsquo;\u00e9ducation Mme MULLER Val\u00e9rie Conseill\u00e8re principale d&rsquo;\u00e9ducation PERSONNEL D\u2019\u00c9DUCATION Mme AMOD Sheila Assistante d&rsquo;\u00e9ducation Mme CLAIN MANON Assistante p\u00e9dagogique M. EDMOND Damien Assistant d&rsquo;\u00e9ducation M. ODON Anthony Assistant d&rsquo;\u00e9ducation Mme PARVEDY [&hellip;]<\/p>\n","protected":false},"author":10422,"featured_media":0,"parent":0,"menu_order":0,"comment_status":"closed","ping_status":"closed","template":"","meta":{"footnotes":"","_links_to":"","_links_to_target":""},"class_list":["post-25","page","type-page","status-publish","hentry"],"_links":{"self":[{"href":"https:\/\/etab.ac-reunion.fr\/lyc-louis-payen\/wp-json\/wp\/v2\/pages\/25","targetHints":{"allow":["GET"]}}],"collection":[{"href":"https:\/\/etab.ac-reunion.fr\/lyc-louis-payen\/wp-json\/wp\/v2\/pages"}],"about":[{"href":"https:\/\/etab.ac-reunion.fr\/lyc-louis-payen\/wp-json\/wp\/v2\/types\/page"}],"author":[{"embeddable":true,"href":"https:\/\/etab.ac-reunion.fr\/lyc-louis-payen\/wp-json\/wp\/v2\/users\/10422"}],"replies":[{"embeddable":true,"href":"https:\/\/etab.ac-reunion.fr\/lyc-louis-payen\/wp-json\/wp\/v2\/comments?post=25"}],"version-history":[{"count":26,"href":"https:\/\/etab.ac-reunion.fr\/lyc-louis-payen\/wp-json\/wp\/v2\/pages\/25\/revisions"}],"predecessor-version":[{"id":29066,"href":"https:\/\/etab.ac-reunion.fr\/lyc-louis-payen\/wp-json\/wp\/v2\/pages\/25\/revisions\/29066"}],"wp:attachment":[{"href":"https:\/\/etab.ac-reunion.fr\/lyc-louis-payen\/wp-json\/wp\/v2\/media?parent=25"}],"curies":[{"name":"wp","href":"https:\/\/api.w.org\/{rel}","templated":true}]}}