{"id":2652,"date":"2011-12-15T15:20:13","date_gmt":"2011-12-15T15:20:13","guid":{"rendered":"http:\/\/lycee-louis-payen.ac-reunion.fr\/?page_id=2652"},"modified":"2024-08-17T17:22:27","modified_gmt":"2024-08-17T13:22:27","slug":"filieres-et-options","status":"publish","type":"page","link":"https:\/\/etab.ac-reunion.fr\/lyc-louis-payen\/filieres-et-options\/","title":{"rendered":"Fili\u00e8res et Options"},"content":{"rendered":"\n<p><strong>En s\u00e9rie g\u00e9n\u00e9rale: <\/strong><\/p>\n\n\n\n<p>Les sp\u00e9cialit\u00e9s propos\u00e9es: Physique-Chimie, Sciences de la Vie et de la Terre, Math\u00e9matiques, Sciences \u00c9conomiques et Sociales, Humanit\u00e9s Litt\u00e9rature et Philosophie, Histoire-G\u00e9ographie et Sciences Politiques, N.S.I.<br><br><strong>En s\u00e9rie technologique<\/strong>: STMG option mercatique ou Ressources Humaines ou Gestion Finance<\/p>\n\n\n\n<p><\/p>\n\n\n\n<p><strong>Les Options<\/strong>: Chinois LV3, DNL Anglais, DNL Espagnol, LCA Latin<\/p>\n\n\n\n<p><\/p>\n\n\n\n<p><strong>Les BTS : <\/strong>CG, GPME, CJN<\/p>\n\n\n","protected":false},"excerpt":{"rendered":"<p>En s\u00e9rie g\u00e9n\u00e9rale: Les sp\u00e9cialit\u00e9s propos\u00e9es: Physique-Chimie, Sciences de la Vie et de la Terre, Math\u00e9matiques, Sciences \u00c9conomiques et Sociales, Humanit\u00e9s Litt\u00e9rature et Philosophie, Histoire-G\u00e9ographie et Sciences Politiques, N.S.I. En s\u00e9rie technologique: STMG option mercatique ou Ressources Humaines ou Gestion Finance Les Options: Chinois LV3, DNL Anglais, DNL Espagnol, LCA Latin Les BTS : CG, [&hellip;]<\/p>\n","protected":false},"author":10422,"featured_media":0,"parent":0,"menu_order":0,"comment_status":"closed","ping_status":"open","template":"","meta":{"footnotes":"","_links_to":"","_links_to_target":""},"class_list":["post-2652","page","type-page","status-publish","hentry"],"_links":{"self":[{"href":"https:\/\/etab.ac-reunion.fr\/lyc-louis-payen\/wp-json\/wp\/v2\/pages\/2652","targetHints":{"allow":["GET"]}}],"collection":[{"href":"https:\/\/etab.ac-reunion.fr\/lyc-louis-payen\/wp-json\/wp\/v2\/pages"}],"about":[{"href":"https:\/\/etab.ac-reunion.fr\/lyc-louis-payen\/wp-json\/wp\/v2\/types\/page"}],"author":[{"embeddable":true,"href":"https:\/\/etab.ac-reunion.fr\/lyc-louis-payen\/wp-json\/wp\/v2\/users\/10422"}],"replies":[{"embeddable":true,"href":"https:\/\/etab.ac-reunion.fr\/lyc-louis-payen\/wp-json\/wp\/v2\/comments?post=2652"}],"version-history":[{"count":1,"href":"https:\/\/etab.ac-reunion.fr\/lyc-louis-payen\/wp-json\/wp\/v2\/pages\/2652\/revisions"}],"predecessor-version":[{"id":27861,"href":"https:\/\/etab.ac-reunion.fr\/lyc-louis-payen\/wp-json\/wp\/v2\/pages\/2652\/revisions\/27861"}],"wp:attachment":[{"href":"https:\/\/etab.ac-reunion.fr\/lyc-louis-payen\/wp-json\/wp\/v2\/media?parent=2652"}],"curies":[{"name":"wp","href":"https:\/\/api.w.org\/{rel}","templated":true}]}}