{"id":26628,"date":"2022-12-16T17:15:31","date_gmt":"2022-12-16T13:15:31","guid":{"rendered":"https:\/\/etab.ac-reunion.fr\/lyc-louis-payen\/?page_id=26628"},"modified":"2022-12-16T17:15:31","modified_gmt":"2022-12-16T13:15:31","slug":"erasmus-day","status":"publish","type":"page","link":"https:\/\/etab.ac-reunion.fr\/lyc-louis-payen\/erasmus-day\/","title":{"rendered":"Erasmus day!"},"content":{"rendered":"\n<p>Ce Mardi 13 d\u00e9cembre, le Lyc\u00e9e a c\u00e9l\u00e9br\u00e9 son&nbsp;<strong>Erasmus Day&nbsp;<\/strong>par de nombreux ateliers propos\u00e9s aux \u00e9l\u00e8ves.&nbsp;Ce fut l\u2019occasion de pr\u00e9senter le programme&nbsp;<em>Erasmus&nbsp;<\/em>+.<\/p>\n\n\n\n<figure class=\"wp-block-image\"><img loading=\"lazy\" decoding=\"async\" width=\"964\" height=\"1024\" src=\"https:\/\/etab.ac-reunion.fr\/lyc-louis-payen\/wp-content\/uploads\/sites\/137\/2022\/12\/ErasmusD-964x1024.jpg\" alt=\"\" class=\"wp-image-26612\" srcset=\"https:\/\/etab.ac-reunion.fr\/lyc-louis-payen\/wp-content\/uploads\/sites\/137\/2022\/12\/ErasmusD-964x1024.jpg 964w, https:\/\/etab.ac-reunion.fr\/lyc-louis-payen\/wp-content\/uploads\/sites\/137\/2022\/12\/ErasmusD-283x300.jpg 283w, https:\/\/etab.ac-reunion.fr\/lyc-louis-payen\/wp-content\/uploads\/sites\/137\/2022\/12\/ErasmusD.jpg 1296w\" sizes=\"auto, (max-width: 964px) 100vw, 964px\" \/><\/figure>\n\n\n\n<p>Les \u00e9l\u00e8ves b\u00e9n\u00e9ficiaires ont pr\u00e9sent\u00e9 devant les classes les mobilit\u00e9s effectu\u00e9es depuis 2021&nbsp;: Gr\u00e8ce, Finlande, Allemagne, Espagne.&nbsp;<\/p>\n\n\n\n<figure class=\"wp-block-image size-large\"><img decoding=\"async\" src=\"https:\/\/etab.ac-reunion.fr\/lyc-louis-payen\/wp-content\/uploads\/sites\/137\/2022\/12\/AtelierMobilites_2-2-1024x531.jpg\" alt=\"\" class=\"wp-image-26629\" \/><\/figure>\n\n\n\n<figure class=\"wp-block-image size-large\"><img decoding=\"async\" src=\"https:\/\/etab.ac-reunion.fr\/lyc-louis-payen\/wp-content\/uploads\/sites\/137\/2022\/12\/AtelierMobilites_1-2-1024x754.jpg\" alt=\"\" class=\"wp-image-26630\" \/><\/figure>\n\n\n\n<p>&#8211; Le partenariat en cours avec le lyc\u00e9e du Campus Manilla en Su\u00e8de permit de visionner les vid\u00e9os post\u00e9es par les \u00e9l\u00e8ves su\u00e9dois, de s\u2019int\u00e9resser \u00e0 leur pays, leur \u00e9cole et de t\u00e2cher de r\u00e9soudre leurs \u00e9nigmes. (ateliers anim\u00e9s par Mmes Charlette et Vingatesson)<\/p>\n\n\n\n<p>&#8211; Mme Ra\u00efssa Marie-Louise du CRIJ (Saint-Denis) fut invit\u00e9e pour pr\u00e9senter les programmes post-bac d&rsquo;Erasmus<\/p>\n\n\n\n<figure class=\"wp-block-image size-large\"><img decoding=\"async\" src=\"https:\/\/etab.ac-reunion.fr\/lyc-louis-payen\/wp-content\/uploads\/sites\/137\/2022\/12\/AtelierEscapeGame3-1024x778.jpg\" alt=\"\" class=\"wp-image-26632\" \/><\/figure>\n\n\n\n<figure class=\"wp-block-image size-large\"><img decoding=\"async\" src=\"https:\/\/etab.ac-reunion.fr\/lyc-louis-payen\/wp-content\/uploads\/sites\/137\/2022\/12\/AtelierEscapeGame-1024x768.jpg\" alt=\"\" class=\"wp-image-26633\" \/><\/figure>\n\n\n\n<p>La f\u00eate s\u2019est d\u00e9roul\u00e9e autour de trois th\u00e8mes majeurs de l\u2019accr\u00e9ditation&nbsp;:&nbsp;<\/p>\n\n\n\n<p>&#8211;&nbsp;<em>le bien-\u00eatre au lyc\u00e9e<\/em>&nbsp;: atelier bien-\u00eatre propos\u00e9 par M Edmond, atelier relaxation par le yoga(Mme Moussa) et atelier sophrologie (Mme Delerive).&nbsp;<\/p>\n\n\n\n<p>&#8211;&nbsp;<em>la citoyennet\u00e9 europ\u00e9enne&nbsp;<\/em>: la classe de 203 a eu la chance de pouvoir dialoguer par visioconf\u00e9rence avec M Younous Omarjee, d\u00e9put\u00e9 europ\u00e9en qui parlait depuis Strasbourg. M Besnus a anim\u00e9 un atelier sur les pays europ\u00e9ens et au CDI, Mme Elisa Monta\u00f1es, assistante d\u2019espagnol, animait un atelier sur le th\u00e8me du cin\u00e9ma europ\u00e9en. Les \u00e9l\u00e8ves devaient chercher le pays o\u00f9 se passait l\u2019histoire en s\u2019appuyant sur la langue entendue et sur des \u00e9l\u00e9ments visuels.<\/p>\n\n\n\n<p>&#8211;&nbsp;<em>le d\u00e9veloppement durable&nbsp;<\/em>: Mme Sornin et les \u00e9co-d\u00e9l\u00e9gu\u00e9s animait des ateliers de r\u00e9flexion en profitant de l\u2019ombrage de la cour. Mme Amod proposait un atelier de r\u00e9cup\u00e9ration du papier et Mme Coquillas, assist\u00e9e d\u2019\u00e9l\u00e8ves de STMG, un escape game.<\/p>\n\n\n\n<figure class=\"wp-block-image size-large\"><img decoding=\"async\" src=\"https:\/\/etab.ac-reunion.fr\/lyc-louis-payen\/wp-content\/uploads\/sites\/137\/2022\/12\/CRIJ-1-1024x808.jpg\" alt=\"\" class=\"wp-image-26634\" \/><\/figure>\n\n\n\n<figure class=\"wp-block-image size-large\"><img decoding=\"async\" src=\"https:\/\/etab.ac-reunion.fr\/lyc-louis-payen\/wp-content\/uploads\/sites\/137\/2022\/12\/AtelierDeveloppementDurable-1024x659.jpg\" alt=\"\" class=\"wp-image-26635\" \/><\/figure>\n\n\n\n<figure class=\"wp-block-image size-large\"><img decoding=\"async\" src=\"https:\/\/etab.ac-reunion.fr\/lyc-louis-payen\/wp-content\/uploads\/sites\/137\/2022\/12\/RecuperationPapier-768x1024.jpg\" alt=\"\" class=\"wp-image-26636\" \/><\/figure>\n\n\n\n<figure class=\"wp-block-image size-full\"><img decoding=\"async\" src=\"https:\/\/etab.ac-reunion.fr\/lyc-louis-payen\/wp-content\/uploads\/sites\/137\/2022\/12\/PretsPourLaSuede.jpg\" alt=\"\" class=\"wp-image-26637\" \/><\/figure>\n","protected":false},"excerpt":{"rendered":"<p>Ce Mardi 13 d\u00e9cembre, le Lyc\u00e9e a c\u00e9l\u00e9br\u00e9 son&nbsp;Erasmus Day&nbsp;par de nombreux ateliers propos\u00e9s aux \u00e9l\u00e8ves.&nbsp;Ce fut l\u2019occasion de pr\u00e9senter le programme&nbsp;Erasmus&nbsp;+. Les \u00e9l\u00e8ves b\u00e9n\u00e9ficiaires ont pr\u00e9sent\u00e9 devant les classes les mobilit\u00e9s effectu\u00e9es depuis 2021&nbsp;: Gr\u00e8ce, Finlande, Allemagne, Espagne.&nbsp; &#8211; Le partenariat en cours avec le lyc\u00e9e du Campus Manilla en Su\u00e8de permit de visionner [&hellip;]<\/p>\n","protected":false},"author":32576,"featured_media":0,"parent":0,"menu_order":0,"comment_status":"closed","ping_status":"closed","template":"","meta":{"footnotes":"","_links_to":"","_links_to_target":""},"class_list":["post-26628","page","type-page","status-publish","hentry"],"_links":{"self":[{"href":"https:\/\/etab.ac-reunion.fr\/lyc-louis-payen\/wp-json\/wp\/v2\/pages\/26628","targetHints":{"allow":["GET"]}}],"collection":[{"href":"https:\/\/etab.ac-reunion.fr\/lyc-louis-payen\/wp-json\/wp\/v2\/pages"}],"about":[{"href":"https:\/\/etab.ac-reunion.fr\/lyc-louis-payen\/wp-json\/wp\/v2\/types\/page"}],"author":[{"embeddable":true,"href":"https:\/\/etab.ac-reunion.fr\/lyc-louis-payen\/wp-json\/wp\/v2\/users\/32576"}],"replies":[{"embeddable":true,"href":"https:\/\/etab.ac-reunion.fr\/lyc-louis-payen\/wp-json\/wp\/v2\/comments?post=26628"}],"version-history":[{"count":1,"href":"https:\/\/etab.ac-reunion.fr\/lyc-louis-payen\/wp-json\/wp\/v2\/pages\/26628\/revisions"}],"predecessor-version":[{"id":26638,"href":"https:\/\/etab.ac-reunion.fr\/lyc-louis-payen\/wp-json\/wp\/v2\/pages\/26628\/revisions\/26638"}],"wp:attachment":[{"href":"https:\/\/etab.ac-reunion.fr\/lyc-louis-payen\/wp-json\/wp\/v2\/media?parent=26628"}],"curies":[{"name":"wp","href":"https:\/\/api.w.org\/{rel}","templated":true}]}}